{"id":315,"date":"2025-03-31T15:10:22","date_gmt":"2025-03-31T13:10:22","guid":{"rendered":"https:\/\/dabgajwood.gogler.link\/?page_id=315"},"modified":"2025-05-12T13:56:56","modified_gmt":"2025-05-12T11:56:56","slug":"holzpergolen","status":"publish","type":"page","link":"https:\/\/dabgajwood.com\/de\/holzpergolen\/","title":{"rendered":"Pergolen aus Holz"},"content":{"rendered":"<section class=\"l-section wpb_row us_custom_432d3f53 height_small\"><div class=\"l-section-h i-cf\"><div class=\"g-cols vc_row via_flex valign_top type_default stacking_default\"><div class=\"vc_col-sm-12 wpb_column vc_column_container\"><div class=\"vc_column-inner\"><div class=\"wpb_wrapper\"><div class=\"wpb_text_column\"><div class=\"wpb_wrapper\"><p><span>Jeder Garten verdient die richtigen Einrichtungsgegenst\u00e4nde, die nicht nur eine praktische Funktion erf\u00fcllen, sondern auch einen gem\u00fctlichen und attraktiven Ort zum Entspannen schaffen. Unter den von D\u0105b Gaj Wood angebotenen L\u00f6sungen sind Pergolen aus Holz eine Besonderheit - ideal, um eine Entspannungszone inmitten der Natur zu schaffen. Informieren Sie sich \u00fcber ihre Vorteile und Einsatzm\u00f6glichkeiten sowie \u00fcber weitere M\u00f6glichkeiten, die Ihren Garten bereichern k\u00f6nnen.<\/span><\/p>\n<\/div><\/div><div class=\"wpb_text_column\"><div class=\"wpb_wrapper\"><h2>Was sind Pergolen aus Holz?<\/h2>\n<p>Es handelt sich um Gartenstrukturen, die \u00c4sthetik und Funktionalit\u00e4t vereinen und die M\u00f6glichkeit bieten, jedem Garten einen einzigartigen Charakter zu verleihen. Sie bestehen aus horizontalen Balken, die von vertikalen Pfosten gest\u00fctzt werden, wodurch eine durchbrochene Struktur entsteht, die sich ideal zum \u00dcberwachsen von Kletterpflanzen wie Efeu, Weinreben, Glyzinien oder Kletterrosen eignet. Die Pergola kann als angenehmer Ort zum Entspannen, als Schutz vor der Sonne und auch als St\u00fctze f\u00fcr Pflanzen verwendet werden, die mit der Zeit ein nat\u00fcrliches Dach bilden. Eine solche Struktur verleiht dem Garten mehr Tiefe und kann mit anderen Elementen wie Terrassen oder Gehwegen kombiniert werden. Sie kann auch als dekoratives Element verwendet werden, um den Stil des Gartens zu unterstreichen und eine romantische Ecke zu schaffen, die ideal f\u00fcr entspannende Momente am Abend ist, oder als Unterschlupf entlang von Gartenwegen, die zu weiteren Ecken der Gr\u00fcnfl\u00e4che f\u00fchren.<\/p>\n<h2>Pergolen aus Holz - was sind ihre Vorteile?<\/h2>\n<p>Einer der Hauptvorteile von Pergolen aus Holz ist ihr nat\u00fcrliches Aussehen, das sich perfekt in das Gr\u00fcn des Gartens einf\u00fcgt. Holzkonstruktionen schaffen eine Atmosph\u00e4re der W\u00e4rme und Harmonie und machen den Raum einladender. Dar\u00fcber hinaus ist Holz ein langlebiges und witterungsbest\u00e4ndiges Material, das bei gutem Schutz viele Jahre lang h\u00e4lt. Pergolen sind auch funktionell - sie spenden an hei\u00dfen Tagen Schatten und schaffen, wenn sie mit Pflanzen bedeckt sind, stimmungsvolle gr\u00fcne Pavillons.<\/p>\n<\/div><\/div><\/div><\/div><\/div><\/div><\/div><\/section><section class=\"l-section wpb_row us_custom_21c3ffa6 height_medium\"><div class=\"l-section-h i-cf\"><div class=\"g-cols vc_row via_flex valign_top type_default stacking_default\"><div class=\"vc_col-sm-12 wpb_column vc_column_container\"><div class=\"vc_column-inner\"><div class=\"wpb_wrapper\"><div class=\"g-cols wpb_row via_flex valign_middle type_default stacking_default\"><div class=\"vc_col-sm-6 wpb_column vc_column_container\"><div class=\"vc_column-inner\"><div class=\"wpb_wrapper\"><div class=\"wpb_text_column\"><div class=\"wpb_wrapper\"><h2>Wo sind Holzpergolen am besten geeignet?<\/h2>\n<p><span>Diese Strukturen eignen sich f\u00fcr eine Vielzahl von Standorten im Garten:<\/span><\/p>\n<ul>\n<li>An der Terrasse - Sie k\u00f6nnen an der Terrasse stehen und so einen gesch\u00fctzten Bereich f\u00fcr Mahlzeiten im Freien schaffen. Dies ist die perfekte L\u00f6sung, um Mahlzeiten in der Natur zu genie\u00dfen und gleichzeitig vor \u00fcberm\u00e4\u00dfiger Sonneneinstrahlung gesch\u00fctzt zu sein.<\/li>\n<li>Garteneingang - eine Pergola kann einen eindrucksvollen Eingang zum Garten bilden. Mit Kletterpflanzen wie Efeu oder Glyzinien bewachsen, wird sie zu einem auff\u00e4lligen Tor, das in die Gr\u00fcnfl\u00e4che f\u00fchrt und ihr Charme und Aufmerksamkeit verleiht.<\/li>\n<li>Abtrennung von Gartenbereichen - sie eignen sich gut als Trennelement zwischen verschiedenen Bereichen im Garten. Sie k\u00f6nnen eine nat\u00fcrliche Grenze zwischen einer Entspannungsecke und einem Spielbereich f\u00fcr Kinder bilden und sorgen f\u00fcr ausreichend Privatsph\u00e4re und Ordnung in der Anlage.<\/li>\n<li>Gartenwege - diese k\u00f6nnen auch entlang von Gartenwegen platziert werden, um eine charmante Allee zu schaffen, die zu versteckten Ecken des Gartens f\u00fchrt. Dies ist eine gro\u00dfartige M\u00f6glichkeit, den Garten geheimnisvoll zu gestalten und das Gef\u00fchl zu vermitteln, neue R\u00e4ume zu erkunden.<\/li>\n<li>Entspannungsecke - eine Pergola \u00fcber bequemen Gartenm\u00f6beln schafft den perfekten Ort zum Entspannen. Sie kann mit zus\u00e4tzlichen Vorh\u00e4ngen oder Jalousien ausgestattet werden, um die Privatsph\u00e4re zu erh\u00f6hen und vor Wind zu sch\u00fctzen, so dass sie der perfekte Ort zum Entspannen im Gr\u00fcnen ist.<\/li>\n<\/ul>\n<\/div><\/div><\/div><\/div><\/div><div class=\"vc_col-sm-6 wpb_column vc_column_container\"><div class=\"vc_column-inner\"><div class=\"wpb_wrapper\"><div class=\"w-image align_center\"><div class=\"w-image-h\"><img data-recalc-dims=\"1\" decoding=\"async\" width=\"1024\" height=\"722\" src=\"https:\/\/i0.wp.com\/dabgajwood.com\/wp-content\/uploads\/2025\/04\/ogrod-drewniane-altany-ogrodowe-1024x722-1.jpg?resize=1024%2C722&#038;ssl=1\" class=\"attachment-large size-large\" alt=\"\" loading=\"lazy\" srcset=\"https:\/\/i0.wp.com\/dabgajwood.com\/wp-content\/uploads\/2025\/04\/ogrod-drewniane-altany-ogrodowe-1024x722-1.jpg?w=1024&amp;ssl=1 1024w, https:\/\/i0.wp.com\/dabgajwood.com\/wp-content\/uploads\/2025\/04\/ogrod-drewniane-altany-ogrodowe-1024x722-1.jpg?resize=300%2C212&amp;ssl=1 300w, https:\/\/i0.wp.com\/dabgajwood.com\/wp-content\/uploads\/2025\/04\/ogrod-drewniane-altany-ogrodowe-1024x722-1.jpg?resize=200%2C141&amp;ssl=1 200w, https:\/\/i0.wp.com\/dabgajwood.com\/wp-content\/uploads\/2025\/04\/ogrod-drewniane-altany-ogrodowe-1024x722-1.jpg?resize=400%2C282&amp;ssl=1 400w\" sizes=\"auto, (max-width: 1024px) 100vw, 1024px\" \/><\/div><\/div><\/div><\/div><\/div><\/div><\/div><\/div><\/div><\/div><\/div><\/section><section class=\"l-section wpb_row height_medium\"><div class=\"l-section-h i-cf\"><div class=\"g-cols vc_row via_flex valign_top type_default stacking_default\"><div class=\"vc_col-sm-12 wpb_column vc_column_container\"><div class=\"vc_column-inner\"><div class=\"wpb_wrapper\"><div class=\"wpb_text_column\"><div class=\"wpb_wrapper\"><h2>Wie k\u00f6nnen Pergolen aus Holz dekoriert werden?<\/h2>\n<p>Pergolen aus Holz k\u00f6nnen auf verschiedene Weise dekoriert werden, um sie zu einem echten Schmuckst\u00fcck im Garten zu machen. Eine klassische L\u00f6sung ist die Bepflanzung mit Weinreben, Clematis oder Efeu, wodurch sich die Struktur harmonisch in den Raum einf\u00fcgt. Sie k\u00f6nnen auch Laternen oder Lichtergirlanden aufh\u00e4ngen, um am Abend eine romantische Atmosph\u00e4re zu schaffen. T\u00f6pfe mit farbenfrohen Blumen, die an den F\u00fc\u00dfen der Stangen angebracht werden, sorgen f\u00fcr Charme und Farbvielfalt. Auch Regale f\u00fcr kleine Dekorationen, wie Keramikfiguren oder kleine Blument\u00f6pfe, k\u00f6nnen angebracht werden. Die Pergola ist auch ein idealer Ort, um eine H\u00e4ngematte aufzuh\u00e4ngen, was ihre Attraktivit\u00e4t und Funktionalit\u00e4t noch erh\u00f6ht.<\/p>\n<h2>Welche Elemente k\u00f6nnten sich neben einer Pergola aus Holz noch gut in Ihrem Garten machen?<\/h2>\n<p>Pergolen aus Holz sind nicht die einzige M\u00f6glichkeit, einen Garten zu versch\u00f6nern. D\u0105b Gaj Wood bietet auch andere Elemente an, die sich perfekt in eine Gartengestaltung einf\u00fcgen k\u00f6nnen:<\/p>\n<ul>\n<li><strong>Gartenjalousien aus Holz\u00a0<\/strong>- bieten einen hervorragenden Schutz vor Sonne und Wind und erm\u00f6glichen es Ihnen, den Grad der Sonneneinstrahlung und der Privatsph\u00e4re in Ihrem Garten zu regulieren. Sie sind ideal f\u00fcr eine Terrasse oder einen Pavillon und verleihen dem Raum Eleganz und Funktionalit\u00e4t.<\/li>\n<li><strong>Schuppen aus Holz mit Dach<\/strong><span>\u00a0<\/span>- Praktische und stilvolle Schuppen, die als \u00dcberdachung f\u00fcr ein Auto, Brennholz oder als zus\u00e4tzlicher Stauraum genutzt werden k\u00f6nnen. Sie sind robust, langlebig und bieten Schutz vor Witterungseinfl\u00fcssen.<\/li>\n<li><strong>Gartenh\u00e4user aus Holz<\/strong><span>\u00a0<\/span>- ideal, um einen gem\u00fctlichen Treffpunkt mit Familie und Freunden zu schaffen. Gartenlauben bieten Schutz vor Sonne und Regen und sind gleichzeitig das Herzst\u00fcck des Gartens, in dem man sich in aller Ruhe entspannen kann.<\/li>\n<li><strong>Lamellenvord\u00e4cher<\/strong><span>\u00a0<\/span>- moderne und funktionelle \u00dcberdachungen, die eine Regulierung der Sonneneinstrahlung erm\u00f6glichen. Das Design der Lamellen kann gedreht werden, so dass der Grad der Beschattung angepasst werden kann, was zu jeder Tageszeit Komfort bietet.<\/li>\n<\/ul>\n<h2>Versch\u00f6nern Sie Ihren Garten mit Holzpergolen von D\u0105b Gaj Wood<\/h2>\n<p>D\u0105b Gaj Wood bietet L\u00f6sungen, die hochwertige Verarbeitung mit einzigartigem Stil verbinden. Dank ihnen k\u00f6nnen Sie einen Raum schaffen, in dem Entspannung zu einem echten Vergn\u00fcgen wird. Unsere Konstruktionen sind nicht nur funktional, sondern auch sch\u00f6n - mit Gr\u00fcn und Lichtern dekoriert, verleihen sie Ihrem Garten einen einzigartigen Charakter. W\u00e4hlen Sie Materialien von D\u0105b Gaj Wood und verwandeln Sie Ihren Garten in eine Traumoase der Ruhe.<\/p>\n<\/div><\/div><\/div><\/div><\/div><\/div><\/div><\/section>","protected":false},"excerpt":{"rendered":"Ka\u017cdy ogr\u00f3d zas\u0142uguje na odpowiednie wyposa\u017cenie, kt\u00f3re nie tylko spe\u0142ni funkcj\u0119 praktyczn\u0105, ale r\u00f3wnie\u017c stworzy przytulne i atrakcyjne miejsce do odpoczynku. W\u015br\u00f3d rozwi\u0105za\u0144 proponowanych przez firm\u0119 D\u0105b Gaj Wood wyj\u0105tkowym elementem s\u0105 pergole drewniane \u2013 idealne, by stworzy\u0107 stref\u0119 relaksu w otoczeniu przyrody. Poznaj ich zalety i zastosowania, a tak\u017ce inne mo\u017cliwo\u015bci, kt\u00f3re mog\u0105 wzbogaci\u0107...","protected":false},"author":1,"featured_media":739,"parent":0,"menu_order":0,"comment_status":"closed","ping_status":"closed","template":"","meta":{"_acf_changed":false,"footnotes":""},"class_list":["post-315","page","type-page","status-publish","has-post-thumbnail","hentry"],"acf":[],"yoast_head":"<!-- This site is optimized with the Yoast SEO plugin v26.2 - https:\/\/yoast.com\/wordpress\/plugins\/seo\/ -->\n<title>Pergole drewniane - D\u0105b Gaj Wood<\/title>\n<meta name=\"robots\" content=\"index, follow, max-snippet:-1, max-image-preview:large, max-video-preview:-1\" \/>\n<link rel=\"canonical\" href=\"https:\/\/dabgajwood.com\/de\/holzpergolen\/\" \/>\n<meta property=\"og:locale\" content=\"de_DE\" \/>\n<meta property=\"og:type\" content=\"article\" \/>\n<meta property=\"og:title\" content=\"Pergole drewniane - D\u0105b Gaj Wood\" \/>\n<meta property=\"og:url\" content=\"https:\/\/dabgajwood.com\/de\/holzpergolen\/\" \/>\n<meta property=\"og:site_name\" content=\"D\u0105b Gaj Wood\" \/>\n<meta property=\"article:modified_time\" content=\"2025-05-12T11:56:56+00:00\" \/>\n<meta property=\"og:image\" content=\"https:\/\/dabgajwood.com\/wp-content\/uploads\/2025\/04\/widok-z-basenem-perspektywiczny-D_16032025_1L-1.png\" \/>\n\t<meta property=\"og:image:width\" content=\"1400\" \/>\n\t<meta property=\"og:image:height\" content=\"958\" \/>\n\t<meta property=\"og:image:type\" content=\"image\/png\" \/>\n<meta name=\"twitter:card\" content=\"summary_large_image\" \/>\n<meta name=\"twitter:label1\" content=\"Gesch\u00e4tzte Lesezeit\" \/>\n\t<meta name=\"twitter:data1\" content=\"5\u00a0Minuten\" \/>\n<script type=\"application\/ld+json\" class=\"yoast-schema-graph\">{\"@context\":\"https:\/\/schema.org\",\"@graph\":[{\"@type\":\"WebPage\",\"@id\":\"https:\/\/dabgajwood.com\/pergole-drewniane\/\",\"url\":\"https:\/\/dabgajwood.com\/pergole-drewniane\/\",\"name\":\"Pergole drewniane - D\u0105b Gaj Wood\",\"isPartOf\":{\"@id\":\"https:\/\/dabgajwood.com\/#website\"},\"primaryImageOfPage\":{\"@id\":\"https:\/\/dabgajwood.com\/pergole-drewniane\/#primaryimage\"},\"image\":{\"@id\":\"https:\/\/dabgajwood.com\/pergole-drewniane\/#primaryimage\"},\"thumbnailUrl\":\"https:\/\/dabgajwood.com\/wp-content\/uploads\/2025\/04\/widok-z-basenem-perspektywiczny-D_16032025_1L-1.png\",\"datePublished\":\"2025-03-31T13:10:22+00:00\",\"dateModified\":\"2025-05-12T11:56:56+00:00\",\"breadcrumb\":{\"@id\":\"https:\/\/dabgajwood.com\/pergole-drewniane\/#breadcrumb\"},\"inLanguage\":\"de\",\"potentialAction\":[{\"@type\":\"ReadAction\",\"target\":[\"https:\/\/dabgajwood.com\/pergole-drewniane\/\"]}]},{\"@type\":\"ImageObject\",\"inLanguage\":\"de\",\"@id\":\"https:\/\/dabgajwood.com\/pergole-drewniane\/#primaryimage\",\"url\":\"https:\/\/dabgajwood.com\/wp-content\/uploads\/2025\/04\/widok-z-basenem-perspektywiczny-D_16032025_1L-1.png\",\"contentUrl\":\"https:\/\/dabgajwood.com\/wp-content\/uploads\/2025\/04\/widok-z-basenem-perspektywiczny-D_16032025_1L-1.png\",\"width\":1400,\"height\":958},{\"@type\":\"BreadcrumbList\",\"@id\":\"https:\/\/dabgajwood.com\/pergole-drewniane\/#breadcrumb\",\"itemListElement\":[{\"@type\":\"ListItem\",\"position\":1,\"name\":\"Strona g\u0142\u00f3wna\",\"item\":\"https:\/\/dabgajwood.com\/\"},{\"@type\":\"ListItem\",\"position\":2,\"name\":\"Pergole drewniane\"}]},{\"@type\":\"WebSite\",\"@id\":\"https:\/\/dabgajwood.com\/#website\",\"url\":\"https:\/\/dabgajwood.com\/\",\"name\":\"Dabgaj\",\"description\":\"\",\"publisher\":{\"@id\":\"https:\/\/dabgajwood.com\/#organization\"},\"potentialAction\":[{\"@type\":\"SearchAction\",\"target\":{\"@type\":\"EntryPoint\",\"urlTemplate\":\"https:\/\/dabgajwood.com\/?s={search_term_string}\"},\"query-input\":{\"@type\":\"PropertyValueSpecification\",\"valueRequired\":true,\"valueName\":\"search_term_string\"}}],\"inLanguage\":\"de\"},{\"@type\":\"Organization\",\"@id\":\"https:\/\/dabgajwood.com\/#organization\",\"name\":\"Dabgaj\",\"url\":\"https:\/\/dabgajwood.com\/\",\"logo\":{\"@type\":\"ImageObject\",\"inLanguage\":\"de\",\"@id\":\"https:\/\/dabgajwood.com\/#\/schema\/logo\/image\/\",\"url\":\"https:\/\/dabgajwood.com\/wp-content\/uploads\/2025\/03\/logo.png\",\"contentUrl\":\"https:\/\/dabgajwood.com\/wp-content\/uploads\/2025\/03\/logo.png\",\"width\":425,\"height\":70,\"caption\":\"Dabgaj\"},\"image\":{\"@id\":\"https:\/\/dabgajwood.com\/#\/schema\/logo\/image\/\"}}]}<\/script>\n<!-- \/ Yoast SEO plugin. -->","yoast_head_json":{"title":"Pergole drewniane - D\u0105b Gaj Wood","robots":{"index":"index","follow":"follow","max-snippet":"max-snippet:-1","max-image-preview":"max-image-preview:large","max-video-preview":"max-video-preview:-1"},"canonical":"https:\/\/dabgajwood.com\/de\/holzpergolen\/","og_locale":"de_DE","og_type":"article","og_title":"Pergole drewniane - D\u0105b Gaj Wood","og_url":"https:\/\/dabgajwood.com\/de\/holzpergolen\/","og_site_name":"D\u0105b Gaj Wood","article_modified_time":"2025-05-12T11:56:56+00:00","og_image":[{"width":1400,"height":958,"url":"https:\/\/dabgajwood.com\/wp-content\/uploads\/2025\/04\/widok-z-basenem-perspektywiczny-D_16032025_1L-1.png","type":"image\/png"}],"twitter_card":"summary_large_image","twitter_misc":{"Gesch\u00e4tzte Lesezeit":"5\u00a0Minuten"},"schema":{"@context":"https:\/\/schema.org","@graph":[{"@type":"WebPage","@id":"https:\/\/dabgajwood.com\/pergole-drewniane\/","url":"https:\/\/dabgajwood.com\/pergole-drewniane\/","name":"Pergole drewniane - D\u0105b Gaj Wood","isPartOf":{"@id":"https:\/\/dabgajwood.com\/#website"},"primaryImageOfPage":{"@id":"https:\/\/dabgajwood.com\/pergole-drewniane\/#primaryimage"},"image":{"@id":"https:\/\/dabgajwood.com\/pergole-drewniane\/#primaryimage"},"thumbnailUrl":"https:\/\/dabgajwood.com\/wp-content\/uploads\/2025\/04\/widok-z-basenem-perspektywiczny-D_16032025_1L-1.png","datePublished":"2025-03-31T13:10:22+00:00","dateModified":"2025-05-12T11:56:56+00:00","breadcrumb":{"@id":"https:\/\/dabgajwood.com\/pergole-drewniane\/#breadcrumb"},"inLanguage":"de","potentialAction":[{"@type":"ReadAction","target":["https:\/\/dabgajwood.com\/pergole-drewniane\/"]}]},{"@type":"ImageObject","inLanguage":"de","@id":"https:\/\/dabgajwood.com\/pergole-drewniane\/#primaryimage","url":"https:\/\/dabgajwood.com\/wp-content\/uploads\/2025\/04\/widok-z-basenem-perspektywiczny-D_16032025_1L-1.png","contentUrl":"https:\/\/dabgajwood.com\/wp-content\/uploads\/2025\/04\/widok-z-basenem-perspektywiczny-D_16032025_1L-1.png","width":1400,"height":958},{"@type":"BreadcrumbList","@id":"https:\/\/dabgajwood.com\/pergole-drewniane\/#breadcrumb","itemListElement":[{"@type":"ListItem","position":1,"name":"Strona g\u0142\u00f3wna","item":"https:\/\/dabgajwood.com\/"},{"@type":"ListItem","position":2,"name":"Pergole drewniane"}]},{"@type":"WebSite","@id":"https:\/\/dabgajwood.com\/#website","url":"https:\/\/dabgajwood.com\/","name":"Dabgaj","description":"","publisher":{"@id":"https:\/\/dabgajwood.com\/#organization"},"potentialAction":[{"@type":"SearchAction","target":{"@type":"EntryPoint","urlTemplate":"https:\/\/dabgajwood.com\/?s={search_term_string}"},"query-input":{"@type":"PropertyValueSpecification","valueRequired":true,"valueName":"search_term_string"}}],"inLanguage":"de"},{"@type":"Organization","@id":"https:\/\/dabgajwood.com\/#organization","name":"Dabgaj","url":"https:\/\/dabgajwood.com\/","logo":{"@type":"ImageObject","inLanguage":"de","@id":"https:\/\/dabgajwood.com\/#\/schema\/logo\/image\/","url":"https:\/\/dabgajwood.com\/wp-content\/uploads\/2025\/03\/logo.png","contentUrl":"https:\/\/dabgajwood.com\/wp-content\/uploads\/2025\/03\/logo.png","width":425,"height":70,"caption":"Dabgaj"},"image":{"@id":"https:\/\/dabgajwood.com\/#\/schema\/logo\/image\/"}}]}},"_links":{"self":[{"href":"https:\/\/dabgajwood.com\/de\/wp-json\/wp\/v2\/pages\/315","targetHints":{"allow":["GET"]}}],"collection":[{"href":"https:\/\/dabgajwood.com\/de\/wp-json\/wp\/v2\/pages"}],"about":[{"href":"https:\/\/dabgajwood.com\/de\/wp-json\/wp\/v2\/types\/page"}],"author":[{"embeddable":true,"href":"https:\/\/dabgajwood.com\/de\/wp-json\/wp\/v2\/users\/1"}],"replies":[{"embeddable":true,"href":"https:\/\/dabgajwood.com\/de\/wp-json\/wp\/v2\/comments?post=315"}],"version-history":[{"count":11,"href":"https:\/\/dabgajwood.com\/de\/wp-json\/wp\/v2\/pages\/315\/revisions"}],"predecessor-version":[{"id":1727,"href":"https:\/\/dabgajwood.com\/de\/wp-json\/wp\/v2\/pages\/315\/revisions\/1727"}],"wp:featuredmedia":[{"embeddable":true,"href":"https:\/\/dabgajwood.com\/de\/wp-json\/wp\/v2\/media\/739"}],"wp:attachment":[{"href":"https:\/\/dabgajwood.com\/de\/wp-json\/wp\/v2\/media?parent=315"}],"curies":[{"name":"wp","href":"https:\/\/api.w.org\/{rel}","templated":true}]}}