{"id":3,"date":"2021-10-14T13:05:18","date_gmt":"2021-10-14T11:05:18","guid":{"rendered":"http:\/\/dabgajwood.gogler.link\/?page_id=3"},"modified":"2021-11-17T09:10:21","modified_gmt":"2021-11-17T08:10:21","slug":"cookie-richtlinie","status":"publish","type":"page","link":"https:\/\/dabgajwood.com\/de\/cookie-richtlinie\/","title":{"rendered":"Cookie-Politik"},"content":{"rendered":"<h3>Was sind Cookies?<\/h3>\n<p>In Cookies (sog. \"Pl\u00e4tzchen\") werden IT-Daten, meist in Form von Textdateien, auf dem Endger\u00e4t des Nutzers (z. B. Computer, Laptop, Smartphone) gespeichert. Cookies enthalten in der Regel den Namen der Website, von der sie stammen, die Zeit, in der sie auf dem Endger\u00e4t gespeichert werden, und eine eindeutige Nummer.<\/p>\n<h3>Verwendete Arten von Cookies<\/h3>\n<p><strong>Sitzungs-Cookies<\/strong><\/p>\n<p>Sie werden verwendet, um sich an die vom Nutzer getroffenen Entscheidungen zu erinnern, u. a. beim Einloggen. Sie verbleiben auf dem Ger\u00e4t des Nutzers, bis der Nutzer sich von der Website abmeldet oder den Browser schlie\u00dft.<\/p>\n<p><strong>Analyse-Cookies<\/strong><\/p>\n<p>Cookies zur Erfassung von Daten im Zusammenhang mit der Nutzung der Website, einschlie\u00dflich der Inhalte, auf die der Nutzer w\u00e4hrend des Besuchs der Website geklickt hat.<\/p>\n<h3>Verwendung von Cookies<\/h3>\n<p>Cookies werden verwendet, um Ihre Einstellungen zu speichern und den Inhalt von Websites an Ihre Pr\u00e4ferenzen anzupassen. Sie werden auch verwendet, um anonyme Statistiken zu erstellen, die helfen zu verstehen, wie die Nutzer die Websites nutzen. Dies erm\u00f6glicht es, deren Struktur und Inhalt zu verbessern. Cookies werden nicht verwendet, um Sie pers\u00f6nlich zu identifizieren, und Ihre Identit\u00e4t wird durch sie nicht festgestellt.<\/p>\n<h3>L\u00f6schung von Cookies<\/h3>\n<p>Wie Sie Cookies blockieren oder l\u00f6schen k\u00f6nnen, h\u00e4ngt von dem von Ihnen verwendeten Webbrowser ab. Weitere Informationen \u00fcber die Verwaltung von Cookies finden Sie in der Hilfe Ihres Webbrowsers.<\/p>","protected":false},"excerpt":{"rendered":"<p>Czym s\u0105 pliki \u201ecookies\u201d? Pliki cookies (tzw. ciasteczka) s\u0142u\u017c\u0105 do przechowywania danych informatycznych, najcz\u0119\u015bciej w formie plik\u00f3w tekstowych, w urz\u0105dzeniu ko\u0144cowym u\u017cytkownika (np. komputerze, laptopie, smartfonie). Cookies zazwyczaj zawieraj\u0105 nazw\u0119 strony internetowej z kt\u00f3rej pochodz\u0105, czas przechowywania ich na urz\u0105dzeniu ko\u0144cowym oraz unikalny numer. Rodzaje u\u017cywanych plik\u00f3w \u201ecookies\u201d Sesyjne pliki cookies S\u0142u\u017c\u0105 do zapami\u0119tania wybor\u00f3w&#8230;<\/p>","protected":false},"author":1,"featured_media":0,"parent":0,"menu_order":0,"comment_status":"closed","ping_status":"open","template":"","meta":{"_acf_changed":false,"footnotes":""},"class_list":["post-3","page","type-page","status-publish","hentry"],"acf":[],"yoast_head":"<!-- This site is optimized with the Yoast SEO plugin v26.2 - https:\/\/yoast.com\/wordpress\/plugins\/seo\/ -->\n<title>Polityka plik\u00f3w cookies - D\u0105b Gaj Wood<\/title>\n<meta name=\"robots\" content=\"index, follow, max-snippet:-1, max-image-preview:large, max-video-preview:-1\" \/>\n<link rel=\"canonical\" href=\"https:\/\/dabgajwood.com\/de\/cookie-richtlinie\/\" \/>\n<meta property=\"og:locale\" content=\"de_DE\" \/>\n<meta property=\"og:type\" content=\"article\" \/>\n<meta property=\"og:title\" content=\"Polityka plik\u00f3w cookies - D\u0105b Gaj Wood\" \/>\n<meta property=\"og:description\" content=\"Czym s\u0105 pliki \u201ecookies\u201d? Pliki cookies (tzw. ciasteczka) s\u0142u\u017c\u0105 do przechowywania danych informatycznych, najcz\u0119\u015bciej w formie plik\u00f3w tekstowych, w urz\u0105dzeniu ko\u0144cowym u\u017cytkownika (np. komputerze, laptopie, smartfonie). Cookies zazwyczaj zawieraj\u0105 nazw\u0119 strony internetowej z kt\u00f3rej pochodz\u0105, czas przechowywania ich na urz\u0105dzeniu ko\u0144cowym oraz unikalny numer. Rodzaje u\u017cywanych plik\u00f3w \u201ecookies\u201d Sesyjne pliki cookies S\u0142u\u017c\u0105 do zapami\u0119tania wybor\u00f3w...\" \/>\n<meta property=\"og:url\" content=\"https:\/\/dabgajwood.com\/de\/cookie-richtlinie\/\" \/>\n<meta property=\"og:site_name\" content=\"D\u0105b Gaj Wood\" \/>\n<meta property=\"article:modified_time\" content=\"2021-11-17T08:10:21+00:00\" \/>\n<meta name=\"twitter:card\" content=\"summary_large_image\" \/>\n<meta name=\"twitter:label1\" content=\"Gesch\u00e4tzte Lesezeit\" \/>\n\t<meta name=\"twitter:data1\" content=\"1\u00a0Minute\" \/>\n<script type=\"application\/ld+json\" class=\"yoast-schema-graph\">{\"@context\":\"https:\/\/schema.org\",\"@graph\":[{\"@type\":\"WebPage\",\"@id\":\"https:\/\/dabgajwood.com\/polityka-plikow-cookies\/\",\"url\":\"https:\/\/dabgajwood.com\/polityka-plikow-cookies\/\",\"name\":\"Polityka plik\u00f3w cookies - D\u0105b Gaj Wood\",\"isPartOf\":{\"@id\":\"https:\/\/dabgajwood.com\/#website\"},\"datePublished\":\"2021-10-14T11:05:18+00:00\",\"dateModified\":\"2021-11-17T08:10:21+00:00\",\"breadcrumb\":{\"@id\":\"https:\/\/dabgajwood.com\/polityka-plikow-cookies\/#breadcrumb\"},\"inLanguage\":\"de\",\"potentialAction\":[{\"@type\":\"ReadAction\",\"target\":[\"https:\/\/dabgajwood.com\/polityka-plikow-cookies\/\"]}]},{\"@type\":\"BreadcrumbList\",\"@id\":\"https:\/\/dabgajwood.com\/polityka-plikow-cookies\/#breadcrumb\",\"itemListElement\":[{\"@type\":\"ListItem\",\"position\":1,\"name\":\"Strona g\u0142\u00f3wna\",\"item\":\"https:\/\/dabgajwood.com\/\"},{\"@type\":\"ListItem\",\"position\":2,\"name\":\"Polityka plik\u00f3w cookies\"}]},{\"@type\":\"WebSite\",\"@id\":\"https:\/\/dabgajwood.com\/#website\",\"url\":\"https:\/\/dabgajwood.com\/\",\"name\":\"Dabgaj\",\"description\":\"\",\"publisher\":{\"@id\":\"https:\/\/dabgajwood.com\/#organization\"},\"potentialAction\":[{\"@type\":\"SearchAction\",\"target\":{\"@type\":\"EntryPoint\",\"urlTemplate\":\"https:\/\/dabgajwood.com\/?s={search_term_string}\"},\"query-input\":{\"@type\":\"PropertyValueSpecification\",\"valueRequired\":true,\"valueName\":\"search_term_string\"}}],\"inLanguage\":\"de\"},{\"@type\":\"Organization\",\"@id\":\"https:\/\/dabgajwood.com\/#organization\",\"name\":\"Dabgaj\",\"url\":\"https:\/\/dabgajwood.com\/\",\"logo\":{\"@type\":\"ImageObject\",\"inLanguage\":\"de\",\"@id\":\"https:\/\/dabgajwood.com\/#\/schema\/logo\/image\/\",\"url\":\"https:\/\/dabgajwood.com\/wp-content\/uploads\/2025\/03\/logo.png\",\"contentUrl\":\"https:\/\/dabgajwood.com\/wp-content\/uploads\/2025\/03\/logo.png\",\"width\":425,\"height\":70,\"caption\":\"Dabgaj\"},\"image\":{\"@id\":\"https:\/\/dabgajwood.com\/#\/schema\/logo\/image\/\"}}]}<\/script>\n<!-- \/ Yoast SEO plugin. -->","yoast_head_json":{"title":"Polityka plik\u00f3w cookies - D\u0105b Gaj Wood","robots":{"index":"index","follow":"follow","max-snippet":"max-snippet:-1","max-image-preview":"max-image-preview:large","max-video-preview":"max-video-preview:-1"},"canonical":"https:\/\/dabgajwood.com\/de\/cookie-richtlinie\/","og_locale":"de_DE","og_type":"article","og_title":"Polityka plik\u00f3w cookies - D\u0105b Gaj Wood","og_description":"Czym s\u0105 pliki \u201ecookies\u201d? Pliki cookies (tzw. ciasteczka) s\u0142u\u017c\u0105 do przechowywania danych informatycznych, najcz\u0119\u015bciej w formie plik\u00f3w tekstowych, w urz\u0105dzeniu ko\u0144cowym u\u017cytkownika (np. komputerze, laptopie, smartfonie). Cookies zazwyczaj zawieraj\u0105 nazw\u0119 strony internetowej z kt\u00f3rej pochodz\u0105, czas przechowywania ich na urz\u0105dzeniu ko\u0144cowym oraz unikalny numer. Rodzaje u\u017cywanych plik\u00f3w \u201ecookies\u201d Sesyjne pliki cookies S\u0142u\u017c\u0105 do zapami\u0119tania wybor\u00f3w...","og_url":"https:\/\/dabgajwood.com\/de\/cookie-richtlinie\/","og_site_name":"D\u0105b Gaj Wood","article_modified_time":"2021-11-17T08:10:21+00:00","twitter_card":"summary_large_image","twitter_misc":{"Gesch\u00e4tzte Lesezeit":"1\u00a0Minute"},"schema":{"@context":"https:\/\/schema.org","@graph":[{"@type":"WebPage","@id":"https:\/\/dabgajwood.com\/polityka-plikow-cookies\/","url":"https:\/\/dabgajwood.com\/polityka-plikow-cookies\/","name":"Polityka plik\u00f3w cookies - D\u0105b Gaj Wood","isPartOf":{"@id":"https:\/\/dabgajwood.com\/#website"},"datePublished":"2021-10-14T11:05:18+00:00","dateModified":"2021-11-17T08:10:21+00:00","breadcrumb":{"@id":"https:\/\/dabgajwood.com\/polityka-plikow-cookies\/#breadcrumb"},"inLanguage":"de","potentialAction":[{"@type":"ReadAction","target":["https:\/\/dabgajwood.com\/polityka-plikow-cookies\/"]}]},{"@type":"BreadcrumbList","@id":"https:\/\/dabgajwood.com\/polityka-plikow-cookies\/#breadcrumb","itemListElement":[{"@type":"ListItem","position":1,"name":"Strona g\u0142\u00f3wna","item":"https:\/\/dabgajwood.com\/"},{"@type":"ListItem","position":2,"name":"Polityka plik\u00f3w cookies"}]},{"@type":"WebSite","@id":"https:\/\/dabgajwood.com\/#website","url":"https:\/\/dabgajwood.com\/","name":"Dabgaj","description":"","publisher":{"@id":"https:\/\/dabgajwood.com\/#organization"},"potentialAction":[{"@type":"SearchAction","target":{"@type":"EntryPoint","urlTemplate":"https:\/\/dabgajwood.com\/?s={search_term_string}"},"query-input":{"@type":"PropertyValueSpecification","valueRequired":true,"valueName":"search_term_string"}}],"inLanguage":"de"},{"@type":"Organization","@id":"https:\/\/dabgajwood.com\/#organization","name":"Dabgaj","url":"https:\/\/dabgajwood.com\/","logo":{"@type":"ImageObject","inLanguage":"de","@id":"https:\/\/dabgajwood.com\/#\/schema\/logo\/image\/","url":"https:\/\/dabgajwood.com\/wp-content\/uploads\/2025\/03\/logo.png","contentUrl":"https:\/\/dabgajwood.com\/wp-content\/uploads\/2025\/03\/logo.png","width":425,"height":70,"caption":"Dabgaj"},"image":{"@id":"https:\/\/dabgajwood.com\/#\/schema\/logo\/image\/"}}]}},"_links":{"self":[{"href":"https:\/\/dabgajwood.com\/de\/wp-json\/wp\/v2\/pages\/3","targetHints":{"allow":["GET"]}}],"collection":[{"href":"https:\/\/dabgajwood.com\/de\/wp-json\/wp\/v2\/pages"}],"about":[{"href":"https:\/\/dabgajwood.com\/de\/wp-json\/wp\/v2\/types\/page"}],"author":[{"embeddable":true,"href":"https:\/\/dabgajwood.com\/de\/wp-json\/wp\/v2\/users\/1"}],"replies":[{"embeddable":true,"href":"https:\/\/dabgajwood.com\/de\/wp-json\/wp\/v2\/comments?post=3"}],"version-history":[{"count":1,"href":"https:\/\/dabgajwood.com\/de\/wp-json\/wp\/v2\/pages\/3\/revisions"}],"predecessor-version":[{"id":23,"href":"https:\/\/dabgajwood.com\/de\/wp-json\/wp\/v2\/pages\/3\/revisions\/23"}],"wp:attachment":[{"href":"https:\/\/dabgajwood.com\/de\/wp-json\/wp\/v2\/media?parent=3"}],"curies":[{"name":"wp","href":"https:\/\/api.w.org\/{rel}","templated":true}]}}