{"id":1803,"date":"2025-05-13T14:07:09","date_gmt":"2025-05-13T12:07:09","guid":{"rendered":"https:\/\/dabgajwood.gogler.link\/?page_id=1803"},"modified":"2025-05-13T14:07:09","modified_gmt":"2025-05-13T12:07:09","slug":"gartenhauser-aus-holz","status":"publish","type":"page","link":"https:\/\/dabgajwood.com\/de\/gartenhauser-aus-holz\/","title":{"rendered":"Gartenh\u00e4user aus Holz"},"content":{"rendered":"<section class=\"l-section wpb_row us_custom_432d3f53 height_small\"><div class=\"l-section-h i-cf\"><div class=\"g-cols vc_row via_flex valign_top type_default stacking_default\"><div class=\"vc_col-sm-12 wpb_column vc_column_container\"><div class=\"vc_column-inner\"><div class=\"wpb_wrapper\"><div class=\"wpb_text_column\"><div class=\"wpb_wrapper\"><p>Gartenpavillons aus Holz sind ein einzigartiges St\u00fcck Architektur, das den Garten bereichert und den perfekten Ort zum Entspannen im Freien schafft. D\u0105b Gaj Wood hat sich auf den Entwurf und die Lieferung dieser Strukturen spezialisiert - sie verbinden die Sch\u00f6nheit nat\u00fcrlicher Materialien mit hoher Funktionalit\u00e4t. Unsere Produkte verleihen jeder Umgebung Charme und schaffen einen Raum, in dem man Zeit mit Familie und Freunden verbringen und die frische Luft und die N\u00e4he zur Natur genie\u00dfen kann.<\/p>\n<p>Diese Pavillons k\u00f6nnen als Ort zum Entspannen und f\u00fcr gemeinsame Mahlzeiten dienen und sind gleichzeitig ein attraktives Gestaltungselement f\u00fcr den Garten, das dessen nat\u00fcrlichen Charakter unterstreicht. Dank der Verwendung von langlebigen Materialien und einer sorgf\u00e4ltigen Verarbeitung sind sie sowohl sch\u00f6n als auch praktisch und erm\u00f6glichen es Ihnen, Ihr Grundst\u00fcck das ganze Jahr \u00fcber bequem zu genie\u00dfen.<\/p>\n<h2>Gartenh\u00e4user aus Holz - wie tragen sie zur \u00c4sthetik eines Raumes bei?<\/h2>\n<p>Gartenlauben aus Holz sind eine hervorragende Erg\u00e4nzung f\u00fcr jeden Garten, da sie ihm einen nat\u00fcrlichen Charakter verleihen und die Sch\u00f6nheit der umgebenden Vegetation unterstreichen. Dank ihres eleganten Designs, das aus den hochwertigsten Rohstoffen hergestellt wird, schaffen sie eine harmonische Verbindung zwischen Natur und Architektur. Die Produktreihe D\u0105b Gaj Wood bietet eine Vielzahl von Modellen, die sowohl mit klassischen als auch mit modernen Einrichtungsstilen perfekt harmonieren. Jede Struktur ist auf maximalen Benutzerkomfort ausgelegt und bietet sowohl Stil als auch Funktionalit\u00e4t. Unsere Gartenpavillons aus Holz k\u00f6nnen in Bezug auf Gr\u00f6\u00dfe, Dachform und zus\u00e4tzliche Funktionen wie B\u00e4nke, Tische oder Beleuchtung individuell gestaltet werden.<\/p>\n<\/div><\/div><\/div><\/div><\/div><\/div><\/div><\/section><section class=\"l-section wpb_row us_custom_21c3ffa6 height_medium\"><div class=\"l-section-h i-cf\"><div class=\"g-cols vc_row via_flex valign_top type_default stacking_default\"><div class=\"vc_col-sm-12 wpb_column vc_column_container\"><div class=\"vc_column-inner\"><div class=\"wpb_wrapper\"><div class=\"g-cols wpb_row via_flex valign_middle type_default stacking_default\"><div class=\"vc_col-sm-6 wpb_column vc_column_container\"><div class=\"vc_column-inner\"><div class=\"wpb_wrapper\"><div class=\"wpb_text_column\"><div class=\"wpb_wrapper\"><h2>Was sind die Leistungsvorteile von Gartenh\u00e4usern aus Holz?<\/h2>\n<p>Gartenpavillons sind nicht nur dekorativ, sondern auch eine praktische L\u00f6sung, die Schutz vor Sonne, Regen oder Wind bietet. Sie sind der ideale Ort f\u00fcr Partys, Grillfeste oder einfach nur f\u00fcr Momente der Entspannung im Freien. Dank ihrer Vielseitigkeit erf\u00fcllen sie viele verschiedene Funktionen, wie zum Beispiel:<\/p>\n<ul>\n<li>Ein Aufenthaltsraum, in dem Sie sich nach einem anstrengenden Tag bequem entspannen k\u00f6nnen.<\/li>\n<li>Ein Ort, an dem man im Freien ein Buch lesen kann, der Ruhe und Kontakt zur Natur bietet.<\/li>\n<li>Eine Ecke zum Arbeiten in der Natur, die Kreativit\u00e4t und Konzentration f\u00f6rdert.<\/li>\n<li>Ein Ort f\u00fcr Familienfeste, Treffen mit Freunden oder gemeinsame Grillabende.<\/li>\n<li>Sicherer Schutz vor ung\u00fcnstigen Witterungsbedingungen wie hei\u00dfer Sonne, Regen oder Wind.<\/li>\n<\/ul>\n<p>Die Gartenlauben von D\u0105b Gaj Wood sind multifunktionale L\u00f6sungen, die den Komfort des Gartens erh\u00f6hen und einen sch\u00f6nen, nat\u00fcrlichen Raum f\u00fcr die ganze Familie schaffen.<\/p>\n<\/div><\/div><\/div><\/div><\/div><div class=\"vc_col-sm-6 wpb_column vc_column_container\"><div class=\"vc_column-inner\"><div class=\"wpb_wrapper\"><div class=\"w-image align_center\"><div class=\"w-image-h\"><img data-recalc-dims=\"1\" decoding=\"async\" width=\"1024\" height=\"722\" src=\"https:\/\/i0.wp.com\/dabgajwood.com\/wp-content\/uploads\/2025\/04\/ogrod-drewniane-altany-ogrodowe-1024x722-1.jpg?resize=1024%2C722&#038;ssl=1\" class=\"attachment-large size-large\" alt=\"\" loading=\"lazy\" srcset=\"https:\/\/i0.wp.com\/dabgajwood.com\/wp-content\/uploads\/2025\/04\/ogrod-drewniane-altany-ogrodowe-1024x722-1.jpg?w=1024&amp;ssl=1 1024w, https:\/\/i0.wp.com\/dabgajwood.com\/wp-content\/uploads\/2025\/04\/ogrod-drewniane-altany-ogrodowe-1024x722-1.jpg?resize=300%2C212&amp;ssl=1 300w, https:\/\/i0.wp.com\/dabgajwood.com\/wp-content\/uploads\/2025\/04\/ogrod-drewniane-altany-ogrodowe-1024x722-1.jpg?resize=200%2C141&amp;ssl=1 200w, https:\/\/i0.wp.com\/dabgajwood.com\/wp-content\/uploads\/2025\/04\/ogrod-drewniane-altany-ogrodowe-1024x722-1.jpg?resize=400%2C282&amp;ssl=1 400w\" sizes=\"auto, (max-width: 1024px) 100vw, 1024px\" \/><\/div><\/div><\/div><\/div><\/div><\/div><\/div><\/div><\/div><\/div><\/div><\/section><section class=\"l-section wpb_row height_medium\"><div class=\"l-section-h i-cf\"><div class=\"g-cols vc_row via_flex valign_top type_default stacking_default\"><div class=\"vc_col-sm-12 wpb_column vc_column_container\"><div class=\"vc_column-inner\"><div class=\"wpb_wrapper\"><div class=\"wpb_text_column\"><div class=\"wpb_wrapper\"><h2>Was sind die Merkmale unserer Gartenh\u00e4user aus Holz?<\/h2>\n<p>D\u0105b Gaj Wood hat sich der Qualit\u00e4t und dem au\u00dfergew\u00f6hnlichen Design verschrieben. Unsere Gartenlauben werden aus Massivholz gefertigt, das sorgf\u00e4ltig verarbeitet wird, um eine lange Lebensdauer und Best\u00e4ndigkeit gegen\u00fcber wechselnden Witterungsbedingungen zu gew\u00e4hrleisten. Bei der Herstellung verwenden wir ausschlie\u00dflich \u00f6kologische Materialien und passen jedes Projekt an die individuellen Bed\u00fcrfnisse des Kunden an. So sind unsere Konstruktionen nicht nur \u00e4sthetisch ansprechend, sondern auch langlebig und funktional.<\/p>\n<h2>Wie pflegt man Gartenh\u00e4uschen aus Holz?<\/h2>\n<p>Damit die Konstruktion viele Jahre lang h\u00e4lt, lohnt es sich, sie richtig zu pflegen. Es ist ratsam, das Holz regelm\u00e4\u00dfig mit speziellen Schutzpr\u00e4paraten zu sch\u00fctzen, die vor Feuchtigkeit, UV-Strahlung und Sch\u00e4dlingen sch\u00fctzen. Pr\u00e4parate wie Holzschutzmittel und \u00d6le tragen dazu bei, die nat\u00fcrliche Farbe des Materials zu erhalten und seine Widerstandsf\u00e4higkeit gegen\u00fcber ung\u00fcnstigen Wetterbedingungen zu erh\u00f6hen. Es ist auch wichtig, einen l\u00e4ngeren Kontakt des Holzes mit feuchtem Boden zu vermeiden, was durch eine angemessene Vorbereitung des Fundaments erreicht werden kann, z. B. durch die Verwendung geeigneter Betonsteine oder Abstandshalter. Es ist auch ratsam, das Fundament mit speziellen Impr\u00e4gnierungen zu sch\u00fctzen, um die unteren Teile der Konstruktion vor Durchn\u00e4ssung zu bewahren.<\/p>\n<p>Regelm\u00e4\u00dfige Wartung und kleinere Reparaturen sorgen daf\u00fcr, dass die Gartenlaube viele Jahre lang sch\u00f6n aussieht und funktioniert. Mindestens einmal im Jahr sollte die Struktur auf mechanische Sch\u00e4den, Materialfehler oder Anzeichen von Insektenbefall \u00fcberpr\u00fcft werden. Etwaige Risse oder Splitter sollten sofort mit speziellem Holzkitt gef\u00fcllt werden, und Metallelemente wie Schrauben und Scharniere sollten vor Korrosion gesch\u00fctzt werden. Mit diesen einfachen Pflegema\u00dfnahmen bleibt die Gartenarchitektur nicht nur funktional, sondern beh\u00e4lt auch \u00fcber viele Jahre ihr \u00e4sthetisches Aussehen.<\/p>\n<h2>Warum sollten Sie sich f\u00fcr unsere Gartenh\u00e4user aus Holz entscheiden?<\/h2>\n<p>Unsere Produkte sind ein Synonym f\u00fcr Qualit\u00e4t und \u00c4sthetik. Wenn Sie sich f\u00fcr Produkte von D\u0105b Gaj Wood entscheiden, setzen Sie auf:<\/p>\n<ul>\n<li><strong>Nachhaltigkeit<\/strong>: Wir arbeiten mit ausgew\u00e4hlten H\u00f6lzern, die den wechselnden Witterungsbedingungen standhalten und die Langlebigkeit der Konstruktion gew\u00e4hrleisten.<\/li>\n<li><strong>\u00d6kologie<\/strong>: Wir verwenden nur nat\u00fcrliche, umweltfreundliche Materialien, so dass unsere Produkte sicher f\u00fcr die umgebende Natur sind.<\/li>\n<li><strong>Einzigartiges Design<\/strong>: Jedes Projekt ist einzigartig und wird unter Ber\u00fccksichtigung der Bed\u00fcrfnisse des Kunden entworfen, um architektonische Elemente zu schaffen, die sich perfekt in den Charakter des jeweiligen Raums einf\u00fcgen.<\/li>\n<\/ul>\n<p>Unsere Pavillons werden mit Leidenschaft und Liebe zum kleinsten Detail hergestellt, wodurch sie sich von anderen auf dem Markt erh\u00e4ltlichen Pavillons abheben. Wir stellen sicher, dass sie nicht nur \u00e4sthetisch ansprechend, sondern auch funktional und auf die Bed\u00fcrfnisse der Nutzer zugeschnitten sind. Das Vertrauen unserer Kunden und ihr positives Feedback sind der beste Beweis daf\u00fcr, dass wir es wert sind, dass man uns vertraut. Wir streben danach, Produkte zu schaffen, die das Herzst\u00fcck Ihres Gartens werden, ein Ort, an dem Sie die Natur und die Entspannung in vollen Z\u00fcgen genie\u00dfen k\u00f6nnen.<\/p>\n<\/div><\/div><div class=\"wpb_text_column with_collapsible_content\" data-content-height=\"0px\"><div class=\"wpb_wrapper\"><h2>Gartenh\u00e4user aus Holz und andere Gartenarchitektur in unserem Angebot<\/h2>\n<p>Neben den Holzpavillons bietet D\u0105b Gaj Wood auch andere Elemente der Gartenarchitektur an, wie z.B..<span>\u00a0<\/span><a href=\"https:\/\/dabgajwood.com\/de\/holzpergolen\/\">Holzpergolen<\/a>, Schuppen und<span>\u00a0<\/span><a href=\"https:\/\/dabgajwood.com\/de\/systemvordacher\/\">Lamellenvord\u00e4cher<\/a>. Pergolen eignen sich perfekt f\u00fcr Kletterpflanzen und schaffen stimmungsvolle gr\u00fcne Korridore, die jedem Garten Charme verleihen. Wir bieten eine Vielzahl von Stilen und Gr\u00f6\u00dfen von Strukturen an, die sowohl in Bezug auf das Aussehen als auch auf die Funktionalit\u00e4t individuell gestaltet werden k\u00f6nnen.<\/p>\n<p><a href=\"https:\/\/dabgajwood.com\/de\/holzschuppen-mit-dach\/\">Schuppen aus Holz mit Dach<\/a><span>\u00a0<\/span>bieten nicht nur Schutz f\u00fcr Autos, Gartenger\u00e4te oder Brennholz, sondern bilden auch ein elegantes Element des Grundst\u00fccks, das die Organisation erleichtert. Dank der Verwendung von langlebigen Materialien und einer robusten Konstruktion sind unsere Produkte witterungsbest\u00e4ndig und leisten ihren Nutzern viele Jahre lang gute Dienste.<\/p>\n<p>Alle unsere Produkte zeichnen sich durch eine hochwertige Verarbeitung und eine \u00c4sthetik aus, die die Sch\u00f6nheit des Gartens unterstreicht. Wir sind stolz darauf, Entw\u00fcrfe anbieten zu k\u00f6nnen, die Funktionalit\u00e4t mit \u00c4sthetik verbinden, und jedes Produkt wird mit Blick auf den Komfort und die Zufriedenheit unserer Kunden hergestellt.<\/p>\n<h2>Sie k\u00f6nnen sich gerne mit uns in Verbindung setzen, um unser Angebot in Anspruch zu nehmen<\/h2>\n<p>Wenn Sie von einem einzigartigen Gartenpavillon oder einem anderen St\u00fcck Gartenarchitektur tr\u00e4umen, laden wir Sie herzlich ein, mit D\u0105b Gaj Wood Kontakt aufzunehmen. Unsere Fachleute beraten Sie gerne und helfen Ihnen, die beste L\u00f6sung f\u00fcr Ihre Bed\u00fcrfnisse zu finden. Lassen Sie uns gemeinsam einen Raum schaffen, in dem Natur und Mensch harmonisch koexistieren.<\/p>\n<\/div><div class=\"toggle-links align_none\"><button class=\"collapsible-content-more\">Mehr lesen<\/button><button class=\"collapsible-content-less\">Weniger anzeigen<\/button><\/div><\/div><\/div><\/div><\/div><\/div><\/div><\/section>","protected":false},"excerpt":{"rendered":"Drewniane altany ogrodowe to wyj\u0105tkowy element architektury, kt\u00f3ry wzbogaca przestrze\u0144 ogrodu i tworzy idealne miejsce do odpoczynku na \u015bwie\u017cym powietrzu. Firma D\u0105b Gaj Wood specjalizuje si\u0119 w projektowaniu i dostarczaniu tych konstrukcji \u2013 \u0142\u0105cz\u0105 one w sobie pi\u0119kno naturalnych materia\u0142\u00f3w z wysok\u0105 funkcjonalno\u015bci\u0105. Nasze produkty dodaj\u0105 uroku ka\u017cdej aran\u017cacji, tworz\u0105c przestrze\u0144, gdzie mo\u017cna sp\u0119dza\u0107 czas...","protected":false},"author":1,"featured_media":739,"parent":0,"menu_order":0,"comment_status":"closed","ping_status":"closed","template":"","meta":{"_acf_changed":false,"footnotes":""},"class_list":["post-1803","page","type-page","status-publish","has-post-thumbnail","hentry"],"acf":[],"yoast_head":"<!-- This site is optimized with the Yoast SEO plugin v26.2 - https:\/\/yoast.com\/wordpress\/plugins\/seo\/ -->\n<title>Drewniane altany ogrodowe - D\u0105b Gaj Wood<\/title>\n<meta name=\"robots\" content=\"index, follow, max-snippet:-1, max-image-preview:large, max-video-preview:-1\" \/>\n<link rel=\"canonical\" href=\"https:\/\/dabgajwood.com\/de\/gartenhauser-aus-holz\/\" \/>\n<meta property=\"og:locale\" content=\"de_DE\" \/>\n<meta property=\"og:type\" content=\"article\" \/>\n<meta property=\"og:title\" content=\"Drewniane altany ogrodowe - D\u0105b Gaj Wood\" \/>\n<meta property=\"og:url\" content=\"https:\/\/dabgajwood.com\/de\/gartenhauser-aus-holz\/\" \/>\n<meta property=\"og:site_name\" content=\"D\u0105b Gaj Wood\" \/>\n<meta property=\"og:image\" content=\"https:\/\/dabgajwood.com\/wp-content\/uploads\/2025\/04\/widok-z-basenem-perspektywiczny-D_16032025_1L-1.png\" \/>\n\t<meta property=\"og:image:width\" content=\"1400\" \/>\n\t<meta property=\"og:image:height\" content=\"958\" \/>\n\t<meta property=\"og:image:type\" content=\"image\/png\" \/>\n<meta name=\"twitter:card\" content=\"summary_large_image\" \/>\n<meta name=\"twitter:label1\" content=\"Gesch\u00e4tzte Lesezeit\" \/>\n\t<meta name=\"twitter:data1\" content=\"6\u00a0Minuten\" \/>\n<script type=\"application\/ld+json\" class=\"yoast-schema-graph\">{\"@context\":\"https:\/\/schema.org\",\"@graph\":[{\"@type\":\"WebPage\",\"@id\":\"https:\/\/dabgajwood.com\/drewniane-altany-ogrodowe\/\",\"url\":\"https:\/\/dabgajwood.com\/drewniane-altany-ogrodowe\/\",\"name\":\"Drewniane altany ogrodowe - D\u0105b Gaj Wood\",\"isPartOf\":{\"@id\":\"https:\/\/dabgajwood.com\/#website\"},\"primaryImageOfPage\":{\"@id\":\"https:\/\/dabgajwood.com\/drewniane-altany-ogrodowe\/#primaryimage\"},\"image\":{\"@id\":\"https:\/\/dabgajwood.com\/drewniane-altany-ogrodowe\/#primaryimage\"},\"thumbnailUrl\":\"https:\/\/dabgajwood.com\/wp-content\/uploads\/2025\/04\/widok-z-basenem-perspektywiczny-D_16032025_1L-1.png\",\"datePublished\":\"2025-05-13T12:07:09+00:00\",\"breadcrumb\":{\"@id\":\"https:\/\/dabgajwood.com\/drewniane-altany-ogrodowe\/#breadcrumb\"},\"inLanguage\":\"de\",\"potentialAction\":[{\"@type\":\"ReadAction\",\"target\":[\"https:\/\/dabgajwood.com\/drewniane-altany-ogrodowe\/\"]}]},{\"@type\":\"ImageObject\",\"inLanguage\":\"de\",\"@id\":\"https:\/\/dabgajwood.com\/drewniane-altany-ogrodowe\/#primaryimage\",\"url\":\"https:\/\/dabgajwood.com\/wp-content\/uploads\/2025\/04\/widok-z-basenem-perspektywiczny-D_16032025_1L-1.png\",\"contentUrl\":\"https:\/\/dabgajwood.com\/wp-content\/uploads\/2025\/04\/widok-z-basenem-perspektywiczny-D_16032025_1L-1.png\",\"width\":1400,\"height\":958},{\"@type\":\"BreadcrumbList\",\"@id\":\"https:\/\/dabgajwood.com\/drewniane-altany-ogrodowe\/#breadcrumb\",\"itemListElement\":[{\"@type\":\"ListItem\",\"position\":1,\"name\":\"Strona g\u0142\u00f3wna\",\"item\":\"https:\/\/dabgajwood.com\/\"},{\"@type\":\"ListItem\",\"position\":2,\"name\":\"Drewniane altany ogrodowe\"}]},{\"@type\":\"WebSite\",\"@id\":\"https:\/\/dabgajwood.com\/#website\",\"url\":\"https:\/\/dabgajwood.com\/\",\"name\":\"Dabgaj\",\"description\":\"\",\"publisher\":{\"@id\":\"https:\/\/dabgajwood.com\/#organization\"},\"potentialAction\":[{\"@type\":\"SearchAction\",\"target\":{\"@type\":\"EntryPoint\",\"urlTemplate\":\"https:\/\/dabgajwood.com\/?s={search_term_string}\"},\"query-input\":{\"@type\":\"PropertyValueSpecification\",\"valueRequired\":true,\"valueName\":\"search_term_string\"}}],\"inLanguage\":\"de\"},{\"@type\":\"Organization\",\"@id\":\"https:\/\/dabgajwood.com\/#organization\",\"name\":\"Dabgaj\",\"url\":\"https:\/\/dabgajwood.com\/\",\"logo\":{\"@type\":\"ImageObject\",\"inLanguage\":\"de\",\"@id\":\"https:\/\/dabgajwood.com\/#\/schema\/logo\/image\/\",\"url\":\"https:\/\/dabgajwood.com\/wp-content\/uploads\/2025\/03\/logo.png\",\"contentUrl\":\"https:\/\/dabgajwood.com\/wp-content\/uploads\/2025\/03\/logo.png\",\"width\":425,\"height\":70,\"caption\":\"Dabgaj\"},\"image\":{\"@id\":\"https:\/\/dabgajwood.com\/#\/schema\/logo\/image\/\"}}]}<\/script>\n<!-- \/ Yoast SEO plugin. -->","yoast_head_json":{"title":"Drewniane altany ogrodowe - D\u0105b Gaj Wood","robots":{"index":"index","follow":"follow","max-snippet":"max-snippet:-1","max-image-preview":"max-image-preview:large","max-video-preview":"max-video-preview:-1"},"canonical":"https:\/\/dabgajwood.com\/de\/gartenhauser-aus-holz\/","og_locale":"de_DE","og_type":"article","og_title":"Drewniane altany ogrodowe - D\u0105b Gaj Wood","og_url":"https:\/\/dabgajwood.com\/de\/gartenhauser-aus-holz\/","og_site_name":"D\u0105b Gaj Wood","og_image":[{"width":1400,"height":958,"url":"https:\/\/dabgajwood.com\/wp-content\/uploads\/2025\/04\/widok-z-basenem-perspektywiczny-D_16032025_1L-1.png","type":"image\/png"}],"twitter_card":"summary_large_image","twitter_misc":{"Gesch\u00e4tzte Lesezeit":"6\u00a0Minuten"},"schema":{"@context":"https:\/\/schema.org","@graph":[{"@type":"WebPage","@id":"https:\/\/dabgajwood.com\/drewniane-altany-ogrodowe\/","url":"https:\/\/dabgajwood.com\/drewniane-altany-ogrodowe\/","name":"Drewniane altany ogrodowe - D\u0105b Gaj Wood","isPartOf":{"@id":"https:\/\/dabgajwood.com\/#website"},"primaryImageOfPage":{"@id":"https:\/\/dabgajwood.com\/drewniane-altany-ogrodowe\/#primaryimage"},"image":{"@id":"https:\/\/dabgajwood.com\/drewniane-altany-ogrodowe\/#primaryimage"},"thumbnailUrl":"https:\/\/dabgajwood.com\/wp-content\/uploads\/2025\/04\/widok-z-basenem-perspektywiczny-D_16032025_1L-1.png","datePublished":"2025-05-13T12:07:09+00:00","breadcrumb":{"@id":"https:\/\/dabgajwood.com\/drewniane-altany-ogrodowe\/#breadcrumb"},"inLanguage":"de","potentialAction":[{"@type":"ReadAction","target":["https:\/\/dabgajwood.com\/drewniane-altany-ogrodowe\/"]}]},{"@type":"ImageObject","inLanguage":"de","@id":"https:\/\/dabgajwood.com\/drewniane-altany-ogrodowe\/#primaryimage","url":"https:\/\/dabgajwood.com\/wp-content\/uploads\/2025\/04\/widok-z-basenem-perspektywiczny-D_16032025_1L-1.png","contentUrl":"https:\/\/dabgajwood.com\/wp-content\/uploads\/2025\/04\/widok-z-basenem-perspektywiczny-D_16032025_1L-1.png","width":1400,"height":958},{"@type":"BreadcrumbList","@id":"https:\/\/dabgajwood.com\/drewniane-altany-ogrodowe\/#breadcrumb","itemListElement":[{"@type":"ListItem","position":1,"name":"Strona g\u0142\u00f3wna","item":"https:\/\/dabgajwood.com\/"},{"@type":"ListItem","position":2,"name":"Drewniane altany ogrodowe"}]},{"@type":"WebSite","@id":"https:\/\/dabgajwood.com\/#website","url":"https:\/\/dabgajwood.com\/","name":"Dabgaj","description":"","publisher":{"@id":"https:\/\/dabgajwood.com\/#organization"},"potentialAction":[{"@type":"SearchAction","target":{"@type":"EntryPoint","urlTemplate":"https:\/\/dabgajwood.com\/?s={search_term_string}"},"query-input":{"@type":"PropertyValueSpecification","valueRequired":true,"valueName":"search_term_string"}}],"inLanguage":"de"},{"@type":"Organization","@id":"https:\/\/dabgajwood.com\/#organization","name":"Dabgaj","url":"https:\/\/dabgajwood.com\/","logo":{"@type":"ImageObject","inLanguage":"de","@id":"https:\/\/dabgajwood.com\/#\/schema\/logo\/image\/","url":"https:\/\/dabgajwood.com\/wp-content\/uploads\/2025\/03\/logo.png","contentUrl":"https:\/\/dabgajwood.com\/wp-content\/uploads\/2025\/03\/logo.png","width":425,"height":70,"caption":"Dabgaj"},"image":{"@id":"https:\/\/dabgajwood.com\/#\/schema\/logo\/image\/"}}]}},"_links":{"self":[{"href":"https:\/\/dabgajwood.com\/de\/wp-json\/wp\/v2\/pages\/1803","targetHints":{"allow":["GET"]}}],"collection":[{"href":"https:\/\/dabgajwood.com\/de\/wp-json\/wp\/v2\/pages"}],"about":[{"href":"https:\/\/dabgajwood.com\/de\/wp-json\/wp\/v2\/types\/page"}],"author":[{"embeddable":true,"href":"https:\/\/dabgajwood.com\/de\/wp-json\/wp\/v2\/users\/1"}],"replies":[{"embeddable":true,"href":"https:\/\/dabgajwood.com\/de\/wp-json\/wp\/v2\/comments?post=1803"}],"version-history":[{"count":1,"href":"https:\/\/dabgajwood.com\/de\/wp-json\/wp\/v2\/pages\/1803\/revisions"}],"predecessor-version":[{"id":1804,"href":"https:\/\/dabgajwood.com\/de\/wp-json\/wp\/v2\/pages\/1803\/revisions\/1804"}],"wp:featuredmedia":[{"embeddable":true,"href":"https:\/\/dabgajwood.com\/de\/wp-json\/wp\/v2\/media\/739"}],"wp:attachment":[{"href":"https:\/\/dabgajwood.com\/de\/wp-json\/wp\/v2\/media?parent=1803"}],"curies":[{"name":"wp","href":"https:\/\/api.w.org\/{rel}","templated":true}]}}