{"id":1672,"date":"2024-11-14T13:08:42","date_gmt":"2024-11-14T12:08:42","guid":{"rendered":"https:\/\/dabgajwood.com\/?page_id=816"},"modified":"2025-05-13T14:19:05","modified_gmt":"2025-05-13T12:19:05","slug":"holzschuppen-mit-dach","status":"publish","type":"page","link":"https:\/\/dabgajwood.com\/de\/holzschuppen-mit-dach\/","title":{"rendered":"Schuppen aus Holz mit Dach"},"content":{"rendered":"<section class=\"l-section wpb_row height_small\"><div class=\"l-section-h i-cf\"><div class=\"g-cols vc_row via_flex valign_middle type_default stacking_default\"><div class=\"vc_col-sm-12 wpb_column vc_column_container\"><div class=\"vc_column-inner\"><div class=\"wpb_wrapper\"><div class=\"wpb_text_column\"><div class=\"wpb_wrapper\"><p>Holzkonstruktionen sind seit Jahren bei den Liebhabern nat\u00fcrlicher L\u00f6sungen in der Gartenarchitektur beliebt. Oak Gaj Wood hat sich auf die Herstellung von hochwertigen \u00fcberdachten Holzunterst\u00e4nden spezialisiert, die sich perfekt in die Umgebung einf\u00fcgen und eine funktionelle und \u00e4sthetische L\u00f6sung f\u00fcr alle bieten, die praktische und dauerhafte Elemente der kleinen Architektur suchen. Die Produkte von Oak Gaj Wood sind eine einzigartige Kombination aus Tradition und modernem Design.<\/p>\n<h2>Holzschuppen mit Dach - wof\u00fcr k\u00f6nnen sie verwendet werden?<\/h2>\n<p>Die beschriebenen gartenarchitektonischen Elemente sind vielseitig einsetzbar, sowohl im privaten als auch im gewerblichen Bereich. Das breite Spektrum an Einsatzm\u00f6glichkeiten macht sie \u00e4u\u00dferst vielseitig und praktisch. Sie k\u00f6nnen verwendet werden als:<\/p>\n<ul>\n<li>Eine Autoabdeckung, die das Fahrzeug vor widrigen Wetterbedingungen wie Regen, Schnee oder UV-Strahlung sch\u00fctzt.<\/li>\n<li>Ein Platz zum Lagern von Brennholz, Gartenger\u00e4ten, Fahrr\u00e4dern oder anderen Gartenartikeln.<\/li>\n<li>Ein Unterstand f\u00fcr Familientreffen im Freien.<\/li>\n<li>Ein bequemer Platz zum Entspannen an hei\u00dfen Tagen, der Schatten und K\u00fchle spendet.<\/li>\n<li>Eine \u00dcberdachung f\u00fcr Garten- oder Freizeitger\u00e4te, die sie vor Niederschl\u00e4gen sch\u00fctzt.<\/li>\n<\/ul>\n<p>Dank ihrer vielf\u00e4ltigen Anwendungsm\u00f6glichkeiten k\u00f6nnen die Produkte von D\u0105b Gaj Wood unter verschiedenen Bedingungen eingesetzt werden und erf\u00fcllen viele praktische und \u00e4sthetische Funktionen.<\/p>\n<\/div><\/div><div class=\"w-separator size_medium\"><\/div><div class=\"g-cols wpb_row via_flex valign_middle type_default stacking_default\"><div class=\"vc_col-sm-6 wpb_column vc_column_container\"><div class=\"vc_column-inner\"><div class=\"wpb_wrapper\"><div class=\"wpb_text_column\"><div class=\"wpb_wrapper\"><h2>Welche Vorteile haben unsere Holzschuppen mit Dach?<\/h2>\n<p>Die Produkte von Oak Gaj Wood zeichnen sich durch ihre solide Verarbeitung und die Liebe zum Detail aus. Wir verwenden ausschlie\u00dflich hochwertiges Holz, das ordnungsgem\u00e4\u00df impr\u00e4gniert ist, um Haltbarkeit und Witterungsbest\u00e4ndigkeit zu gew\u00e4hrleisten. Dank der sorgf\u00e4ltigen Impr\u00e4gnierung sind die Materialien au\u00dferordentlich widerstandsf\u00e4hig gegen Feuchtigkeit, Schimmel und andere witterungsbedingte Einfl\u00fcsse, was ihre Lebensdauer erheblich verl\u00e4ngert. Unsere Strukturen zeichnen sich durch ein elegantes Design aus, das sich perfekt in die nat\u00fcrliche Umgebung des Gartens einf\u00fcgt. Ihr klassisches und doch modernes Design passt sowohl zu traditionellen als auch zu modernen Raumgestaltungen.<\/p>\n<p>D\u00e4cher bieten einen wirksamen Schutz vor Niederschl\u00e4gen, so dass alles unter dem Unterstand gut gesch\u00fctzt ist. Dies ist eine hervorragende L\u00f6sung nicht nur f\u00fcr Regentage, sondern auch zum Schutz vor \u00fcberm\u00e4\u00dfiger Sonneneinstrahlung im hei\u00dfen Sommer. Ein weiterer Vorteil ist die einfache Montage - unsere Unterst\u00e4nde sind so konzipiert, dass sie ohne unn\u00f6tige Komplikationen aufgestellt werden k\u00f6nnen. Die modulare Bauweise erm\u00f6glicht einen schnellen Auf- und Abbau, so dass sie ohne gro\u00dfe Schwierigkeiten genau dort aufgestellt werden kann, wo sie am meisten gebraucht wird.<\/p>\n<\/div><\/div><\/div><\/div><\/div><div class=\"vc_col-sm-6 wpb_column vc_column_container\"><div class=\"vc_column-inner\"><div class=\"wpb_wrapper\"><div class=\"w-image us_custom_81dbcac1 align_center\"><div class=\"w-image-h\"><img data-recalc-dims=\"1\" decoding=\"async\" width=\"1024\" height=\"722\" src=\"https:\/\/i0.wp.com\/dabgajwood.com\/wp-content\/uploads\/2024\/10\/weihe-gartenlauben-aus-holz.jpg?resize=1024%2C722&#038;ssl=1\" class=\"attachment-large size-large\" alt=\"Ein moderner Gartenpavillon mit rustikalen Holzm\u00f6beln zeigt die \u00c4sthetik von Gartenlauben aus Holz.\" loading=\"lazy\" srcset=\"https:\/\/i0.wp.com\/dabgajwood.com\/wp-content\/uploads\/2024\/10\/weihe-gartenlauben-aus-holz.jpg?resize=1024%2C722&amp;ssl=1 1024w, https:\/\/i0.wp.com\/dabgajwood.com\/wp-content\/uploads\/2024\/10\/weihe-gartenlauben-aus-holz.jpg?resize=300%2C211&amp;ssl=1 300w, https:\/\/i0.wp.com\/dabgajwood.com\/wp-content\/uploads\/2024\/10\/weihe-gartenlauben-aus-holz.jpg?resize=200%2C141&amp;ssl=1 200w, https:\/\/i0.wp.com\/dabgajwood.com\/wp-content\/uploads\/2024\/10\/weihe-gartenlauben-aus-holz.jpg?resize=400%2C282&amp;ssl=1 400w, https:\/\/i0.wp.com\/dabgajwood.com\/wp-content\/uploads\/2024\/10\/weihe-gartenlauben-aus-holz.jpg?w=1135&amp;ssl=1 1135w\" sizes=\"auto, (max-width: 1024px) 100vw, 1024px\" \/><\/div><\/div><\/div><\/div><\/div><\/div><\/div><\/div><\/div><\/div><\/div><\/section><section class=\"l-section wpb_row us_custom_eac59c77 height_small\"><div class=\"l-section-h i-cf\"><div class=\"g-cols vc_row via_flex valign_top type_default stacking_default\"><div class=\"vc_col-sm-12 wpb_column vc_column_container\"><div class=\"vc_column-inner\"><div class=\"wpb_wrapper\"><div class=\"wpb_text_column\"><div class=\"wpb_wrapper\"><h2>Sind Holzschuppen mit Dach nur auf Privatgrundst\u00fccken gut geeignet?<\/h2>\n<p>Obwohl Holzschuppen mit \u00dcberdachung in erster Linie mit privaten G\u00e4rten in Verbindung gebracht werden, ist ihr Einsatzbereich viel breiter. Sie sind ideal f\u00fcr gewerbliche Bereiche wie Parkpl\u00e4tze von Restaurants, Pensionen oder Freizeitzentren, wo sie eine \u00e4sthetisch ansprechende und funktionale \u00dcberdachung bieten, die die Umgebung erg\u00e4nzt und den Nutzern Komfort bietet. Sie k\u00f6nnen auch als Vord\u00e4cher auf Freizeitgrundst\u00fccken dienen, wo sie einen bequemen Platz zum Abstellen von Werkzeugen und Gartenm\u00f6beln oder sogar zum Grillen mit Freunden bieten. Auf Spielpl\u00e4tzen k\u00f6nnen sie Eltern und Kindern bei Regen oder starker Sonneneinstrahlung Schutz bieten oder sogar als Veranstaltungsort f\u00fcr kleine Outdoor-Events dienen. Dar\u00fcber hinaus k\u00f6nnen Unterst\u00e4nde in \u00f6ffentlichen Bereichen wie Stadtparks oder Erholungsgebieten als Rastplatz f\u00fcr Spazierg\u00e4nger dienen, wo sie Schutz und Gelegenheit zur Entspannung im Freien bieten.<\/p>\n<p>Mit ihrem universellen und anpassbaren Design sind die Produkte von D\u0105b Gaj Wood eine vielseitige L\u00f6sung, die in vielen verschiedenen Kontexten ihren Platz findet - sowohl in privaten als auch in \u00f6ffentlichen R\u00e4umen - und dabei \u00c4sthetik, Funktionalit\u00e4t und Haltbarkeit bietet.<\/p>\n<h2>Holzschuppen mit Dach und deren Anordnung - was ist zu beachten?<\/h2>\n<p>Bei der Einrichtung eines Raums mit \u00fcberdachten Holzschuppen sollten mehrere wichtige Aspekte beachtet werden. Zun\u00e4chst einmal sollte der Standort der Konstruktion angemessen gew\u00e4hlt werden, damit sie funktional ist und sich gut in den Garten einf\u00fcgt. Es lohnt sich auch, auf eine angemessene Bepflanzung in der Umgebung zu achten - Kletterpflanzen, Zierstr\u00e4ucher oder Blumen k\u00f6nnen einen besonderen Reiz aus\u00fcben und die Gartenarchitektur noch nat\u00fcrlicher wirken lassen. Der Stil des Ger\u00e4tehauses kann auch durch Accessoires wie Gartenbeleuchtung oder Holzb\u00e4nke unterstrichen werden, die eine stimmige und gem\u00fctliche Atmosph\u00e4re schaffen.<\/p>\n<\/div><\/div><div class=\"wpb_text_column\"><div class=\"wpb_wrapper\"><details>\n<summary>Mehr lesen<\/summary>\n<h2>Holzschuppen mit Dach vs. andere Elemente der Gartenarchitektur<\/h2>\n<p>Holzschuppen mit Dach sind nur eines der vielen Produkte, die D\u0105b Gaj Wood im Bereich der Gartenarchitektur anbietet. In unserem Angebot finden Sie auch <a href=\"\/de\/lattenrost-pergolen\/\">Lattenrost-Pergolen<\/a>die sich ideal als moderne Terrassen\u00fcberdachung eignen, um einen gem\u00fctlichen Entspannungsbereich im Freien zu schaffen. <a href=\"\/de\/bewegliche-holzjalousien-nach-mas\/\">Bewegliche Holzjalousien<\/a> Stattdessen erm\u00f6glichen sie eine flexible Anpassung der Lichtmenge und sorgen f\u00fcr Komfort und Intimit\u00e4t im Garten. Wir bieten auch <a href=\"\/de\/gartenhauser-aus-holz\/\">Gartenh\u00e4user aus Holz<\/a>Alle unsere Produkte zeichnen sich durch eine solide Verarbeitung, \u00c4sthetik und die M\u00f6glichkeit der Personalisierung aus, so dass jeder etwas finden wird, das seinen Bed\u00fcrfnissen entspricht. Alle unsere Produkte haben eine solide Verarbeitung, \u00c4sthetik und die M\u00f6glichkeit der Personalisierung gemeinsam, so dass jeder etwas finden wird, das perfekt zu seinen Bed\u00fcrfnissen passt.<\/p>\n<h2>Warum sollten Sie unser Angebot nutzen und sich f\u00fcr einen massiven Holzschuppen mit Dach entscheiden?<\/h2>\n<p>Wenn Sie sich f\u00fcr eine Zusammenarbeit mit D\u0105b Gaj Wood entscheiden, entscheiden Sie sich f\u00fcr h\u00f6chste Qualit\u00e4t, Langlebigkeit und \u00c4sthetik, die sowohl die Mitglieder Ihres Haushalts als auch Ihre G\u00e4ste begeistern wird. Unsere Produkte werden mit Leidenschaft und unter Verwendung der besten Materialien hergestellt, was ihre Langlebigkeit und Wetterbest\u00e4ndigkeit gew\u00e4hrleistet. Wir bieten einen individuellen Ansatz f\u00fcr den Kunden, die M\u00f6glichkeit, das Design an Ihre Bed\u00fcrfnisse anzupassen und professionelle Beratung in jeder Phase der Umsetzung. Schuppen von D\u0105b Gaj Wood sind eine Investition in den Komfort, die Funktionalit\u00e4t und die Sch\u00f6nheit Ihres Raumes und machen Ihren Garten zu einem Ort, an dem Sie gerne Zeit verbringen.<\/p>\n<\/details>\n<\/div><\/div><\/div><\/div><\/div><\/div><\/div><\/section>","protected":false},"excerpt":{"rendered":"Drewniane konstrukcje od lat ciesz\u0105 si\u0119 popularno\u015bci\u0105 w\u015br\u00f3d mi\u0142o\u015bnik\u00f3w naturalnych rozwi\u0105za\u0144 w architekturze ogrodowej. Firma D\u0105b Gaj Wood specjalizuje si\u0119 w tworzeniu wysokiej jako\u015bci wiat drewnianych z dachem, kt\u00f3re doskonale komponuj\u0105 si\u0119 z otoczeniem i stanowi\u0105 funkcjonalne oraz estetyczne rozwi\u0105zanie dla ka\u017cdego, kto poszukuje praktycznych i trwa\u0142ych element\u00f3w ma\u0142ej architektury. Produkty D\u0105b Gaj Wood to...","protected":false},"author":1,"featured_media":0,"parent":0,"menu_order":0,"comment_status":"closed","ping_status":"closed","template":"","meta":{"_acf_changed":false,"footnotes":""},"class_list":["post-1672","page","type-page","status-publish","hentry"],"acf":[],"yoast_head":"<!-- This site is optimized with the Yoast SEO plugin v26.2 - https:\/\/yoast.com\/wordpress\/plugins\/seo\/ -->\n<title>Wiaty drewniane z dachem - D\u0105b Gaj Wood<\/title>\n<meta name=\"robots\" content=\"index, follow, max-snippet:-1, max-image-preview:large, max-video-preview:-1\" \/>\n<link rel=\"canonical\" href=\"https:\/\/dabgajwood.com\/de\/holzschuppen-mit-dach\/\" \/>\n<meta property=\"og:locale\" content=\"de_DE\" \/>\n<meta property=\"og:type\" content=\"article\" \/>\n<meta property=\"og:title\" content=\"Wiaty drewniane z dachem - D\u0105b Gaj Wood\" \/>\n<meta property=\"og:url\" content=\"https:\/\/dabgajwood.com\/de\/holzschuppen-mit-dach\/\" \/>\n<meta property=\"og:site_name\" content=\"D\u0105b Gaj Wood\" \/>\n<meta property=\"article:modified_time\" content=\"2025-05-13T12:19:05+00:00\" \/>\n<meta name=\"twitter:card\" content=\"summary_large_image\" \/>\n<meta name=\"twitter:label1\" content=\"Gesch\u00e4tzte Lesezeit\" \/>\n\t<meta name=\"twitter:data1\" content=\"6\u00a0Minuten\" \/>\n<script type=\"application\/ld+json\" class=\"yoast-schema-graph\">{\"@context\":\"https:\/\/schema.org\",\"@graph\":[{\"@type\":\"WebPage\",\"@id\":\"https:\/\/dabgajwood.com\/wiaty-drewniane-z-dachem\/\",\"url\":\"https:\/\/dabgajwood.com\/wiaty-drewniane-z-dachem\/\",\"name\":\"Wiaty drewniane z dachem - D\u0105b Gaj Wood\",\"isPartOf\":{\"@id\":\"https:\/\/dabgajwood.com\/#website\"},\"datePublished\":\"2024-11-14T12:08:42+00:00\",\"dateModified\":\"2025-05-13T12:19:05+00:00\",\"breadcrumb\":{\"@id\":\"https:\/\/dabgajwood.com\/wiaty-drewniane-z-dachem\/#breadcrumb\"},\"inLanguage\":\"de\",\"potentialAction\":[{\"@type\":\"ReadAction\",\"target\":[\"https:\/\/dabgajwood.com\/wiaty-drewniane-z-dachem\/\"]}]},{\"@type\":\"BreadcrumbList\",\"@id\":\"https:\/\/dabgajwood.com\/wiaty-drewniane-z-dachem\/#breadcrumb\",\"itemListElement\":[{\"@type\":\"ListItem\",\"position\":1,\"name\":\"Strona g\u0142\u00f3wna\",\"item\":\"https:\/\/dabgajwood.com\/\"},{\"@type\":\"ListItem\",\"position\":2,\"name\":\"Wiaty drewniane z dachem\"}]},{\"@type\":\"WebSite\",\"@id\":\"https:\/\/dabgajwood.com\/#website\",\"url\":\"https:\/\/dabgajwood.com\/\",\"name\":\"Dabgaj\",\"description\":\"\",\"publisher\":{\"@id\":\"https:\/\/dabgajwood.com\/#organization\"},\"potentialAction\":[{\"@type\":\"SearchAction\",\"target\":{\"@type\":\"EntryPoint\",\"urlTemplate\":\"https:\/\/dabgajwood.com\/?s={search_term_string}\"},\"query-input\":{\"@type\":\"PropertyValueSpecification\",\"valueRequired\":true,\"valueName\":\"search_term_string\"}}],\"inLanguage\":\"de\"},{\"@type\":\"Organization\",\"@id\":\"https:\/\/dabgajwood.com\/#organization\",\"name\":\"Dabgaj\",\"url\":\"https:\/\/dabgajwood.com\/\",\"logo\":{\"@type\":\"ImageObject\",\"inLanguage\":\"de\",\"@id\":\"https:\/\/dabgajwood.com\/#\/schema\/logo\/image\/\",\"url\":\"https:\/\/dabgajwood.com\/wp-content\/uploads\/2025\/03\/logo.png\",\"contentUrl\":\"https:\/\/dabgajwood.com\/wp-content\/uploads\/2025\/03\/logo.png\",\"width\":425,\"height\":70,\"caption\":\"Dabgaj\"},\"image\":{\"@id\":\"https:\/\/dabgajwood.com\/#\/schema\/logo\/image\/\"}}]}<\/script>\n<!-- \/ Yoast SEO plugin. -->","yoast_head_json":{"title":"Wiaty drewniane z dachem - D\u0105b Gaj Wood","robots":{"index":"index","follow":"follow","max-snippet":"max-snippet:-1","max-image-preview":"max-image-preview:large","max-video-preview":"max-video-preview:-1"},"canonical":"https:\/\/dabgajwood.com\/de\/holzschuppen-mit-dach\/","og_locale":"de_DE","og_type":"article","og_title":"Wiaty drewniane z dachem - D\u0105b Gaj Wood","og_url":"https:\/\/dabgajwood.com\/de\/holzschuppen-mit-dach\/","og_site_name":"D\u0105b Gaj Wood","article_modified_time":"2025-05-13T12:19:05+00:00","twitter_card":"summary_large_image","twitter_misc":{"Gesch\u00e4tzte Lesezeit":"6\u00a0Minuten"},"schema":{"@context":"https:\/\/schema.org","@graph":[{"@type":"WebPage","@id":"https:\/\/dabgajwood.com\/wiaty-drewniane-z-dachem\/","url":"https:\/\/dabgajwood.com\/wiaty-drewniane-z-dachem\/","name":"Wiaty drewniane z dachem - D\u0105b Gaj Wood","isPartOf":{"@id":"https:\/\/dabgajwood.com\/#website"},"datePublished":"2024-11-14T12:08:42+00:00","dateModified":"2025-05-13T12:19:05+00:00","breadcrumb":{"@id":"https:\/\/dabgajwood.com\/wiaty-drewniane-z-dachem\/#breadcrumb"},"inLanguage":"de","potentialAction":[{"@type":"ReadAction","target":["https:\/\/dabgajwood.com\/wiaty-drewniane-z-dachem\/"]}]},{"@type":"BreadcrumbList","@id":"https:\/\/dabgajwood.com\/wiaty-drewniane-z-dachem\/#breadcrumb","itemListElement":[{"@type":"ListItem","position":1,"name":"Strona g\u0142\u00f3wna","item":"https:\/\/dabgajwood.com\/"},{"@type":"ListItem","position":2,"name":"Wiaty drewniane z dachem"}]},{"@type":"WebSite","@id":"https:\/\/dabgajwood.com\/#website","url":"https:\/\/dabgajwood.com\/","name":"Dabgaj","description":"","publisher":{"@id":"https:\/\/dabgajwood.com\/#organization"},"potentialAction":[{"@type":"SearchAction","target":{"@type":"EntryPoint","urlTemplate":"https:\/\/dabgajwood.com\/?s={search_term_string}"},"query-input":{"@type":"PropertyValueSpecification","valueRequired":true,"valueName":"search_term_string"}}],"inLanguage":"de"},{"@type":"Organization","@id":"https:\/\/dabgajwood.com\/#organization","name":"Dabgaj","url":"https:\/\/dabgajwood.com\/","logo":{"@type":"ImageObject","inLanguage":"de","@id":"https:\/\/dabgajwood.com\/#\/schema\/logo\/image\/","url":"https:\/\/dabgajwood.com\/wp-content\/uploads\/2025\/03\/logo.png","contentUrl":"https:\/\/dabgajwood.com\/wp-content\/uploads\/2025\/03\/logo.png","width":425,"height":70,"caption":"Dabgaj"},"image":{"@id":"https:\/\/dabgajwood.com\/#\/schema\/logo\/image\/"}}]}},"_links":{"self":[{"href":"https:\/\/dabgajwood.com\/de\/wp-json\/wp\/v2\/pages\/1672","targetHints":{"allow":["GET"]}}],"collection":[{"href":"https:\/\/dabgajwood.com\/de\/wp-json\/wp\/v2\/pages"}],"about":[{"href":"https:\/\/dabgajwood.com\/de\/wp-json\/wp\/v2\/types\/page"}],"author":[{"embeddable":true,"href":"https:\/\/dabgajwood.com\/de\/wp-json\/wp\/v2\/users\/1"}],"replies":[{"embeddable":true,"href":"https:\/\/dabgajwood.com\/de\/wp-json\/wp\/v2\/comments?post=1672"}],"version-history":[{"count":2,"href":"https:\/\/dabgajwood.com\/de\/wp-json\/wp\/v2\/pages\/1672\/revisions"}],"predecessor-version":[{"id":1827,"href":"https:\/\/dabgajwood.com\/de\/wp-json\/wp\/v2\/pages\/1672\/revisions\/1827"}],"wp:attachment":[{"href":"https:\/\/dabgajwood.com\/de\/wp-json\/wp\/v2\/media?parent=1672"}],"curies":[{"name":"wp","href":"https:\/\/api.w.org\/{rel}","templated":true}]}}