{"id":1670,"date":"2024-11-14T13:26:59","date_gmt":"2024-11-14T12:26:59","guid":{"rendered":"https:\/\/dabgajwood.com\/?page_id=814"},"modified":"2025-05-13T14:19:41","modified_gmt":"2025-05-13T12:19:41","slug":"systemvordacher","status":"publish","type":"page","link":"https:\/\/dabgajwood.com\/de\/systemvordacher\/","title":{"rendered":"System-Schirme"},"content":{"rendered":"<section class=\"l-section wpb_row height_small\"><div class=\"l-section-h i-cf\"><div class=\"g-cols vc_row via_flex valign_middle type_default stacking_default\"><div class=\"vc_col-sm-12 wpb_column vc_column_container\"><div class=\"vc_column-inner\"><div class=\"wpb_wrapper\"><div class=\"wpb_text_column\"><div class=\"wpb_wrapper\"><p>In einem sch\u00f6n gestalteten Garten spielen Vord\u00e4cher eine wichtige Rolle, denn sie bieten Komfort, Schutz vor dem Wetter und die M\u00f6glichkeit, den Raum bei jedem Wetter voll zu nutzen. D\u0105b Gaj Wood hat sich auf die Herstellung einzigartiger architektonischer Gartenelemente spezialisiert, wie z. B. systemische Lamellen\u00fcberdachungen, die nicht nur die Funktionalit\u00e4t des Raums erh\u00f6hen, sondern auch zu seinem einzigartigen Charme und seiner Eleganz beitragen. Diese innovativen L\u00f6sungen vereinen \u00c4sthetik und Zweckm\u00e4\u00dfigkeit und schaffen einen idealen Ort f\u00fcr Entspannung und Geselligkeit. Dank sorgf\u00e4ltig ausgew\u00e4hlter Materialien und pr\u00e4ziser Verarbeitung zeichnen sich die Vord\u00e4cher von D\u0105b Gaj Wood nicht nur durch ihre Langlebigkeit, sondern auch durch ihre nat\u00fcrliche Sch\u00f6nheit aus, die sich perfekt in die nat\u00fcrliche Umgebung einf\u00fcgt.<\/p>\n<h2>Was sind die Merkmale einer Lamellenbedachung?<\/h2>\n<p>Es handelt sich um moderne L\u00f6sungen, die \u00c4sthetik mit Funktionalit\u00e4t verbinden. Sie zeichnen sich durch bewegliche oder feste Lamellen aus, d. h. horizontale Lamellen, die die Oberfl\u00e4che des Daches bilden. Dank der M\u00f6glichkeit, den Winkel der Lamellen zu verstellen, kann der Nutzer die Lichtmenge anpassen, wodurch sich solche Strukturen sowohl f\u00fcr sonnige als auch f\u00fcr bew\u00f6lkte Tage eignen. Die M\u00f6glichkeit, einzelne Elemente zu steuern, bedeutet au\u00dferdem, dass der Raum an hei\u00dfen Tagen effektiv beschattet werden kann, um einen angenehmen Ort zum Entspannen zu schaffen, w\u00e4hrend an k\u00fchleren Tagen mehr Sonne hineingelassen werden kann, um zus\u00e4tzliche W\u00e4rme zu erzeugen.<\/p>\n<p>Die Struktur besteht aus hochwertigen Materialien, die Langlebigkeit und Widerstandsf\u00e4higkeit gegen\u00fcber wechselnden Wetterbedingungen wie Regen, Schnee oder starkem Wind gew\u00e4hrleisten. Die Latten sind au\u00dferdem UV-best\u00e4ndig, was ein Ausbleichen verhindert und daf\u00fcr sorgt, dass das Material \u00fcber viele Jahre hinweg sein attraktives Aussehen beh\u00e4lt. Dar\u00fcber hinaus sind Lamellen\u00fcberdachungen pflegeleicht - sie erfordern keine spezielle Wartung und lassen sich schnell und problemlos reinigen. All dies macht sie zu einer idealen L\u00f6sung f\u00fcr Menschen, die Wert auf Komfort, Funktionalit\u00e4t und \u00c4sthetik legen.<\/p>\n<\/div><\/div><div class=\"w-separator size_medium\"><\/div><div class=\"g-cols wpb_row via_flex valign_middle type_default stacking_default\"><div class=\"vc_col-sm-6 wpb_column vc_column_container\"><div class=\"vc_column-inner\"><div class=\"wpb_wrapper\"><div class=\"wpb_text_column\"><div class=\"wpb_wrapper\"><h2>Was sind die Vorteile von systemischen Lamellenvord\u00e4chern?<\/h2>\n<p>Systemische Lamellen\u00fcberdachungen bieten eine Reihe von Vorteilen, die sie zu einer idealen Wahl f\u00fcr Gartenr\u00e4ume machen. In erster Linie kann dank der Verstellbarkeit der Lamellen die Lichtmenge nach Belieben gesteuert werden, was den Komfort auf der Terrasse oder im Garten erh\u00f6ht. Die Verstellbarkeit bietet au\u00dferdem ideale Bedingungen f\u00fcr ein entspanntes Verweilen sowohl in der Sonne als auch im angenehmen Schatten, so dass Sie die Atmosph\u00e4re ganz nach Ihren individuellen Bed\u00fcrfnissen und Vorlieben gestalten k\u00f6nnen. Dar\u00fcber hinaus bieten diese \u00dcberdachungen einen wirksamen Schutz vor Regen, so dass Sie Ihren Au\u00dfenbereich bei jedem Wetter genie\u00dfen k\u00f6nnen und sich das ganze Jahr \u00fcber im Freien aufhalten und entspannen k\u00f6nnen.<br \/>\nDie Systemkonstruktion garantiert Robustheit und Stabilit\u00e4t, was eine lange Nutzungsdauer ohne h\u00e4ufige Wartung gew\u00e4hrleistet. Die Vord\u00e4cher sind au\u00dferdem resistent gegen eine Vielzahl von Witterungseinfl\u00fcssen wie Wind, Hagel und Schnee, was ihre Haltbarkeit weiter erh\u00f6ht. Gut durchdachte Lamellensysteme k\u00f6nnen auch den \u00e4sthetischen Wert des Grundst\u00fccks erh\u00f6hen und dem Garten ein modernes und stilvolles Aussehen verleihen. Erw\u00e4hnenswert ist auch, dass sie dank der Verwendung hochwertiger Materialien lange Zeit sch\u00f6n und funktionell bleiben und somit eine Investition f\u00fcr viele Jahre darstellen.<\/p>\n<\/div><\/div><\/div><\/div><\/div><div class=\"vc_col-sm-6 wpb_column vc_column_container\"><div class=\"vc_column-inner\"><div class=\"wpb_wrapper\"><div class=\"w-image us_custom_81dbcac1 align_center\"><div class=\"w-image-h\"><img data-recalc-dims=\"1\" decoding=\"async\" width=\"1024\" height=\"722\" src=\"https:\/\/i0.wp.com\/dabgajwood.com\/wp-content\/uploads\/2024\/10\/weihe-gartenlauben-aus-holz.jpg?resize=1024%2C722&#038;ssl=1\" class=\"attachment-large size-large\" alt=\"Ein moderner Gartenpavillon mit rustikalen Holzm\u00f6beln zeigt die \u00c4sthetik von Gartenlauben aus Holz.\" loading=\"lazy\" srcset=\"https:\/\/i0.wp.com\/dabgajwood.com\/wp-content\/uploads\/2024\/10\/weihe-gartenlauben-aus-holz.jpg?resize=1024%2C722&amp;ssl=1 1024w, https:\/\/i0.wp.com\/dabgajwood.com\/wp-content\/uploads\/2024\/10\/weihe-gartenlauben-aus-holz.jpg?resize=300%2C211&amp;ssl=1 300w, https:\/\/i0.wp.com\/dabgajwood.com\/wp-content\/uploads\/2024\/10\/weihe-gartenlauben-aus-holz.jpg?resize=200%2C141&amp;ssl=1 200w, https:\/\/i0.wp.com\/dabgajwood.com\/wp-content\/uploads\/2024\/10\/weihe-gartenlauben-aus-holz.jpg?resize=400%2C282&amp;ssl=1 400w, https:\/\/i0.wp.com\/dabgajwood.com\/wp-content\/uploads\/2024\/10\/weihe-gartenlauben-aus-holz.jpg?w=1135&amp;ssl=1 1135w\" sizes=\"auto, (max-width: 1024px) 100vw, 1024px\" \/><\/div><\/div><\/div><\/div><\/div><\/div><\/div><\/div><\/div><\/div><\/div><\/section><section class=\"l-section wpb_row us_custom_eac59c77 height_small\"><div class=\"l-section-h i-cf\"><div class=\"g-cols vc_row via_flex valign_top type_default stacking_default\"><div class=\"vc_col-sm-12 wpb_column vc_column_container\"><div class=\"vc_column-inner\"><div class=\"wpb_wrapper\"><div class=\"wpb_text_column\"><div class=\"wpb_wrapper\"><h2>Zu welchen Anordnungen passen Lamellenvord\u00e4cher?<\/h2>\n<p>Laminatvord\u00e4cher passen perfekt zu einer Vielzahl von Garten- und Terrassengestaltungsstilen. Sie passen sowohl zu modernen, minimalistischen R\u00e4umen als auch zu klassischen oder rustikalen Einrichtungen. Dank des nat\u00fcrlichen Werkstoffs Holz f\u00fcgen sich solche \u00dcberdachungen perfekt in die nat\u00fcrliche Umgebung ein und bilden ein harmonisches Ganzes. Sie sind die perfekte Erg\u00e4nzung zu Pavillons, Pergolen oder Terrassen und verleihen ihnen Charakter und Eleganz. Hier sind nur einige Beispiele, bei denen Lamellen\u00fcberdachungen am besten funktionieren:<\/p>\n<ul>\n<li>Moderne Terrassen: Sie f\u00fcgen sich perfekt in den minimalistischen Stil moderner Terrassen ein und verleihen ihnen Eleganz und Funktionalit\u00e4t. Mit den beweglichen Lamellen k\u00f6nnen Sie den Grad der Sonneneinstrahlung regulieren, was an hei\u00dfen Tagen sehr praktisch ist.<\/li>\n<li>Rustikale G\u00e4rten: Naturholz passt gut zu rustikalen G\u00e4rten und schafft eine warme und gem\u00fctliche Atmosph\u00e4re. Solche \u00dcberdachungen harmonieren perfekt mit Holzelementen wie Gartenlauben und Gartenm\u00f6beln.<\/li>\n<li>Klassische R\u00e4ume: In klassischen G\u00e4rten sorgen Lamellen\u00fcberdachungen f\u00fcr Eleganz und Stil. Sie k\u00f6nnen zur \u00dcberdachung von Lounge-Bereichen verwendet werden und verleihen der gesamten Anlage ein luxuri\u00f6seres Gef\u00fchl.<\/li>\n<li>Freizeitr\u00e4ume: Hervorragend geeignet f\u00fcr Bereiche, die der Entspannung dienen, wie z. B. Whirlpools oder Au\u00dfenbereiche mit Sofas und Sesseln. Dank der verstellbaren Lamellen k\u00f6nnen zu jeder Tageszeit ideale Bedingungen zum Entspannen geschaffen werden.<\/li>\n<li>Essbereiche im Freien: Sie eignen sich auch ideal f\u00fcr die Abdeckung von Essbereichen im Freien und sch\u00fctzen diese vor \u00fcberm\u00e4\u00dfiger Sonne oder Regen, so dass Sie bequem in einer nat\u00fcrlichen Umgebung speisen k\u00f6nnen.<\/li>\n<\/ul>\n<p>Durch ihre Vielseitigkeit und ihr nat\u00fcrliches Aussehen k\u00f6nnen Lamellen\u00fcberdachungen zu einem integralen Bestandteil vieler verschiedener Gartenstile werden und sowohl moderne Merkmale als auch klassische Sch\u00f6nheit einbringen.<\/p>\n<h2>Vord\u00e4cher aus Laminat und andere Elemente der Gartenarchitektur im Angebot von D\u0105b Gaj Wood<\/h2>\n<p>D\u0105b Gaj Wood bietet eine breite Palette an Gartenarchitektur. Das Angebot umfasst unter anderem <a href=\"\/de\/terrassenjalousien-aus-holz\/\">Terrassenjalousien aus Holz<\/a>Sie bieten einen hervorragenden Sonnen- und Sichtschutz und verleihen den Terrassen einen \u00e4sthetischen Reiz. <a href=\"\/de\/wande-fur-holzpavillons\/\">W\u00e4nde f\u00fcr Holzpavillons<\/a> erm\u00f6glichen es Ihnen, einen gem\u00fctlichen Ort zum Entspannen zu schaffen, w\u00e4hrend Sie gleichzeitig vor Wind und unerw\u00fcnschten Blicken gesch\u00fctzt sind. <a href=\"\/de\/holzpergolen\/\">Pergolen aus Holz<\/a> sind wiederum die perfekte Erg\u00e4nzung zu Vord\u00e4chern, die nicht nur eine einzigartige Atmosph\u00e4re schaffen, sondern auch Kletterpflanzen wie Weinreben oder Efeu Halt bieten und so den nat\u00fcrlichen Charme des Ganzen verst\u00e4rken. <a href=\"\/de\/holzschuppen-mit-dach\/\">Schuppen mit D\u00e4chern<\/a> und ist eine praktische L\u00f6sung, um Autos, Gartenger\u00e4te oder andere Gegenst\u00e4nde bequem zu lagern und vor wechselnden Witterungsbedingungen zu sch\u00fctzen.<\/p>\n<p>Dar\u00fcber hinaus umfasst das Angebot des Unternehmens Holzpavillons, die sich ideal f\u00fcr Familientreffen und Grillpartys eignen, sowie andere Gartenarchitekturen, die dem Raum eine einzigartige Atmosph\u00e4re verleihen. Alle Produkte zeichnen sich durch hohe Verarbeitungsqualit\u00e4t, Liebe zum Detail und \u00e4sthetisches Design aus, wodurch sie sowohl praktisch als auch sch\u00f6n sind und sich perfekt in jede Gartenumgebung einf\u00fcgen.<\/p>\n<\/div><\/div><div class=\"wpb_text_column\"><div class=\"wpb_wrapper\"><details>\n<summary>Mehr lesen<\/summary>\n<h2>Warum eine Partnerschaft mit D\u0105b Gaj Wood?<\/h2>\n<p>D\u0105b Gaj Wood ist ein Unternehmen, das sich auf Qualit\u00e4t und Kundenzufriedenheit konzentriert. Dank unserer langj\u00e4hrigen Erfahrung in der Herstellung von architektonischen Gartenelementen wird jedes Projekt bis ins kleinste Detail ausgefeilt. Wir bieten einen individuellen Ansatz f\u00fcr jeden Kunden und passen die Projekte an seine Bed\u00fcrfnisse und Erwartungen an. Die Verwendung von hochwertigem Holz und modernen Produktionstechnologien garantiert zudem eine lange Lebensdauer und \u00c4sthetik. Wenn Sie auf der Suche nach einem bew\u00e4hrten Partner sind, um einen einzigartigen Raum in Ihrem Garten zu schaffen, ist D\u0105b Gaj Wood die richtige Wahl, um Ihre Erwartungen zu erf\u00fcllen.<\/p>\n<\/details>\n<\/div><\/div><\/div><\/div><\/div><\/div><\/div><\/section>","protected":false},"excerpt":{"rendered":"W pi\u0119knie zaprojektowanym ogrodzie, zadaszenia pe\u0142ni\u0105 kluczow\u0105 rol\u0119, zapewniaj\u0105c komfort, ochron\u0119 przed warunkami atmosferycznymi oraz mo\u017cliwo\u015b\u0107 pe\u0142nego wykorzystania przestrzeni niezale\u017cnie od pogody. Firma D\u0105b Gaj Wood specjalizuje si\u0119 w tworzeniu wyj\u0105tkowych element\u00f3w architektury ogrodowej, takich jak zadaszenia lamelowe systemowe, kt\u00f3re nie tylko zwi\u0119kszaj\u0105 funkcjonalno\u015b\u0107 przestrzeni, ale tak\u017ce dodaj\u0105 jej niepowtarzalnego uroku i elegancji. Te innowacyjne...","protected":false},"author":1,"featured_media":0,"parent":0,"menu_order":0,"comment_status":"closed","ping_status":"closed","template":"","meta":{"_acf_changed":false,"footnotes":""},"class_list":["post-1670","page","type-page","status-publish","hentry"],"acf":[],"yoast_head":"<!-- This site is optimized with the Yoast SEO plugin v26.2 - https:\/\/yoast.com\/wordpress\/plugins\/seo\/ -->\n<title>Zadaszenia lamelowe systemowe - D\u0105b Gaj Wood<\/title>\n<meta name=\"robots\" content=\"index, follow, max-snippet:-1, max-image-preview:large, max-video-preview:-1\" \/>\n<link rel=\"canonical\" href=\"https:\/\/dabgajwood.com\/de\/systemvordacher\/\" \/>\n<meta property=\"og:locale\" content=\"de_DE\" \/>\n<meta property=\"og:type\" content=\"article\" \/>\n<meta property=\"og:title\" content=\"Zadaszenia lamelowe systemowe - D\u0105b Gaj Wood\" \/>\n<meta property=\"og:url\" content=\"https:\/\/dabgajwood.com\/de\/systemvordacher\/\" \/>\n<meta property=\"og:site_name\" content=\"D\u0105b Gaj Wood\" \/>\n<meta property=\"article:modified_time\" content=\"2025-05-13T12:19:41+00:00\" \/>\n<meta name=\"twitter:card\" content=\"summary_large_image\" \/>\n<meta name=\"twitter:label1\" content=\"Gesch\u00e4tzte Lesezeit\" \/>\n\t<meta name=\"twitter:data1\" content=\"6\u00a0Minuten\" \/>\n<script type=\"application\/ld+json\" class=\"yoast-schema-graph\">{\"@context\":\"https:\/\/schema.org\",\"@graph\":[{\"@type\":\"WebPage\",\"@id\":\"https:\/\/dabgajwood.com\/zadaszenia-lamelowe-systemowe\/\",\"url\":\"https:\/\/dabgajwood.com\/zadaszenia-lamelowe-systemowe\/\",\"name\":\"Zadaszenia lamelowe systemowe - D\u0105b Gaj Wood\",\"isPartOf\":{\"@id\":\"https:\/\/dabgajwood.com\/#website\"},\"datePublished\":\"2024-11-14T12:26:59+00:00\",\"dateModified\":\"2025-05-13T12:19:41+00:00\",\"breadcrumb\":{\"@id\":\"https:\/\/dabgajwood.com\/zadaszenia-lamelowe-systemowe\/#breadcrumb\"},\"inLanguage\":\"de\",\"potentialAction\":[{\"@type\":\"ReadAction\",\"target\":[\"https:\/\/dabgajwood.com\/zadaszenia-lamelowe-systemowe\/\"]}]},{\"@type\":\"BreadcrumbList\",\"@id\":\"https:\/\/dabgajwood.com\/zadaszenia-lamelowe-systemowe\/#breadcrumb\",\"itemListElement\":[{\"@type\":\"ListItem\",\"position\":1,\"name\":\"Strona g\u0142\u00f3wna\",\"item\":\"https:\/\/dabgajwood.com\/\"},{\"@type\":\"ListItem\",\"position\":2,\"name\":\"Zadaszenia lamelowe systemowe\"}]},{\"@type\":\"WebSite\",\"@id\":\"https:\/\/dabgajwood.com\/#website\",\"url\":\"https:\/\/dabgajwood.com\/\",\"name\":\"Dabgaj\",\"description\":\"\",\"publisher\":{\"@id\":\"https:\/\/dabgajwood.com\/#organization\"},\"potentialAction\":[{\"@type\":\"SearchAction\",\"target\":{\"@type\":\"EntryPoint\",\"urlTemplate\":\"https:\/\/dabgajwood.com\/?s={search_term_string}\"},\"query-input\":{\"@type\":\"PropertyValueSpecification\",\"valueRequired\":true,\"valueName\":\"search_term_string\"}}],\"inLanguage\":\"de\"},{\"@type\":\"Organization\",\"@id\":\"https:\/\/dabgajwood.com\/#organization\",\"name\":\"Dabgaj\",\"url\":\"https:\/\/dabgajwood.com\/\",\"logo\":{\"@type\":\"ImageObject\",\"inLanguage\":\"de\",\"@id\":\"https:\/\/dabgajwood.com\/#\/schema\/logo\/image\/\",\"url\":\"https:\/\/dabgajwood.com\/wp-content\/uploads\/2025\/03\/logo.png\",\"contentUrl\":\"https:\/\/dabgajwood.com\/wp-content\/uploads\/2025\/03\/logo.png\",\"width\":425,\"height\":70,\"caption\":\"Dabgaj\"},\"image\":{\"@id\":\"https:\/\/dabgajwood.com\/#\/schema\/logo\/image\/\"}}]}<\/script>\n<!-- \/ Yoast SEO plugin. -->","yoast_head_json":{"title":"Zadaszenia lamelowe systemowe - D\u0105b Gaj Wood","robots":{"index":"index","follow":"follow","max-snippet":"max-snippet:-1","max-image-preview":"max-image-preview:large","max-video-preview":"max-video-preview:-1"},"canonical":"https:\/\/dabgajwood.com\/de\/systemvordacher\/","og_locale":"de_DE","og_type":"article","og_title":"Zadaszenia lamelowe systemowe - D\u0105b Gaj Wood","og_url":"https:\/\/dabgajwood.com\/de\/systemvordacher\/","og_site_name":"D\u0105b Gaj Wood","article_modified_time":"2025-05-13T12:19:41+00:00","twitter_card":"summary_large_image","twitter_misc":{"Gesch\u00e4tzte Lesezeit":"6\u00a0Minuten"},"schema":{"@context":"https:\/\/schema.org","@graph":[{"@type":"WebPage","@id":"https:\/\/dabgajwood.com\/zadaszenia-lamelowe-systemowe\/","url":"https:\/\/dabgajwood.com\/zadaszenia-lamelowe-systemowe\/","name":"Zadaszenia lamelowe systemowe - D\u0105b Gaj Wood","isPartOf":{"@id":"https:\/\/dabgajwood.com\/#website"},"datePublished":"2024-11-14T12:26:59+00:00","dateModified":"2025-05-13T12:19:41+00:00","breadcrumb":{"@id":"https:\/\/dabgajwood.com\/zadaszenia-lamelowe-systemowe\/#breadcrumb"},"inLanguage":"de","potentialAction":[{"@type":"ReadAction","target":["https:\/\/dabgajwood.com\/zadaszenia-lamelowe-systemowe\/"]}]},{"@type":"BreadcrumbList","@id":"https:\/\/dabgajwood.com\/zadaszenia-lamelowe-systemowe\/#breadcrumb","itemListElement":[{"@type":"ListItem","position":1,"name":"Strona g\u0142\u00f3wna","item":"https:\/\/dabgajwood.com\/"},{"@type":"ListItem","position":2,"name":"Zadaszenia lamelowe systemowe"}]},{"@type":"WebSite","@id":"https:\/\/dabgajwood.com\/#website","url":"https:\/\/dabgajwood.com\/","name":"Dabgaj","description":"","publisher":{"@id":"https:\/\/dabgajwood.com\/#organization"},"potentialAction":[{"@type":"SearchAction","target":{"@type":"EntryPoint","urlTemplate":"https:\/\/dabgajwood.com\/?s={search_term_string}"},"query-input":{"@type":"PropertyValueSpecification","valueRequired":true,"valueName":"search_term_string"}}],"inLanguage":"de"},{"@type":"Organization","@id":"https:\/\/dabgajwood.com\/#organization","name":"Dabgaj","url":"https:\/\/dabgajwood.com\/","logo":{"@type":"ImageObject","inLanguage":"de","@id":"https:\/\/dabgajwood.com\/#\/schema\/logo\/image\/","url":"https:\/\/dabgajwood.com\/wp-content\/uploads\/2025\/03\/logo.png","contentUrl":"https:\/\/dabgajwood.com\/wp-content\/uploads\/2025\/03\/logo.png","width":425,"height":70,"caption":"Dabgaj"},"image":{"@id":"https:\/\/dabgajwood.com\/#\/schema\/logo\/image\/"}}]}},"_links":{"self":[{"href":"https:\/\/dabgajwood.com\/de\/wp-json\/wp\/v2\/pages\/1670","targetHints":{"allow":["GET"]}}],"collection":[{"href":"https:\/\/dabgajwood.com\/de\/wp-json\/wp\/v2\/pages"}],"about":[{"href":"https:\/\/dabgajwood.com\/de\/wp-json\/wp\/v2\/types\/page"}],"author":[{"embeddable":true,"href":"https:\/\/dabgajwood.com\/de\/wp-json\/wp\/v2\/users\/1"}],"replies":[{"embeddable":true,"href":"https:\/\/dabgajwood.com\/de\/wp-json\/wp\/v2\/comments?post=1670"}],"version-history":[{"count":2,"href":"https:\/\/dabgajwood.com\/de\/wp-json\/wp\/v2\/pages\/1670\/revisions"}],"predecessor-version":[{"id":1829,"href":"https:\/\/dabgajwood.com\/de\/wp-json\/wp\/v2\/pages\/1670\/revisions\/1829"}],"wp:attachment":[{"href":"https:\/\/dabgajwood.com\/de\/wp-json\/wp\/v2\/media?parent=1670"}],"curies":[{"name":"wp","href":"https:\/\/api.w.org\/{rel}","templated":true}]}}