{"id":1669,"date":"2024-11-14T13:34:01","date_gmt":"2024-11-14T12:34:01","guid":{"rendered":"https:\/\/dabgajwood.com\/?page_id=813"},"modified":"2025-05-13T14:14:56","modified_gmt":"2025-05-13T12:14:56","slug":"terrassenjalousien-aus-holz-mit-beweglichem-mechanismus","status":"publish","type":"page","link":"https:\/\/dabgajwood.com\/de\/terrassenjalousien-aus-holz-mit-beweglichem-mechanismus\/","title":{"rendered":"Terrassenjalousien aus Holz mit beweglichem Mechanismus"},"content":{"rendered":"<section class=\"l-section wpb_row height_small\"><div class=\"l-section-h i-cf\"><div class=\"g-cols vc_row via_flex valign_middle type_default stacking_default\"><div class=\"vc_col-sm-12 wpb_column vc_column_container\"><div class=\"vc_column-inner\"><div class=\"wpb_wrapper\"><div class=\"wpb_text_column\"><div class=\"wpb_wrapper\"><p>Terrassenjalousien aus Holz sind eine stilvolle und funktionelle L\u00f6sung, die immer h\u00e4ufiger in polnischen G\u00e4rten und auf Terrassen zu finden ist. Sie verbinden die \u00c4sthetik des nat\u00fcrlichen Holzes mit dem praktischen Nutzen und schaffen einen komfortablen Raum zum Entspannen. Die Firma D\u0105b Gaj Wood hat sich auf solche L\u00f6sungen spezialisiert und bietet Produkte an, die nicht nur die Funktionalit\u00e4t der Terrasse verbessern, sondern auch als dekorativer Schmuck dienen. Es lohnt sich, mehr \u00fcber die Terrassenjalousien aus Holz mit beweglichem Mechanismus und andere Vorschl\u00e4ge zu erfahren, die Sie im Angebot dieser Firma finden.<\/p>\n<h2>Terrassenjalousien aus Holz mit beweglichem Mechanismus - Angebot der Firma D\u0105b Gaj Wood<\/h2>\n<p>D\u0105b Gaj Wood ist ein etablierter Hersteller von hochwertigen Holzelementen, die Terrassen- und Gartenr\u00e4ume funktional und sch\u00f6n machen. Das Unternehmen bietet eine breite Palette von L\u00f6sungen, darunter:<\/p>\n<ul>\n<li><a href=\"\/de\/terrassenjalousien-aus-holz-mit-beweglichem-mechanismus\/\">Terrassenjalousien aus Holz mit beweglichem Mechanismus<\/a> - ideal, um den Lichteinfall auf die Terrasse zu steuern und gleichzeitig Privatsph\u00e4re und Windschutz zu bieten.<\/li>\n<li><a href=\"\/de\/gartenlaubenbretter\/\">Gazebo-Bretter<\/a> - perfekt f\u00fcr die Gestaltung von dekorativen und funktionalen W\u00e4nden, die Schatten und Schutz vor Regen bieten.<\/li>\n<li><a href=\"\/de\/holzpergolen\/\">Pergolen aus Holz<\/a> - ideal f\u00fcr den Bau sch\u00f6ner, nat\u00fcrlicher Strukturen, die sowohl Stammpflanzen tragen als auch einen gem\u00fctlichen Ort zum Ausruhen schaffen k\u00f6nnen.<\/li>\n<li><a href=\"\/de\/holzbohlenhauser\/\">Terrassendielen aus Holz<\/a> - fungieren als praktische und \u00e4sthetisch ansprechende Abdeckungen, die z. B. f\u00fcr den Bau von Begrenzungsmauern oder Pavillons verwendet werden k\u00f6nnen.<\/li>\n<li><a href=\"\/de\/systemvordacher\/\">Lamellenvord\u00e4cher<\/a> - moderne Designs, die es erm\u00f6glichen, die Lichtmenge, die auf die Terrasse f\u00e4llt, genau zu regulieren und so \u00c4sthetik mit Funktionalit\u00e4t zu verbinden.<\/li>\n<\/ul>\n<\/div><\/div><div class=\"w-separator size_medium\"><\/div><div class=\"g-cols wpb_row via_flex valign_middle type_default stacking_default\"><div class=\"vc_col-sm-6 wpb_column vc_column_container\"><div class=\"vc_column-inner\"><div class=\"wpb_wrapper\"><div class=\"wpb_text_column\"><div class=\"wpb_wrapper\"><h2>Was sind die Merkmale von Terrassenjalousien aus Holz mit einem beweglichen Mechanismus?<\/h2>\n<p>Die h\u00f6lzernen Terrassenjalousien mit beweglichem Mechanismus von D\u0105b Gaj Wood sind aus hochwertigem Holz gefertigt, was ihre Langlebigkeit und ihr \u00e4sthetisches Aussehen \u00fcber Jahre hinweg gew\u00e4hrleistet. Der bewegliche Mechanismus erm\u00f6glicht es Ihnen, den Winkel der Elemente einzustellen, so dass Sie den Lichteinfall auf die Terrasse und den Grad der Privatsph\u00e4re steuern k\u00f6nnen. Die Konstruktion ist robust und die Holzoberfl\u00e4che ist vor Witterungseinfl\u00fcssen gesch\u00fctzt, so dass die Jalousien den wechselnden Wetterbedingungen standhalten.<\/p>\n<p>D\u0105b Gaj Wood k\u00fcmmert sich um die Details und bietet an, das Produkt in Bezug auf die Farbe oder die Holzart zu personalisieren, so dass es perfekt zur spezifischen Gestaltung der Terrasse passt. Das f\u00fcr die Produktion verwendete Holz wird ausgew\u00e4hlt, und die Produkte des Unternehmens zeichnen sich nicht nur durch ihre hohe Qualit\u00e4t, sondern auch durch ihre Umweltfreundlichkeit aus.<\/p>\n<\/div><\/div><\/div><\/div><\/div><div class=\"vc_col-sm-6 wpb_column vc_column_container\"><div class=\"vc_column-inner\"><div class=\"wpb_wrapper\"><div class=\"w-image us_custom_81dbcac1 align_center\"><div class=\"w-image-h\"><img data-recalc-dims=\"1\" decoding=\"async\" width=\"1024\" height=\"722\" src=\"https:\/\/i0.wp.com\/dabgajwood.com\/wp-content\/uploads\/2024\/10\/weihe-gartenlauben-aus-holz.jpg?resize=1024%2C722&#038;ssl=1\" class=\"attachment-large size-large\" alt=\"Ein moderner Gartenpavillon mit rustikalen Holzm\u00f6beln zeigt die \u00c4sthetik von Gartenlauben aus Holz.\" loading=\"lazy\" srcset=\"https:\/\/i0.wp.com\/dabgajwood.com\/wp-content\/uploads\/2024\/10\/weihe-gartenlauben-aus-holz.jpg?resize=1024%2C722&amp;ssl=1 1024w, https:\/\/i0.wp.com\/dabgajwood.com\/wp-content\/uploads\/2024\/10\/weihe-gartenlauben-aus-holz.jpg?resize=300%2C211&amp;ssl=1 300w, https:\/\/i0.wp.com\/dabgajwood.com\/wp-content\/uploads\/2024\/10\/weihe-gartenlauben-aus-holz.jpg?resize=200%2C141&amp;ssl=1 200w, https:\/\/i0.wp.com\/dabgajwood.com\/wp-content\/uploads\/2024\/10\/weihe-gartenlauben-aus-holz.jpg?resize=400%2C282&amp;ssl=1 400w, https:\/\/i0.wp.com\/dabgajwood.com\/wp-content\/uploads\/2024\/10\/weihe-gartenlauben-aus-holz.jpg?w=1135&amp;ssl=1 1135w\" sizes=\"auto, (max-width: 1024px) 100vw, 1024px\" \/><\/div><\/div><\/div><\/div><\/div><\/div><\/div><\/div><\/div><\/div><\/div><\/section><section class=\"l-section wpb_row us_custom_eac59c77 height_small\"><div class=\"l-section-h i-cf\"><div class=\"g-cols vc_row via_flex valign_top type_default stacking_default\"><div class=\"vc_col-sm-12 wpb_column vc_column_container\"><div class=\"vc_column-inner\"><div class=\"wpb_wrapper\"><div class=\"wpb_text_column\"><div class=\"wpb_wrapper\"><h2>Wie lange k\u00f6nnen Terrassenjalousien aus Holz mit einem beweglichen Mechanismus halten?<\/h2>\n<p>Terrassenjalousien aus Holz mit beweglichem Mechanismus von D\u0105b Gaj Wood k\u00f6nnen bei richtiger Pflege viele Jahre lang halten. Holz ist ein nat\u00fcrliches Material, das regelm\u00e4\u00dfig gepflegt werden muss, aber mit dem richtigen Schutz in Form einer Impr\u00e4gnierung k\u00f6nnen diese Produkte bis zu Jahrzehnte halten und ihr frisches und elegantes Aussehen behalten. Es ist wichtig, alle paar Jahre die Impr\u00e4gnierung und den Lack zu erneuern, um die Lebensdauer des Holzes zu verl\u00e4ngern und seine Widerstandsf\u00e4higkeit gegen\u00fcber rauen Witterungsbedingungen zu erh\u00f6hen. Eine regelm\u00e4\u00dfige \u00dcberpr\u00fcfung des Zustands der Jalousien und ihre Pflege in Form einer sanften Reinigung tragen dazu bei, ihre \u00c4sthetik und Funktionalit\u00e4t zu erhalten.<\/p>\n<p>D\u0105b Gaj Wood verwendet hochwertige Impr\u00e4gniermittel und Lacke, um das Holz vor Feuchtigkeit, UV-Strahlung und mechanischer Besch\u00e4digung zu sch\u00fctzen, was die Produkte extrem langlebig und widerstandsf\u00e4hig gegen eine Vielzahl \u00e4u\u00dferer Faktoren macht. Dank dieses Ansatzes k\u00f6nnen sich die Kunden \u00fcber Abdeckungen freuen, die ihren nat\u00fcrlichen Charme unabh\u00e4ngig von der Intensit\u00e4t der Nutzung sehr lange bewahren.<\/p>\n<h2>Wo werden Terrassenjalousien aus Holz mit einem beweglichen Mechanismus eingesetzt?<\/h2>\n<p>Die beschriebenen L\u00f6sungen eignen sich f\u00fcr eine Vielzahl von Standorten, sowohl im privaten als auch im \u00f6ffentlichen Bereich. Am h\u00e4ufigsten werden sie als Abdeckung von Terrassen verwendet, um Privatsph\u00e4re und Schutz vor intensiver Sonne, Regen oder Wind zu bieten und den Komfort von Au\u00dfenbereichen zu erh\u00f6hen. Sie k\u00f6nnen auch als Teil von Pergolen oder Pavillons verwendet werden, um einen gem\u00fctlichen Ort zum Entspannen im Garten zu schaffen, sowie als Trennw\u00e4nde zwischen verschiedenen nutzbaren Bereichen.<\/p>\n<p>Holzjalousien eignen sich hervorragend f\u00fcr rustikale, nat\u00fcrliche und moderne Gartenanlagen und verbinden Funktionalit\u00e4t mit Eleganz. Sie k\u00f6nnen auch in kommerziellen R\u00e4umen wie Restaurantg\u00e4rten verwendet werden, wo sie nicht nur zur \u00c4sthetik beitragen, sondern auch als Schutz dienen und den G\u00e4sten Komfort bieten. Sie k\u00f6nnen auch auf flachen Balkonen verwendet werden, um eine kleine Oase der Privatsph\u00e4re und Ruhe mitten in der Stadt zu schaffen. Dank ihrer Vielseitigkeit eignen sich Terrassenjalousien aus Holz f\u00fcr eine Vielzahl von Situationen und schaffen \u00e4sthetische, funktionale und komfortable L\u00f6sungen, die den Bed\u00fcrfnissen der Nutzer voll und ganz entsprechen.<\/p>\n<h2>W\u00e4hlen Sie Terrassenjalousien aus Holz mit beweglichem Mechanismus von D\u0105b Gaj Wood<\/h2>\n<p>Wenn Sie auf der Suche nach einer L\u00f6sung sind, die stilvolles Aussehen mit Funktionalit\u00e4t verbindet, sind Terrassenjalousien aus Holz mit beweglichem Mechanismus von D\u0105b Gaj Wood eine ausgezeichnete Wahl. Hochwertige Materialien, Liebe zum Detail und die M\u00f6glichkeit der individuellen Gestaltung sorgen daf\u00fcr, dass diese Produkte auch die Erwartungen der anspruchsvollsten Kunden erf\u00fcllen. Sie k\u00f6nnen die Farbe, die Holzart und die Ausf\u00fchrung individuell gestalten, so dass sich die Jalousien perfekt in Ihre bestehende Terrassen- oder Garteneinrichtung einf\u00fcgen. Die von D\u0105b Gaj Wood angebotenen Terrassenjalousien sind eine Garantie f\u00fcr Langlebigkeit und \u00c4sthetik, die Ihren Garten bereichern und Ihnen viele Jahre lang Komfort bieten werden. Dank des Einsatzes moderner Holzverarbeitungstechnologien sind diese Produkte nicht nur sch\u00f6n, sondern auch au\u00dfergew\u00f6hnlich widerstandsf\u00e4hig gegen Witterungseinfl\u00fcsse wie Regen, Schnee oder intensive Sonneneinstrahlung.<\/p>\n<p>Vertrauen Sie einem bew\u00e4hrten Hersteller und entscheiden Sie sich f\u00fcr eine L\u00f6sung, die Ihre Terrasse in den Ort Ihrer Tr\u00e4ume verwandelt und f\u00fcr eine gem\u00fctliche Atmosph\u00e4re und vollen Komfort sorgt. Sie werden nicht nur die Funktionalit\u00e4t Ihrer Terrasse verbessern, sondern auch ein Produkt erhalten, das viele Jahre lang das Auge erfreuen und dem Raum einen einzigartigen Charakter verleihen wird.<\/p>\n<\/div><\/div><\/div><\/div><\/div><\/div><\/div><\/section>","protected":false},"excerpt":{"rendered":"Drewniane \u017caluzje tarasowe to stylowe i funkcjonalne rozwi\u0105zanie, kt\u00f3re coraz cz\u0119\u015bciej pojawia si\u0119 w polskich ogrodach i na tarasach. \u0141\u0105cz\u0105 w sobie estetyk\u0119 naturalnego drewna z praktycznym zastosowaniem, tworzy\u0107 komfortow\u0105 przestrze\u0144 do wypoczynku. Firma D\u0105b Gaj Wood specjalizuje si\u0119 w dostarczaniu takich rozwi\u0105za\u0144, oferuj\u0105c produkty, kt\u00f3re nie tylko poprawiaj\u0105 funkcjonalno\u015b\u0107 tarasu, ale r\u00f3wnie\u017c stanowi\u0105 jego...","protected":false},"author":1,"featured_media":0,"parent":0,"menu_order":0,"comment_status":"closed","ping_status":"closed","template":"","meta":{"_acf_changed":false,"footnotes":""},"class_list":["post-1669","page","type-page","status-publish","hentry"],"acf":[],"yoast_head":"<!-- This site is optimized with the Yoast SEO plugin v26.2 - https:\/\/yoast.com\/wordpress\/plugins\/seo\/ -->\n<title>Drewniane \u017caluzje tarasowe z ruchomym mechanizmem - D\u0105b Gaj Wood<\/title>\n<meta name=\"robots\" content=\"index, follow, max-snippet:-1, max-image-preview:large, max-video-preview:-1\" \/>\n<link rel=\"canonical\" href=\"https:\/\/dabgajwood.com\/de\/terrassenjalousien-aus-holz-mit-beweglichem-mechanismus\/\" \/>\n<meta property=\"og:locale\" content=\"de_DE\" \/>\n<meta property=\"og:type\" content=\"article\" \/>\n<meta property=\"og:title\" content=\"Drewniane \u017caluzje tarasowe z ruchomym mechanizmem - D\u0105b Gaj Wood\" \/>\n<meta property=\"og:url\" content=\"https:\/\/dabgajwood.com\/de\/terrassenjalousien-aus-holz-mit-beweglichem-mechanismus\/\" \/>\n<meta property=\"og:site_name\" content=\"D\u0105b Gaj Wood\" \/>\n<meta property=\"article:modified_time\" content=\"2025-05-13T12:14:56+00:00\" \/>\n<meta name=\"twitter:card\" content=\"summary_large_image\" \/>\n<meta name=\"twitter:label1\" content=\"Gesch\u00e4tzte Lesezeit\" \/>\n\t<meta name=\"twitter:data1\" content=\"6\u00a0Minuten\" \/>\n<script type=\"application\/ld+json\" class=\"yoast-schema-graph\">{\"@context\":\"https:\/\/schema.org\",\"@graph\":[{\"@type\":\"WebPage\",\"@id\":\"https:\/\/dabgajwood.com\/drewniane-zaluzje-tarasowe-z-ruchomym-mechanizmem\/\",\"url\":\"https:\/\/dabgajwood.com\/drewniane-zaluzje-tarasowe-z-ruchomym-mechanizmem\/\",\"name\":\"Drewniane \u017caluzje tarasowe z ruchomym mechanizmem - D\u0105b Gaj Wood\",\"isPartOf\":{\"@id\":\"https:\/\/dabgajwood.com\/#website\"},\"datePublished\":\"2024-11-14T12:34:01+00:00\",\"dateModified\":\"2025-05-13T12:14:56+00:00\",\"breadcrumb\":{\"@id\":\"https:\/\/dabgajwood.com\/drewniane-zaluzje-tarasowe-z-ruchomym-mechanizmem\/#breadcrumb\"},\"inLanguage\":\"de\",\"potentialAction\":[{\"@type\":\"ReadAction\",\"target\":[\"https:\/\/dabgajwood.com\/drewniane-zaluzje-tarasowe-z-ruchomym-mechanizmem\/\"]}]},{\"@type\":\"BreadcrumbList\",\"@id\":\"https:\/\/dabgajwood.com\/drewniane-zaluzje-tarasowe-z-ruchomym-mechanizmem\/#breadcrumb\",\"itemListElement\":[{\"@type\":\"ListItem\",\"position\":1,\"name\":\"Strona g\u0142\u00f3wna\",\"item\":\"https:\/\/dabgajwood.com\/\"},{\"@type\":\"ListItem\",\"position\":2,\"name\":\"Drewniane \u017caluzje tarasowe z ruchomym mechanizmem\"}]},{\"@type\":\"WebSite\",\"@id\":\"https:\/\/dabgajwood.com\/#website\",\"url\":\"https:\/\/dabgajwood.com\/\",\"name\":\"Dabgaj\",\"description\":\"\",\"publisher\":{\"@id\":\"https:\/\/dabgajwood.com\/#organization\"},\"potentialAction\":[{\"@type\":\"SearchAction\",\"target\":{\"@type\":\"EntryPoint\",\"urlTemplate\":\"https:\/\/dabgajwood.com\/?s={search_term_string}\"},\"query-input\":{\"@type\":\"PropertyValueSpecification\",\"valueRequired\":true,\"valueName\":\"search_term_string\"}}],\"inLanguage\":\"de\"},{\"@type\":\"Organization\",\"@id\":\"https:\/\/dabgajwood.com\/#organization\",\"name\":\"Dabgaj\",\"url\":\"https:\/\/dabgajwood.com\/\",\"logo\":{\"@type\":\"ImageObject\",\"inLanguage\":\"de\",\"@id\":\"https:\/\/dabgajwood.com\/#\/schema\/logo\/image\/\",\"url\":\"https:\/\/dabgajwood.com\/wp-content\/uploads\/2025\/03\/logo.png\",\"contentUrl\":\"https:\/\/dabgajwood.com\/wp-content\/uploads\/2025\/03\/logo.png\",\"width\":425,\"height\":70,\"caption\":\"Dabgaj\"},\"image\":{\"@id\":\"https:\/\/dabgajwood.com\/#\/schema\/logo\/image\/\"}}]}<\/script>\n<!-- \/ Yoast SEO plugin. -->","yoast_head_json":{"title":"Drewniane \u017caluzje tarasowe z ruchomym mechanizmem - D\u0105b Gaj Wood","robots":{"index":"index","follow":"follow","max-snippet":"max-snippet:-1","max-image-preview":"max-image-preview:large","max-video-preview":"max-video-preview:-1"},"canonical":"https:\/\/dabgajwood.com\/de\/terrassenjalousien-aus-holz-mit-beweglichem-mechanismus\/","og_locale":"de_DE","og_type":"article","og_title":"Drewniane \u017caluzje tarasowe z ruchomym mechanizmem - D\u0105b Gaj Wood","og_url":"https:\/\/dabgajwood.com\/de\/terrassenjalousien-aus-holz-mit-beweglichem-mechanismus\/","og_site_name":"D\u0105b Gaj Wood","article_modified_time":"2025-05-13T12:14:56+00:00","twitter_card":"summary_large_image","twitter_misc":{"Gesch\u00e4tzte Lesezeit":"6\u00a0Minuten"},"schema":{"@context":"https:\/\/schema.org","@graph":[{"@type":"WebPage","@id":"https:\/\/dabgajwood.com\/drewniane-zaluzje-tarasowe-z-ruchomym-mechanizmem\/","url":"https:\/\/dabgajwood.com\/drewniane-zaluzje-tarasowe-z-ruchomym-mechanizmem\/","name":"Drewniane \u017caluzje tarasowe z ruchomym mechanizmem - D\u0105b Gaj Wood","isPartOf":{"@id":"https:\/\/dabgajwood.com\/#website"},"datePublished":"2024-11-14T12:34:01+00:00","dateModified":"2025-05-13T12:14:56+00:00","breadcrumb":{"@id":"https:\/\/dabgajwood.com\/drewniane-zaluzje-tarasowe-z-ruchomym-mechanizmem\/#breadcrumb"},"inLanguage":"de","potentialAction":[{"@type":"ReadAction","target":["https:\/\/dabgajwood.com\/drewniane-zaluzje-tarasowe-z-ruchomym-mechanizmem\/"]}]},{"@type":"BreadcrumbList","@id":"https:\/\/dabgajwood.com\/drewniane-zaluzje-tarasowe-z-ruchomym-mechanizmem\/#breadcrumb","itemListElement":[{"@type":"ListItem","position":1,"name":"Strona g\u0142\u00f3wna","item":"https:\/\/dabgajwood.com\/"},{"@type":"ListItem","position":2,"name":"Drewniane \u017caluzje tarasowe z ruchomym mechanizmem"}]},{"@type":"WebSite","@id":"https:\/\/dabgajwood.com\/#website","url":"https:\/\/dabgajwood.com\/","name":"Dabgaj","description":"","publisher":{"@id":"https:\/\/dabgajwood.com\/#organization"},"potentialAction":[{"@type":"SearchAction","target":{"@type":"EntryPoint","urlTemplate":"https:\/\/dabgajwood.com\/?s={search_term_string}"},"query-input":{"@type":"PropertyValueSpecification","valueRequired":true,"valueName":"search_term_string"}}],"inLanguage":"de"},{"@type":"Organization","@id":"https:\/\/dabgajwood.com\/#organization","name":"Dabgaj","url":"https:\/\/dabgajwood.com\/","logo":{"@type":"ImageObject","inLanguage":"de","@id":"https:\/\/dabgajwood.com\/#\/schema\/logo\/image\/","url":"https:\/\/dabgajwood.com\/wp-content\/uploads\/2025\/03\/logo.png","contentUrl":"https:\/\/dabgajwood.com\/wp-content\/uploads\/2025\/03\/logo.png","width":425,"height":70,"caption":"Dabgaj"},"image":{"@id":"https:\/\/dabgajwood.com\/#\/schema\/logo\/image\/"}}]}},"_links":{"self":[{"href":"https:\/\/dabgajwood.com\/de\/wp-json\/wp\/v2\/pages\/1669","targetHints":{"allow":["GET"]}}],"collection":[{"href":"https:\/\/dabgajwood.com\/de\/wp-json\/wp\/v2\/pages"}],"about":[{"href":"https:\/\/dabgajwood.com\/de\/wp-json\/wp\/v2\/types\/page"}],"author":[{"embeddable":true,"href":"https:\/\/dabgajwood.com\/de\/wp-json\/wp\/v2\/users\/1"}],"replies":[{"embeddable":true,"href":"https:\/\/dabgajwood.com\/de\/wp-json\/wp\/v2\/comments?post=1669"}],"version-history":[{"count":2,"href":"https:\/\/dabgajwood.com\/de\/wp-json\/wp\/v2\/pages\/1669\/revisions"}],"predecessor-version":[{"id":1816,"href":"https:\/\/dabgajwood.com\/de\/wp-json\/wp\/v2\/pages\/1669\/revisions\/1816"}],"wp:attachment":[{"href":"https:\/\/dabgajwood.com\/de\/wp-json\/wp\/v2\/media?parent=1669"}],"curies":[{"name":"wp","href":"https:\/\/api.w.org\/{rel}","templated":true}]}}