{"id":1668,"date":"2024-11-14T12:47:14","date_gmt":"2024-11-14T11:47:14","guid":{"rendered":"https:\/\/dabgajwood.com\/?page_id=772"},"modified":"2025-05-13T14:17:45","modified_gmt":"2025-05-13T12:17:45","slug":"bewegliche-terrassenjalousien-aus-holz","status":"publish","type":"page","link":"https:\/\/dabgajwood.com\/de\/bewegliche-terrassenjalousien-aus-holz\/","title":{"rendered":"Bewegliche Terrassenjalousien aus Holz"},"content":{"rendered":"<section class=\"l-section wpb_row height_small\"><div class=\"l-section-h i-cf\"><div class=\"g-cols vc_row via_flex valign_middle type_default stacking_default\"><div class=\"vc_col-sm-12 wpb_column vc_column_container\"><div class=\"vc_column-inner\"><div class=\"wpb_wrapper\"><div class=\"wpb_text_column\"><div class=\"wpb_wrapper\"><p>Tr\u00e4umen Sie von einem gem\u00fctlichen Ort zum Entspannen im Freien, der gleichzeitig elegant, funktional und charmant ist? Bewegliche Terrassenjalousien aus Holz sind die perfekte L\u00f6sung, die Stil, Komfort und Vielseitigkeit vereint. D\u0105b Gaj Wood bietet hochwertige Produkte, die jedem Raum einen nat\u00fcrlichen, eleganten Touch verleihen und gleichzeitig Schutz vor Sonne und Wind bieten und die Privatsph\u00e4re wahren. Sie machen Ihre Terrasse zum perfekten Ort, um sich zu entspannen, zu relaxen und sich mit Ihren Lieben zu treffen. Finden Sie heraus, warum bewegliche Holzjalousien die perfekte Wahl f\u00fcr Sie und Ihren Garten sind, und wie sie die Qualit\u00e4t Ihrer t\u00e4glichen Entspannung im Freien verbessern k\u00f6nnen.<\/p>\n<\/div><\/div><div class=\"w-separator size_medium\"><\/div><div class=\"g-cols wpb_row via_flex valign_middle type_default stacking_default\"><div class=\"vc_col-sm-6 wpb_column vc_column_container\"><div class=\"vc_column-inner\"><div class=\"wpb_wrapper\"><div class=\"wpb_text_column\"><div class=\"wpb_wrapper\"><h2>Wie funktionieren bewegliche Terrassenjalousien aus Holz?<\/h2>\n<p>Bewegliche Holzjalousien sind die perfekte Kombination aus \u00c4sthetik und Funktionalit\u00e4t. Dank eines speziellen Mechanismus k\u00f6nnen die Lamellen leicht verstellt werden, um den Lichteinfall auf die Terrasse zu steuern. Die Verwendung von Naturholz verleiht dem Raum eine warme und einladende Atmosph\u00e4re.<\/p>\n<p>Die Schirme sind so montiert, dass sie hoch- und heruntergefahren werden k\u00f6nnen und je nach Tageszeit und Wetterlage den idealen Schatten und Schutz bieten. Dank der beweglichen Konstruktion k\u00f6nnen Sie den Raum an Ihre aktuellen Bed\u00fcrfnisse anpassen, sei es zum Schutz vor der Sonne oder zur Schaffung eines gem\u00fctlichen Raums f\u00fcr die abendliche Entspannung.<\/p>\n<\/div><\/div><\/div><\/div><\/div><div class=\"vc_col-sm-6 wpb_column vc_column_container\"><div class=\"vc_column-inner\"><div class=\"wpb_wrapper\"><div class=\"w-image us_custom_81dbcac1 align_center\"><div class=\"w-image-h\"><img data-recalc-dims=\"1\" decoding=\"async\" width=\"1024\" height=\"722\" src=\"https:\/\/i0.wp.com\/dabgajwood.com\/wp-content\/uploads\/2024\/10\/weihe-gartenlauben-aus-holz.jpg?resize=1024%2C722&#038;ssl=1\" class=\"attachment-large size-large\" alt=\"Ein moderner Gartenpavillon mit rustikalen Holzm\u00f6beln zeigt die \u00c4sthetik von Gartenlauben aus Holz.\" loading=\"lazy\" srcset=\"https:\/\/i0.wp.com\/dabgajwood.com\/wp-content\/uploads\/2024\/10\/weihe-gartenlauben-aus-holz.jpg?resize=1024%2C722&amp;ssl=1 1024w, https:\/\/i0.wp.com\/dabgajwood.com\/wp-content\/uploads\/2024\/10\/weihe-gartenlauben-aus-holz.jpg?resize=300%2C211&amp;ssl=1 300w, https:\/\/i0.wp.com\/dabgajwood.com\/wp-content\/uploads\/2024\/10\/weihe-gartenlauben-aus-holz.jpg?resize=200%2C141&amp;ssl=1 200w, https:\/\/i0.wp.com\/dabgajwood.com\/wp-content\/uploads\/2024\/10\/weihe-gartenlauben-aus-holz.jpg?resize=400%2C282&amp;ssl=1 400w, https:\/\/i0.wp.com\/dabgajwood.com\/wp-content\/uploads\/2024\/10\/weihe-gartenlauben-aus-holz.jpg?w=1135&amp;ssl=1 1135w\" sizes=\"auto, (max-width: 1024px) 100vw, 1024px\" \/><\/div><\/div><\/div><\/div><\/div><\/div><\/div><\/div><\/div><\/div><\/div><\/section><section class=\"l-section wpb_row us_custom_eac59c77 height_small\"><div class=\"l-section-h i-cf\"><div class=\"g-cols vc_row via_flex valign_top type_default stacking_default\"><div class=\"vc_col-sm-12 wpb_column vc_column_container\"><div class=\"vc_column-inner\"><div class=\"wpb_wrapper\"><div class=\"wpb_text_column\"><div class=\"wpb_wrapper\"><h2>Bewegliche Terrassenjalousien aus Holz - warum sollten Sie sie kaufen?<\/h2>\n<p>Der Kauf von beweglichen Terrassenjalousien aus Holz ist eine Investition in Komfort, \u00c4sthetik und Haltbarkeit. Vor allem f\u00fcgen sie sich perfekt in die nat\u00fcrliche Landschaft des Gartens ein und verleihen dem Raum ein elegantes Aussehen. Naturholz ist ein Material, das sich gut mit anderen Elementen im Garten, wie Pflanzen und Holzm\u00f6beln, kombinieren l\u00e4sst. Au\u00dferdem l\u00e4sst sich mit ihnen die Sonneneinstrahlung steuern, so dass Sie selbst an den hei\u00dfesten Tagen eine angenehme Umgebung zum Entspannen schaffen k\u00f6nnen. Hier sind die wichtigsten Gr\u00fcnde, warum Sie in bewegliche Terrassenjalousien aus Holz investieren sollten:<\/p>\n<ul>\n<li>\u00c4sthetik: Sie verleihen Ihrer Terrasse Eleganz und einen nat\u00fcrlichen Charakter. Sie sind aus hochwertigem Holz gefertigt und verleihen dem Raum ein luxuri\u00f6ses und einladendes Aussehen.<\/li>\n<li>Komposition mit dem Garten: Das Holz harmoniert perfekt mit anderen Landschaftselementen wie Pflanzen, Gartensteinen oder Holzm\u00f6beln, wodurch der Raum zusammenh\u00e4ngend und harmonisch wirkt.<\/li>\n<li>Schutz vor der Sonne: Sie erm\u00f6glichen es, die Sonneneinstrahlung zu regulieren und spenden an den hei\u00dfesten Tagen Schatten. So ist sichergestellt, dass auf der Terrasse immer optimale Bedingungen zum Entspannen herrschen.<\/li>\n<li>Privatsph\u00e4re: Sie bieten eine Barriere, die vor unerw\u00fcnschten Blicken sch\u00fctzt und die Privatsph\u00e4re beim Entspannen im Freien gew\u00e4hrleistet.<\/li>\n<li>Vielseitig: Dank der Verstellbarkeit der Lamellen k\u00f6nnen die Jalousien an die aktuellen Bed\u00fcrfnisse angepasst werden und eignen sich daher sowohl f\u00fcr die t\u00e4gliche Entspannung als auch f\u00fcr Partys mit Freunden.<\/li>\n<li>Langlebigkeit und Qualit\u00e4t: Holz ist ein langlebiges und witterungsbest\u00e4ndiges Material, das Jalousien zu einer Investition f\u00fcr viele Jahre macht.<br \/>\nDank ihrer Funktionalit\u00e4t und leichten Verstellbarkeit eignen sie sich sowohl zum Entspannen als auch f\u00fcr Zusammenk\u00fcnfte im Freien.<\/li>\n<\/ul>\n<h2>Wie installiert man bewegliche Holzjalousien auf einer Terrasse?<\/h2>\n<p>Die Montage von beweglichen Terrassenjalousien aus Holz ist relativ einfach und kann mit einfachen Werkzeugen selbst durchgef\u00fchrt werden. D\u0105b Gaj Wood liefert komplette Montages\u00e4tze und detaillierte Schritt-f\u00fcr-Schritt-Anleitungen, die Sie durch den Montageprozess f\u00fchren. Zun\u00e4chst werden die Montagehalterungen an der Wand oder am Terrassenrahmen befestigt. Dann wird der Mechanismus angebracht, mit dem sich die Lamellen stufenlos verstellen lassen. Wenn Sie sich die Montage der Jalousien nicht zutrauen, k\u00f6nnen Sie die Dienste von Fachleuten in Anspruch nehmen, um eine professionelle Installation durchzuf\u00fchren.<\/p>\n<h2>Wie pflege ich bewegliche Terrassenjalousien aus Holz?<\/h2>\n<p>Damit Sie lange Freude an Ihren Holzrollos haben, lohnt es sich, sie regelm\u00e4\u00dfig zu pflegen. Das Holz muss vor \u00fcberm\u00e4\u00dfiger Feuchtigkeit gesch\u00fctzt werden, und alle paar Jahre lohnt es sich, eine spezielle Impr\u00e4gnierung aufzutragen, die das Material vor Witterungseinfl\u00fcssen sch\u00fctzt. Die regelm\u00e4\u00dfige Reinigung mit einer weichen B\u00fcrste oder einem feuchten Tuch tr\u00e4gt dazu bei, dass das Material sch\u00f6n bleibt und sich kein Staub ablagert. Als nat\u00fcrliches Material erfordert Holz die richtige Pflege, aber daf\u00fcr wird es Ihnen ein einzigartiges Aussehen und eine gem\u00fctliche Atmosph\u00e4re verleihen.<\/p>\n<\/div><\/div><div class=\"wpb_text_column\"><div class=\"wpb_wrapper\"><details>\n<summary>Mehr lesen<\/summary>\n<h2>Bewegliche Terrassenjalousien aus Holz und andere Gartendekorationen - was haben wir sonst noch im Angebot?<\/h2>\n<p>Bei D\u0105b Gaj Wood geht es nicht nur um bewegliche Holzjalousien. In unserem Sortiment finden Sie auch andere einzigartige Produkte, mit denen Sie den perfekten Ort zum Entspannen im Freien schaffen k\u00f6nnen. Wir bieten <a href=\"\/de\/gartenhauser-aus-holz\/\">Gartenh\u00e4user aus Holz<\/a>Sie sind der perfekte Ort, um Zeit mit Familie und Freunden zu verbringen. Diese Pavillons zeichnen sich durch eine solide Verarbeitung, sch\u00f6ne Details und individuelle Gestaltungsm\u00f6glichkeiten aus, die sie zum perfekten Zufluchtsort an hei\u00dfen Tagen oder f\u00fcr abendliche Zusammenk\u00fcnfte machen.<\/p>\n<p>Unser <a href=\"\/de\/lattenrost-pergolen\/\">Lattenrost-Pergolen<\/a> sind stilvolle \u00dcberdachungen, die es Ihnen erm\u00f6glichen, die Lichtmenge auf Ihrer Terrasse zu regulieren, so dass Sie das perfekte Gleichgewicht zwischen Licht und Schatten genie\u00dfen k\u00f6nnen. Diese Pergolen sind aus hochwertigem Holz gefertigt und passen sich dank ihres modularen Aufbaus perfekt an Ihre Terrasse an. F\u00fcr diejenigen, die Platz f\u00fcr ein Auto ben\u00f6tigen, bieten wir <a href=\"\/de\/holzschuppen-mit-dach\/\">Holzschuppen mit Dach<\/a>die eine robuste und \u00e4sthetisch ansprechende L\u00f6sung f\u00fcr den Schutz eines Fahrzeugs vor widrigen Wetterbedingungen bieten. Die Schuppen sind nicht nur funktional, sondern f\u00fcgen sich auch perfekt in die Gartenumgebung ein und bringen Harmonie und Ordnung in den Raum.<\/p>\n<p>Unser Angebot umfasst auch die M\u00f6glichkeit, diese Strukturen zu personalisieren, um sie den Bed\u00fcrfnissen unserer Kunden anzupassen, sowohl in \u00e4sthetischer als auch in praktischer Hinsicht. Jedes der von uns angebotenen Produkte zeichnet sich durch sorgf\u00e4ltige handwerkliche Verarbeitung und Liebe zum Detail aus. So k\u00f6nnen Sie sicher sein, dass Sie sich f\u00fcr Produkte entscheiden, die langlebig, sch\u00f6n und auf Ihre Bed\u00fcrfnisse zugeschnitten sind.<\/p>\n<h2>Vertrauen Sie D\u0105b Gaj Wood und entscheiden Sie sich f\u00fcr unsere beweglichen Terrassenjalousien aus Holz<\/h2>\n<p>D\u0105b Gaj Wood ist ein Unternehmen mit langj\u00e4hriger Erfahrung in der Herstellung von Gartenelementen aus Holz. Unsere beweglichen Terrassenjalousien aus Holz sind eine Kombination aus hochwertigen Materialien, pr\u00e4ziser Verarbeitung und Liebe zum Detail. Wir konzentrieren uns auf nat\u00fcrliche Sch\u00f6nheit und Funktionalit\u00e4t, um Ihren Garten nicht nur \u00e4sthetisch ansprechend, sondern auch komfortabel zu gestalten. Vertrauen Sie unserer Erfahrung und entscheiden Sie sich f\u00fcr Produkte, die Ihren Raum zum Besseren ver\u00e4ndern werden. Wir laden Sie ein, uns zu kontaktieren und mehr \u00fcber das gesamte Angebot von D\u0105b Gaj Wood zu erfahren.<\/p>\n<\/details>\n<\/div><\/div><\/div><\/div><\/div><\/div><\/div><\/section>","protected":false},"excerpt":{"rendered":"Marzysz o przytulnym miejscu do relaksu na \u015bwie\u017cym powietrzu, kt\u00f3re b\u0119dzie jednocze\u015bnie eleganckie, funkcjonalne i pe\u0142ne uroku? Ruchome rolety drewniane na patio to idealne rozwi\u0105zanie, kt\u00f3re \u0142\u0105czy styl, komfort i wszechstronno\u015b\u0107. Firma D\u0105b Gaj Wood oferuje wysokiej jako\u015bci produkty, kt\u00f3re nadaj\u0105 ka\u017cdej przestrzeni naturalny, elegancki charakter, a jednocze\u015bnie zapewniaj\u0105 ochron\u0119 przed s\u0142o\u0144cem, wiatrem i zapewniaj\u0105...","protected":false},"author":1,"featured_media":0,"parent":0,"menu_order":0,"comment_status":"closed","ping_status":"closed","template":"","meta":{"_acf_changed":false,"footnotes":""},"class_list":["post-1668","page","type-page","status-publish","hentry"],"acf":[],"yoast_head":"<!-- This site is optimized with the Yoast SEO plugin v26.2 - https:\/\/yoast.com\/wordpress\/plugins\/seo\/ -->\n<title>Ruchome rolety drewniane na patio - D\u0105b Gaj Wood<\/title>\n<meta name=\"robots\" content=\"index, follow, max-snippet:-1, max-image-preview:large, max-video-preview:-1\" \/>\n<link rel=\"canonical\" href=\"https:\/\/dabgajwood.com\/de\/bewegliche-terrassenjalousien-aus-holz\/\" \/>\n<meta property=\"og:locale\" content=\"de_DE\" \/>\n<meta property=\"og:type\" content=\"article\" \/>\n<meta property=\"og:title\" content=\"Ruchome rolety drewniane na patio - D\u0105b Gaj Wood\" \/>\n<meta property=\"og:url\" content=\"https:\/\/dabgajwood.com\/de\/bewegliche-terrassenjalousien-aus-holz\/\" \/>\n<meta property=\"og:site_name\" content=\"D\u0105b Gaj Wood\" \/>\n<meta property=\"article:modified_time\" content=\"2025-05-13T12:17:45+00:00\" \/>\n<meta name=\"twitter:card\" content=\"summary_large_image\" \/>\n<meta name=\"twitter:label1\" content=\"Gesch\u00e4tzte Lesezeit\" \/>\n\t<meta name=\"twitter:data1\" content=\"6\u00a0Minuten\" \/>\n<script type=\"application\/ld+json\" class=\"yoast-schema-graph\">{\"@context\":\"https:\/\/schema.org\",\"@graph\":[{\"@type\":\"WebPage\",\"@id\":\"https:\/\/dabgajwood.com\/ruchome-rolety-drewniane-na-patio\/\",\"url\":\"https:\/\/dabgajwood.com\/ruchome-rolety-drewniane-na-patio\/\",\"name\":\"Ruchome rolety drewniane na patio - D\u0105b Gaj Wood\",\"isPartOf\":{\"@id\":\"https:\/\/dabgajwood.com\/#website\"},\"datePublished\":\"2024-11-14T11:47:14+00:00\",\"dateModified\":\"2025-05-13T12:17:45+00:00\",\"breadcrumb\":{\"@id\":\"https:\/\/dabgajwood.com\/ruchome-rolety-drewniane-na-patio\/#breadcrumb\"},\"inLanguage\":\"de\",\"potentialAction\":[{\"@type\":\"ReadAction\",\"target\":[\"https:\/\/dabgajwood.com\/ruchome-rolety-drewniane-na-patio\/\"]}]},{\"@type\":\"BreadcrumbList\",\"@id\":\"https:\/\/dabgajwood.com\/ruchome-rolety-drewniane-na-patio\/#breadcrumb\",\"itemListElement\":[{\"@type\":\"ListItem\",\"position\":1,\"name\":\"Strona g\u0142\u00f3wna\",\"item\":\"https:\/\/dabgajwood.com\/\"},{\"@type\":\"ListItem\",\"position\":2,\"name\":\"Ruchome rolety drewniane na patio\"}]},{\"@type\":\"WebSite\",\"@id\":\"https:\/\/dabgajwood.com\/#website\",\"url\":\"https:\/\/dabgajwood.com\/\",\"name\":\"Dabgaj\",\"description\":\"\",\"publisher\":{\"@id\":\"https:\/\/dabgajwood.com\/#organization\"},\"potentialAction\":[{\"@type\":\"SearchAction\",\"target\":{\"@type\":\"EntryPoint\",\"urlTemplate\":\"https:\/\/dabgajwood.com\/?s={search_term_string}\"},\"query-input\":{\"@type\":\"PropertyValueSpecification\",\"valueRequired\":true,\"valueName\":\"search_term_string\"}}],\"inLanguage\":\"de\"},{\"@type\":\"Organization\",\"@id\":\"https:\/\/dabgajwood.com\/#organization\",\"name\":\"Dabgaj\",\"url\":\"https:\/\/dabgajwood.com\/\",\"logo\":{\"@type\":\"ImageObject\",\"inLanguage\":\"de\",\"@id\":\"https:\/\/dabgajwood.com\/#\/schema\/logo\/image\/\",\"url\":\"https:\/\/dabgajwood.com\/wp-content\/uploads\/2025\/03\/logo.png\",\"contentUrl\":\"https:\/\/dabgajwood.com\/wp-content\/uploads\/2025\/03\/logo.png\",\"width\":425,\"height\":70,\"caption\":\"Dabgaj\"},\"image\":{\"@id\":\"https:\/\/dabgajwood.com\/#\/schema\/logo\/image\/\"}}]}<\/script>\n<!-- \/ Yoast SEO plugin. -->","yoast_head_json":{"title":"Ruchome rolety drewniane na patio - D\u0105b Gaj Wood","robots":{"index":"index","follow":"follow","max-snippet":"max-snippet:-1","max-image-preview":"max-image-preview:large","max-video-preview":"max-video-preview:-1"},"canonical":"https:\/\/dabgajwood.com\/de\/bewegliche-terrassenjalousien-aus-holz\/","og_locale":"de_DE","og_type":"article","og_title":"Ruchome rolety drewniane na patio - D\u0105b Gaj Wood","og_url":"https:\/\/dabgajwood.com\/de\/bewegliche-terrassenjalousien-aus-holz\/","og_site_name":"D\u0105b Gaj Wood","article_modified_time":"2025-05-13T12:17:45+00:00","twitter_card":"summary_large_image","twitter_misc":{"Gesch\u00e4tzte Lesezeit":"6\u00a0Minuten"},"schema":{"@context":"https:\/\/schema.org","@graph":[{"@type":"WebPage","@id":"https:\/\/dabgajwood.com\/ruchome-rolety-drewniane-na-patio\/","url":"https:\/\/dabgajwood.com\/ruchome-rolety-drewniane-na-patio\/","name":"Ruchome rolety drewniane na patio - D\u0105b Gaj Wood","isPartOf":{"@id":"https:\/\/dabgajwood.com\/#website"},"datePublished":"2024-11-14T11:47:14+00:00","dateModified":"2025-05-13T12:17:45+00:00","breadcrumb":{"@id":"https:\/\/dabgajwood.com\/ruchome-rolety-drewniane-na-patio\/#breadcrumb"},"inLanguage":"de","potentialAction":[{"@type":"ReadAction","target":["https:\/\/dabgajwood.com\/ruchome-rolety-drewniane-na-patio\/"]}]},{"@type":"BreadcrumbList","@id":"https:\/\/dabgajwood.com\/ruchome-rolety-drewniane-na-patio\/#breadcrumb","itemListElement":[{"@type":"ListItem","position":1,"name":"Strona g\u0142\u00f3wna","item":"https:\/\/dabgajwood.com\/"},{"@type":"ListItem","position":2,"name":"Ruchome rolety drewniane na patio"}]},{"@type":"WebSite","@id":"https:\/\/dabgajwood.com\/#website","url":"https:\/\/dabgajwood.com\/","name":"Dabgaj","description":"","publisher":{"@id":"https:\/\/dabgajwood.com\/#organization"},"potentialAction":[{"@type":"SearchAction","target":{"@type":"EntryPoint","urlTemplate":"https:\/\/dabgajwood.com\/?s={search_term_string}"},"query-input":{"@type":"PropertyValueSpecification","valueRequired":true,"valueName":"search_term_string"}}],"inLanguage":"de"},{"@type":"Organization","@id":"https:\/\/dabgajwood.com\/#organization","name":"Dabgaj","url":"https:\/\/dabgajwood.com\/","logo":{"@type":"ImageObject","inLanguage":"de","@id":"https:\/\/dabgajwood.com\/#\/schema\/logo\/image\/","url":"https:\/\/dabgajwood.com\/wp-content\/uploads\/2025\/03\/logo.png","contentUrl":"https:\/\/dabgajwood.com\/wp-content\/uploads\/2025\/03\/logo.png","width":425,"height":70,"caption":"Dabgaj"},"image":{"@id":"https:\/\/dabgajwood.com\/#\/schema\/logo\/image\/"}}]}},"_links":{"self":[{"href":"https:\/\/dabgajwood.com\/de\/wp-json\/wp\/v2\/pages\/1668","targetHints":{"allow":["GET"]}}],"collection":[{"href":"https:\/\/dabgajwood.com\/de\/wp-json\/wp\/v2\/pages"}],"about":[{"href":"https:\/\/dabgajwood.com\/de\/wp-json\/wp\/v2\/types\/page"}],"author":[{"embeddable":true,"href":"https:\/\/dabgajwood.com\/de\/wp-json\/wp\/v2\/users\/1"}],"replies":[{"embeddable":true,"href":"https:\/\/dabgajwood.com\/de\/wp-json\/wp\/v2\/comments?post=1668"}],"version-history":[{"count":2,"href":"https:\/\/dabgajwood.com\/de\/wp-json\/wp\/v2\/pages\/1668\/revisions"}],"predecessor-version":[{"id":1824,"href":"https:\/\/dabgajwood.com\/de\/wp-json\/wp\/v2\/pages\/1668\/revisions\/1824"}],"wp:attachment":[{"href":"https:\/\/dabgajwood.com\/de\/wp-json\/wp\/v2\/media?parent=1668"}],"curies":[{"name":"wp","href":"https:\/\/api.w.org\/{rel}","templated":true}]}}