{"id":1667,"date":"2024-11-14T12:54:21","date_gmt":"2024-11-14T11:54:21","guid":{"rendered":"https:\/\/dabgajwood.com\/?page_id=771"},"modified":"2025-05-13T14:18:03","modified_gmt":"2025-05-13T12:18:03","slug":"bewegliche-holzjalousien-nach-mas","status":"publish","type":"page","link":"https:\/\/dabgajwood.com\/de\/bewegliche-holzjalousien-nach-mas\/","title":{"rendered":"Bewegliche Holzjalousien nach Ma\u00df"},"content":{"rendered":"<section class=\"l-section wpb_row height_small\"><div class=\"l-section-h i-cf\"><div class=\"g-cols vc_row via_flex valign_middle type_default stacking_default\"><div class=\"vc_col-sm-12 wpb_column vc_column_container\"><div class=\"vc_column-inner\"><div class=\"wpb_wrapper\"><div class=\"wpb_text_column\"><div class=\"wpb_wrapper\"><p>Tr\u00e4umen Sie davon, bei der Gestaltung Ihres Hauses oder Gartens Funktionalit\u00e4t, Eleganz und nat\u00fcrliche Sch\u00f6nheit zu verbinden? Bewegliche Holzjalousien nach Ma\u00df von D\u0105b Gaj Wood sind die perfekte L\u00f6sung, die modernes Design mit traditionellen Materialien verbindet. Unsere Produkte verleihen jedem Interieur Charme und erm\u00f6glichen es Ihnen, Licht und Privatsph\u00e4re zu regulieren. Finden Sie heraus, warum Sie auf unsere Holzprodukte setzen sollten, die speziell f\u00fcr Ihre Bestellung entworfen werden.<\/p>\n<h2>Wie werden unsere beweglichen Holzjalousien auf Ma\u00df gefertigt?<\/h2>\n<p>Unsere beweglichen Holzjalousien werden mit Leidenschaft und Liebe zum Detail hergestellt. Der Produktionsprozess beginnt mit der Auswahl von hochwertigem Holz - in der Regel Eiche, die die Haltbarkeit und den einzigartigen Charakter unserer Produkte garantiert. Als eine der best\u00e4ndigsten Holzarten zeichnet sich Eiche nicht nur durch ihre Widerstandsf\u00e4higkeit gegen Besch\u00e4digungen aus, sondern auch durch ihr sch\u00f6nes, nat\u00fcrliches Aussehen, das im Laufe der Zeit noch mehr an Reiz gewinnt. Anschlie\u00dfend wird das Holz pr\u00e4zise zugeschnitten, geschliffen und mit speziellen Schutzmitteln versehen, die es vor Feuchtigkeit, UV-Strahlung und anderen ung\u00fcnstigen Witterungsbedingungen sch\u00fctzen. Unsere Holzschutzmittel sind \u00f6kologisch und umweltvertr\u00e4glich, was f\u00fcr uns sehr wichtig ist.<\/p>\n<p>Nach einer sorgf\u00e4ltigen Verarbeitung, die eine Qualit\u00e4tskontrolle jedes einzelnen Bauteils umfasst, werden die Komponenten so zusammengesetzt, dass sich die Lamellen reibungslos bewegen und Sie das Licht im Raum nach Belieben steuern k\u00f6nnen. Bei der Montage werden moderne Technologien eingesetzt, die die Stabilit\u00e4t und Langlebigkeit des beweglichen Mechanismus gew\u00e4hrleisten, so dass unsere Produkte Ihnen viele Jahre lang dienen werden, ohne ihre Funktionalit\u00e4t oder \u00e4sthetischen Qualit\u00e4ten zu verlieren.<\/p>\n<\/div><\/div><div class=\"w-separator size_medium\"><\/div><div class=\"g-cols wpb_row via_flex valign_middle type_default stacking_default\"><div class=\"vc_col-sm-6 wpb_column vc_column_container\"><div class=\"vc_column-inner\"><div class=\"wpb_wrapper\"><div class=\"wpb_text_column\"><div class=\"wpb_wrapper\"><h2>Bewegliche Holzjalousien - was sind ihre Vorteile?<\/h2>\n<p>Bewegliche Holzjalousien haben viele Vorteile. In erster Linie verbinden sie Funktionalit\u00e4t mit \u00c4sthetik - sie erm\u00f6glichen es uns, die Menge des in den Innenraum eindringenden Lichts zu regulieren und gleichzeitig die Privatsph\u00e4re zu gew\u00e4hrleisten. Dank der M\u00f6glichkeit, den Winkel der Lamellen zu verstellen, k\u00f6nnen wir die Lichtmenge perfekt auf unsere Bed\u00fcrfnisse abstimmen und so zu jeder Tageszeit eine gem\u00fctliche Atmosph\u00e4re schaffen. Holz ist ein nat\u00fcrliches Material, das sich angenehm anf\u00fchlt und dem Auge schmeichelt, und sein warmer Farbton verleiht Innenr\u00e4umen Gem\u00fctlichkeit und einen nat\u00fcrlichen Charme. Au\u00dferdem tr\u00e4gt es zur Schaffung eines gesunden Mikroklimas im Raum bei, da es atmungsaktiv und feuchtigkeitsregulierend ist.<\/p>\n<p>Holzjalousien verleihen Innenr\u00e4umen einen einzigartigen Charakter, der mit synthetischen Materialien nicht m\u00f6glich ist. Dar\u00fcber hinaus sind die Produkte von D\u0105b Gaj Wood solide gefertigt, was ihre Langlebigkeit und Widerstandsf\u00e4higkeit im t\u00e4glichen Gebrauch gew\u00e4hrleistet. Bei der Herstellung wird auf jedes Detail geachtet, so dass die Verwendung der Produkte bequem und problemlos ist. Holz ist ein langlebiges und verschlei\u00dffestes Material, das bei entsprechender Impr\u00e4gnierung viele Jahre lang h\u00e4lt und dabei seine \u00e4sthetischen Qualit\u00e4ten beh\u00e4lt. Dar\u00fcber hinaus passt sein nat\u00fcrliches Aussehen sowohl zu modernen als auch zu klassischen Inneneinrichtungen und verleiht ihnen einen einzigartigen, warmen Charakter.<\/p>\n<\/div><\/div><\/div><\/div><\/div><div class=\"vc_col-sm-6 wpb_column vc_column_container\"><div class=\"vc_column-inner\"><div class=\"wpb_wrapper\"><div class=\"w-image us_custom_81dbcac1 align_center\"><div class=\"w-image-h\"><img data-recalc-dims=\"1\" decoding=\"async\" width=\"1024\" height=\"722\" src=\"https:\/\/i0.wp.com\/dabgajwood.com\/wp-content\/uploads\/2024\/10\/weihe-gartenlauben-aus-holz.jpg?resize=1024%2C722&#038;ssl=1\" class=\"attachment-large size-large\" alt=\"Ein moderner Gartenpavillon mit rustikalen Holzm\u00f6beln zeigt die \u00c4sthetik von Gartenlauben aus Holz.\" loading=\"lazy\" srcset=\"https:\/\/i0.wp.com\/dabgajwood.com\/wp-content\/uploads\/2024\/10\/weihe-gartenlauben-aus-holz.jpg?resize=1024%2C722&amp;ssl=1 1024w, https:\/\/i0.wp.com\/dabgajwood.com\/wp-content\/uploads\/2024\/10\/weihe-gartenlauben-aus-holz.jpg?resize=300%2C211&amp;ssl=1 300w, https:\/\/i0.wp.com\/dabgajwood.com\/wp-content\/uploads\/2024\/10\/weihe-gartenlauben-aus-holz.jpg?resize=200%2C141&amp;ssl=1 200w, https:\/\/i0.wp.com\/dabgajwood.com\/wp-content\/uploads\/2024\/10\/weihe-gartenlauben-aus-holz.jpg?resize=400%2C282&amp;ssl=1 400w, https:\/\/i0.wp.com\/dabgajwood.com\/wp-content\/uploads\/2024\/10\/weihe-gartenlauben-aus-holz.jpg?w=1135&amp;ssl=1 1135w\" sizes=\"auto, (max-width: 1024px) 100vw, 1024px\" \/><\/div><\/div><\/div><\/div><\/div><\/div><\/div><\/div><\/div><\/div><\/div><\/section><section class=\"l-section wpb_row us_custom_eac59c77 height_small\"><div class=\"l-section-h i-cf\"><div class=\"g-cols vc_row via_flex valign_top type_default stacking_default\"><div class=\"vc_col-sm-12 wpb_column vc_column_container\"><div class=\"vc_column-inner\"><div class=\"wpb_wrapper\"><div class=\"wpb_text_column\"><div class=\"wpb_wrapper\"><h2>Wo sind bewegliche Holzjalousien gut geeignet?<\/h2>\n<p>Bewegliche Holzjalousien eignen sich sowohl f\u00fcr Innenr\u00e4ume als auch f\u00fcr den Garten. Sie k\u00f6nnen im Wohnzimmer, im Schlafzimmer, in der K\u00fcche, im Esszimmer und auch im Badezimmer angebracht werden, vorausgesetzt, das Holz ist vor Feuchtigkeit gesch\u00fctzt. Sie eignen sich ebenso gut als dekoratives Element f\u00fcr Pavillons, Pergolen und Terrassen, wo man an hei\u00dfen Tagen angenehmen Schatten genie\u00dfen kann. Dank ihrer Vielseitigkeit passen sie sowohl zu modernen, klassischen als auch zu rustikalen Stilen und verleihen der Inneneinrichtung Charme und Funktionalit\u00e4t. Sie k\u00f6nnen als Trennw\u00e4nde in gr\u00f6\u00dferen R\u00e4umen dienen und gem\u00fctliche, getrennte Zonen schaffen, ohne dass feste Trennw\u00e4nde erforderlich sind. In Au\u00dfenbereichen k\u00f6nnen sie auch als Windschutz und Sichtschutz dienen und dabei ein \u00e4sthetisch ansprechendes und nat\u00fcrliches Aussehen bewahren. Unabh\u00e4ngig davon, wo sie angebracht werden, bereichern sie die Einrichtung und machen den Raum komfortabler, funktionaler und eleganter.<\/p>\n<h2>Was sollte bei der Verwendung von beweglichen Holzjalousien beachtet werden?<\/h2>\n<p>Um viele Jahre Freude an unserer Holzdekoration zu haben, lohnt es sich, sie richtig zu pflegen. Holz muss regelm\u00e4\u00dfig von Staub befreit und regelm\u00e4\u00dfig mit speziellen Schutzmitteln gesch\u00fctzt werden, die Risse und Farbverluste verhindern. Es lohnt sich auch, die Jalousien nicht zu lange der Feuchtigkeit und der Sonneneinstrahlung auszusetzen, damit ihr \u00e4sthetisches Aussehen und ihre Funktionalit\u00e4t l\u00e4nger erhalten bleiben.<\/p>\n<\/div><\/div><div class=\"wpb_text_column\"><div class=\"wpb_wrapper\"><details>\n<summary>Mehr lesen<\/summary>\n<h2>Bewegliche Holzjalousien nach Ma\u00df von Gaj Wood - was bieten wir?<\/h2>\n<p>D\u0105b Gaj Wood bietet nicht nur bewegliche Holzjalousien f\u00fcr den Garten, sondern auch andere dekorative Elemente f\u00fcr den Garten, wie z. B.:<\/p>\n<ul>\n<li><a href=\"\/de\/gartenlaubenbretter\/\">Gartenlaubenbretter<\/a> - ideal f\u00fcr die Veredelung und pers\u00f6nliche Gestaltung Ihres Pavillons,<\/li>\n<li><a href=\"\/de\/holzplatten-fur-pergolen\/\">Holzplatten f\u00fcr Pergolen<\/a> - Sie eignen sich gut als nat\u00fcrlicher Sichtschutz,<\/li>\n<li><a href=\"\/de\/holzschuppen-mit-dach\/\">Holzschuppen mit Dach<\/a> - Eine funktionelle L\u00f6sung f\u00fcr die Lagerung von Autos, Werkzeugen oder Brennholz,<\/li>\n<li><a href=\"\/de\/systemvordacher\/\">Lamellenvord\u00e4cher<\/a> - moderne \u00dcberdachungen, die einen wirksamen Schutz vor Sonne und Regen bieten und gleichzeitig ein \u00e4sthetisch ansprechendes Aussehen gew\u00e4hrleisten.<\/li>\n<\/ul>\n<h2>Sie k\u00f6nnen unsere beweglichen Holzjalousien gerne nach Ma\u00df bestellen<\/h2>\n<p>Wenn Sie auf der Suche nach L\u00f6sungen sind, die Funktionalit\u00e4t mit einem einzigartigen Look verbinden, sind unsere beweglichen Holzjalousien nach Ma\u00df genau das Richtige f\u00fcr Sie. Kontaktieren Sie uns, um Produkte zu bestellen, die perfekt auf Ihre Bed\u00fcrfnisse zugeschnitten sind. D\u0105b Gaj Wood bietet hochwertigste Materialien und pr\u00e4zise Verarbeitung, um Ihrem Innenraum oder Garten einen einzigartigen Charakter zu verleihen. Wir freuen uns auf die Zusammenarbeit mit Ihnen!<\/p>\n<\/details>\n<\/div><\/div><\/div><\/div><\/div><\/div><\/div><\/section>","protected":false},"excerpt":{"rendered":"Marzy Ci si\u0119 po\u0142\u0105czenie funkcjonalno\u015bci, elegancji i naturalnego pi\u0119kna w aran\u017cacji Twojego domu lub ogrodu? Ruchome \u017caluzje drewniane na wymiar od firmy D\u0105b Gaj Wood to doskona\u0142e rozwi\u0105zanie, kt\u00f3re \u0142\u0105czy nowoczesny design z tradycyjnym materia\u0142em. Nasze produkty dodadz\u0105 uroku ka\u017cdemu wn\u0119trzu, jednocze\u015bnie pozwalaj\u0105c na regulacj\u0119 \u015bwiat\u0142a i prywatno\u015bci. Sprawd\u017a, dlaczego warto postawi\u0107 na nasze drewniane...","protected":false},"author":1,"featured_media":0,"parent":0,"menu_order":0,"comment_status":"closed","ping_status":"closed","template":"","meta":{"_acf_changed":false,"footnotes":""},"class_list":["post-1667","page","type-page","status-publish","hentry"],"acf":[],"yoast_head":"<!-- This site is optimized with the Yoast SEO plugin v26.2 - https:\/\/yoast.com\/wordpress\/plugins\/seo\/ -->\n<title>Ruchome \u017caluzje drewniane na wymiar - D\u0105b Gaj Wood<\/title>\n<meta name=\"robots\" content=\"index, follow, max-snippet:-1, max-image-preview:large, max-video-preview:-1\" \/>\n<link rel=\"canonical\" href=\"https:\/\/dabgajwood.com\/de\/bewegliche-holzjalousien-nach-mas\/\" \/>\n<meta property=\"og:locale\" content=\"de_DE\" \/>\n<meta property=\"og:type\" content=\"article\" \/>\n<meta property=\"og:title\" content=\"Ruchome \u017caluzje drewniane na wymiar - D\u0105b Gaj Wood\" \/>\n<meta property=\"og:url\" content=\"https:\/\/dabgajwood.com\/de\/bewegliche-holzjalousien-nach-mas\/\" \/>\n<meta property=\"og:site_name\" content=\"D\u0105b Gaj Wood\" \/>\n<meta property=\"article:modified_time\" content=\"2025-05-13T12:18:03+00:00\" \/>\n<meta name=\"twitter:card\" content=\"summary_large_image\" \/>\n<meta name=\"twitter:label1\" content=\"Gesch\u00e4tzte Lesezeit\" \/>\n\t<meta name=\"twitter:data1\" content=\"5\u00a0Minuten\" \/>\n<script type=\"application\/ld+json\" class=\"yoast-schema-graph\">{\"@context\":\"https:\/\/schema.org\",\"@graph\":[{\"@type\":\"WebPage\",\"@id\":\"https:\/\/dabgajwood.com\/ruchome-zaluzje-drewniane-na-wymiar\/\",\"url\":\"https:\/\/dabgajwood.com\/ruchome-zaluzje-drewniane-na-wymiar\/\",\"name\":\"Ruchome \u017caluzje drewniane na wymiar - D\u0105b Gaj Wood\",\"isPartOf\":{\"@id\":\"https:\/\/dabgajwood.com\/#website\"},\"datePublished\":\"2024-11-14T11:54:21+00:00\",\"dateModified\":\"2025-05-13T12:18:03+00:00\",\"breadcrumb\":{\"@id\":\"https:\/\/dabgajwood.com\/ruchome-zaluzje-drewniane-na-wymiar\/#breadcrumb\"},\"inLanguage\":\"de\",\"potentialAction\":[{\"@type\":\"ReadAction\",\"target\":[\"https:\/\/dabgajwood.com\/ruchome-zaluzje-drewniane-na-wymiar\/\"]}]},{\"@type\":\"BreadcrumbList\",\"@id\":\"https:\/\/dabgajwood.com\/ruchome-zaluzje-drewniane-na-wymiar\/#breadcrumb\",\"itemListElement\":[{\"@type\":\"ListItem\",\"position\":1,\"name\":\"Strona g\u0142\u00f3wna\",\"item\":\"https:\/\/dabgajwood.com\/\"},{\"@type\":\"ListItem\",\"position\":2,\"name\":\"Ruchome \u017caluzje drewniane na wymiar\"}]},{\"@type\":\"WebSite\",\"@id\":\"https:\/\/dabgajwood.com\/#website\",\"url\":\"https:\/\/dabgajwood.com\/\",\"name\":\"Dabgaj\",\"description\":\"\",\"publisher\":{\"@id\":\"https:\/\/dabgajwood.com\/#organization\"},\"potentialAction\":[{\"@type\":\"SearchAction\",\"target\":{\"@type\":\"EntryPoint\",\"urlTemplate\":\"https:\/\/dabgajwood.com\/?s={search_term_string}\"},\"query-input\":{\"@type\":\"PropertyValueSpecification\",\"valueRequired\":true,\"valueName\":\"search_term_string\"}}],\"inLanguage\":\"de\"},{\"@type\":\"Organization\",\"@id\":\"https:\/\/dabgajwood.com\/#organization\",\"name\":\"Dabgaj\",\"url\":\"https:\/\/dabgajwood.com\/\",\"logo\":{\"@type\":\"ImageObject\",\"inLanguage\":\"de\",\"@id\":\"https:\/\/dabgajwood.com\/#\/schema\/logo\/image\/\",\"url\":\"https:\/\/dabgajwood.com\/wp-content\/uploads\/2025\/03\/logo.png\",\"contentUrl\":\"https:\/\/dabgajwood.com\/wp-content\/uploads\/2025\/03\/logo.png\",\"width\":425,\"height\":70,\"caption\":\"Dabgaj\"},\"image\":{\"@id\":\"https:\/\/dabgajwood.com\/#\/schema\/logo\/image\/\"}}]}<\/script>\n<!-- \/ Yoast SEO plugin. -->","yoast_head_json":{"title":"Ruchome \u017caluzje drewniane na wymiar - D\u0105b Gaj Wood","robots":{"index":"index","follow":"follow","max-snippet":"max-snippet:-1","max-image-preview":"max-image-preview:large","max-video-preview":"max-video-preview:-1"},"canonical":"https:\/\/dabgajwood.com\/de\/bewegliche-holzjalousien-nach-mas\/","og_locale":"de_DE","og_type":"article","og_title":"Ruchome \u017caluzje drewniane na wymiar - D\u0105b Gaj Wood","og_url":"https:\/\/dabgajwood.com\/de\/bewegliche-holzjalousien-nach-mas\/","og_site_name":"D\u0105b Gaj Wood","article_modified_time":"2025-05-13T12:18:03+00:00","twitter_card":"summary_large_image","twitter_misc":{"Gesch\u00e4tzte Lesezeit":"5\u00a0Minuten"},"schema":{"@context":"https:\/\/schema.org","@graph":[{"@type":"WebPage","@id":"https:\/\/dabgajwood.com\/ruchome-zaluzje-drewniane-na-wymiar\/","url":"https:\/\/dabgajwood.com\/ruchome-zaluzje-drewniane-na-wymiar\/","name":"Ruchome \u017caluzje drewniane na wymiar - D\u0105b Gaj Wood","isPartOf":{"@id":"https:\/\/dabgajwood.com\/#website"},"datePublished":"2024-11-14T11:54:21+00:00","dateModified":"2025-05-13T12:18:03+00:00","breadcrumb":{"@id":"https:\/\/dabgajwood.com\/ruchome-zaluzje-drewniane-na-wymiar\/#breadcrumb"},"inLanguage":"de","potentialAction":[{"@type":"ReadAction","target":["https:\/\/dabgajwood.com\/ruchome-zaluzje-drewniane-na-wymiar\/"]}]},{"@type":"BreadcrumbList","@id":"https:\/\/dabgajwood.com\/ruchome-zaluzje-drewniane-na-wymiar\/#breadcrumb","itemListElement":[{"@type":"ListItem","position":1,"name":"Strona g\u0142\u00f3wna","item":"https:\/\/dabgajwood.com\/"},{"@type":"ListItem","position":2,"name":"Ruchome \u017caluzje drewniane na wymiar"}]},{"@type":"WebSite","@id":"https:\/\/dabgajwood.com\/#website","url":"https:\/\/dabgajwood.com\/","name":"Dabgaj","description":"","publisher":{"@id":"https:\/\/dabgajwood.com\/#organization"},"potentialAction":[{"@type":"SearchAction","target":{"@type":"EntryPoint","urlTemplate":"https:\/\/dabgajwood.com\/?s={search_term_string}"},"query-input":{"@type":"PropertyValueSpecification","valueRequired":true,"valueName":"search_term_string"}}],"inLanguage":"de"},{"@type":"Organization","@id":"https:\/\/dabgajwood.com\/#organization","name":"Dabgaj","url":"https:\/\/dabgajwood.com\/","logo":{"@type":"ImageObject","inLanguage":"de","@id":"https:\/\/dabgajwood.com\/#\/schema\/logo\/image\/","url":"https:\/\/dabgajwood.com\/wp-content\/uploads\/2025\/03\/logo.png","contentUrl":"https:\/\/dabgajwood.com\/wp-content\/uploads\/2025\/03\/logo.png","width":425,"height":70,"caption":"Dabgaj"},"image":{"@id":"https:\/\/dabgajwood.com\/#\/schema\/logo\/image\/"}}]}},"_links":{"self":[{"href":"https:\/\/dabgajwood.com\/de\/wp-json\/wp\/v2\/pages\/1667","targetHints":{"allow":["GET"]}}],"collection":[{"href":"https:\/\/dabgajwood.com\/de\/wp-json\/wp\/v2\/pages"}],"about":[{"href":"https:\/\/dabgajwood.com\/de\/wp-json\/wp\/v2\/types\/page"}],"author":[{"embeddable":true,"href":"https:\/\/dabgajwood.com\/de\/wp-json\/wp\/v2\/users\/1"}],"replies":[{"embeddable":true,"href":"https:\/\/dabgajwood.com\/de\/wp-json\/wp\/v2\/comments?post=1667"}],"version-history":[{"count":2,"href":"https:\/\/dabgajwood.com\/de\/wp-json\/wp\/v2\/pages\/1667\/revisions"}],"predecessor-version":[{"id":1825,"href":"https:\/\/dabgajwood.com\/de\/wp-json\/wp\/v2\/pages\/1667\/revisions\/1825"}],"wp:attachment":[{"href":"https:\/\/dabgajwood.com\/de\/wp-json\/wp\/v2\/media?parent=1667"}],"curies":[{"name":"wp","href":"https:\/\/api.w.org\/{rel}","templated":true}]}}