{"id":1666,"date":"2024-11-14T12:59:47","date_gmt":"2024-11-14T11:59:47","guid":{"rendered":"https:\/\/dabgajwood.com\/?page_id=770"},"modified":"2025-05-13T14:18:46","modified_gmt":"2025-05-13T12:18:46","slug":"bewegliches-bohlensystem","status":"publish","type":"page","link":"https:\/\/dabgajwood.com\/de\/bewegliches-bohlensystem\/","title":{"rendered":"Bewegliches Brettsystem"},"content":{"rendered":"<section class=\"l-section wpb_row height_small\"><div class=\"l-section-h i-cf\"><div class=\"g-cols vc_row via_flex valign_middle type_default stacking_default\"><div class=\"vc_col-sm-12 wpb_column vc_column_container\"><div class=\"vc_column-inner\"><div class=\"wpb_wrapper\"><div class=\"wpb_text_column\"><div class=\"wpb_wrapper\"><p>Immer mehr Menschen suchen bei der Gestaltung ihres Gartens oder ihrer Terrasse nach L\u00f6sungen, die Funktionalit\u00e4t mit \u00c4sthetik verbinden. Das bewegliche Brettsystem ist ein modernes Konzept, mit dem Sie Holzstrukturen schaffen k\u00f6nnen, die Ihren individuellen Bed\u00fcrfnissen entsprechen. Es kann sowohl in kleinen G\u00e4rten als auch in gr\u00f6\u00dferen \u00f6ffentlichen R\u00e4umen wie Parks eingesetzt werden. D\u0105b Gaj Wood bietet sowohl Standardprodukte als auch die M\u00f6glichkeit von Sonderanfertigungen, die Ihnen v\u00f6llige Freiheit bei der Gestaltung Ihres Raumes geben. Wir legen gro\u00dfen Wert auf die Qualit\u00e4t der Materialien, die Langlebigkeit und Witterungsbest\u00e4ndigkeit garantieren. So k\u00f6nnen wir uns viele Jahre lang an der Sch\u00f6nheit des Holzes erfreuen. Das System ist sowohl ein dekoratives Element als auch eine funktionelle L\u00f6sung, die den Komfort des Raumes erh\u00f6ht.<\/p>\n<\/div><\/div><div class=\"w-separator size_medium\"><\/div><div class=\"g-cols wpb_row via_flex valign_middle type_default stacking_default\"><div class=\"vc_col-sm-6 wpb_column vc_column_container\"><div class=\"vc_column-inner\"><div class=\"wpb_wrapper\"><div class=\"wpb_text_column\"><div class=\"wpb_wrapper\"><h2>Was genau ist ein Moving-Board-System?<\/h2>\n<p>Das bewegliche Plattensystem besteht aus Holzplatten, die je nach Bedarf verschoben, gedreht oder angepasst werden k\u00f6nnen. Dank ihrer Mobilit\u00e4t k\u00f6nnen wir den Raum so anpassen, wie es unseren Erwartungen entspricht, sowohl in Bezug auf die Praktikabilit\u00e4t als auch auf die \u00c4sthetik. Diese Art von Struktur erfreut sich dank ihrer Flexibilit\u00e4t und ihres modernen Designs immer gr\u00f6\u00dferer Beliebtheit und ist eine hervorragende L\u00f6sung sowohl f\u00fcr private G\u00e4rten als auch f\u00fcr gewerbliche R\u00e4ume wie Restaurants oder Hotels.<\/p>\n<p>Bewegliche Platten erm\u00f6glichen eine dynamische Anpassung des Raums - wir k\u00f6nnen die Menge an Licht, die in den Pavillon oder die Terrasse eindringt, anpassen, Schatten an den hei\u00dfesten Tagen schaffen und vollst\u00e4ndige Privatsph\u00e4re bieten, wenn wir sie brauchen. Dank eines einfachen Mechanismus k\u00f6nnen wir die Konfiguration der Paneele je nach Wetter, Tageszeit oder Art der Aktivit\u00e4t \u00e4ndern. Dies ist eine \u00e4u\u00dferst praktische L\u00f6sung, die uns die Freiheit gibt, den Raum nach unseren aktuellen Bed\u00fcrfnissen zu gestalten. Die beweglichen Paneele verleihen der Umgebung einen modernen und eleganten Charakter, w\u00e4hrend sie dank der Verwendung nat\u00fcrlicher Materialien gleichzeitig ein Element der Naturverbundenheit einbringen.<\/p>\n<\/div><\/div><\/div><\/div><\/div><div class=\"vc_col-sm-6 wpb_column vc_column_container\"><div class=\"vc_column-inner\"><div class=\"wpb_wrapper\"><div class=\"w-image us_custom_81dbcac1 align_center\"><div class=\"w-image-h\"><img data-recalc-dims=\"1\" decoding=\"async\" width=\"1024\" height=\"722\" src=\"https:\/\/i0.wp.com\/dabgajwood.com\/wp-content\/uploads\/2024\/10\/weihe-gartenlauben-aus-holz.jpg?resize=1024%2C722&#038;ssl=1\" class=\"attachment-large size-large\" alt=\"Ein moderner Gartenpavillon mit rustikalen Holzm\u00f6beln zeigt die \u00c4sthetik von Gartenlauben aus Holz.\" loading=\"lazy\" srcset=\"https:\/\/i0.wp.com\/dabgajwood.com\/wp-content\/uploads\/2024\/10\/weihe-gartenlauben-aus-holz.jpg?resize=1024%2C722&amp;ssl=1 1024w, https:\/\/i0.wp.com\/dabgajwood.com\/wp-content\/uploads\/2024\/10\/weihe-gartenlauben-aus-holz.jpg?resize=300%2C211&amp;ssl=1 300w, https:\/\/i0.wp.com\/dabgajwood.com\/wp-content\/uploads\/2024\/10\/weihe-gartenlauben-aus-holz.jpg?resize=200%2C141&amp;ssl=1 200w, https:\/\/i0.wp.com\/dabgajwood.com\/wp-content\/uploads\/2024\/10\/weihe-gartenlauben-aus-holz.jpg?resize=400%2C282&amp;ssl=1 400w, https:\/\/i0.wp.com\/dabgajwood.com\/wp-content\/uploads\/2024\/10\/weihe-gartenlauben-aus-holz.jpg?w=1135&amp;ssl=1 1135w\" sizes=\"auto, (max-width: 1024px) 100vw, 1024px\" \/><\/div><\/div><\/div><\/div><\/div><\/div><\/div><\/div><\/div><\/div><\/div><\/section><section class=\"l-section wpb_row us_custom_eac59c77 height_small\"><div class=\"l-section-h i-cf\"><div class=\"g-cols vc_row via_flex valign_top type_default stacking_default\"><div class=\"vc_col-sm-12 wpb_column vc_column_container\"><div class=\"vc_column-inner\"><div class=\"wpb_wrapper\"><div class=\"wpb_text_column\"><div class=\"wpb_wrapper\"><h2>Welche Anwendungen gibt es f\u00fcr das System der beweglichen Platte?<\/h2>\n<p>Die Anwendungsm\u00f6glichkeiten f\u00fcr das bewegliche Tafelsystem sind zahlreich, und durch ihre Vielseitigkeit eignen sie sich ideal f\u00fcr unterschiedliche Nutzerbed\u00fcrfnisse. Sie k\u00f6nnen in einer Vielzahl von Formen verwendet werden, wie zum Beispiel:<\/p>\n<ul>\n<li>Bewegliche Gartenlaubenw\u00e4nde: Sie erm\u00f6glichen es Ihnen, den Grad der Privatsph\u00e4re in Ihrer Gartenlaube leicht anzupassen. Je nach Ihren Bed\u00fcrfnissen k\u00f6nnen sie geschlossen werden, um einen gem\u00fctlichen Ort zum Entspannen zu schaffen, oder ge\u00f6ffnet werden, um die frische Luft und die Natur zu genie\u00dfen.<\/li>\n<li>Terrassen\u00fcberdachungen: Ideal zur Regulierung der Lichtmenge auf der Terrasse und zum Schutz vor Wind, um zu verschiedenen Jahreszeiten eine angenehme Umgebung zur Entspannung zu schaffen.<\/li>\n<li>Pergola-Elemente: Sie erm\u00f6glichen es, schattige Sitzpl\u00e4tze zu schaffen. Die beweglichen Elemente k\u00f6nnen verschoben werden, um den Grad der Sonneneinstrahlung zu regulieren und den Benutzern der Pergola maximalen Komfort zu bieten.<\/li>\n<li>Jalousien f\u00fcr die Fassade: Eine gro\u00dfartige L\u00f6sung zur Steuerung des Sonnenlichteinfalls in ein Geb\u00e4ude. Diese Jalousien verbessern nicht nur den thermischen Komfort, sondern sind auch ein attraktives Fassadenelement, das dem Geb\u00e4ude ein modernes Aussehen verleiht.<\/li>\n<li>Dekorative Elemente f\u00fcr den Innenbereich: Das bewegliche Dielensystem kann auch im Innenbereich als einzigartiges Einrichtungselement verwendet werden. Die Dielen k\u00f6nnen als Raumteiler oder als dekorativer Hintergrund verwendet werden und verleihen R\u00e4umen eine gem\u00fctliche, nat\u00fcrliche Atmosph\u00e4re.<\/li>\n<\/ul>\n<p>Dank ihrer Vielseitigkeit eignen sie sich f\u00fcr nahezu jeden Gartenstil - von minimalistischen Arrangements bis hin zu klassischen, rustikalen Einrichtungen. Das System der beweglichen Bretter verbindet auf perfekte Weise \u00c4sthetik mit Funktionalit\u00e4t und passt sich den unterschiedlichen Anforderungen der Nutzer an.<\/p>\n<h2>Lohnt es sich, sich f\u00fcr ein System mit beweglichen Platten zu entscheiden?<\/h2>\n<p>Wenn wir uns f\u00fcr ein bewegliches Plattensystem entscheiden, erhalten wir eine L\u00f6sung, die im Garten nicht nur \u00e4sthetisch ansprechend aussieht, sondern auch eine hohe Funktionalit\u00e4t bietet. Wir k\u00f6nnen den Lichtfluss regulieren, die Bel\u00fcftung steuern und auf nat\u00fcrliche Weise private R\u00e4ume schaffen. Dieses System ist perfekt f\u00fcr alle, die innovative und gleichzeitig \u00f6kologische L\u00f6sungen sch\u00e4tzen, um den Charme ihres Gartens oder ihrer Terrasse zu verbessern.<\/p>\n<h2>Strukturen aus einem beweglichen Plankensystem<\/h2>\n<p>Das bewegliche Bohlensystem bietet eine breite Palette von M\u00f6glichkeiten f\u00fcr den Bau verschiedener Strukturen:<\/p>\n<ul>\n<li><a href=\"\/de\/holzpergolen\/\">Pergolen aus Holz<\/a>Ideal, um einen schattigen Sitzbereich zu schaffen. Mit den beweglichen Elementen k\u00f6nnen Sie den Lichteinfall unter der Pergola f\u00fcr eine angenehme Ruhezeit anpassen.<\/li>\n<li><a href=\"\/de\/wande-fur-holzpavillons\/\">W\u00e4nde f\u00fcr Holzpavillons<\/a>: Die beweglichen W\u00e4nde bieten Ihnen die M\u00f6glichkeit, den Charakter Ihres Pavillons dynamisch zu ver\u00e4ndern. Sie k\u00f6nnen f\u00fcr mehr Privatsph\u00e4re geschlossen oder ge\u00f6ffnet werden, um mehr Luft und Licht hereinzulassen.<\/li>\n<li><a href=\"\/de\/bewegliche-holzjalousien-nach-mas\/\">Bewegliche Holzjalousien<\/a>: Sie eignen sich hervorragend als Fassadenschutz und erm\u00f6glichen es Ihnen, die Sonneneinstrahlung auf Ihr Haus oder Ihre Gartenlaube zu regulieren und Ihren Raum angenehmer zu gestalten.<\/li>\n<\/ul>\n<\/div><\/div><div class=\"wpb_text_column\"><div class=\"wpb_wrapper\"><details>\n<summary>Mehr lesen<\/summary>\n<h2>Wie pflegt man ein bewegliches Brettsystem?<\/h2>\n<p>Holzelemente brauchen die richtige Pflege, um viele Jahre lang zu halten. Es ist notwendig, das Holz regelm\u00e4\u00dfig zu impr\u00e4gnieren, um es vor Feuchtigkeit, Schimmel und Insekten zu sch\u00fctzen. D\u0105b Gaj Wood bietet Impr\u00e4gniermittel an, um das Holz zu sch\u00fctzen und sein nat\u00fcrliches Aussehen zu erhalten. Au\u00dferdem ist es wichtig, die Bretter nicht \u00fcber l\u00e4ngere Zeit \u00fcberm\u00e4\u00dfiger Sonneneinstrahlung auszusetzen, und es ist am besten, die Struktur im Winter mit zus\u00e4tzlichen Abdeckungen zu sch\u00fctzen.<\/p>\n<h2>Bewegliches Dielensystem der Serie D\u0105b Gaj Wood<\/h2>\n<p>D\u0105b Gaj Wood hat sich auf die Herstellung hochwertiger L\u00f6sungen spezialisiert, die nicht nur \u00e4sthetisch ansprechend, sondern auch langlebig sind. Das Angebot umfasst eine Vielzahl von Materialoptionen, von eher klassischen bis hin zu modernen, minimalistischen Designs. Jedes System wird auf die individuellen Bed\u00fcrfnisse des Kunden zugeschnitten, so dass Strukturen geschaffen werden k\u00f6nnen, die perfekt mit ihrer Umgebung harmonieren. Das Team von D\u0105b Gaj Wood bietet Unterst\u00fctzung in jeder Phase - von der Produktauswahl bis zur Installation und Wartung.<\/p>\n<p>Das bewegliche Brettsystem von D\u0105b Gaj Wood ist eine Investition in Komfort, Privatsph\u00e4re und \u00c4sthetik, die sich perfekt in eine Vielzahl von Gartenr\u00e4umen einf\u00fcgt. Ob es sich um eine Pergola, einen Pavillon oder bewegliche Jalousien handelt, die nat\u00fcrliche Sch\u00f6nheit von Holz erh\u00e4lt durch bewegliche Elemente eine neue Dimension, und wir k\u00f6nnen einen Raum genie\u00dfen, der auf unsere Bed\u00fcrfnisse zugeschnitten ist.<\/p>\n<\/details>\n<\/div><\/div><\/div><\/div><\/div><\/div><\/div><\/section>","protected":false},"excerpt":{"rendered":"Coraz wi\u0119cej os\u00f3b poszukuje rozwi\u0105za\u0144 \u0142\u0105cz\u0105cych funkcjonalno\u015b\u0107 z estetyk\u0105 w aran\u017cacji ogrodu czy tarasu. System ruchomych desek to nowoczesny koncept, kt\u00f3ry pozwala tworzy\u0107 konstrukcje drewniane, odpowiadaj\u0105ce indywidualnym potrzebom u\u017cytkownika. Mo\u017ce by\u0107 stosowany zar\u00f3wno w ma\u0142ych ogr\u00f3dkach, jak i w wi\u0119kszych przestrzeniach publicznych, takich jak parki. Firma D\u0105b Gaj Wood oferuje produkty standardowe oraz mo\u017cliwo\u015b\u0107 realizacji...","protected":false},"author":1,"featured_media":0,"parent":0,"menu_order":0,"comment_status":"closed","ping_status":"closed","template":"","meta":{"_acf_changed":false,"footnotes":""},"class_list":["post-1666","page","type-page","status-publish","hentry"],"acf":[],"yoast_head":"<!-- This site is optimized with the Yoast SEO plugin v26.2 - https:\/\/yoast.com\/wordpress\/plugins\/seo\/ -->\n<title>System ruchomych desek - D\u0105b Gaj Wood<\/title>\n<meta name=\"robots\" content=\"index, follow, max-snippet:-1, max-image-preview:large, max-video-preview:-1\" \/>\n<link rel=\"canonical\" href=\"https:\/\/dabgajwood.com\/de\/bewegliches-bohlensystem\/\" \/>\n<meta property=\"og:locale\" content=\"de_DE\" \/>\n<meta property=\"og:type\" content=\"article\" \/>\n<meta property=\"og:title\" content=\"System ruchomych desek - D\u0105b Gaj Wood\" \/>\n<meta property=\"og:url\" content=\"https:\/\/dabgajwood.com\/de\/bewegliches-bohlensystem\/\" \/>\n<meta property=\"og:site_name\" content=\"D\u0105b Gaj Wood\" \/>\n<meta property=\"article:modified_time\" content=\"2025-05-13T12:18:46+00:00\" \/>\n<meta name=\"twitter:card\" content=\"summary_large_image\" \/>\n<meta name=\"twitter:label1\" content=\"Gesch\u00e4tzte Lesezeit\" \/>\n\t<meta name=\"twitter:data1\" content=\"5\u00a0Minuten\" \/>\n<script type=\"application\/ld+json\" class=\"yoast-schema-graph\">{\"@context\":\"https:\/\/schema.org\",\"@graph\":[{\"@type\":\"WebPage\",\"@id\":\"https:\/\/dabgajwood.com\/system-ruchomych-desek\/\",\"url\":\"https:\/\/dabgajwood.com\/system-ruchomych-desek\/\",\"name\":\"System ruchomych desek - D\u0105b Gaj Wood\",\"isPartOf\":{\"@id\":\"https:\/\/dabgajwood.com\/#website\"},\"datePublished\":\"2024-11-14T11:59:47+00:00\",\"dateModified\":\"2025-05-13T12:18:46+00:00\",\"breadcrumb\":{\"@id\":\"https:\/\/dabgajwood.com\/system-ruchomych-desek\/#breadcrumb\"},\"inLanguage\":\"de\",\"potentialAction\":[{\"@type\":\"ReadAction\",\"target\":[\"https:\/\/dabgajwood.com\/system-ruchomych-desek\/\"]}]},{\"@type\":\"BreadcrumbList\",\"@id\":\"https:\/\/dabgajwood.com\/system-ruchomych-desek\/#breadcrumb\",\"itemListElement\":[{\"@type\":\"ListItem\",\"position\":1,\"name\":\"Strona g\u0142\u00f3wna\",\"item\":\"https:\/\/dabgajwood.com\/\"},{\"@type\":\"ListItem\",\"position\":2,\"name\":\"System ruchomych desek\"}]},{\"@type\":\"WebSite\",\"@id\":\"https:\/\/dabgajwood.com\/#website\",\"url\":\"https:\/\/dabgajwood.com\/\",\"name\":\"Dabgaj\",\"description\":\"\",\"publisher\":{\"@id\":\"https:\/\/dabgajwood.com\/#organization\"},\"potentialAction\":[{\"@type\":\"SearchAction\",\"target\":{\"@type\":\"EntryPoint\",\"urlTemplate\":\"https:\/\/dabgajwood.com\/?s={search_term_string}\"},\"query-input\":{\"@type\":\"PropertyValueSpecification\",\"valueRequired\":true,\"valueName\":\"search_term_string\"}}],\"inLanguage\":\"de\"},{\"@type\":\"Organization\",\"@id\":\"https:\/\/dabgajwood.com\/#organization\",\"name\":\"Dabgaj\",\"url\":\"https:\/\/dabgajwood.com\/\",\"logo\":{\"@type\":\"ImageObject\",\"inLanguage\":\"de\",\"@id\":\"https:\/\/dabgajwood.com\/#\/schema\/logo\/image\/\",\"url\":\"https:\/\/dabgajwood.com\/wp-content\/uploads\/2025\/03\/logo.png\",\"contentUrl\":\"https:\/\/dabgajwood.com\/wp-content\/uploads\/2025\/03\/logo.png\",\"width\":425,\"height\":70,\"caption\":\"Dabgaj\"},\"image\":{\"@id\":\"https:\/\/dabgajwood.com\/#\/schema\/logo\/image\/\"}}]}<\/script>\n<!-- \/ Yoast SEO plugin. -->","yoast_head_json":{"title":"System ruchomych desek - D\u0105b Gaj Wood","robots":{"index":"index","follow":"follow","max-snippet":"max-snippet:-1","max-image-preview":"max-image-preview:large","max-video-preview":"max-video-preview:-1"},"canonical":"https:\/\/dabgajwood.com\/de\/bewegliches-bohlensystem\/","og_locale":"de_DE","og_type":"article","og_title":"System ruchomych desek - D\u0105b Gaj Wood","og_url":"https:\/\/dabgajwood.com\/de\/bewegliches-bohlensystem\/","og_site_name":"D\u0105b Gaj Wood","article_modified_time":"2025-05-13T12:18:46+00:00","twitter_card":"summary_large_image","twitter_misc":{"Gesch\u00e4tzte Lesezeit":"5\u00a0Minuten"},"schema":{"@context":"https:\/\/schema.org","@graph":[{"@type":"WebPage","@id":"https:\/\/dabgajwood.com\/system-ruchomych-desek\/","url":"https:\/\/dabgajwood.com\/system-ruchomych-desek\/","name":"System ruchomych desek - D\u0105b Gaj Wood","isPartOf":{"@id":"https:\/\/dabgajwood.com\/#website"},"datePublished":"2024-11-14T11:59:47+00:00","dateModified":"2025-05-13T12:18:46+00:00","breadcrumb":{"@id":"https:\/\/dabgajwood.com\/system-ruchomych-desek\/#breadcrumb"},"inLanguage":"de","potentialAction":[{"@type":"ReadAction","target":["https:\/\/dabgajwood.com\/system-ruchomych-desek\/"]}]},{"@type":"BreadcrumbList","@id":"https:\/\/dabgajwood.com\/system-ruchomych-desek\/#breadcrumb","itemListElement":[{"@type":"ListItem","position":1,"name":"Strona g\u0142\u00f3wna","item":"https:\/\/dabgajwood.com\/"},{"@type":"ListItem","position":2,"name":"System ruchomych desek"}]},{"@type":"WebSite","@id":"https:\/\/dabgajwood.com\/#website","url":"https:\/\/dabgajwood.com\/","name":"Dabgaj","description":"","publisher":{"@id":"https:\/\/dabgajwood.com\/#organization"},"potentialAction":[{"@type":"SearchAction","target":{"@type":"EntryPoint","urlTemplate":"https:\/\/dabgajwood.com\/?s={search_term_string}"},"query-input":{"@type":"PropertyValueSpecification","valueRequired":true,"valueName":"search_term_string"}}],"inLanguage":"de"},{"@type":"Organization","@id":"https:\/\/dabgajwood.com\/#organization","name":"Dabgaj","url":"https:\/\/dabgajwood.com\/","logo":{"@type":"ImageObject","inLanguage":"de","@id":"https:\/\/dabgajwood.com\/#\/schema\/logo\/image\/","url":"https:\/\/dabgajwood.com\/wp-content\/uploads\/2025\/03\/logo.png","contentUrl":"https:\/\/dabgajwood.com\/wp-content\/uploads\/2025\/03\/logo.png","width":425,"height":70,"caption":"Dabgaj"},"image":{"@id":"https:\/\/dabgajwood.com\/#\/schema\/logo\/image\/"}}]}},"_links":{"self":[{"href":"https:\/\/dabgajwood.com\/de\/wp-json\/wp\/v2\/pages\/1666","targetHints":{"allow":["GET"]}}],"collection":[{"href":"https:\/\/dabgajwood.com\/de\/wp-json\/wp\/v2\/pages"}],"about":[{"href":"https:\/\/dabgajwood.com\/de\/wp-json\/wp\/v2\/types\/page"}],"author":[{"embeddable":true,"href":"https:\/\/dabgajwood.com\/de\/wp-json\/wp\/v2\/users\/1"}],"replies":[{"embeddable":true,"href":"https:\/\/dabgajwood.com\/de\/wp-json\/wp\/v2\/comments?post=1666"}],"version-history":[{"count":2,"href":"https:\/\/dabgajwood.com\/de\/wp-json\/wp\/v2\/pages\/1666\/revisions"}],"predecessor-version":[{"id":1826,"href":"https:\/\/dabgajwood.com\/de\/wp-json\/wp\/v2\/pages\/1666\/revisions\/1826"}],"wp:attachment":[{"href":"https:\/\/dabgajwood.com\/de\/wp-json\/wp\/v2\/media?parent=1666"}],"curies":[{"name":"wp","href":"https:\/\/api.w.org\/{rel}","templated":true}]}}