{"id":1664,"date":"2024-11-14T11:09:57","date_gmt":"2024-11-14T10:09:57","guid":{"rendered":"https:\/\/dabgajwood.com\/?page_id=767"},"modified":"2025-05-13T14:14:14","modified_gmt":"2025-05-13T12:14:14","slug":"balkonbretter","status":"publish","type":"page","link":"https:\/\/dabgajwood.com\/de\/balkonbretter\/","title":{"rendered":"Dielen f\u00fcr Balkonnischen"},"content":{"rendered":"<section class=\"l-section wpb_row height_small\"><div class=\"l-section-h i-cf\"><div class=\"g-cols vc_row via_flex valign_middle type_default stacking_default\"><div class=\"vc_col-sm-12 wpb_column vc_column_container\"><div class=\"vc_column-inner\"><div class=\"wpb_wrapper\"><div class=\"wpb_text_column\"><div class=\"wpb_wrapper\"><p>Der Balkon ist ein Raum, der zu einem einzigartigen Ort der Entspannung werden kann, voller Stil und Funktionalit\u00e4t. Man kann dort die frische Luft genie\u00dfen, sich nach einem anstrengenden Tag entspannen oder Zeit mit seinen Lieben verbringen, und mit der richtigen Einrichtung wird er noch gem\u00fctlicher und stilvoller. Um eine gem\u00fctliche und \u00e4sthetisch ansprechende Umgebung zu schaffen, lohnt es sich, auf die richtige Ausf\u00fchrung von Balkonnischen zu setzen. D\u0105b Gaj Wood bietet L\u00f6sungen an, die Ihrem Balkon einen neuen Charakter verleihen und sowohl Sch\u00f6nheit als auch Funktionalit\u00e4t bieten. Ein solches Produkt sind Balkonnischenbretter, die eine ideale M\u00f6glichkeit darstellen, Ihren Raum \u00e4sthetisch und dauerhaft zu veredeln.<\/p>\n<h2>Balkonnutzungsplatten - wozu sind sie gut?<\/h2>\n<p>Nischenplatten sind eine praktische und \u00e4sthetisch ansprechende Art, einen Raum zu veredeln. Sie eignen sich ideal als Nischenverkleidung und verdecken unsch\u00f6ne Elemente wie Installationen, Zwischenr\u00e4ume zwischen S\u00e4ulen oder Wandunregelm\u00e4\u00dfigkeiten. Dank ihnen wird das Innere des Balkons geordneter und der Ort selbst erh\u00e4lt einen eleganten Charakter. Diese Materialien k\u00f6nnen auch als dekoratives Element verwendet werden und verleihen den Nischen einen nat\u00fcrlichen Holzakzent, der sich harmonisch in das Gr\u00fcn der Pflanzen und das Gesamtbild des Balkons einf\u00fcgt. Sie k\u00f6nnen auch die perfekte Kulisse f\u00fcr Blument\u00f6pfe bilden, die den nat\u00fcrlichen Charakter des Raumes noch verst\u00e4rken. Dar\u00fcber hinaus bieten die Dielen einen zus\u00e4tzlichen Schutz vor ung\u00fcnstigen Witterungsbedingungen, indem sie das Innere der Nischen vor Feuchtigkeit und \u00fcberm\u00e4\u00dfiger Sonneneinstrahlung sch\u00fctzen, was die Haltbarkeit der Balkonstruktur erh\u00f6ht und den Nutzungskomfort verbessert.<\/p>\n<\/div><\/div><div class=\"w-separator size_medium\"><\/div><div class=\"g-cols wpb_row via_flex valign_middle type_default stacking_default\"><div class=\"vc_col-sm-6 wpb_column vc_column_container\"><div class=\"vc_column-inner\"><div class=\"wpb_wrapper\"><div class=\"wpb_text_column\"><div class=\"wpb_wrapper\"><h2>Warum sollten Sie sich bei der Gestaltung von Balkonnischen f\u00fcr Dielen entscheiden?<\/h2>\n<p>Die beschriebenen Materialien bieten nicht nur eine \u00e4sthetisch ansprechende, sondern auch eine praktische L\u00f6sung. Sie erm\u00f6glichen es, weniger attraktive Elemente der Balkonstruktur, wie Rohre, Leitungen oder andere technische Installationen, zu verbergen und so einen harmonischen Raum zu schaffen. Gleichzeitig verleihen sie dem Raum eine einzigartige, gem\u00fctliche Atmosph\u00e4re, die zum Entspannen und Faulenzen im Freien einl\u00e4dt.<\/p>\n<p>Mit der Wahl von Naturholz bringen Sie eine W\u00e4rme und Eleganz auf Ihren Balkon, die mit anderen Materialien nicht m\u00f6glich ist. Im Vergleich zu Metall oder Kunststoff verleiht Holz dem Innenraum eine einladende, organische Ausstrahlung, die sich perfekt mit Pflanzen, Textilien und anderen dekorativen Elementen wie T\u00f6pfen, Beleuchtung und Balkonm\u00f6beln kombinieren l\u00e4sst. Dar\u00fcber hinaus unterstreicht die h\u00f6lzerne Ausf\u00fchrung der Nischen den nat\u00fcrlichen Stil des Balkons, schafft eine angenehme Atmosph\u00e4re und vermittelt das Gef\u00fchl, der Natur nahe zu sein. Auf diese Weise wird ein Raum geschaffen, der zur Entspannung einl\u00e4dt und das Auge \u00fcber viele Jahreszeiten hinweg erfreut.<\/p>\n<\/div><\/div><\/div><\/div><\/div><div class=\"vc_col-sm-6 wpb_column vc_column_container\"><div class=\"vc_column-inner\"><div class=\"wpb_wrapper\"><div class=\"w-image us_custom_81dbcac1 align_center\"><div class=\"w-image-h\"><img data-recalc-dims=\"1\" decoding=\"async\" width=\"1024\" height=\"722\" src=\"https:\/\/i0.wp.com\/dabgajwood.com\/wp-content\/uploads\/2024\/10\/weihe-gartenlauben-aus-holz.jpg?resize=1024%2C722&#038;ssl=1\" class=\"attachment-large size-large\" alt=\"Ein moderner Gartenpavillon mit rustikalen Holzm\u00f6beln zeigt die \u00c4sthetik von Gartenlauben aus Holz.\" loading=\"lazy\" srcset=\"https:\/\/i0.wp.com\/dabgajwood.com\/wp-content\/uploads\/2024\/10\/weihe-gartenlauben-aus-holz.jpg?resize=1024%2C722&amp;ssl=1 1024w, https:\/\/i0.wp.com\/dabgajwood.com\/wp-content\/uploads\/2024\/10\/weihe-gartenlauben-aus-holz.jpg?resize=300%2C211&amp;ssl=1 300w, https:\/\/i0.wp.com\/dabgajwood.com\/wp-content\/uploads\/2024\/10\/weihe-gartenlauben-aus-holz.jpg?resize=200%2C141&amp;ssl=1 200w, https:\/\/i0.wp.com\/dabgajwood.com\/wp-content\/uploads\/2024\/10\/weihe-gartenlauben-aus-holz.jpg?resize=400%2C282&amp;ssl=1 400w, https:\/\/i0.wp.com\/dabgajwood.com\/wp-content\/uploads\/2024\/10\/weihe-gartenlauben-aus-holz.jpg?w=1135&amp;ssl=1 1135w\" sizes=\"auto, (max-width: 1024px) 100vw, 1024px\" \/><\/div><\/div><\/div><\/div><\/div><\/div><\/div><\/div><\/div><\/div><\/div><\/section><section class=\"l-section wpb_row us_custom_eac59c77 height_small\"><div class=\"l-section-h i-cf\"><div class=\"g-cols vc_row via_flex valign_top type_default stacking_default\"><div class=\"vc_col-sm-12 wpb_column vc_column_container\"><div class=\"vc_column-inner\"><div class=\"wpb_wrapper\"><div class=\"wpb_text_column\"><div class=\"wpb_wrapper\"><h2>Welche Dielen f\u00fcr Balkonnischen empfehlen wir?<\/h2>\n<p>Bei D\u0105b Gaj Wood bieten wir Balkonnischen aus hochwertigem Holz an. Sie haben die Wahl zwischen verschiedenen Varianten mit unterschiedlichen Farbgebungen, so dass Sie die Farbe an die \u00fcbrige Gestaltung Ihres Balkons anpassen k\u00f6nnen. Unsere Produkte werden aus Eiche, Kiefer oder exotischen Holzarten hergestellt, die witterungsbest\u00e4ndig sind, so dass die Materialien viele Jahre lang ihr Aussehen behalten. Wir sorgen daf\u00fcr, dass das Holz ordnungsgem\u00e4\u00df impr\u00e4gniert und gesch\u00fctzt wird, um die Haltbarkeit und Sch\u00f6nheit des Produkts zu gew\u00e4hrleisten.<\/p>\n<h2>Balkonnischen - wie pflegt man sie?<\/h2>\n<p>Damit Ihre Balkonbretter lange sch\u00f6n bleiben, ist es ratsam, sie richtig zu pflegen. Hier sind einige Schritte, die Ihnen helfen, sie in einem ausgezeichneten Zustand zu halten:<\/p>\n<ul>\n<li>Regelm\u00e4\u00dfige Reinigung: Es wird empfohlen, die Oberfl\u00e4che der Platten regelm\u00e4\u00dfig zu reinigen, um Staub und Schmutz zu entfernen. Am besten verwenden Sie eine weiche B\u00fcrste oder ein feuchtes Tuch, um Sch\u00e4den zu vermeiden.<\/li>\n<li>Impr\u00e4gnierung alle paar Jahre: Alle paar Jahre ist es ratsam, die Impr\u00e4gnierung mit geeigneten Holzprodukten zu erneuern, die die Bretter vor Feuchtigkeit und UV-Strahlung sch\u00fctzen. Dadurch wird das Holz widerstandsf\u00e4higer gegen Witterungseinfl\u00fcsse.<\/li>\n<li>Schutz vor Feuchtigkeit: Versuchen Sie zu vermeiden, dass die Bretter l\u00e4ngere Zeit mit Wasser in Ber\u00fchrung kommen. Wenn der Balkon nicht \u00fcberdacht ist, ist es eine gute Idee, die Bretter f\u00fcr die Dauer des Regens abzudecken.<\/li>\n<li>Verwendung von geeigneten Pr\u00e4paraten: W\u00e4hlen Sie Schutzmittel, die speziell f\u00fcr Holz im Au\u00dfenbereich geeignet sind. Diese Produkte bieten einen zus\u00e4tzlichen Schutz und erhalten die nat\u00fcrliche Farbe des Holzes.<\/li>\n<li>\u00dcberpr\u00fcfen Sie den Zustand des Holzes: \u00dcberpr\u00fcfen Sie regelm\u00e4\u00dfig den Zustand der Bretter. F\u00fchren Sie bei Bedarf kleinere Reparaturen durch, z. B. das F\u00fcllen von L\u00fccken oder das Ausbessern kleiner Risse, um gr\u00f6\u00dfere Sch\u00e4den zu vermeiden.<\/li>\n<\/ul>\n<p>Holz ist ein nat\u00fcrliches Material, das auf elegante Weise altern kann, aber die richtige Pflege verl\u00e4ngert seine Lebensdauer und \u00c4sthetik f\u00fcr die n\u00e4chsten Jahre.<\/p>\n<\/div><\/div><div class=\"wpb_text_column\"><div class=\"wpb_wrapper\"><details>\n<summary>Mehr lesen<\/summary>\n<h2>Balkonbretter und andere Produkte von D\u0105b Gaj Wood<\/h2>\n<p>D\u0105b Gaj Wood ist ein Experte f\u00fcr Holzverkleidungen im Au\u00dfenbereich. Neben Dielen f\u00fcr Balkonnischen, bieten wir auch:<\/p>\n<ul>\n<li><a href=\"\/de\/gartenlaubenbretter\/\">Gazebo-Bretter<\/a> - ideal f\u00fcr die Schaffung eines gem\u00fctlichen und \u00e4sthetisch ansprechenden Pavillons im Garten.<\/li>\n<li><a href=\"\/de\/holzplatten-fur-eine-terrasse\/\">Holzplatten f\u00fcr die Terrasse<\/a> - eine elegante Oberfl\u00e4che, die Ihrer Terrasse ein einzigartiges Aussehen verleiht.<\/li>\n<li><a href=\"\/de\/bewegliche-terrassenjalousien-aus-holz\/\">Bewegliche Terrassenjalousien aus Holz<\/a> - erm\u00f6glichen die Regulierung der Lichtmenge und sind gleichzeitig ein stilvolles dekoratives Element.<\/li>\n<li><a href=\"\/de\/bewegliches-bohlensystem\/\">Bewegliches Brettsystem<\/a> - eine innovative L\u00f6sung zur Schaffung eines flexiblen Raums.<\/li>\n<\/ul>\n<h2>Kontaktieren Sie uns f\u00fcr Details<\/h2>\n<p>Wenn Sie mehr \u00fcber unsere Balkonplatten oder andere Produkte erfahren m\u00f6chten, k\u00f6nnen Sie sich gerne an uns wenden. Wir beraten Sie gerne und helfen Ihnen bei der Auswahl der richtigen L\u00f6sungen, die perfekt auf Ihre Bed\u00fcrfnisse zugeschnitten sind. Wenden Sie sich an D\u0105b Gaj Wood, um Ihren Balkon, Ihre Terrasse oder Ihren Garten zu einem Ort zu machen, an dem sich Natur und \u00c4sthetik zu einem harmonischen Ganzen verbinden.<\/p>\n<\/details>\n<\/div><\/div><\/div><\/div><\/div><\/div><\/div><\/section>","protected":false},"excerpt":{"rendered":"Balkon to przestrze\u0144, kt\u00f3ra mo\u017ce sta\u0107 si\u0119 wyj\u0105tkowym miejscem relaksu, pe\u0142nym stylu i funkcjonalno\u015bci. Mo\u017cna tam cieszy\u0107 si\u0119 \u015bwie\u017cym powietrzem, odpoczywa\u0107 po ci\u0119\u017ckim dniu lub sp\u0119dza\u0107 czas z bliskimi, a odpowiednia aran\u017cacja sprawi, \u017ce stanie si\u0119 ono jeszcze bardziej komfortowe i stylowe. Aby stworzy\u0107 przytulne i estetyczne otoczenie, warto postawi\u0107 na odpowiednie wyko\u0144czenie wn\u0119k balkonowych....","protected":false},"author":1,"featured_media":0,"parent":0,"menu_order":0,"comment_status":"closed","ping_status":"closed","template":"","meta":{"_acf_changed":false,"footnotes":""},"class_list":["post-1664","page","type-page","status-publish","hentry"],"acf":[],"yoast_head":"<!-- This site is optimized with the Yoast SEO plugin v26.2 - https:\/\/yoast.com\/wordpress\/plugins\/seo\/ -->\n<title>Deseczki do wn\u0119k balkonowych - D\u0105b Gaj Wood<\/title>\n<meta name=\"robots\" content=\"index, follow, max-snippet:-1, max-image-preview:large, max-video-preview:-1\" \/>\n<link rel=\"canonical\" href=\"https:\/\/dabgajwood.com\/de\/balkonbretter\/\" \/>\n<meta property=\"og:locale\" content=\"de_DE\" \/>\n<meta property=\"og:type\" content=\"article\" \/>\n<meta property=\"og:title\" content=\"Deseczki do wn\u0119k balkonowych - D\u0105b Gaj Wood\" \/>\n<meta property=\"og:url\" content=\"https:\/\/dabgajwood.com\/de\/balkonbretter\/\" \/>\n<meta property=\"og:site_name\" content=\"D\u0105b Gaj Wood\" \/>\n<meta property=\"article:modified_time\" content=\"2025-05-13T12:14:14+00:00\" \/>\n<meta name=\"twitter:card\" content=\"summary_large_image\" \/>\n<meta name=\"twitter:label1\" content=\"Gesch\u00e4tzte Lesezeit\" \/>\n\t<meta name=\"twitter:data1\" content=\"5\u00a0Minuten\" \/>\n<script type=\"application\/ld+json\" class=\"yoast-schema-graph\">{\"@context\":\"https:\/\/schema.org\",\"@graph\":[{\"@type\":\"WebPage\",\"@id\":\"https:\/\/dabgajwood.com\/deseczki-do-wnek-balkonowych\/\",\"url\":\"https:\/\/dabgajwood.com\/deseczki-do-wnek-balkonowych\/\",\"name\":\"Deseczki do wn\u0119k balkonowych - D\u0105b Gaj Wood\",\"isPartOf\":{\"@id\":\"https:\/\/dabgajwood.com\/#website\"},\"datePublished\":\"2024-11-14T10:09:57+00:00\",\"dateModified\":\"2025-05-13T12:14:14+00:00\",\"breadcrumb\":{\"@id\":\"https:\/\/dabgajwood.com\/deseczki-do-wnek-balkonowych\/#breadcrumb\"},\"inLanguage\":\"de\",\"potentialAction\":[{\"@type\":\"ReadAction\",\"target\":[\"https:\/\/dabgajwood.com\/deseczki-do-wnek-balkonowych\/\"]}]},{\"@type\":\"BreadcrumbList\",\"@id\":\"https:\/\/dabgajwood.com\/deseczki-do-wnek-balkonowych\/#breadcrumb\",\"itemListElement\":[{\"@type\":\"ListItem\",\"position\":1,\"name\":\"Strona g\u0142\u00f3wna\",\"item\":\"https:\/\/dabgajwood.com\/\"},{\"@type\":\"ListItem\",\"position\":2,\"name\":\"Deseczki do wn\u0119k balkonowych\"}]},{\"@type\":\"WebSite\",\"@id\":\"https:\/\/dabgajwood.com\/#website\",\"url\":\"https:\/\/dabgajwood.com\/\",\"name\":\"Dabgaj\",\"description\":\"\",\"publisher\":{\"@id\":\"https:\/\/dabgajwood.com\/#organization\"},\"potentialAction\":[{\"@type\":\"SearchAction\",\"target\":{\"@type\":\"EntryPoint\",\"urlTemplate\":\"https:\/\/dabgajwood.com\/?s={search_term_string}\"},\"query-input\":{\"@type\":\"PropertyValueSpecification\",\"valueRequired\":true,\"valueName\":\"search_term_string\"}}],\"inLanguage\":\"de\"},{\"@type\":\"Organization\",\"@id\":\"https:\/\/dabgajwood.com\/#organization\",\"name\":\"Dabgaj\",\"url\":\"https:\/\/dabgajwood.com\/\",\"logo\":{\"@type\":\"ImageObject\",\"inLanguage\":\"de\",\"@id\":\"https:\/\/dabgajwood.com\/#\/schema\/logo\/image\/\",\"url\":\"https:\/\/dabgajwood.com\/wp-content\/uploads\/2025\/03\/logo.png\",\"contentUrl\":\"https:\/\/dabgajwood.com\/wp-content\/uploads\/2025\/03\/logo.png\",\"width\":425,\"height\":70,\"caption\":\"Dabgaj\"},\"image\":{\"@id\":\"https:\/\/dabgajwood.com\/#\/schema\/logo\/image\/\"}}]}<\/script>\n<!-- \/ Yoast SEO plugin. -->","yoast_head_json":{"title":"Deseczki do wn\u0119k balkonowych - D\u0105b Gaj Wood","robots":{"index":"index","follow":"follow","max-snippet":"max-snippet:-1","max-image-preview":"max-image-preview:large","max-video-preview":"max-video-preview:-1"},"canonical":"https:\/\/dabgajwood.com\/de\/balkonbretter\/","og_locale":"de_DE","og_type":"article","og_title":"Deseczki do wn\u0119k balkonowych - D\u0105b Gaj Wood","og_url":"https:\/\/dabgajwood.com\/de\/balkonbretter\/","og_site_name":"D\u0105b Gaj Wood","article_modified_time":"2025-05-13T12:14:14+00:00","twitter_card":"summary_large_image","twitter_misc":{"Gesch\u00e4tzte Lesezeit":"5\u00a0Minuten"},"schema":{"@context":"https:\/\/schema.org","@graph":[{"@type":"WebPage","@id":"https:\/\/dabgajwood.com\/deseczki-do-wnek-balkonowych\/","url":"https:\/\/dabgajwood.com\/deseczki-do-wnek-balkonowych\/","name":"Deseczki do wn\u0119k balkonowych - D\u0105b Gaj Wood","isPartOf":{"@id":"https:\/\/dabgajwood.com\/#website"},"datePublished":"2024-11-14T10:09:57+00:00","dateModified":"2025-05-13T12:14:14+00:00","breadcrumb":{"@id":"https:\/\/dabgajwood.com\/deseczki-do-wnek-balkonowych\/#breadcrumb"},"inLanguage":"de","potentialAction":[{"@type":"ReadAction","target":["https:\/\/dabgajwood.com\/deseczki-do-wnek-balkonowych\/"]}]},{"@type":"BreadcrumbList","@id":"https:\/\/dabgajwood.com\/deseczki-do-wnek-balkonowych\/#breadcrumb","itemListElement":[{"@type":"ListItem","position":1,"name":"Strona g\u0142\u00f3wna","item":"https:\/\/dabgajwood.com\/"},{"@type":"ListItem","position":2,"name":"Deseczki do wn\u0119k balkonowych"}]},{"@type":"WebSite","@id":"https:\/\/dabgajwood.com\/#website","url":"https:\/\/dabgajwood.com\/","name":"Dabgaj","description":"","publisher":{"@id":"https:\/\/dabgajwood.com\/#organization"},"potentialAction":[{"@type":"SearchAction","target":{"@type":"EntryPoint","urlTemplate":"https:\/\/dabgajwood.com\/?s={search_term_string}"},"query-input":{"@type":"PropertyValueSpecification","valueRequired":true,"valueName":"search_term_string"}}],"inLanguage":"de"},{"@type":"Organization","@id":"https:\/\/dabgajwood.com\/#organization","name":"Dabgaj","url":"https:\/\/dabgajwood.com\/","logo":{"@type":"ImageObject","inLanguage":"de","@id":"https:\/\/dabgajwood.com\/#\/schema\/logo\/image\/","url":"https:\/\/dabgajwood.com\/wp-content\/uploads\/2025\/03\/logo.png","contentUrl":"https:\/\/dabgajwood.com\/wp-content\/uploads\/2025\/03\/logo.png","width":425,"height":70,"caption":"Dabgaj"},"image":{"@id":"https:\/\/dabgajwood.com\/#\/schema\/logo\/image\/"}}]}},"_links":{"self":[{"href":"https:\/\/dabgajwood.com\/de\/wp-json\/wp\/v2\/pages\/1664","targetHints":{"allow":["GET"]}}],"collection":[{"href":"https:\/\/dabgajwood.com\/de\/wp-json\/wp\/v2\/pages"}],"about":[{"href":"https:\/\/dabgajwood.com\/de\/wp-json\/wp\/v2\/types\/page"}],"author":[{"embeddable":true,"href":"https:\/\/dabgajwood.com\/de\/wp-json\/wp\/v2\/users\/1"}],"replies":[{"embeddable":true,"href":"https:\/\/dabgajwood.com\/de\/wp-json\/wp\/v2\/comments?post=1664"}],"version-history":[{"count":2,"href":"https:\/\/dabgajwood.com\/de\/wp-json\/wp\/v2\/pages\/1664\/revisions"}],"predecessor-version":[{"id":1814,"href":"https:\/\/dabgajwood.com\/de\/wp-json\/wp\/v2\/pages\/1664\/revisions\/1814"}],"wp:attachment":[{"href":"https:\/\/dabgajwood.com\/de\/wp-json\/wp\/v2\/media?parent=1664"}],"curies":[{"name":"wp","href":"https:\/\/api.w.org\/{rel}","templated":true}]}}