{"id":1662,"date":"2024-11-14T11:37:30","date_gmt":"2024-11-14T10:37:30","guid":{"rendered":"https:\/\/dabgajwood.com\/?page_id=765"},"modified":"2025-05-13T14:15:46","modified_gmt":"2025-05-13T12:15:46","slug":"holzpergolen-fur-die-terrasse","status":"publish","type":"page","link":"https:\/\/dabgajwood.com\/de\/holzpergolen-fur-die-terrasse\/","title":{"rendered":"Pergolen aus Holz f\u00fcr die Terrasse"},"content":{"rendered":"<section class=\"l-section wpb_row height_small\"><div class=\"l-section-h i-cf\"><div class=\"g-cols vc_row via_flex valign_middle type_default stacking_default\"><div class=\"vc_col-sm-12 wpb_column vc_column_container\"><div class=\"vc_column-inner\"><div class=\"wpb_wrapper\"><div class=\"wpb_text_column\"><div class=\"wpb_wrapper\"><p>Holzpergolen f\u00fcr die Terrasse sind \u00e4sthetisch ansprechende und funktionale Gestaltungselemente f\u00fcr den Au\u00dfenbereich des Hauses, die jedem Garten Charme verleihen. D\u0105b Gaj Wood hat sich auf den Entwurf und die Herstellung von Holzkonstruktionen spezialisiert, die traditionelle Handwerkskunst mit modernem Stil verbinden, und bietet Produkte von hoher Qualit\u00e4t, Haltbarkeit und einzigartigem Design.<br \/>\nUnsere Pergolen sind so konzipiert, dass sie eine Harmonie zwischen der Natur und modernen L\u00f6sungen gew\u00e4hrleisten und sich somit perfekt in die Umgebung eines jeden Gartens oder einer Terrasse einf\u00fcgen. Sie sind der ideale Weg, um einen stimmungsvollen Entspannungsbereich zu schaffen, der nicht nur zur Entspannung einl\u00e4dt, sondern auch zu einem Treffpunkt f\u00fcr Familie und Freunde wird. Au\u00dferdem tragen sie dazu bei, den einzigartigen Charakter des h\u00e4uslichen Raums zu unterstreichen und ihm eine elegante und gem\u00fctliche Atmosph\u00e4re zu verleihen. Dank der M\u00f6glichkeit der Personalisierung kann jede Pergola an die individuellen Bed\u00fcrfnisse und Vorlieben angepasst werden, so dass jede L\u00f6sung einzigartig ist und perfekt mit den Vorstellungen des Kunden \u00fcbereinstimmt.<\/p>\n<\/div><\/div><div class=\"w-separator size_medium\"><\/div><div class=\"g-cols wpb_row via_flex valign_middle type_default stacking_default\"><div class=\"vc_col-sm-6 wpb_column vc_column_container\"><div class=\"vc_column-inner\"><div class=\"wpb_wrapper\"><div class=\"wpb_text_column\"><div class=\"wpb_wrapper\"><h2>Holzpergolen f\u00fcr die Terrasse - in welcher Anordnung sind sie am besten geeignet?<\/h2>\n<p>Pergolen aus Holz f\u00fcgen sich dank ihrer Vielseitigkeit und ihres nat\u00fcrlichen Aussehens perfekt in viele Gartengestaltungsstile ein. Sie bieten nicht nur eine praktische \u00dcberdachung, sondern k\u00f6nnen auch ein dekoratives Element sein, das den Stil Ihres Gartens und Ihrer Terrasse erg\u00e4nzt. Hier erfahren Sie, wo sie am besten funktionieren und wie Sie Ihrem Raum eine einzigartige Note verleihen k\u00f6nnen:<\/p>\n<ul>\n<li>Klassischer Stil: Sie f\u00fcgen sich wunderbar in eine klassische Einrichtung ein und unterstreichen die nat\u00fcrliche Sch\u00f6nheit des Holzes, das sich perfekt in die umgebende Gr\u00fcnanlage einf\u00fcgt.<\/li>\n<li>Moderner Stil: Im modernen Stil kann die Pergola eine minimalistische, geometrische Struktur darstellen, die der Terrasse Eleganz und Schlichtheit verleiht.<\/li>\n<li>Rustikaler Stil: Holzstrukturen passen gut zu rustikalen Einrichtungen und verleihen dem Raum Gem\u00fctlichkeit und nat\u00fcrlichen Charme.<\/li>\n<li>Boho-Stil: Im Boho-Stil verleihen Pergolen eine unverwechselbare Gem\u00fctlichkeit und Nat\u00fcrlichkeit und schaffen eine ungezwungene und warme Atmosph\u00e4re, die ideal zum Entspannen ist.<\/li>\n<\/ul>\n<\/div><\/div><\/div><\/div><\/div><div class=\"vc_col-sm-6 wpb_column vc_column_container\"><div class=\"vc_column-inner\"><div class=\"wpb_wrapper\"><div class=\"w-image us_custom_81dbcac1 align_center\"><div class=\"w-image-h\"><img data-recalc-dims=\"1\" decoding=\"async\" width=\"1024\" height=\"722\" src=\"https:\/\/i0.wp.com\/dabgajwood.com\/wp-content\/uploads\/2024\/10\/weihe-gartenlauben-aus-holz.jpg?resize=1024%2C722&#038;ssl=1\" class=\"attachment-large size-large\" alt=\"Ein moderner Gartenpavillon mit rustikalen Holzm\u00f6beln zeigt die \u00c4sthetik von Gartenlauben aus Holz.\" loading=\"lazy\" srcset=\"https:\/\/i0.wp.com\/dabgajwood.com\/wp-content\/uploads\/2024\/10\/weihe-gartenlauben-aus-holz.jpg?resize=1024%2C722&amp;ssl=1 1024w, https:\/\/i0.wp.com\/dabgajwood.com\/wp-content\/uploads\/2024\/10\/weihe-gartenlauben-aus-holz.jpg?resize=300%2C211&amp;ssl=1 300w, https:\/\/i0.wp.com\/dabgajwood.com\/wp-content\/uploads\/2024\/10\/weihe-gartenlauben-aus-holz.jpg?resize=200%2C141&amp;ssl=1 200w, https:\/\/i0.wp.com\/dabgajwood.com\/wp-content\/uploads\/2024\/10\/weihe-gartenlauben-aus-holz.jpg?resize=400%2C282&amp;ssl=1 400w, https:\/\/i0.wp.com\/dabgajwood.com\/wp-content\/uploads\/2024\/10\/weihe-gartenlauben-aus-holz.jpg?w=1135&amp;ssl=1 1135w\" sizes=\"auto, (max-width: 1024px) 100vw, 1024px\" \/><\/div><\/div><\/div><\/div><\/div><\/div><\/div><\/div><\/div><\/div><\/div><\/section><section class=\"l-section wpb_row us_custom_eac59c77 height_small\"><div class=\"l-section-h i-cf\"><div class=\"g-cols vc_row via_flex valign_top type_default stacking_default\"><div class=\"vc_col-sm-12 wpb_column vc_column_container\"><div class=\"vc_column-inner\"><div class=\"wpb_wrapper\"><div class=\"wpb_text_column\"><div class=\"wpb_wrapper\"><h2>Sind h\u00f6lzerne Terrassenpergolen eine praktische L\u00f6sung?<\/h2>\n<p>Terrassenpergolen aus Holz sind nicht nur \u00e4sthetisch ansprechend, sondern vor allem auch eine praktische L\u00f6sung f\u00fcr Liebhaber der Entspannung auf der Terrasse. Sie bieten:<\/p>\n<ul>\n<li>Schutz vor der Sonne: Sie schirmen die Terrasse vor der intensiven Sonne ab, so dass Sie Ihren Au\u00dfenbereich auch an den hei\u00dfesten Tagen genie\u00dfen k\u00f6nnen.<\/li>\n<li>Lichtregulierung: Die M\u00f6glichkeit, Vorh\u00e4nge oder bewegliche Rollos anzubringen, erh\u00f6ht den Benutzerkomfort, da die Lichtmenge, die auf die Terrasse f\u00e4llt, nach Belieben reguliert werden kann.<\/li>\n<li>Schutz vor Regen: Die Terrasse wird bei jedem Wetter nutzbar, denn sie bietet Schutz vor Regen und kann auch bei Regen genutzt werden.<\/li>\n<\/ul>\n<p>Mit diesen Eigenschaften ist die Pergola die ideale L\u00f6sung f\u00fcr alle, die sich bei jedem Wetter bequem im Freien aufhalten m\u00f6chten.<\/p>\n<h2>Was sollten Sie bei der Wahl einer Holzpergola f\u00fcr Ihre Terrasse beachten?<\/h2>\n<p>Bei der Auswahl einer Holzpergola f\u00fcr eine Terrasse lohnt es sich, auf einige wichtige Aspekte zu achten, damit Sie lange Freude an der Nutzung haben und die Konstruktion Ihren Bed\u00fcrfnissen entspricht. Die richtige Wahl ist nicht nur eine Frage der \u00c4sthetik, sondern auch der Haltbarkeit, Funktionalit\u00e4t und Sicherheit. Es ist wichtig, alle Details zu bedenken, damit die Struktur den Erwartungen der Nutzer entspricht und sich in die Gartenumgebung einf\u00fcgt. Mit einer gut durchdachten Entscheidung k\u00f6nnen Sie einen Raum schaffen, der bequem, praktisch und sch\u00f6n ist, egal welchen Stil Sie bevorzugen.<\/p>\n<ul>\n<li>Qualit\u00e4t des verwendeten Holzes: Idealerweise sollte es sich um eine witterungsbest\u00e4ndige Holzart wie L\u00e4rche oder Eiche handeln. Hochwertiges Holz gew\u00e4hrleistet eine lange Haltbarkeit und Sch\u00f6nheit der Konstruktion.<\/li>\n<li>Holzimpr\u00e4gnierung: Es ist wichtig, das Holz richtig zu impr\u00e4gnieren, um seine Haltbarkeit und sein \u00e4sthetisches Aussehen \u00fcber viele Jahre hinweg zu gew\u00e4hrleisten. Die Impr\u00e4gnierung sch\u00fctzt das Material vor Feuchtigkeit, Schimmel und UV-Strahlung.<\/li>\n<li>Anpassen der Abmessungen: Die Anpassung der Abmessungen der Konstruktion an die Terrassenfl\u00e4che ist entscheidend, damit sie sich perfekt in die Umgebung einf\u00fcgt und den richtigen Komfort bietet.<\/li>\n<li>Stil der Pergola: Auswahl des richtigen Stils, der sich in die Gesamtgestaltung einf\u00fcgt. Der Stil sollte mit den \u00fcbrigen Elementen des Gartens und des Hauses harmonieren und ein koh\u00e4rentes und \u00e4sthetisch ansprechendes Ganzes bilden.<\/li>\n<li>Konstruktion und Stabilit\u00e4t: Es ist auch wichtig, auf die Stabilit\u00e4t der Konstruktion und die Qualit\u00e4t der verwendeten Verbindungen zu achten. Eine solide Konstruktion gew\u00e4hrleistet die Sicherheit und Langlebigkeit der Materialien, auch bei rauen Wetterbedingungen.<\/li>\n<\/ul>\n<\/div><\/div><div class=\"wpb_text_column\"><div class=\"wpb_wrapper\"><details>\n<summary>Mehr lesen<\/summary>\n<h2>Was zeichnet die h\u00f6lzernen Terrassenpergolen von D\u0105b Gaj Wood aus?<\/h2>\n<p>D\u0105b Gaj Wood bietet Terrassenpergolen aus Holz an, die sich nicht nur durch die Qualit\u00e4t der Verarbeitung, sondern auch durch die individuelle Herangehensweise an jedes Projekt auszeichnen. Jede Struktur wird aus Holz h\u00f6chster Qualit\u00e4t hergestellt, das sorgf\u00e4ltig ausgew\u00e4hlt und verarbeitet wird, um sowohl ein \u00e4sthetisches Aussehen als auch die Langlebigkeit der Struktur zu gew\u00e4hrleisten. Die Liebe zum Detail macht unsere Produkte nicht nur langlebig, sondern auch au\u00dfergew\u00f6hnlich \u00e4sthetisch, was der Einrichtung einen einzigartigen Charakter verleiht. Die Kunden k\u00f6nnen in jeder Phase der Umsetzung auf eine professionelle Beratung z\u00e4hlen, vom Konzept \u00fcber den Entwurf bis hin zur endg\u00fcltigen Ausf\u00fchrung.<\/p>\n<p>Dar\u00fcber hinaus bieten wir die M\u00f6glichkeit, die Pergola auf die individuellen Bed\u00fcrfnisse abzustimmen, einschlie\u00dflich spezifischer Abmessungen, \u00e4sthetischer Vorlieben und der gew\u00fcnschten Funktionalit\u00e4t. Auf diese Weise kann jeder Kunde einen einzigartigen Entspannungsraum schaffen, der perfekt zu seinem Lebensstil und seiner Umgebung passt. Unsere Produkte sind auf Langlebigkeit und Komfort ausgelegt, dienen aber auch als elegantes Dekorationselement, das der Terrasse einen einzigartigen Charakter verleiht.<br \/>\nTerrassenpergolen aus Holz und andere dekorative Konstruktionen - was bieten wir sonst noch an?<\/p>\n<p>Bei D\u0105b Gaj Wood geht es nicht nur um Terrassenpergolen aus Holz. In unserem Angebot werden Sie auch finden:<\/p>\n<ul>\n<li><a href=\"\/de\/gartenhauser-aus-holz\/\">Gartenh\u00e4user aus Holz<\/a> - der ideale Ort f\u00fcr Entspannung im Freien.<\/li>\n<li><a href=\"\/de\/bewegliche-terrassenjalousien-aus-holz\/\">Bewegliche Terrassenjalousien aus Holz<\/a> - wirksamer Schutz vor Sonne und Wind.<\/li>\n<li><a href=\"\/de\/holzschuppen-mit-dach\/\">Schuppen aus Holz mit Dach<\/a> - praktische Strukturen, die als Unterstand f\u00fcr Fahrzeuge oder als Lagerraum dienen k\u00f6nnen.<\/li>\n<li><a href=\"\/de\/terrassenjalousien-aus-holz-mit-beweglichem-mechanismus\/\">Terrassenjalousien aus Holz mit beweglichem Mechanismus<\/a> - eine moderne und funktionelle L\u00f6sung zur Regulierung der Lichtmenge auf der Terrasse.<\/li>\n<li><a href=\"\/de\/systemvordacher\/\">Lamellenvord\u00e4cher<\/a> - elegante und praktische Designs, die der Terrasse einen modernen Charakter verleihen.<\/li>\n<\/ul>\n<h2>W\u00e4hlen Sie unsere Terrassen-Pergolen aus Holz<\/h2>\n<p>Wenn Sie von einer stimmungsvollen, funktionalen Terrasse tr\u00e4umen, ist eine Holzpergola von D\u0105b Gaj Wood die perfekte Wahl. Unsere Produkte verbinden die Sch\u00f6nheit des nat\u00fcrlichen Holzes mit praktischen L\u00f6sungen und schaffen so einen idealen Raum zum Entspannen und Treffen mit Ihren Lieben. Mit der angebotenen Gartenarchitektur k\u00f6nnen Sie einen Raum schaffen, der nicht nur \u00e4sthetisch ansprechend ist, sondern auch ganz auf Ihre Bed\u00fcrfnisse zugeschnitten ist. Wir bieten eine breite Palette von L\u00f6sungen, die sich an die Gr\u00f6\u00dfe Ihrer Terrasse und den Stil Ihres Gartens anpassen lassen. Wir arbeiten mit Materialien h\u00f6chster Qualit\u00e4t, die Langlebigkeit und Witterungsbest\u00e4ndigkeit garantieren.<\/p>\n<p>Setzen Sie sich mit uns in Verbindung und wir helfen Ihnen bei der Gestaltung Ihrer Traumterrasse, die zum Lieblingsplatz in Ihrem Zuhause wird, ideal zum Entspannen, um sich mit Familie und Freunden zu treffen und jeden Moment im Freien zu genie\u00dfen!<\/p>\n<\/details>\n<\/div><\/div><\/div><\/div><\/div><\/div><\/div><\/section>","protected":false},"excerpt":{"rendered":"Drewniane pergole na taras to estetyczne i funkcjonalne elementy aran\u017cacji przestrzeni na zewn\u0105trz domu, kt\u00f3re dodaj\u0105 uroku ka\u017cdemu ogrodowi. Firma D\u0105b Gaj Wood specjalizuje si\u0119 w projektowaniu i produkcji drewnianych konstrukcji, kt\u00f3re \u0142\u0105cz\u0105 tradycyjne rzemios\u0142o z nowoczesnym stylem, oferuj\u0105c produkty wysokiej jako\u015bci, trwa\u0142o\u015bci oraz niepowtarzalnego designu. Nasze pergole powstaj\u0105 z my\u015bl\u0105 o zapewnieniu harmonii pomi\u0119dzy...","protected":false},"author":1,"featured_media":0,"parent":0,"menu_order":0,"comment_status":"closed","ping_status":"closed","template":"","meta":{"_acf_changed":false,"footnotes":""},"class_list":["post-1662","page","type-page","status-publish","hentry"],"acf":[],"yoast_head":"<!-- This site is optimized with the Yoast SEO plugin v26.2 - https:\/\/yoast.com\/wordpress\/plugins\/seo\/ -->\n<title>Drewniane pergole na taras - D\u0105b Gaj Wood<\/title>\n<meta name=\"robots\" content=\"index, follow, max-snippet:-1, max-image-preview:large, max-video-preview:-1\" \/>\n<link rel=\"canonical\" href=\"https:\/\/dabgajwood.com\/de\/holzpergolen-fur-die-terrasse\/\" \/>\n<meta property=\"og:locale\" content=\"de_DE\" \/>\n<meta property=\"og:type\" content=\"article\" \/>\n<meta property=\"og:title\" content=\"Drewniane pergole na taras - D\u0105b Gaj Wood\" \/>\n<meta property=\"og:url\" content=\"https:\/\/dabgajwood.com\/de\/holzpergolen-fur-die-terrasse\/\" \/>\n<meta property=\"og:site_name\" content=\"D\u0105b Gaj Wood\" \/>\n<meta property=\"article:modified_time\" content=\"2025-05-13T12:15:46+00:00\" \/>\n<meta name=\"twitter:card\" content=\"summary_large_image\" \/>\n<meta name=\"twitter:label1\" content=\"Gesch\u00e4tzte Lesezeit\" \/>\n\t<meta name=\"twitter:data1\" content=\"6\u00a0Minuten\" \/>\n<script type=\"application\/ld+json\" class=\"yoast-schema-graph\">{\"@context\":\"https:\/\/schema.org\",\"@graph\":[{\"@type\":\"WebPage\",\"@id\":\"https:\/\/dabgajwood.com\/drewniane-pergole-na-taras\/\",\"url\":\"https:\/\/dabgajwood.com\/drewniane-pergole-na-taras\/\",\"name\":\"Drewniane pergole na taras - D\u0105b Gaj Wood\",\"isPartOf\":{\"@id\":\"https:\/\/dabgajwood.com\/#website\"},\"datePublished\":\"2024-11-14T10:37:30+00:00\",\"dateModified\":\"2025-05-13T12:15:46+00:00\",\"breadcrumb\":{\"@id\":\"https:\/\/dabgajwood.com\/drewniane-pergole-na-taras\/#breadcrumb\"},\"inLanguage\":\"de\",\"potentialAction\":[{\"@type\":\"ReadAction\",\"target\":[\"https:\/\/dabgajwood.com\/drewniane-pergole-na-taras\/\"]}]},{\"@type\":\"BreadcrumbList\",\"@id\":\"https:\/\/dabgajwood.com\/drewniane-pergole-na-taras\/#breadcrumb\",\"itemListElement\":[{\"@type\":\"ListItem\",\"position\":1,\"name\":\"Strona g\u0142\u00f3wna\",\"item\":\"https:\/\/dabgajwood.com\/\"},{\"@type\":\"ListItem\",\"position\":2,\"name\":\"Drewniane pergole na taras\"}]},{\"@type\":\"WebSite\",\"@id\":\"https:\/\/dabgajwood.com\/#website\",\"url\":\"https:\/\/dabgajwood.com\/\",\"name\":\"Dabgaj\",\"description\":\"\",\"publisher\":{\"@id\":\"https:\/\/dabgajwood.com\/#organization\"},\"potentialAction\":[{\"@type\":\"SearchAction\",\"target\":{\"@type\":\"EntryPoint\",\"urlTemplate\":\"https:\/\/dabgajwood.com\/?s={search_term_string}\"},\"query-input\":{\"@type\":\"PropertyValueSpecification\",\"valueRequired\":true,\"valueName\":\"search_term_string\"}}],\"inLanguage\":\"de\"},{\"@type\":\"Organization\",\"@id\":\"https:\/\/dabgajwood.com\/#organization\",\"name\":\"Dabgaj\",\"url\":\"https:\/\/dabgajwood.com\/\",\"logo\":{\"@type\":\"ImageObject\",\"inLanguage\":\"de\",\"@id\":\"https:\/\/dabgajwood.com\/#\/schema\/logo\/image\/\",\"url\":\"https:\/\/dabgajwood.com\/wp-content\/uploads\/2025\/03\/logo.png\",\"contentUrl\":\"https:\/\/dabgajwood.com\/wp-content\/uploads\/2025\/03\/logo.png\",\"width\":425,\"height\":70,\"caption\":\"Dabgaj\"},\"image\":{\"@id\":\"https:\/\/dabgajwood.com\/#\/schema\/logo\/image\/\"}}]}<\/script>\n<!-- \/ Yoast SEO plugin. -->","yoast_head_json":{"title":"Drewniane pergole na taras - D\u0105b Gaj Wood","robots":{"index":"index","follow":"follow","max-snippet":"max-snippet:-1","max-image-preview":"max-image-preview:large","max-video-preview":"max-video-preview:-1"},"canonical":"https:\/\/dabgajwood.com\/de\/holzpergolen-fur-die-terrasse\/","og_locale":"de_DE","og_type":"article","og_title":"Drewniane pergole na taras - D\u0105b Gaj Wood","og_url":"https:\/\/dabgajwood.com\/de\/holzpergolen-fur-die-terrasse\/","og_site_name":"D\u0105b Gaj Wood","article_modified_time":"2025-05-13T12:15:46+00:00","twitter_card":"summary_large_image","twitter_misc":{"Gesch\u00e4tzte Lesezeit":"6\u00a0Minuten"},"schema":{"@context":"https:\/\/schema.org","@graph":[{"@type":"WebPage","@id":"https:\/\/dabgajwood.com\/drewniane-pergole-na-taras\/","url":"https:\/\/dabgajwood.com\/drewniane-pergole-na-taras\/","name":"Drewniane pergole na taras - D\u0105b Gaj Wood","isPartOf":{"@id":"https:\/\/dabgajwood.com\/#website"},"datePublished":"2024-11-14T10:37:30+00:00","dateModified":"2025-05-13T12:15:46+00:00","breadcrumb":{"@id":"https:\/\/dabgajwood.com\/drewniane-pergole-na-taras\/#breadcrumb"},"inLanguage":"de","potentialAction":[{"@type":"ReadAction","target":["https:\/\/dabgajwood.com\/drewniane-pergole-na-taras\/"]}]},{"@type":"BreadcrumbList","@id":"https:\/\/dabgajwood.com\/drewniane-pergole-na-taras\/#breadcrumb","itemListElement":[{"@type":"ListItem","position":1,"name":"Strona g\u0142\u00f3wna","item":"https:\/\/dabgajwood.com\/"},{"@type":"ListItem","position":2,"name":"Drewniane pergole na taras"}]},{"@type":"WebSite","@id":"https:\/\/dabgajwood.com\/#website","url":"https:\/\/dabgajwood.com\/","name":"Dabgaj","description":"","publisher":{"@id":"https:\/\/dabgajwood.com\/#organization"},"potentialAction":[{"@type":"SearchAction","target":{"@type":"EntryPoint","urlTemplate":"https:\/\/dabgajwood.com\/?s={search_term_string}"},"query-input":{"@type":"PropertyValueSpecification","valueRequired":true,"valueName":"search_term_string"}}],"inLanguage":"de"},{"@type":"Organization","@id":"https:\/\/dabgajwood.com\/#organization","name":"Dabgaj","url":"https:\/\/dabgajwood.com\/","logo":{"@type":"ImageObject","inLanguage":"de","@id":"https:\/\/dabgajwood.com\/#\/schema\/logo\/image\/","url":"https:\/\/dabgajwood.com\/wp-content\/uploads\/2025\/03\/logo.png","contentUrl":"https:\/\/dabgajwood.com\/wp-content\/uploads\/2025\/03\/logo.png","width":425,"height":70,"caption":"Dabgaj"},"image":{"@id":"https:\/\/dabgajwood.com\/#\/schema\/logo\/image\/"}}]}},"_links":{"self":[{"href":"https:\/\/dabgajwood.com\/de\/wp-json\/wp\/v2\/pages\/1662","targetHints":{"allow":["GET"]}}],"collection":[{"href":"https:\/\/dabgajwood.com\/de\/wp-json\/wp\/v2\/pages"}],"about":[{"href":"https:\/\/dabgajwood.com\/de\/wp-json\/wp\/v2\/types\/page"}],"author":[{"embeddable":true,"href":"https:\/\/dabgajwood.com\/de\/wp-json\/wp\/v2\/users\/1"}],"replies":[{"embeddable":true,"href":"https:\/\/dabgajwood.com\/de\/wp-json\/wp\/v2\/comments?post=1662"}],"version-history":[{"count":2,"href":"https:\/\/dabgajwood.com\/de\/wp-json\/wp\/v2\/pages\/1662\/revisions"}],"predecessor-version":[{"id":1818,"href":"https:\/\/dabgajwood.com\/de\/wp-json\/wp\/v2\/pages\/1662\/revisions\/1818"}],"wp:attachment":[{"href":"https:\/\/dabgajwood.com\/de\/wp-json\/wp\/v2\/media?parent=1662"}],"curies":[{"name":"wp","href":"https:\/\/api.w.org\/{rel}","templated":true}]}}