{"id":1660,"date":"2024-11-14T11:51:31","date_gmt":"2024-11-14T10:51:31","guid":{"rendered":"https:\/\/dabgajwood.com\/?page_id=758"},"modified":"2025-05-13T14:17:26","modified_gmt":"2025-05-13T12:17:26","slug":"terrassenjalousien-aus-holz","status":"publish","type":"page","link":"https:\/\/dabgajwood.com\/de\/terrassenjalousien-aus-holz\/","title":{"rendered":"Terrassenjalousien aus Holz"},"content":{"rendered":"<section class=\"l-section wpb_row height_small\"><div class=\"l-section-h i-cf\"><div class=\"g-cols vc_row via_flex valign_middle type_default stacking_default\"><div class=\"vc_col-sm-12 wpb_column vc_column_container\"><div class=\"vc_column-inner\"><div class=\"wpb_wrapper\"><div class=\"wpb_text_column\"><div class=\"wpb_wrapper\"><p>Die Terrasse ist der Ort, an dem wir die Sch\u00f6nheit der Natur in vollen Z\u00fcgen genie\u00dfen, uns nach einem langen Tag entspannen, Treffen mit der Familie organisieren oder einen Kaffee am Morgen genie\u00dfen k\u00f6nnen. Es ist ein Raum, der sowohl Komfort als auch ein \u00e4sthetisches Erlebnis bieten sollte. Um die ideale Umgebung f\u00fcr die Entspannung zu schaffen, ist es wichtig, den richtigen Komfort, die richtige Atmosph\u00e4re und den richtigen Schutz vor den Elementen zu bieten. Die von D\u0105b Gaj Wood angebotenen Terrassenjalousien aus Holz sind die perfekte L\u00f6sung, um Funktionalit\u00e4t, \u00c4sthetik und die nat\u00fcrliche Sch\u00f6nheit des Holzes miteinander zu verbinden. Mit ihnen wird Ihre Terrasse zu einer echten Oase der Ruhe, einem Ort, der Entspannung und Ruhe f\u00f6rdert und gleichzeitig Privatsph\u00e4re und Schutz vor \u00fcberm\u00e4\u00dfiger Sonneneinstrahlung und Wind bietet.<\/p>\n<p>Unsere Produkte sind so konzipiert, dass sie den traditionellen Charme von Holz mit modernen L\u00f6sungen kombinieren, damit Sie das ganze Jahr \u00fcber einen stilvollen und funktionalen Raum genie\u00dfen k\u00f6nnen!<\/p>\n<h2>Terrassenjalousien aus Holz - entdecken Sie das Angebot der Firma D\u0105b Gaj Wood<\/h2>\n<p>D\u0105b Gaj Wood bietet eine breite Palette von Terrassen\u00fcberdachungen und -strukturen aus Holz an, unter denen die stilvollen und praktischen Terrassenjalousien hervorstechen. Sie sind aus hochwertigem Holz gefertigt und verbinden ein nat\u00fcrliches Aussehen mit solider Verarbeitung. Das Holz ist ordnungsgem\u00e4\u00df impr\u00e4gniert, was f\u00fcr Langlebigkeit und Widerstandsf\u00e4higkeit gegen\u00fcber wechselnden Witterungsbedingungen sorgt und einen jahrelangen Nutzungskomfort garantiert.<\/p>\n<p>Im D\u0105b Gaj Wood-Sortiment finden Sie auch andere Produkte, die Ihren Au\u00dfenbereich zu Hause versch\u00f6nern k\u00f6nnen. Enthalten sind elegante <a href=\"\/de\/holzpergolen\/\">Holzpergolen<\/a>die zus\u00e4tzlichen Schatten spenden und dem Raum eine einzigartige Atmosph\u00e4re verleihen. Wenn Sie einen Ort der Begegnung im Freien schaffen wollen, <a href=\"\/de\/gartenhauser-aus-holz\/\">Gartenh\u00e4user aus Holz<\/a> ist die ideale Wahl, und <a href=\"\/de\/holzschuppen-mit-dach\/\">Holzschuppen mit Dach<\/a> eignen sich hervorragend zum Unterstellen Ihres Autos oder Ihrer Gartenger\u00e4te. Und <a href=\"\/de\/systemvordacher\/\">Systemvord\u00e4cher<\/a> erm\u00f6glichen eine flexible Steuerung des Sonnenlichts und sind damit die perfekte L\u00f6sung f\u00fcr Terrassenr\u00e4ume.<\/p>\n<\/div><\/div><div class=\"w-separator size_medium\"><\/div><div class=\"g-cols wpb_row via_flex valign_middle type_default stacking_default\"><div class=\"vc_col-sm-6 wpb_column vc_column_container\"><div class=\"vc_column-inner\"><div class=\"wpb_wrapper\"><div class=\"wpb_text_column\"><div class=\"wpb_wrapper\"><h2>Warum in unsere Terrassenjalousien aus Holz investieren?<\/h2>\n<p>Terrassenjalousien aus Holz sind in erster Linie eine stilvolle M\u00f6glichkeit, Ihre Terrasse vor Sonne, Wind, Regen und den neugierigen Blicken Ihrer Nachbarn zu sch\u00fctzen. Sie erm\u00f6glichen es Ihnen, Ihre Terrasse bei jedem Wetter zu genie\u00dfen und schaffen einen Ort der Entspannung zu jeder Jahreszeit. Durch die Verwendung nat\u00fcrlicher Materialien f\u00fcgen sie sich perfekt in jeden Garten ein und verleihen ihm W\u00e4rme und Harmonie. Das Holz verleiht dem Raum einen einzigartigen Charakter, der die Terrasse abhebt und sie zu einem Teil der umgebenden Natur macht.<br \/>\nWenn Sie in Produkte von D\u0105b Gaj Wood investieren, entscheiden Sie sich f\u00fcr Zuverl\u00e4ssigkeit, pr\u00e4zise Verarbeitung und einen einzigartigen Look, der Ihrer gesamten Umgebung eine besondere Atmosph\u00e4re verleiht. Unsere Jalousien sind au\u00dferdem so konzipiert, dass sie leicht zu montieren sind. Sie k\u00f6nnen sie selbst oder mit unserer Hilfe anbringen, so dass jeder Benutzer sie ohne Probleme verwenden kann. Dar\u00fcber hinaus sorgen wir daf\u00fcr, dass die Elemente dank der richtigen Impr\u00e4gnierung und der Verwendung hochwertiger Materialien gegen raue Witterungsbedingungen best\u00e4ndig sind, was eine lange Lebensdauer und eine problemlose Nutzung erm\u00f6glicht.<\/p>\n<\/div><\/div><\/div><\/div><\/div><div class=\"vc_col-sm-6 wpb_column vc_column_container\"><div class=\"vc_column-inner\"><div class=\"wpb_wrapper\"><div class=\"w-image us_custom_81dbcac1 align_center\"><div class=\"w-image-h\"><img data-recalc-dims=\"1\" decoding=\"async\" width=\"1024\" height=\"722\" src=\"https:\/\/i0.wp.com\/dabgajwood.com\/wp-content\/uploads\/2024\/10\/weihe-gartenlauben-aus-holz.jpg?resize=1024%2C722&#038;ssl=1\" class=\"attachment-large size-large\" alt=\"Ein moderner Gartenpavillon mit rustikalen Holzm\u00f6beln zeigt die \u00c4sthetik von Gartenlauben aus Holz.\" loading=\"lazy\" srcset=\"https:\/\/i0.wp.com\/dabgajwood.com\/wp-content\/uploads\/2024\/10\/weihe-gartenlauben-aus-holz.jpg?resize=1024%2C722&amp;ssl=1 1024w, https:\/\/i0.wp.com\/dabgajwood.com\/wp-content\/uploads\/2024\/10\/weihe-gartenlauben-aus-holz.jpg?resize=300%2C211&amp;ssl=1 300w, https:\/\/i0.wp.com\/dabgajwood.com\/wp-content\/uploads\/2024\/10\/weihe-gartenlauben-aus-holz.jpg?resize=200%2C141&amp;ssl=1 200w, https:\/\/i0.wp.com\/dabgajwood.com\/wp-content\/uploads\/2024\/10\/weihe-gartenlauben-aus-holz.jpg?resize=400%2C282&amp;ssl=1 400w, https:\/\/i0.wp.com\/dabgajwood.com\/wp-content\/uploads\/2024\/10\/weihe-gartenlauben-aus-holz.jpg?w=1135&amp;ssl=1 1135w\" sizes=\"auto, (max-width: 1024px) 100vw, 1024px\" \/><\/div><\/div><\/div><\/div><\/div><\/div><\/div><\/div><\/div><\/div><\/div><\/section><section class=\"l-section wpb_row us_custom_eac59c77 height_small\"><div class=\"l-section-h i-cf\"><div class=\"g-cols vc_row via_flex valign_top type_default stacking_default\"><div class=\"vc_col-sm-12 wpb_column vc_column_container\"><div class=\"vc_column-inner\"><div class=\"wpb_wrapper\"><div class=\"wpb_text_column\"><div class=\"wpb_wrapper\"><h2>Was bekommen Sie, wenn Sie Terrassenjalousien aus Holz kaufen?<\/h2>\n<p>Wenn Sie sich f\u00fcr den Kauf von Terrassenjalousien aus Holz entscheiden, profitieren Sie davon:<\/p>\n<ul>\n<li>Komfort auf der Terrasse: Die Rollos sch\u00fctzen vor der intensiven Sonne, spenden angenehmen Schatten und senken die Temperatur.<\/li>\n<li>Privatsph\u00e4re: Sie schirmen den Terrassenbereich wirksam vor dem Blick von Au\u00dfenstehenden ab.<\/li>\n<li>\u00c4sthetisch ansprechend: Naturholz verleiht dem Raum eine warme, elegante Ausstrahlung und schafft eine entspannte Atmosph\u00e4re.<\/li>\n<li>Witterungsbest\u00e4ndigkeit: Dank der Impr\u00e4gnierung ist das Holz vor Feuchtigkeit, UV-Strahlen und anderen \u00e4u\u00dferen Einfl\u00fcssen gesch\u00fctzt.<\/li>\n<\/ul>\n<h2>Wo sind Terrassenjalousien aus Holz am besten geeignet?<\/h2>\n<p>Terrassenjalousien aus Holz sind ideal f\u00fcr R\u00e4ume wie Terrassen von Einfamilienh\u00e4usern, Gartenh\u00e4user und \u00fcberdachte Balkone. Sie k\u00f6nnen auch in Sommerh\u00e4usern verwendet werden, wo sie ein angemessenes Ma\u00df an Privatsph\u00e4re und Schutz vor \u00fcberm\u00e4\u00dfiger Sonneneinstrahlung bieten. Aufgrund ihrer Vielseitigkeit k\u00f6nnen sie sowohl auf gro\u00dfen Fl\u00e4chen, wie z. B. ger\u00e4umigen Terrassen in Hinterh\u00f6fen, als auch auf kleineren, intimeren Terrassen eingesetzt werden, bei denen Komfort und \u00c4sthetik im Vordergrund stehen. Au\u00dferdem sind sie ideal f\u00fcr die Einrichtung von Sitzbereichen in G\u00e4rten, wo ein flexibler Schutz vor Sonne oder Wind erforderlich ist.<br \/>\nHolzjalousien k\u00f6nnen auch in Gartenlauben in Kleing\u00e4rten verwendet werden, wo sie nicht nur einen besonderen Reiz aus\u00fcben, sondern auch die Funktionalit\u00e4t des Raumes erh\u00f6hen, so dass die Gartenlaube auch bei ung\u00fcnstigeren Wetterbedingungen genutzt werden kann. Eine solche L\u00f6sung garantiert eine angenehme und komfortable Nutzung w\u00e4hrend der gesamten Saison, unabh\u00e4ngig vom Standort.<\/p>\n<h2>Was beinhaltet die Installation von Terrassenjalousien aus Holz?<\/h2>\n<p>Die Montage der von D\u0105b Gaj Wood angebotenen Terrassenrollos aus Holz ist einfach und intuitiv, so dass diese T\u00e4tigkeit von jedermann selbst ausgef\u00fchrt werden kann, ohne dass Fachkenntnisse erforderlich sind. Die Rollos werden auf speziellen Halterungen montiert, die f\u00fcr Stabilit\u00e4t und H\u00f6henverstellung sorgen, so dass die Positionierung an die aktuellen Bed\u00fcrfnisse des Benutzers angepasst werden kann. Unsere Produkte werden mit einer vollst\u00e4ndigen Anleitung und dem notwendigen Zubeh\u00f6r wie Schrauben, D\u00fcbeln und Befestigungselementen geliefert, so dass Sie sie selbst montieren k\u00f6nnen, ohne dass Sie zus\u00e4tzliches Werkzeug oder Material ben\u00f6tigen. Wenn Sie es jedoch vorziehen, die Montage von Fachleuten durchf\u00fchren zu lassen, steht Ihnen unser Team jederzeit zur Verf\u00fcgung und bietet Ihnen professionelle Unterst\u00fctzung bei der Installation.<\/p>\n<\/div><\/div><div class=\"wpb_text_column\"><div class=\"wpb_wrapper\"><details>\n<summary>Mehr lesen<\/summary>\n<h2>Wie pflege ich meine Terrassenjalousien aus Holz?<\/h2>\n<p>Damit Terrassenjalousien aus Holz m\u00f6glichst lange halten, lohnt es sich, eine regelm\u00e4\u00dfige Pflege durchzuf\u00fchren. Das Holz sollte von Zeit zu Zeit mit geeigneten Produkten impr\u00e4gniert werden, um es vor Feuchtigkeit und UV-Strahlen zu sch\u00fctzen. Die Impr\u00e4gnierung sollte mindestens einmal im Jahr, vor allem vor der Wintersaison, durchgef\u00fchrt werden, damit das Holz vollst\u00e4ndig gesch\u00fctzt ist. Es ist auch ratsam, die Rollos vor \u00fcberm\u00e4\u00dfiger Verschmutzung zu sch\u00fctzen, indem man sie regelm\u00e4\u00dfig mit einem feuchten Tuch abwischt, um Staub und anderen Schmutz zu entfernen. Im Winter, wenn die Rollos nicht in Gebrauch sind, sollten sie an einem trockenen, k\u00fchlen Ort gelagert werden, um das Risiko von Frostsch\u00e4den zu minimieren. Wenn m\u00f6glich, empfiehlt es sich auch, sie mit speziellen Schutzh\u00fcllen abzudecken, um sie zus\u00e4tzlich vor Staub und Feuchtigkeit zu sch\u00fctzen.<\/p>\n<h2>Profitieren Sie von unserem Angebot an Terrassenrolll\u00e4den aus Holz<\/h2>\n<p>D\u0105b Gaj Wood ist ein Unternehmen, das sich auf Qualit\u00e4t und Kundenzufriedenheit konzentriert. Wenn Sie von einer Terrasse tr\u00e4umen, die ein Ort voller Ruhe, Privatsph\u00e4re und nat\u00fcrlicher Sch\u00f6nheit ist, sind unsere Terrassenjalousien aus Holz die perfekte Wahl. Wenden Sie sich an unsere Fachleute, die Ihnen bei der Auswahl der richtigen L\u00f6sungen f\u00fcr Ihren Raum helfen werden. Machen Sie Ihre Terrasse zu einem Ort, an dem Sie sich wirklich entspannen k\u00f6nnen.<\/p>\n<\/details>\n<\/div><\/div><\/div><\/div><\/div><\/div><\/div><\/section>","protected":false},"excerpt":{"rendered":"Taras to miejsce, gdzie mo\u017cemy w pe\u0142ni cieszy\u0107 si\u0119 urokami natury, relaksowa\u0107 si\u0119 po d\u0142ugim dniu, organizowa\u0107 spotkania z rodzin\u0105, czy delektowa\u0107 si\u0119 kaw\u0105 o poranku. To przestrze\u0144, kt\u00f3ra powinna zapewnia\u0107 zar\u00f3wno komfort, jak i estetyczne doznania. Aby stworzy\u0107 idealn\u0105 aran\u017cacj\u0119 do wypoczynku, wa\u017cne jest zapewnienie odpowiedniego komfortu, atmosfery oraz ochrony przed czynnikami atmosferycznymi. Drewniane...","protected":false},"author":1,"featured_media":0,"parent":0,"menu_order":0,"comment_status":"closed","ping_status":"closed","template":"","meta":{"_acf_changed":false,"footnotes":""},"class_list":["post-1660","page","type-page","status-publish","hentry"],"acf":[],"yoast_head":"<!-- This site is optimized with the Yoast SEO plugin v26.2 - https:\/\/yoast.com\/wordpress\/plugins\/seo\/ -->\n<title>Drewniane rolety tarasowe - D\u0105b Gaj Wood<\/title>\n<meta name=\"robots\" content=\"index, follow, max-snippet:-1, max-image-preview:large, max-video-preview:-1\" \/>\n<link rel=\"canonical\" href=\"https:\/\/dabgajwood.com\/de\/terrassenjalousien-aus-holz\/\" \/>\n<meta property=\"og:locale\" content=\"de_DE\" \/>\n<meta property=\"og:type\" content=\"article\" \/>\n<meta property=\"og:title\" content=\"Drewniane rolety tarasowe - D\u0105b Gaj Wood\" \/>\n<meta property=\"og:url\" content=\"https:\/\/dabgajwood.com\/de\/terrassenjalousien-aus-holz\/\" \/>\n<meta property=\"og:site_name\" content=\"D\u0105b Gaj Wood\" \/>\n<meta property=\"article:modified_time\" content=\"2025-05-13T12:17:26+00:00\" \/>\n<meta name=\"twitter:card\" content=\"summary_large_image\" \/>\n<meta name=\"twitter:label1\" content=\"Gesch\u00e4tzte Lesezeit\" \/>\n\t<meta name=\"twitter:data1\" content=\"6\u00a0Minuten\" \/>\n<script type=\"application\/ld+json\" class=\"yoast-schema-graph\">{\"@context\":\"https:\/\/schema.org\",\"@graph\":[{\"@type\":\"WebPage\",\"@id\":\"https:\/\/dabgajwood.com\/drewniane-rolety-tarasowe\/\",\"url\":\"https:\/\/dabgajwood.com\/drewniane-rolety-tarasowe\/\",\"name\":\"Drewniane rolety tarasowe - D\u0105b Gaj Wood\",\"isPartOf\":{\"@id\":\"https:\/\/dabgajwood.com\/#website\"},\"datePublished\":\"2024-11-14T10:51:31+00:00\",\"dateModified\":\"2025-05-13T12:17:26+00:00\",\"breadcrumb\":{\"@id\":\"https:\/\/dabgajwood.com\/drewniane-rolety-tarasowe\/#breadcrumb\"},\"inLanguage\":\"de\",\"potentialAction\":[{\"@type\":\"ReadAction\",\"target\":[\"https:\/\/dabgajwood.com\/drewniane-rolety-tarasowe\/\"]}]},{\"@type\":\"BreadcrumbList\",\"@id\":\"https:\/\/dabgajwood.com\/drewniane-rolety-tarasowe\/#breadcrumb\",\"itemListElement\":[{\"@type\":\"ListItem\",\"position\":1,\"name\":\"Strona g\u0142\u00f3wna\",\"item\":\"https:\/\/dabgajwood.com\/\"},{\"@type\":\"ListItem\",\"position\":2,\"name\":\"Drewniane rolety tarasowe\"}]},{\"@type\":\"WebSite\",\"@id\":\"https:\/\/dabgajwood.com\/#website\",\"url\":\"https:\/\/dabgajwood.com\/\",\"name\":\"Dabgaj\",\"description\":\"\",\"publisher\":{\"@id\":\"https:\/\/dabgajwood.com\/#organization\"},\"potentialAction\":[{\"@type\":\"SearchAction\",\"target\":{\"@type\":\"EntryPoint\",\"urlTemplate\":\"https:\/\/dabgajwood.com\/?s={search_term_string}\"},\"query-input\":{\"@type\":\"PropertyValueSpecification\",\"valueRequired\":true,\"valueName\":\"search_term_string\"}}],\"inLanguage\":\"de\"},{\"@type\":\"Organization\",\"@id\":\"https:\/\/dabgajwood.com\/#organization\",\"name\":\"Dabgaj\",\"url\":\"https:\/\/dabgajwood.com\/\",\"logo\":{\"@type\":\"ImageObject\",\"inLanguage\":\"de\",\"@id\":\"https:\/\/dabgajwood.com\/#\/schema\/logo\/image\/\",\"url\":\"https:\/\/dabgajwood.com\/wp-content\/uploads\/2025\/03\/logo.png\",\"contentUrl\":\"https:\/\/dabgajwood.com\/wp-content\/uploads\/2025\/03\/logo.png\",\"width\":425,\"height\":70,\"caption\":\"Dabgaj\"},\"image\":{\"@id\":\"https:\/\/dabgajwood.com\/#\/schema\/logo\/image\/\"}}]}<\/script>\n<!-- \/ Yoast SEO plugin. -->","yoast_head_json":{"title":"Drewniane rolety tarasowe - D\u0105b Gaj Wood","robots":{"index":"index","follow":"follow","max-snippet":"max-snippet:-1","max-image-preview":"max-image-preview:large","max-video-preview":"max-video-preview:-1"},"canonical":"https:\/\/dabgajwood.com\/de\/terrassenjalousien-aus-holz\/","og_locale":"de_DE","og_type":"article","og_title":"Drewniane rolety tarasowe - D\u0105b Gaj Wood","og_url":"https:\/\/dabgajwood.com\/de\/terrassenjalousien-aus-holz\/","og_site_name":"D\u0105b Gaj Wood","article_modified_time":"2025-05-13T12:17:26+00:00","twitter_card":"summary_large_image","twitter_misc":{"Gesch\u00e4tzte Lesezeit":"6\u00a0Minuten"},"schema":{"@context":"https:\/\/schema.org","@graph":[{"@type":"WebPage","@id":"https:\/\/dabgajwood.com\/drewniane-rolety-tarasowe\/","url":"https:\/\/dabgajwood.com\/drewniane-rolety-tarasowe\/","name":"Drewniane rolety tarasowe - D\u0105b Gaj Wood","isPartOf":{"@id":"https:\/\/dabgajwood.com\/#website"},"datePublished":"2024-11-14T10:51:31+00:00","dateModified":"2025-05-13T12:17:26+00:00","breadcrumb":{"@id":"https:\/\/dabgajwood.com\/drewniane-rolety-tarasowe\/#breadcrumb"},"inLanguage":"de","potentialAction":[{"@type":"ReadAction","target":["https:\/\/dabgajwood.com\/drewniane-rolety-tarasowe\/"]}]},{"@type":"BreadcrumbList","@id":"https:\/\/dabgajwood.com\/drewniane-rolety-tarasowe\/#breadcrumb","itemListElement":[{"@type":"ListItem","position":1,"name":"Strona g\u0142\u00f3wna","item":"https:\/\/dabgajwood.com\/"},{"@type":"ListItem","position":2,"name":"Drewniane rolety tarasowe"}]},{"@type":"WebSite","@id":"https:\/\/dabgajwood.com\/#website","url":"https:\/\/dabgajwood.com\/","name":"Dabgaj","description":"","publisher":{"@id":"https:\/\/dabgajwood.com\/#organization"},"potentialAction":[{"@type":"SearchAction","target":{"@type":"EntryPoint","urlTemplate":"https:\/\/dabgajwood.com\/?s={search_term_string}"},"query-input":{"@type":"PropertyValueSpecification","valueRequired":true,"valueName":"search_term_string"}}],"inLanguage":"de"},{"@type":"Organization","@id":"https:\/\/dabgajwood.com\/#organization","name":"Dabgaj","url":"https:\/\/dabgajwood.com\/","logo":{"@type":"ImageObject","inLanguage":"de","@id":"https:\/\/dabgajwood.com\/#\/schema\/logo\/image\/","url":"https:\/\/dabgajwood.com\/wp-content\/uploads\/2025\/03\/logo.png","contentUrl":"https:\/\/dabgajwood.com\/wp-content\/uploads\/2025\/03\/logo.png","width":425,"height":70,"caption":"Dabgaj"},"image":{"@id":"https:\/\/dabgajwood.com\/#\/schema\/logo\/image\/"}}]}},"_links":{"self":[{"href":"https:\/\/dabgajwood.com\/de\/wp-json\/wp\/v2\/pages\/1660","targetHints":{"allow":["GET"]}}],"collection":[{"href":"https:\/\/dabgajwood.com\/de\/wp-json\/wp\/v2\/pages"}],"about":[{"href":"https:\/\/dabgajwood.com\/de\/wp-json\/wp\/v2\/types\/page"}],"author":[{"embeddable":true,"href":"https:\/\/dabgajwood.com\/de\/wp-json\/wp\/v2\/users\/1"}],"replies":[{"embeddable":true,"href":"https:\/\/dabgajwood.com\/de\/wp-json\/wp\/v2\/comments?post=1660"}],"version-history":[{"count":2,"href":"https:\/\/dabgajwood.com\/de\/wp-json\/wp\/v2\/pages\/1660\/revisions"}],"predecessor-version":[{"id":1823,"href":"https:\/\/dabgajwood.com\/de\/wp-json\/wp\/v2\/pages\/1660\/revisions\/1823"}],"wp:attachment":[{"href":"https:\/\/dabgajwood.com\/de\/wp-json\/wp\/v2\/media?parent=1660"}],"curies":[{"name":"wp","href":"https:\/\/api.w.org\/{rel}","templated":true}]}}