{"id":1656,"date":"2024-11-14T12:35:08","date_gmt":"2024-11-14T11:35:08","guid":{"rendered":"https:\/\/dabgajwood.com\/?page_id=754"},"modified":"2025-05-13T14:17:05","modified_gmt":"2025-05-13T12:17:05","slug":"lattenrost-pergolen","status":"publish","type":"page","link":"https:\/\/dabgajwood.com\/de\/lattenrost-pergolen\/","title":{"rendered":"Pergolen mit Lattenrost"},"content":{"rendered":"<section class=\"l-section wpb_row height_small\"><div class=\"l-section-h i-cf\"><div class=\"g-cols vc_row via_flex valign_middle type_default stacking_default\"><div class=\"vc_col-sm-12 wpb_column vc_column_container\"><div class=\"vc_column-inner\"><div class=\"wpb_wrapper\"><div class=\"wpb_text_column\"><div class=\"wpb_wrapper\"><p>Stellen Sie sich ein gem\u00fctliches Pl\u00e4tzchen im Garten vor, das das ganze Jahr \u00fcber und bei jedem Wetter die perfekte Umgebung zum Entspannen bietet. D\u0105b Gaj Wood bietet Pergolen mit Lamellen an, die nicht nur ein einzigartiges dekoratives Element darstellen, sondern auch eine Atmosph\u00e4re von Luxus und Eleganz vermitteln. Sie sind die perfekte Kombination aus \u00c4sthetik und Zweckm\u00e4\u00dfigkeit und schaffen einen entspannenden Raum, in dem Sie Ihren Garten zu jeder Jahreszeit genie\u00dfen k\u00f6nnen. Mit ihrem eleganten Design und ihrer robusten, langlebigen Konstruktion k\u00f6nnen sie jeden Garten in eine wahre Oase der Ruhe und Harmonie verwandeln.<\/p>\n<p>Mit einer Auswahl an verschiedenen Ausf\u00fchrungen, von nat\u00fcrlichen Holzt\u00f6nen bis hin zu moderneren Akzenten, passen Lattenpergolen perfekt zu jedem Einrichtungsstil und schaffen einen harmonischen \u00dcbergang zwischen Haus und Garten. Sie werden zu einem Ort der Begegnung, an dem man sich gemeinsam entspannen und besondere Erinnerungen schaffen kann.<\/p>\n<\/div><\/div><div class=\"w-separator size_medium\"><\/div><div class=\"g-cols wpb_row via_flex valign_middle type_default stacking_default\"><div class=\"vc_col-sm-6 wpb_column vc_column_container\"><div class=\"vc_column-inner\"><div class=\"wpb_wrapper\"><div class=\"wpb_text_column\"><div class=\"wpb_wrapper\"><h2>Was sind Lamellenpergolen?<\/h2>\n<p>Dies sind moderne Gartenstrukturen, die aus beweglichen Lamellen bestehen, d. h. horizontalen Lamellen, die frei verstellt werden k\u00f6nnen, um den Zugang zum Sonnenlicht zu regulieren. Dank dieser Funktion k\u00f6nnen Sie zu jeder Tageszeit perfektes Licht genie\u00dfen, ob in der vollen Sonne oder im leichten Schatten, und die Bedingungen nach Ihren W\u00fcnschen anpassen. Die aus hochwertigem Holz gefertigten Pergolen sind sowohl \u00e4sthetisch ansprechend als auch langlebig und f\u00fcgen sich mit ihrem modernen Design perfekt in jede Umgebung ein. Ihr einzigartiges Design erm\u00f6glicht eine flexible Anpassung des Raums an die Wetterbedingungen und die individuellen Bed\u00fcrfnisse des Benutzers, was sie zu einem \u00e4u\u00dferst praktischen Gartenelement macht.<br \/>\nUnsere Pergolen sind resistent gegen ung\u00fcnstige Witterungsbedingungen wie intensive UV-Strahlung oder Regen, was eine lange Lebensdauer und ein unver\u00e4ndertes Aussehen im Laufe der Jahre gew\u00e4hrleistet. Dar\u00fcber hinaus k\u00f6nnen sie mit verschiedenem Zubeh\u00f6r wie LED-Beleuchtung oder Vorh\u00e4ngen ausgestattet werden, was den Nutzungskomfort weiter erh\u00f6ht und die Schaffung einzigartiger Arrangements nach den W\u00fcnschen des Besitzers erm\u00f6glicht.<\/p>\n<\/div><\/div><\/div><\/div><\/div><div class=\"vc_col-sm-6 wpb_column vc_column_container\"><div class=\"vc_column-inner\"><div class=\"wpb_wrapper\"><div class=\"w-image us_custom_81dbcac1 align_center\"><div class=\"w-image-h\"><img data-recalc-dims=\"1\" decoding=\"async\" width=\"1024\" height=\"722\" src=\"https:\/\/i0.wp.com\/dabgajwood.com\/wp-content\/uploads\/2024\/10\/weihe-gartenlauben-aus-holz.jpg?resize=1024%2C722&#038;ssl=1\" class=\"attachment-large size-large\" alt=\"Ein moderner Gartenpavillon mit rustikalen Holzm\u00f6beln zeigt die \u00c4sthetik von Gartenlauben aus Holz.\" loading=\"lazy\" srcset=\"https:\/\/i0.wp.com\/dabgajwood.com\/wp-content\/uploads\/2024\/10\/weihe-gartenlauben-aus-holz.jpg?resize=1024%2C722&amp;ssl=1 1024w, https:\/\/i0.wp.com\/dabgajwood.com\/wp-content\/uploads\/2024\/10\/weihe-gartenlauben-aus-holz.jpg?resize=300%2C211&amp;ssl=1 300w, https:\/\/i0.wp.com\/dabgajwood.com\/wp-content\/uploads\/2024\/10\/weihe-gartenlauben-aus-holz.jpg?resize=200%2C141&amp;ssl=1 200w, https:\/\/i0.wp.com\/dabgajwood.com\/wp-content\/uploads\/2024\/10\/weihe-gartenlauben-aus-holz.jpg?resize=400%2C282&amp;ssl=1 400w, https:\/\/i0.wp.com\/dabgajwood.com\/wp-content\/uploads\/2024\/10\/weihe-gartenlauben-aus-holz.jpg?w=1135&amp;ssl=1 1135w\" sizes=\"auto, (max-width: 1024px) 100vw, 1024px\" \/><\/div><\/div><\/div><\/div><\/div><\/div><\/div><\/div><\/div><\/div><\/div><\/section><section class=\"l-section wpb_row us_custom_eac59c77 height_small\"><div class=\"l-section-h i-cf\"><div class=\"g-cols vc_row via_flex valign_top type_default stacking_default\"><div class=\"vc_col-sm-12 wpb_column vc_column_container\"><div class=\"vc_column-inner\"><div class=\"wpb_wrapper\"><div class=\"wpb_text_column\"><div class=\"wpb_wrapper\"><h2>Lattenrost-Pergolen - wie tragen sie zur Gartengestaltung bei?<\/h2>\n<p>Die Lamellen-Pergolen von D\u0105b Gaj Wood sind architektonische Elemente, die dem Gartenraum eine einzigartige Note verleihen. Mit ihrer minimalistischen und doch eleganten Form bringen sie eine ungew\u00f6hnliche \u00c4sthetik in den Garten. Durch die M\u00f6glichkeit, die Lamellen zu verstellen, entsteht ein dynamisches Licht- und Schattenspiel, das sich je nach Tageszeit ver\u00e4ndert und dem Raum einen einzigartigen Charme verleiht. Die Holzoberfl\u00e4che verleiht dem Garten W\u00e4rme und ein nat\u00fcrliches Aussehen, das sowohl mit \u00fcppigem Gr\u00fcn als auch mit modernen Arrangements perfekt harmoniert. Diese Pergolen werden zum Mittelpunkt eines jeden Gartens, heben seinen Stil hervor und verleihen ihm einen einzigartigen Charakter.<\/p>\n<ul>\n<li>Elegantes Lichtspiel: Durch die Verstellbarkeit der Lamellen entstehen interessante Lichteffekte, die den Raum beleben und ihm ein einzigartiges Ambiente verleihen.<\/li>\n<li>Modernes Design: Schlichte Linien und nat\u00fcrliche Materialien f\u00fcgen sich perfekt in moderne und klassische Gartenanlagen ein und werden zu einem attraktiven visuellen Element.<\/li>\n<li>\u00c4sthetik aus Holz: Die aus hochwertigem Holz gefertigten Strukturen bringen W\u00e4rme und ein nat\u00fcrliches Aussehen in den Garten und schaffen eine einladende Atmosph\u00e4re, die zur Entspannung einl\u00e4dt.<\/li>\n<li>Der Mittelpunkt des Gartens: Eine Pergola kann zu einem Schl\u00fcsselelement einer Gartenkomposition werden, indem sie einem Raum Struktur verleiht und seinen einzigartigen Stil unterstreicht.<\/li>\n<\/ul>\n<h2>Was sind die praktischen Vorteile von Lamellenpergolen?<\/h2>\n<p>Pergolen mit Lamellen sind nicht nur ein \u00e4sthetisches, sondern auch ein praktisches Element. Sie bieten Schutz vor \u00fcberm\u00e4\u00dfiger Sonne, Regen und sogar leichtem Wind. Dank der Verstellbarkeit der Lamellen kann der Lichteinfall frei gesteuert werden, was den Komfort des Aufenthalts im Freien erh\u00f6ht. Die aus langlebigem Holz gefertigten Strukturen sind witterungsbest\u00e4ndig und setzen gleichzeitig einen nat\u00fcrlichen, warmen Akzent im Gartenbereich.<\/p>\n<h2>Sind Lamellenpergolen nur f\u00fcr Hausg\u00e4rten geeignet?<\/h2>\n<p>Obwohl diese Dekorationen am h\u00e4ufigsten in Hausg\u00e4rten zu sehen sind, ist ihre Verwendung viel breiter und geht erfolgreich \u00fcber den privaten Bereich hinaus. Sie eignen sich perfekt f\u00fcr Restaurantterrassen, wo sie gem\u00fctliche Pl\u00e4tze f\u00fcr Mahlzeiten im Freien schaffen, sowie f\u00fcr Hotelg\u00e4rten, wo sie den G\u00e4sten einen angenehmen Schutz vor Sonne oder Regen bieten. Sie k\u00f6nnen auch in \u00f6ffentlichen R\u00e4umen wie Parks, st\u00e4dtischen G\u00e4rten oder Erholungsgebieten eingesetzt werden, wo sie Eleganz verleihen und Entspannungsbereiche f\u00fcr Bewohner und Touristen schaffen.<\/p>\n<p>Die M\u00f6glichkeit, eine Pergola in Bezug auf Gr\u00f6\u00dfe und Stil an jeden Raum anzupassen, macht sie ideal f\u00fcr private Grundst\u00fcckseigent\u00fcmer und Unternehmen, die eine elegante und funktionelle M\u00f6glichkeit suchen, den Komfort ihrer G\u00e4ste zu erh\u00f6hen. Diese Konstruktionen verleihen jedem Raum eine einzigartige Note und verbinden modernes Design mit der nat\u00fcrlichen Sch\u00f6nheit von Holz, was sie zu einer attraktiven Wahl f\u00fcr viele verschiedene Arten von Immobilien macht.<\/p>\n<\/div><\/div><div class=\"wpb_text_column\"><div class=\"wpb_wrapper\"><details>\n<summary>Mehr lesen<\/summary>\n<h2>Welche anderen Elemente der Gartenarchitektur passen zu Lamellenpergolen?<\/h2>\n<p>Die Lattenrost-Pergolen passen gut zu den anderen Elementen der Gartenarchitektur, die D\u0105b Gaj Wood anbietet, und schaffen einen koh\u00e4renten und eleganten Raum, der durch sein Aussehen und seine Funktionalit\u00e4t beeindruckt. Beispiele sind <a href=\"\/de\/bewegliche-holzjalousien-nach-mas\/\">bewegliche Holzjalousien f\u00fcr die Terrasse<\/a>Dies erm\u00f6glicht einen zus\u00e4tzlichen Sonnenschutz und bietet ein Gef\u00fchl von Privatsph\u00e4re und tr\u00e4gt zum \u00e4sthetischen Charakter des gesamten Geb\u00e4udes bei. <a href=\"\/de\/gartenhauser-aus-holz\/\">Gartenh\u00e4user aus Holz<\/a>Sie bieten einen gem\u00fctlichen Unterschlupf im Garten, der perfekt mit den Lamellen-Pergolen harmoniert und einen wunderbaren Ort zum Entspannen und Beisammensein schafft. <a href=\"\/de\/systemvordacher\/\">Lamellenvord\u00e4cher<\/a> Sie erm\u00f6glichen es Ihnen, den Au\u00dfenbereich bei jedem Wetter bequem zu genie\u00dfen und bieten modernes Design und Funktionalit\u00e4t.<\/p>\n<p>Mit einer einheitlichen \u00c4sthetik schaffen alle diese Elemente, einschlie\u00dflich Lamellen, Lauben und Vord\u00e4cher, eine harmonische und elegante Gartengestaltung, die den Charakter des Gartens unterstreicht und den Raum optisch und funktional aufwertet. In Kombination mit anderen Elementen der Gartenarchitektur schaffen Lamellen-Pergolen komplette, raffinierte Arrangements, die Hausbesitzer und Besucher gleicherma\u00dfen begeistern und dem Garten ein anspruchsvolles Ambiente verleihen.<\/p>\n<h2>Fazit: Lamellenpergolen als auff\u00e4llige und praktische Raumdekoration<\/h2>\n<p>Die Lamellenpergolen von D\u0105b Gaj Wood sind eine Kombination aus \u00c4sthetik und Funktionalit\u00e4t. Mit ihrer robusten Konstruktion, den verstellbaren Lamellen und dem eleganten Design sind sie die perfekte L\u00f6sung sowohl f\u00fcr private G\u00e4rten als auch f\u00fcr gewerbliche R\u00e4ume. Sie verleihen Ihrem Garten nicht nur einen einzigartigen Charakter, sondern bieten auch praktische Vorteile, mit denen Sie Ihre Zeit im Freien bequem genie\u00dfen k\u00f6nnen. Werfen Sie einen Blick auf unser Angebot und entdecken Sie, wie Holzprodukte Ihren Raum verwandeln k\u00f6nnen.<\/p>\n<\/details>\n<\/div><\/div><\/div><\/div><\/div><\/div><\/div><\/section>","protected":false},"excerpt":{"rendered":"Wyobra\u017a sobie przytulne miejsce w ogrodzie, kt\u00f3re zapewnia doskona\u0142e warunki do relaksu przez ca\u0142y rok, bez wzgl\u0119du na pogod\u0119. Firma D\u0105b Gaj Wood oferuje pergole lamelowe, kt\u00f3re nie tylko stanowi\u0105 wyj\u0105tkowy element dekoracyjny, ale r\u00f3wnie\u017c wprowadzaj\u0105 atmosfer\u0119 luksusu i elegancji. S\u0105 idealnym po\u0142\u0105czeniem estetyki i praktyczno\u015bci, tworz\u0105c przestrze\u0144 do odpoczynku, kt\u00f3ra pozwala cieszy\u0107 si\u0119 ogrodem...","protected":false},"author":1,"featured_media":0,"parent":0,"menu_order":0,"comment_status":"closed","ping_status":"closed","template":"","meta":{"_acf_changed":false,"footnotes":""},"class_list":["post-1656","page","type-page","status-publish","hentry"],"acf":[],"yoast_head":"<!-- This site is optimized with the Yoast SEO plugin v26.2 - https:\/\/yoast.com\/wordpress\/plugins\/seo\/ -->\n<title>Pergole lamelowe - D\u0105b Gaj Wood<\/title>\n<meta name=\"robots\" content=\"index, follow, max-snippet:-1, max-image-preview:large, max-video-preview:-1\" \/>\n<link rel=\"canonical\" href=\"https:\/\/dabgajwood.com\/de\/lattenrost-pergolen\/\" \/>\n<meta property=\"og:locale\" content=\"de_DE\" \/>\n<meta property=\"og:type\" content=\"article\" \/>\n<meta property=\"og:title\" content=\"Pergole lamelowe - D\u0105b Gaj Wood\" \/>\n<meta property=\"og:url\" content=\"https:\/\/dabgajwood.com\/de\/lattenrost-pergolen\/\" \/>\n<meta property=\"og:site_name\" content=\"D\u0105b Gaj Wood\" \/>\n<meta property=\"article:modified_time\" content=\"2025-05-13T12:17:05+00:00\" \/>\n<meta name=\"twitter:card\" content=\"summary_large_image\" \/>\n<meta name=\"twitter:label1\" content=\"Gesch\u00e4tzte Lesezeit\" \/>\n\t<meta name=\"twitter:data1\" content=\"6\u00a0Minuten\" \/>\n<script type=\"application\/ld+json\" class=\"yoast-schema-graph\">{\"@context\":\"https:\/\/schema.org\",\"@graph\":[{\"@type\":\"WebPage\",\"@id\":\"https:\/\/dabgajwood.com\/pergole-lamelowe\/\",\"url\":\"https:\/\/dabgajwood.com\/pergole-lamelowe\/\",\"name\":\"Pergole lamelowe - D\u0105b Gaj Wood\",\"isPartOf\":{\"@id\":\"https:\/\/dabgajwood.com\/#website\"},\"datePublished\":\"2024-11-14T11:35:08+00:00\",\"dateModified\":\"2025-05-13T12:17:05+00:00\",\"breadcrumb\":{\"@id\":\"https:\/\/dabgajwood.com\/pergole-lamelowe\/#breadcrumb\"},\"inLanguage\":\"de\",\"potentialAction\":[{\"@type\":\"ReadAction\",\"target\":[\"https:\/\/dabgajwood.com\/pergole-lamelowe\/\"]}]},{\"@type\":\"BreadcrumbList\",\"@id\":\"https:\/\/dabgajwood.com\/pergole-lamelowe\/#breadcrumb\",\"itemListElement\":[{\"@type\":\"ListItem\",\"position\":1,\"name\":\"Strona g\u0142\u00f3wna\",\"item\":\"https:\/\/dabgajwood.com\/\"},{\"@type\":\"ListItem\",\"position\":2,\"name\":\"Pergole lamelowe\"}]},{\"@type\":\"WebSite\",\"@id\":\"https:\/\/dabgajwood.com\/#website\",\"url\":\"https:\/\/dabgajwood.com\/\",\"name\":\"Dabgaj\",\"description\":\"\",\"publisher\":{\"@id\":\"https:\/\/dabgajwood.com\/#organization\"},\"potentialAction\":[{\"@type\":\"SearchAction\",\"target\":{\"@type\":\"EntryPoint\",\"urlTemplate\":\"https:\/\/dabgajwood.com\/?s={search_term_string}\"},\"query-input\":{\"@type\":\"PropertyValueSpecification\",\"valueRequired\":true,\"valueName\":\"search_term_string\"}}],\"inLanguage\":\"de\"},{\"@type\":\"Organization\",\"@id\":\"https:\/\/dabgajwood.com\/#organization\",\"name\":\"Dabgaj\",\"url\":\"https:\/\/dabgajwood.com\/\",\"logo\":{\"@type\":\"ImageObject\",\"inLanguage\":\"de\",\"@id\":\"https:\/\/dabgajwood.com\/#\/schema\/logo\/image\/\",\"url\":\"https:\/\/dabgajwood.com\/wp-content\/uploads\/2025\/03\/logo.png\",\"contentUrl\":\"https:\/\/dabgajwood.com\/wp-content\/uploads\/2025\/03\/logo.png\",\"width\":425,\"height\":70,\"caption\":\"Dabgaj\"},\"image\":{\"@id\":\"https:\/\/dabgajwood.com\/#\/schema\/logo\/image\/\"}}]}<\/script>\n<!-- \/ Yoast SEO plugin. -->","yoast_head_json":{"title":"Pergole lamelowe - D\u0105b Gaj Wood","robots":{"index":"index","follow":"follow","max-snippet":"max-snippet:-1","max-image-preview":"max-image-preview:large","max-video-preview":"max-video-preview:-1"},"canonical":"https:\/\/dabgajwood.com\/de\/lattenrost-pergolen\/","og_locale":"de_DE","og_type":"article","og_title":"Pergole lamelowe - D\u0105b Gaj Wood","og_url":"https:\/\/dabgajwood.com\/de\/lattenrost-pergolen\/","og_site_name":"D\u0105b Gaj Wood","article_modified_time":"2025-05-13T12:17:05+00:00","twitter_card":"summary_large_image","twitter_misc":{"Gesch\u00e4tzte Lesezeit":"6\u00a0Minuten"},"schema":{"@context":"https:\/\/schema.org","@graph":[{"@type":"WebPage","@id":"https:\/\/dabgajwood.com\/pergole-lamelowe\/","url":"https:\/\/dabgajwood.com\/pergole-lamelowe\/","name":"Pergole lamelowe - D\u0105b Gaj Wood","isPartOf":{"@id":"https:\/\/dabgajwood.com\/#website"},"datePublished":"2024-11-14T11:35:08+00:00","dateModified":"2025-05-13T12:17:05+00:00","breadcrumb":{"@id":"https:\/\/dabgajwood.com\/pergole-lamelowe\/#breadcrumb"},"inLanguage":"de","potentialAction":[{"@type":"ReadAction","target":["https:\/\/dabgajwood.com\/pergole-lamelowe\/"]}]},{"@type":"BreadcrumbList","@id":"https:\/\/dabgajwood.com\/pergole-lamelowe\/#breadcrumb","itemListElement":[{"@type":"ListItem","position":1,"name":"Strona g\u0142\u00f3wna","item":"https:\/\/dabgajwood.com\/"},{"@type":"ListItem","position":2,"name":"Pergole lamelowe"}]},{"@type":"WebSite","@id":"https:\/\/dabgajwood.com\/#website","url":"https:\/\/dabgajwood.com\/","name":"Dabgaj","description":"","publisher":{"@id":"https:\/\/dabgajwood.com\/#organization"},"potentialAction":[{"@type":"SearchAction","target":{"@type":"EntryPoint","urlTemplate":"https:\/\/dabgajwood.com\/?s={search_term_string}"},"query-input":{"@type":"PropertyValueSpecification","valueRequired":true,"valueName":"search_term_string"}}],"inLanguage":"de"},{"@type":"Organization","@id":"https:\/\/dabgajwood.com\/#organization","name":"Dabgaj","url":"https:\/\/dabgajwood.com\/","logo":{"@type":"ImageObject","inLanguage":"de","@id":"https:\/\/dabgajwood.com\/#\/schema\/logo\/image\/","url":"https:\/\/dabgajwood.com\/wp-content\/uploads\/2025\/03\/logo.png","contentUrl":"https:\/\/dabgajwood.com\/wp-content\/uploads\/2025\/03\/logo.png","width":425,"height":70,"caption":"Dabgaj"},"image":{"@id":"https:\/\/dabgajwood.com\/#\/schema\/logo\/image\/"}}]}},"_links":{"self":[{"href":"https:\/\/dabgajwood.com\/de\/wp-json\/wp\/v2\/pages\/1656","targetHints":{"allow":["GET"]}}],"collection":[{"href":"https:\/\/dabgajwood.com\/de\/wp-json\/wp\/v2\/pages"}],"about":[{"href":"https:\/\/dabgajwood.com\/de\/wp-json\/wp\/v2\/types\/page"}],"author":[{"embeddable":true,"href":"https:\/\/dabgajwood.com\/de\/wp-json\/wp\/v2\/users\/1"}],"replies":[{"embeddable":true,"href":"https:\/\/dabgajwood.com\/de\/wp-json\/wp\/v2\/comments?post=1656"}],"version-history":[{"count":2,"href":"https:\/\/dabgajwood.com\/de\/wp-json\/wp\/v2\/pages\/1656\/revisions"}],"predecessor-version":[{"id":1822,"href":"https:\/\/dabgajwood.com\/de\/wp-json\/wp\/v2\/pages\/1656\/revisions\/1822"}],"wp:attachment":[{"href":"https:\/\/dabgajwood.com\/de\/wp-json\/wp\/v2\/media?parent=1656"}],"curies":[{"name":"wp","href":"https:\/\/api.w.org\/{rel}","templated":true}]}}