{"id":1655,"date":"2024-11-14T12:42:14","date_gmt":"2024-11-14T11:42:14","guid":{"rendered":"https:\/\/dabgajwood.com\/?page_id=753"},"modified":"2025-05-13T14:16:46","modified_gmt":"2025-05-13T12:16:46","slug":"bewegliche-bretter-fur-pergolen","status":"publish","type":"page","link":"https:\/\/dabgajwood.com\/de\/bewegliche-bretter-fur-pergolen\/","title":{"rendered":"Bewegliche Bretter f\u00fcr Pergolen"},"content":{"rendered":"<section class=\"l-section wpb_row height_small\"><div class=\"l-section-h i-cf\"><div class=\"g-cols vc_row via_flex valign_middle type_default stacking_default\"><div class=\"vc_col-sm-12 wpb_column vc_column_container\"><div class=\"vc_column-inner\"><div class=\"wpb_wrapper\"><div class=\"wpb_text_column\"><div class=\"wpb_wrapper\"><p>Pergolen sind seit jeher ein beliebtes Gartenelement, das Charme und Schutz vor der Sonne bietet und gleichzeitig die M\u00f6glichkeit bietet, einen einzigartigen Raum zur Entspannung zu schaffen. D\u0105b Gaj Wood, ein Unternehmen, das f\u00fcr seine hochwertigen Holzprodukte bekannt ist, bietet eine innovative L\u00f6sung an - bewegliche Pergolabretter, die die Art und Weise, wie Sie Ihren Garten genie\u00dfen k\u00f6nnen, ver\u00e4ndern. Was genau sind diese Materialien, wozu dienen sie und warum sollten Sie auf sie setzen? Das wollen wir herausfinden.<\/p>\n<h2>Was sind bewegliche Pergolabretter?<\/h2>\n<p>Es handelt sich um ein fortschrittliches System aus Holzpaneelen, die nach Belieben gedreht werden k\u00f6nnen, um den Lichteinfall unter der Pergola zu regulieren. Dank eines Mechanismus, der es erm\u00f6glicht, den Winkel der Elemente zu ver\u00e4ndern, kann der Benutzer die Struktur an die aktuellen Wetterbedingungen und seine Vorlieben anpassen - Sie k\u00f6nnen den Raum an sonnigen Tagen st\u00e4rker beschatten, um eine angenehme K\u00fchle zu schaffen, oder ihn \u00f6ffnen, wenn Sie mehr Licht und W\u00e4rme hereinlassen m\u00f6chten. Diese L\u00f6sung bietet v\u00f6llige Flexibilit\u00e4t bei der Nutzung der Pergola und erm\u00f6glicht eine schnelle Anpassung an wechselnde Wetterbedingungen oder Tageszeiten.<br \/>\nBewegliche Bretter sind auch ideal f\u00fcr die sich \u00e4ndernden Bed\u00fcrfnisse der Nutzer - zum Beispiel w\u00e4re ein vollerer Schatten besser f\u00fcr ein Familiengrillfest oder ein offenerer Raum f\u00fcr ein Abendessen mit Freunden. Diese flexible und multifunktionale L\u00f6sung macht die Pergola noch praktischer, vielseitiger und vollst\u00e4ndig anpassbar und bietet nicht nur Komfort, sondern auch eine sch\u00f6ne \u00c4sthetik, die sich in jeden Garten einf\u00fcgt.<\/p>\n<\/div><\/div><div class=\"w-separator size_medium\"><\/div><div class=\"g-cols wpb_row via_flex valign_middle type_default stacking_default\"><div class=\"vc_col-sm-6 wpb_column vc_column_container\"><div class=\"vc_column-inner\"><div class=\"wpb_wrapper\"><div class=\"wpb_text_column\"><div class=\"wpb_wrapper\"><h2>Welche Vorteile hat die Wahl von beweglichen Pergola-Brettern?<\/h2>\n<p>Der Hauptvorteil der beschriebenen Materialien ist, dass sich das Licht genau regulieren l\u00e4sst. Dank ihnen k\u00f6nnen wir unabh\u00e4ngig von der Tageszeit, dem Wetter oder der Jahreszeit ideale Bedingungen f\u00fcr die Entspannung schaffen. An hei\u00dfen Nachmittagen l\u00e4sst sich leicht ein angenehmer Schatten schaffen, der einen k\u00fchlen und bequemen Platz zum Entspannen bietet, und am Abend - einen offenen Raum, um den Sternenhimmel zu bewundern. Die beweglichen Bretter verbessern auch die Bel\u00fcftung unter der Pergola, so dass man sich auch an warmen Tagen angenehm und luftig darunter aufhalten kann, was den Komfort noch erh\u00f6ht.<\/p>\n<p>Die Pergola mit beweglichen Brettern bietet auch Schutz vor leichtem Regen, so dass dieser Raum auch bei wechselnden Wetterbedingungen genutzt werden kann, ohne pl\u00f6tzliche Regenf\u00e4lle bef\u00fcrchten zu m\u00fcssen. Dar\u00fcber hinaus wirkt die gesamte Konstruktion sehr modern und elegant, unterstreicht den Charakter des Gartens und verleiht ihm ein exklusives Aussehen. Eine solche L\u00f6sung steigert nicht nur den \u00e4sthetischen Wert des gesamten Anwesens, sondern erh\u00f6ht auch dessen Funktionalit\u00e4t erheblich und erm\u00f6glicht eine vielseitige Nutzung des Au\u00dfenbereichs unter verschiedenen Umst\u00e4nden.<\/p>\n<\/div><\/div><\/div><\/div><\/div><div class=\"vc_col-sm-6 wpb_column vc_column_container\"><div class=\"vc_column-inner\"><div class=\"wpb_wrapper\"><div class=\"w-image us_custom_81dbcac1 align_center\"><div class=\"w-image-h\"><img data-recalc-dims=\"1\" decoding=\"async\" width=\"1024\" height=\"722\" src=\"https:\/\/i0.wp.com\/dabgajwood.com\/wp-content\/uploads\/2024\/10\/weihe-gartenlauben-aus-holz.jpg?resize=1024%2C722&#038;ssl=1\" class=\"attachment-large size-large\" alt=\"Ein moderner Gartenpavillon mit rustikalen Holzm\u00f6beln zeigt die \u00c4sthetik von Gartenlauben aus Holz.\" loading=\"lazy\" srcset=\"https:\/\/i0.wp.com\/dabgajwood.com\/wp-content\/uploads\/2024\/10\/weihe-gartenlauben-aus-holz.jpg?resize=1024%2C722&amp;ssl=1 1024w, https:\/\/i0.wp.com\/dabgajwood.com\/wp-content\/uploads\/2024\/10\/weihe-gartenlauben-aus-holz.jpg?resize=300%2C211&amp;ssl=1 300w, https:\/\/i0.wp.com\/dabgajwood.com\/wp-content\/uploads\/2024\/10\/weihe-gartenlauben-aus-holz.jpg?resize=200%2C141&amp;ssl=1 200w, https:\/\/i0.wp.com\/dabgajwood.com\/wp-content\/uploads\/2024\/10\/weihe-gartenlauben-aus-holz.jpg?resize=400%2C282&amp;ssl=1 400w, https:\/\/i0.wp.com\/dabgajwood.com\/wp-content\/uploads\/2024\/10\/weihe-gartenlauben-aus-holz.jpg?w=1135&amp;ssl=1 1135w\" sizes=\"auto, (max-width: 1024px) 100vw, 1024px\" \/><\/div><\/div><\/div><\/div><\/div><\/div><\/div><\/div><\/div><\/div><\/div><\/section><section class=\"l-section wpb_row us_custom_eac59c77 height_small\"><div class=\"l-section-h i-cf\"><div class=\"g-cols vc_row via_flex valign_top type_default stacking_default\"><div class=\"vc_col-sm-12 wpb_column vc_column_container\"><div class=\"vc_column-inner\"><div class=\"wpb_wrapper\"><div class=\"wpb_text_column\"><div class=\"wpb_wrapper\"><h2>Wo sind bewegliche Pergola-Bretter gut geeignet?<\/h2>\n<p>Bewegliche Pergola-Bretter eignen sich f\u00fcr eine Vielzahl von Orten, an denen ein komfortabler Raum zur Entspannung wichtig ist. Sie k\u00f6nnen verwendet werden f\u00fcr:<\/p>\n<ul>\n<li>Private G\u00e4rten: ideal, um einen entspannenden Raum zu schaffen, der je nach Bedarf genau die richtige Menge an Schatten und Licht bietet.<\/li>\n<li>Terrassen: Ideal, um an hei\u00dfen Tagen angenehmen Schatten zu spenden und an k\u00fchleren Abenden den Raum zu \u00f6ffnen.<\/li>\n<li>Terrasse: Sie erm\u00f6glichen die volle Kontrolle \u00fcber die Lichtmenge und machen die Terrasse das ganze Jahr \u00fcber zu einem angenehmen Ort.<\/li>\n<li>Restaurants mit Sommerg\u00e4rten: Dank ihrer Verstellbarkeit eignen sie sich gut f\u00fcr \u00f6ffentliche Bereiche und sorgen daf\u00fcr, dass sich die G\u00e4ste bei jedem Wetter wohl f\u00fchlen.<\/li>\n<li>Hotels: Sie k\u00f6nnen Teil von Lounge-Bereichen in Hotels sein, wo die G\u00e4ste die frische Luft genie\u00dfen und sich gleichzeitig vor der Sonne sch\u00fctzen wollen.<\/li>\n<li>Erholungsr\u00e4ume: Hervorragend geeignet f\u00fcr alle Arten von Erholungsr\u00e4umen, wie z. B. Parks oder Freizeitzentren, in denen der Benutzerkomfort wichtig ist.<\/li>\n<\/ul>\n<p>Dank ihrer Verstellbarkeit eignen sich die beweglichen Tafeln sowohl f\u00fcr private als auch f\u00fcr gewerbliche Anwendungen, bei denen der Komfort der Nutzer im Vordergrund steht. Sie k\u00f6nnen sich an wechselnde Wetterbedingungen anpassen, was sie zu einer \u00e4u\u00dferst praktischen L\u00f6sung macht.<\/p>\n<h2>Was sollten Sie \u00fcber die Pflege von beweglichen Pergolabrettern wissen?<\/h2>\n<p>Damit diese Materialien \u00fcber Jahre hinweg ihr attraktives Aussehen behalten, lohnt es sich, sie richtig zu pflegen. Die Platten aus hochwertigem Holz sollten regelm\u00e4\u00dfig impr\u00e4gniert werden, um sie vor den Auswirkungen von Witterungseinfl\u00fcssen wie Regen, UV-Strahlung, Schnee und Temperaturschwankungen zu sch\u00fctzen. Eine regelm\u00e4\u00dfige Impr\u00e4gnierung sch\u00fctzt das Holz nicht nur vor Feuchtigkeit, sondern auch vor Schimmel, Pilzbefall und Rissbildung bei l\u00e4ngerer Sonneneinstrahlung. Empfehlenswert sind spezielle Holzschutzmittel, die tief in die Struktur des Materials eindringen k\u00f6nnen und einen ausreichenden Schutz bieten.<\/p>\n<p>Es lohnt sich auch, den Drehmechanismus zu pflegen, damit er reibungslos funktioniert - regelm\u00e4\u00dfiges Reinigen und Schmieren der beweglichen Teile tr\u00e4gt dazu bei, dass die Struktur \u00fcber viele Jahreszeiten hinweg in hervorragendem Zustand bleibt. Aufgrund seiner Mobilit\u00e4t ist der Mechanismus anf\u00e4llig f\u00fcr die Ansammlung von Staub, Schmutz und anderen Verunreinigungen, die seinen Betrieb beeintr\u00e4chtigen k\u00f6nnen. Daher ist es ratsam, das gesamte System mindestens einmal pro Saison gr\u00fcndlich zu reinigen und ein geeignetes Schmiermittel zu verwenden, um die Reibung zu minimieren und einen reibungslosen Betrieb der Platten zu gew\u00e4hrleisten.<\/p>\n<p>Vergessen Sie auch nicht, die gesamte Pergola-Struktur regelm\u00e4\u00dfig zu \u00fcberpr\u00fcfen. Das Holz, selbst das hochwertigste, muss regelm\u00e4\u00dfig auf Sch\u00e4den wie Abplatzungen oder Kratzer \u00fcberpr\u00fcft werden, die die Struktur schw\u00e4chen k\u00f6nnen. Wenn Sie kleinere Sch\u00e4den regelm\u00e4\u00dfig ausbessern, k\u00f6nnen Sie gr\u00f6\u00dfere Probleme in der Zukunft vermeiden und eine lange Lebensdauer und ein sch\u00f6nes Aussehen gew\u00e4hrleisten. Bei richtiger Pflege und Wartung kann eine Pergola mit beweglichen Brettern viele Jahre lang halten und ihre \u00e4sthetischen und funktionalen Qualit\u00e4ten beibehalten.<\/p>\n<\/div><\/div><div class=\"wpb_text_column\"><div class=\"wpb_wrapper\"><details>\n<summary>Mehr lesen<\/summary>\n<h2>Bewegliche Pergola-Bretter - was sind ihre weiteren Verwendungsm\u00f6glichkeiten?<\/h2>\n<p>Die beschriebenen Materialien k\u00f6nnen auch andere Funktionen erf\u00fcllen. Sie k\u00f6nnen verwendet werden als <a href=\"\/de\/bewegliche-holzjalousien-nach-mas\/\">bewegliche Holzjalousien<\/a>die sich ideal zur Regulierung des Lichteinfalls in eine Gartenlaube oder als <a href=\"\/de\/wande-fur-holzpavillons\/\">Seitenw\u00e4nde f\u00fcr Holzpavillons<\/a>Sie bieten zus\u00e4tzlichen Schutz vor dem Wind oder vor den Blicken der Nachbarn. Sie k\u00f6nnen auch erfolgreich eingesetzt werden, um stilvolle <a href=\"\/de\/holzbohlenhauser\/\">Holzbohlenh\u00e4user<\/a>Sie eignen sich sowohl f\u00fcr private als auch f\u00fcr gewerbliche R\u00e4ume und verleihen ihnen Eleganz, wo immer sie aufgestellt werden.<\/p>\n<h2>Bewegliche Bretter f\u00fcr Pergolen im Angebot von D\u0105b Gaj Wood<\/h2>\n<p>D\u0105b Gaj Wood bietet bewegliche Pergola-Bretter aus hochwertigem Holz an, die Haltbarkeit und \u00c4sthetik vereinen. Die Produkte von D\u0105b Gaj Wood zeichnen sich durch ihre robuste Verarbeitung und die M\u00f6glichkeit der individuellen Anpassung aus. Durch die M\u00f6glichkeit, die Holzart, die Oberfl\u00e4che und das Montagesystem zu w\u00e4hlen, kann jeder eine L\u00f6sung finden, die perfekt zu seinem Garten passt. D\u0105b Gaj Wood bietet dar\u00fcber hinaus eine umfassende Unterst\u00fctzung bei der Installation und Pflege seiner Produkte, was die Zufriedenheit mit der Wahl und eine lange Nutzungsdauer garantiert.<\/p>\n<p>Die beweglichen Pergolabretter von D\u0105b Gaj Wood sind eine Kombination aus Funktionalit\u00e4t, modernem Design und Qualit\u00e4t, die selbst die anspruchsvollsten Nutzer zufrieden stellt. Sie erm\u00f6glichen es uns, das ganze Jahr \u00fcber einen sch\u00f6nen und komfortablen Garten zu genie\u00dfen.<\/p>\n<\/details>\n<\/div><\/div><\/div><\/div><\/div><\/div><\/div><\/section>","protected":false},"excerpt":{"rendered":"Pergole od zawsze cieszy\u0142y si\u0119 popularno\u015bci\u0105 jako element ogrodu, kt\u00f3ry dodaje uroku, chroni przed s\u0142o\u0144cem, a jednocze\u015bnie pozwala stworzy\u0107 wyj\u0105tkow\u0105 przestrze\u0144 do relaksu. Firma D\u0105b Gaj Wood, znana z wysokiej jako\u015bci wyrob\u00f3w z drewna, proponuje innowacyjne rozwi\u0105zanie \u2013 ruchome deski do pergoli, kt\u00f3re zmieniaj\u0105 spos\u00f3b, w jaki mo\u017cna korzysta\u0107 z ogrodu. Czym dok\u0142adnie s\u0105 te...","protected":false},"author":1,"featured_media":0,"parent":0,"menu_order":0,"comment_status":"closed","ping_status":"closed","template":"","meta":{"_acf_changed":false,"footnotes":""},"class_list":["post-1655","page","type-page","status-publish","hentry"],"acf":[],"yoast_head":"<!-- This site is optimized with the Yoast SEO plugin v26.2 - https:\/\/yoast.com\/wordpress\/plugins\/seo\/ -->\n<title>Ruchome deski do pergoli - D\u0105b Gaj Wood<\/title>\n<meta name=\"robots\" content=\"index, follow, max-snippet:-1, max-image-preview:large, max-video-preview:-1\" \/>\n<link rel=\"canonical\" href=\"https:\/\/dabgajwood.com\/de\/bewegliche-bretter-fur-pergolen\/\" \/>\n<meta property=\"og:locale\" content=\"de_DE\" \/>\n<meta property=\"og:type\" content=\"article\" \/>\n<meta property=\"og:title\" content=\"Ruchome deski do pergoli - D\u0105b Gaj Wood\" \/>\n<meta property=\"og:url\" content=\"https:\/\/dabgajwood.com\/de\/bewegliche-bretter-fur-pergolen\/\" \/>\n<meta property=\"og:site_name\" content=\"D\u0105b Gaj Wood\" \/>\n<meta property=\"article:modified_time\" content=\"2025-05-13T12:16:46+00:00\" \/>\n<meta name=\"twitter:card\" content=\"summary_large_image\" \/>\n<meta name=\"twitter:label1\" content=\"Gesch\u00e4tzte Lesezeit\" \/>\n\t<meta name=\"twitter:data1\" content=\"6\u00a0Minuten\" \/>\n<script type=\"application\/ld+json\" class=\"yoast-schema-graph\">{\"@context\":\"https:\/\/schema.org\",\"@graph\":[{\"@type\":\"WebPage\",\"@id\":\"https:\/\/dabgajwood.com\/ruchome-deski-do-pergoli\/\",\"url\":\"https:\/\/dabgajwood.com\/ruchome-deski-do-pergoli\/\",\"name\":\"Ruchome deski do pergoli - D\u0105b Gaj Wood\",\"isPartOf\":{\"@id\":\"https:\/\/dabgajwood.com\/#website\"},\"datePublished\":\"2024-11-14T11:42:14+00:00\",\"dateModified\":\"2025-05-13T12:16:46+00:00\",\"breadcrumb\":{\"@id\":\"https:\/\/dabgajwood.com\/ruchome-deski-do-pergoli\/#breadcrumb\"},\"inLanguage\":\"de\",\"potentialAction\":[{\"@type\":\"ReadAction\",\"target\":[\"https:\/\/dabgajwood.com\/ruchome-deski-do-pergoli\/\"]}]},{\"@type\":\"BreadcrumbList\",\"@id\":\"https:\/\/dabgajwood.com\/ruchome-deski-do-pergoli\/#breadcrumb\",\"itemListElement\":[{\"@type\":\"ListItem\",\"position\":1,\"name\":\"Strona g\u0142\u00f3wna\",\"item\":\"https:\/\/dabgajwood.com\/\"},{\"@type\":\"ListItem\",\"position\":2,\"name\":\"Ruchome deski do pergoli\"}]},{\"@type\":\"WebSite\",\"@id\":\"https:\/\/dabgajwood.com\/#website\",\"url\":\"https:\/\/dabgajwood.com\/\",\"name\":\"Dabgaj\",\"description\":\"\",\"publisher\":{\"@id\":\"https:\/\/dabgajwood.com\/#organization\"},\"potentialAction\":[{\"@type\":\"SearchAction\",\"target\":{\"@type\":\"EntryPoint\",\"urlTemplate\":\"https:\/\/dabgajwood.com\/?s={search_term_string}\"},\"query-input\":{\"@type\":\"PropertyValueSpecification\",\"valueRequired\":true,\"valueName\":\"search_term_string\"}}],\"inLanguage\":\"de\"},{\"@type\":\"Organization\",\"@id\":\"https:\/\/dabgajwood.com\/#organization\",\"name\":\"Dabgaj\",\"url\":\"https:\/\/dabgajwood.com\/\",\"logo\":{\"@type\":\"ImageObject\",\"inLanguage\":\"de\",\"@id\":\"https:\/\/dabgajwood.com\/#\/schema\/logo\/image\/\",\"url\":\"https:\/\/dabgajwood.com\/wp-content\/uploads\/2025\/03\/logo.png\",\"contentUrl\":\"https:\/\/dabgajwood.com\/wp-content\/uploads\/2025\/03\/logo.png\",\"width\":425,\"height\":70,\"caption\":\"Dabgaj\"},\"image\":{\"@id\":\"https:\/\/dabgajwood.com\/#\/schema\/logo\/image\/\"}}]}<\/script>\n<!-- \/ Yoast SEO plugin. -->","yoast_head_json":{"title":"Ruchome deski do pergoli - D\u0105b Gaj Wood","robots":{"index":"index","follow":"follow","max-snippet":"max-snippet:-1","max-image-preview":"max-image-preview:large","max-video-preview":"max-video-preview:-1"},"canonical":"https:\/\/dabgajwood.com\/de\/bewegliche-bretter-fur-pergolen\/","og_locale":"de_DE","og_type":"article","og_title":"Ruchome deski do pergoli - D\u0105b Gaj Wood","og_url":"https:\/\/dabgajwood.com\/de\/bewegliche-bretter-fur-pergolen\/","og_site_name":"D\u0105b Gaj Wood","article_modified_time":"2025-05-13T12:16:46+00:00","twitter_card":"summary_large_image","twitter_misc":{"Gesch\u00e4tzte Lesezeit":"6\u00a0Minuten"},"schema":{"@context":"https:\/\/schema.org","@graph":[{"@type":"WebPage","@id":"https:\/\/dabgajwood.com\/ruchome-deski-do-pergoli\/","url":"https:\/\/dabgajwood.com\/ruchome-deski-do-pergoli\/","name":"Ruchome deski do pergoli - D\u0105b Gaj Wood","isPartOf":{"@id":"https:\/\/dabgajwood.com\/#website"},"datePublished":"2024-11-14T11:42:14+00:00","dateModified":"2025-05-13T12:16:46+00:00","breadcrumb":{"@id":"https:\/\/dabgajwood.com\/ruchome-deski-do-pergoli\/#breadcrumb"},"inLanguage":"de","potentialAction":[{"@type":"ReadAction","target":["https:\/\/dabgajwood.com\/ruchome-deski-do-pergoli\/"]}]},{"@type":"BreadcrumbList","@id":"https:\/\/dabgajwood.com\/ruchome-deski-do-pergoli\/#breadcrumb","itemListElement":[{"@type":"ListItem","position":1,"name":"Strona g\u0142\u00f3wna","item":"https:\/\/dabgajwood.com\/"},{"@type":"ListItem","position":2,"name":"Ruchome deski do pergoli"}]},{"@type":"WebSite","@id":"https:\/\/dabgajwood.com\/#website","url":"https:\/\/dabgajwood.com\/","name":"Dabgaj","description":"","publisher":{"@id":"https:\/\/dabgajwood.com\/#organization"},"potentialAction":[{"@type":"SearchAction","target":{"@type":"EntryPoint","urlTemplate":"https:\/\/dabgajwood.com\/?s={search_term_string}"},"query-input":{"@type":"PropertyValueSpecification","valueRequired":true,"valueName":"search_term_string"}}],"inLanguage":"de"},{"@type":"Organization","@id":"https:\/\/dabgajwood.com\/#organization","name":"Dabgaj","url":"https:\/\/dabgajwood.com\/","logo":{"@type":"ImageObject","inLanguage":"de","@id":"https:\/\/dabgajwood.com\/#\/schema\/logo\/image\/","url":"https:\/\/dabgajwood.com\/wp-content\/uploads\/2025\/03\/logo.png","contentUrl":"https:\/\/dabgajwood.com\/wp-content\/uploads\/2025\/03\/logo.png","width":425,"height":70,"caption":"Dabgaj"},"image":{"@id":"https:\/\/dabgajwood.com\/#\/schema\/logo\/image\/"}}]}},"_links":{"self":[{"href":"https:\/\/dabgajwood.com\/de\/wp-json\/wp\/v2\/pages\/1655","targetHints":{"allow":["GET"]}}],"collection":[{"href":"https:\/\/dabgajwood.com\/de\/wp-json\/wp\/v2\/pages"}],"about":[{"href":"https:\/\/dabgajwood.com\/de\/wp-json\/wp\/v2\/types\/page"}],"author":[{"embeddable":true,"href":"https:\/\/dabgajwood.com\/de\/wp-json\/wp\/v2\/users\/1"}],"replies":[{"embeddable":true,"href":"https:\/\/dabgajwood.com\/de\/wp-json\/wp\/v2\/comments?post=1655"}],"version-history":[{"count":2,"href":"https:\/\/dabgajwood.com\/de\/wp-json\/wp\/v2\/pages\/1655\/revisions"}],"predecessor-version":[{"id":1821,"href":"https:\/\/dabgajwood.com\/de\/wp-json\/wp\/v2\/pages\/1655\/revisions\/1821"}],"wp:attachment":[{"href":"https:\/\/dabgajwood.com\/de\/wp-json\/wp\/v2\/media?parent=1655"}],"curies":[{"name":"wp","href":"https:\/\/api.w.org\/{rel}","templated":true}]}}