{"id":1654,"date":"2024-11-14T11:04:32","date_gmt":"2024-11-14T10:04:32","guid":{"rendered":"https:\/\/dabgajwood.com\/?page_id=751"},"modified":"2025-05-13T14:13:10","modified_gmt":"2025-05-13T12:13:10","slug":"gartenlaubenbretter","status":"publish","type":"page","link":"https:\/\/dabgajwood.com\/de\/gartenlaubenbretter\/","title":{"rendered":"Gazebo-Bretter"},"content":{"rendered":"<section class=\"l-section wpb_row height_small\"><div class=\"l-section-h i-cf\"><div class=\"g-cols vc_row via_flex valign_middle type_default stacking_default\"><div class=\"vc_col-sm-12 wpb_column vc_column_container\"><div class=\"vc_column-inner\"><div class=\"wpb_wrapper\"><div class=\"wpb_text_column\"><div class=\"wpb_wrapper\"><p>Ein Pavillon im Garten ist nicht nur ein sch\u00f6ner Ort zum Entspannen, sondern auch eine einzigartige Dekoration des h\u00e4uslichen Raums, der das Herzst\u00fcck Ihres Gartens werden kann. Mit den richtigen Brettern wird er zu einem einzigartigen Ort, ideal f\u00fcr Familientreffen, zum Entspannen nach einem anstrengenden Arbeitstag oder zum Feiern im Freien.<br \/>\nD\u0105b Gaj Wood bietet eine gro\u00dfe Auswahl an Pavillonplatten, die den Stil Ihres Gartens perfekt erg\u00e4nzen und einen idealen Raum f\u00fcr Entspannung und Harmonie mit der Natur schaffen. Unsere Produkte helfen Ihnen dabei, eine Struktur zu schaffen, die nicht nur funktional ist, sondern auch voller Charme und einzigartigem Charakter. Finden Sie heraus, wie diese Materialien Ihr Grundst\u00fcck verwandeln und ihm ein einzigartiges Aussehen verleihen k\u00f6nnen!<\/p>\n<h2>Gartenlaubenbretter - wie w\u00e4hlt man die richtigen aus?<\/h2>\n<p>Die Wahl der richtigen Bretter f\u00fcr eine Gartenlaube kann eine Herausforderung sein, vor allem, wenn Sie m\u00f6chten, dass Ihre Gartenarchitektur nicht nur gut aussieht, sondern auch viele Jahre lang h\u00e4lt. Das Wichtigste ist, dass das Holz langlebig ist, wechselhaften Witterungsbedingungen wie Regen, Schnee oder intensiver Sonneneinstrahlung standh\u00e4lt und den Charakter des Raumes \u00e4sthetisch unterstreicht. Es lohnt sich, auf die Holzart zu achten, die seine Eigenschaften beeinflusst, auf die Impr\u00e4gnierung, die vor Feuchtigkeit und Sch\u00e4dlingen sch\u00fctzt, und auf den Stil, der mit dem Rest des Gartens harmonieren und ein koh\u00e4rentes Ganzes bilden soll. In unserem Sortiment finden Sie Dielen, die alle diese Kriterien erf\u00fcllen und nicht nur langlebig sind, sondern auch Sch\u00f6nheit und nat\u00fcrlichen Charme ausstrahlen. Jede einzelne Platte ist so gefertigt, dass sie eine solide und \u00e4sthetisch ansprechende Basis f\u00fcr jede Gartenlaube bildet, unabh\u00e4ngig von ihrem Stil oder Zweck.<\/p>\n<\/div><\/div><div class=\"w-separator size_medium\"><\/div><div class=\"g-cols wpb_row via_flex valign_middle type_default stacking_default\"><div class=\"vc_col-sm-6 wpb_column vc_column_container\"><div class=\"vc_column-inner\"><div class=\"wpb_wrapper\"><div class=\"wpb_text_column\"><div class=\"wpb_wrapper\"><h2>Welche Pavillonplatten bieten wir an?<\/h2>\n<p>D\u0105b Gaj Wood bietet Gartenlaubenbretter aus Eiche und anderen edlen Holzarten wie L\u00e4rche, Kiefer oder Fichte an, die f\u00fcr ihre Haltbarkeit und \u00c4sthetik bekannt sind. Wir bieten sowohl klassische, glatte Modelle an, die sich perfekt f\u00fcr minimalistische Designs eignen, als auch dekorativere, profilierte Varianten, die der Struktur einen einzigartigen Charakter verleihen und es Ihnen erm\u00f6glichen, ihren einzigartigen Stil zu betonen. Unsere Produkte sind in einer Vielzahl von Gr\u00f6\u00dfen erh\u00e4ltlich, um den individuellen Bed\u00fcrfnissen jedes Kunden gerecht zu werden, sei es in Bezug auf Gr\u00f6\u00dfe, Dicke oder Ausf\u00fchrung. Dar\u00fcber hinaus bieten wir eine Vielzahl von Holzfarben an, damit der Pavillon mit der umgebenden Landschaft und der \u00fcbrigen Gartenarchitektur harmoniert. All dies macht unsere Materialien zur idealen Wahl f\u00fcr alle, die einen Raum schaffen wollen, der sowohl funktional als auch sch\u00f6n ist.<\/p>\n<\/div><\/div><\/div><\/div><\/div><div class=\"vc_col-sm-6 wpb_column vc_column_container\"><div class=\"vc_column-inner\"><div class=\"wpb_wrapper\"><div class=\"w-image us_custom_81dbcac1 align_center\"><div class=\"w-image-h\"><img data-recalc-dims=\"1\" decoding=\"async\" width=\"1024\" height=\"722\" src=\"https:\/\/i0.wp.com\/dabgajwood.com\/wp-content\/uploads\/2024\/10\/weihe-gartenlauben-aus-holz.jpg?resize=1024%2C722&#038;ssl=1\" class=\"attachment-large size-large\" alt=\"Ein moderner Gartenpavillon mit rustikalen Holzm\u00f6beln zeigt die \u00c4sthetik von Gartenlauben aus Holz.\" loading=\"lazy\" srcset=\"https:\/\/i0.wp.com\/dabgajwood.com\/wp-content\/uploads\/2024\/10\/weihe-gartenlauben-aus-holz.jpg?resize=1024%2C722&amp;ssl=1 1024w, https:\/\/i0.wp.com\/dabgajwood.com\/wp-content\/uploads\/2024\/10\/weihe-gartenlauben-aus-holz.jpg?resize=300%2C211&amp;ssl=1 300w, https:\/\/i0.wp.com\/dabgajwood.com\/wp-content\/uploads\/2024\/10\/weihe-gartenlauben-aus-holz.jpg?resize=200%2C141&amp;ssl=1 200w, https:\/\/i0.wp.com\/dabgajwood.com\/wp-content\/uploads\/2024\/10\/weihe-gartenlauben-aus-holz.jpg?resize=400%2C282&amp;ssl=1 400w, https:\/\/i0.wp.com\/dabgajwood.com\/wp-content\/uploads\/2024\/10\/weihe-gartenlauben-aus-holz.jpg?w=1135&amp;ssl=1 1135w\" sizes=\"auto, (max-width: 1024px) 100vw, 1024px\" \/><\/div><\/div><\/div><\/div><\/div><\/div><\/div><\/div><\/div><\/div><\/div><\/section><section class=\"l-section wpb_row us_custom_eac59c77 height_small\"><div class=\"l-section-h i-cf\"><div class=\"g-cols vc_row via_flex valign_top type_default stacking_default\"><div class=\"vc_col-sm-12 wpb_column vc_column_container\"><div class=\"vc_column-inner\"><div class=\"wpb_wrapper\"><div class=\"wpb_text_column\"><div class=\"wpb_wrapper\"><h2>Was sind die Merkmale unserer Gartenlaubenplatten?<\/h2>\n<p>Unsere Gartenlaubenbretter sind eine Garantie f\u00fcr h\u00f6chste Qualit\u00e4t, die auch die Erwartungen der anspruchsvollsten Kunden erf\u00fcllt. Jedes Element wird sorgf\u00e4ltig ausgew\u00e4hlt, um eine einheitliche Farbe und eine ausgezeichnete Qualit\u00e4t zu gew\u00e4hrleisten. Das Holz wird einer ordnungsgem\u00e4\u00dfen Impr\u00e4gnierung unterzogen, die es resistent gegen Feuchtigkeit, UV-Strahlung und Sch\u00e4dlinge macht. Die Impr\u00e4gnierung sch\u00fctzt vor Schimmel, Pilzen und Insekten, wodurch sich die Lebensdauer der Materialien erheblich verl\u00e4ngert und Sie viele Jahre lang Freude an der Konstruktion haben werden. Die von uns angebotenen Bretter zeichnen sich durch ein nat\u00fcrliches Aussehen aus, bei dem die Sch\u00f6nheit der Holzmaserung und -struktur erhalten bleibt, sowie durch die Liebe zum Detail, dank derer sie sich perfekt in die \u00c4sthetik jeder Gartenlaube einf\u00fcgen. Dar\u00fcber hinaus sind sie leicht zu montieren, so dass auch die Heimwerkerarbeit zum Vergn\u00fcgen wird. Dank der pr\u00e4zisen Verarbeitung und der gut vorbereiteten Elemente geht die Montage schnell und problemlos vonstatten und gibt Ihnen das gute Gef\u00fchl, die Arbeit selbst gemacht zu haben.<\/p>\n<h2>Warum sollte man sich f\u00fcr einen Holzpavillon entscheiden?<\/h2>\n<p>Ein Holzpavillon ist die perfekte L\u00f6sung, um einen entspannenden Raum zu schaffen, der W\u00e4rme und nat\u00fcrliche Sch\u00f6nheit ausstrahlt. Holz ist ein umweltfreundliches Material und seine Pr\u00e4senz im Garten schafft eine einzigartige Atmosph\u00e4re, die zur Entspannung und zum Treffen mit den Liebsten einl\u00e4dt. Die Gartenarchitektur aus Holz f\u00fcgt sich perfekt in die Gr\u00fcnanlage ein, unterstreicht den Charakter des Grundst\u00fccks und schafft eine harmonische Atmosph\u00e4re.<\/p>\n<p>Hier erfahren Sie, warum Sie sich f\u00fcr einen Holzpavillon entscheiden sollten:<\/p>\n<ul>\n<li>Nat\u00fcrliche Sch\u00f6nheit - Holz hat eine einzigartige \u00c4sthetik, die dem Garten Charme verleiht und einen warmen und gem\u00fctlichen Raum zum Entspannen schafft.<\/li>\n<li>Umweltfreundlich - Holz ist ein umweltfreundliches Material, so dass die Wahl eines Holzpavillons ein Schritt in Richtung eines umweltfreundlichen Lebensstils ist.<\/li>\n<li>Einzigartige Atmosph\u00e4re - die Holzkonstruktion verleiht dem Garten eine einzigartige Atmosph\u00e4re, die zur Entspannung und zum Beisammensein mit Familie und Freunden einl\u00e4dt.<\/li>\n<li>Harmonische Komposition - f\u00fcgt sich perfekt in die nat\u00fcrliche Umgebung mit Rasenfl\u00e4chen, B\u00e4umen und Blumen ein und unterstreicht die Harmonie des Raums.<\/li>\n<li>Personalisierung - mit unseren Brettern kann jeder Pavillon einen individuellen Stil erhalten, der den Vorlieben des Besitzers entspricht, so dass Sie einen einzigartigen und besonderen Gartenraum schaffen k\u00f6nnen.<\/li>\n<\/ul>\n<\/div><\/div><div class=\"wpb_text_column\"><div class=\"wpb_wrapper\"><details>\n<summary>Mehr lesen<\/summary>\n<h2>Gazebo-Boards und mehr - was finden Sie sonst noch in unserem Sortiment?<\/h2>\n<p>Bei D\u0105b Gaj Wood bieten wir nicht nur Pavillonbretter an, sondern auch andere L\u00f6sungen zur Versch\u00f6nerung Ihres Gartens. Sie werden bei uns f\u00fcndig:<\/p>\n<p>- <a href=\"\/de\/gartenjalousien-aus-holz\/\">Gartenjalousien aus Holz<\/a> - perfekt, um Privatsph\u00e4re und Schutz vor der Sonne zu bieten.<br \/>\n- <a href=\"\/de\/bewegliches-bohlensystem\/\">Bewegliche Dielensysteme<\/a> - eine moderne L\u00f6sung zur Regulierung der Beschattung in der Gartenlaube.<br \/>\n- <a href=\"\/de\/systemvordacher\/\">Lamellenvord\u00e4cher<\/a> - elegant und funktionell, ideal zum Schutz vor Regen und \u00fcberm\u00e4\u00dfiger Sonne.<br \/>\n- <a href=\"\/de\/wande-fur-holzpavillons\/\">W\u00e4nde f\u00fcr Holzpavillons<\/a> - die die Struktur des Pavillons erg\u00e4nzen und Gem\u00fctlichkeit und Schutz vor Wind bieten.<\/p>\n<h2>Wir laden Sie ein, unsere Pavillonplatten zu w\u00e4hlen<\/h2>\n<p>Wenn Sie von einem sch\u00f6nen Holzpavillon tr\u00e4umen, der das Herzst\u00fcck Ihres Gartens werden soll, laden wir Sie ein, einen Blick auf unser Angebot zu werfen. Bei D\u0105b Gaj Wood bieten wir Ihnen Bretter an, die sich nicht nur durch ihre Langlebigkeit auszeichnen, sondern es Ihnen auch erm\u00f6glichen, Ihre Visionen zu verwirklichen und einen Raum zu schaffen, der sowohl zur Entspannung als auch zum Beisammensein mit Familie und Freunden geeignet ist. Unsere Produkte sind eine Garantie f\u00fcr Qualit\u00e4t, Langlebigkeit und \u00c4sthetik, die Ihre Erwartungen erf\u00fcllen werden. Wir bieten Ihnen fachkundige Beratung und Unterst\u00fctzung bei der Auswahl der besten L\u00f6sungen, um Ihre Gartenlaube zu einem einzigartigen Ort voller Charme und Stil zu machen.<\/p>\n<p>Setzen Sie sich mit uns in Verbindung und gestalten Sie gemeinsam mit D\u0105b Gaj Wood Ihren Traum-Pavillon! Wir freuen uns darauf, Ihnen dabei zu helfen, einen einzigartigen Raum in Ihrem Garten zu schaffen, den alle Haushaltsmitglieder und G\u00e4ste lieben werden.<\/p>\n<\/details>\n<\/div><\/div><\/div><\/div><\/div><\/div><\/div><\/section>","protected":false},"excerpt":{"rendered":"Altana w ogrodzie to nie tylko pi\u0119kne miejsce do odpoczynku, ale r\u00f3wnie\u017c wyj\u0105tkowa ozdoba przestrzeni przydomowej, kt\u00f3ra mo\u017ce sta\u0107 si\u0119 sercem Twojego ogrodu. Dzi\u0119ki odpowiednio dobranym deseczkom, staje si\u0119 ona niepowtarzalnym miejscem, idealnym do spotka\u0144 rodzinnych, relaksu po ci\u0119\u017ckim dniu pracy, a tak\u017ce organizowania przyj\u0119\u0107 na \u015bwie\u017cym powietrzu. D\u0105b Gaj Wood oferuje szeroki wyb\u00f3r deseczek...","protected":false},"author":1,"featured_media":0,"parent":0,"menu_order":0,"comment_status":"closed","ping_status":"closed","template":"","meta":{"_acf_changed":false,"footnotes":""},"class_list":["post-1654","page","type-page","status-publish","hentry"],"acf":[],"yoast_head":"<!-- This site is optimized with the Yoast SEO plugin v26.2 - https:\/\/yoast.com\/wordpress\/plugins\/seo\/ -->\n<title>Deseczki do altan - D\u0105b Gaj Wood<\/title>\n<meta name=\"robots\" content=\"index, follow, max-snippet:-1, max-image-preview:large, max-video-preview:-1\" \/>\n<link rel=\"canonical\" href=\"https:\/\/dabgajwood.com\/de\/gartenlaubenbretter\/\" \/>\n<meta property=\"og:locale\" content=\"de_DE\" \/>\n<meta property=\"og:type\" content=\"article\" \/>\n<meta property=\"og:title\" content=\"Deseczki do altan - D\u0105b Gaj Wood\" \/>\n<meta property=\"og:url\" content=\"https:\/\/dabgajwood.com\/de\/gartenlaubenbretter\/\" \/>\n<meta property=\"og:site_name\" content=\"D\u0105b Gaj Wood\" \/>\n<meta property=\"article:modified_time\" content=\"2025-05-13T12:13:10+00:00\" \/>\n<meta name=\"twitter:card\" content=\"summary_large_image\" \/>\n<meta name=\"twitter:label1\" content=\"Gesch\u00e4tzte Lesezeit\" \/>\n\t<meta name=\"twitter:data1\" content=\"6\u00a0Minuten\" \/>\n<script type=\"application\/ld+json\" class=\"yoast-schema-graph\">{\"@context\":\"https:\/\/schema.org\",\"@graph\":[{\"@type\":\"WebPage\",\"@id\":\"https:\/\/dabgajwood.com\/deseczki-do-altan\/\",\"url\":\"https:\/\/dabgajwood.com\/deseczki-do-altan\/\",\"name\":\"Deseczki do altan - D\u0105b Gaj Wood\",\"isPartOf\":{\"@id\":\"https:\/\/dabgajwood.com\/#website\"},\"datePublished\":\"2024-11-14T10:04:32+00:00\",\"dateModified\":\"2025-05-13T12:13:10+00:00\",\"breadcrumb\":{\"@id\":\"https:\/\/dabgajwood.com\/deseczki-do-altan\/#breadcrumb\"},\"inLanguage\":\"de\",\"potentialAction\":[{\"@type\":\"ReadAction\",\"target\":[\"https:\/\/dabgajwood.com\/deseczki-do-altan\/\"]}]},{\"@type\":\"BreadcrumbList\",\"@id\":\"https:\/\/dabgajwood.com\/deseczki-do-altan\/#breadcrumb\",\"itemListElement\":[{\"@type\":\"ListItem\",\"position\":1,\"name\":\"Strona g\u0142\u00f3wna\",\"item\":\"https:\/\/dabgajwood.com\/\"},{\"@type\":\"ListItem\",\"position\":2,\"name\":\"Deseczki do altan\"}]},{\"@type\":\"WebSite\",\"@id\":\"https:\/\/dabgajwood.com\/#website\",\"url\":\"https:\/\/dabgajwood.com\/\",\"name\":\"Dabgaj\",\"description\":\"\",\"publisher\":{\"@id\":\"https:\/\/dabgajwood.com\/#organization\"},\"potentialAction\":[{\"@type\":\"SearchAction\",\"target\":{\"@type\":\"EntryPoint\",\"urlTemplate\":\"https:\/\/dabgajwood.com\/?s={search_term_string}\"},\"query-input\":{\"@type\":\"PropertyValueSpecification\",\"valueRequired\":true,\"valueName\":\"search_term_string\"}}],\"inLanguage\":\"de\"},{\"@type\":\"Organization\",\"@id\":\"https:\/\/dabgajwood.com\/#organization\",\"name\":\"Dabgaj\",\"url\":\"https:\/\/dabgajwood.com\/\",\"logo\":{\"@type\":\"ImageObject\",\"inLanguage\":\"de\",\"@id\":\"https:\/\/dabgajwood.com\/#\/schema\/logo\/image\/\",\"url\":\"https:\/\/dabgajwood.com\/wp-content\/uploads\/2025\/03\/logo.png\",\"contentUrl\":\"https:\/\/dabgajwood.com\/wp-content\/uploads\/2025\/03\/logo.png\",\"width\":425,\"height\":70,\"caption\":\"Dabgaj\"},\"image\":{\"@id\":\"https:\/\/dabgajwood.com\/#\/schema\/logo\/image\/\"}}]}<\/script>\n<!-- \/ Yoast SEO plugin. -->","yoast_head_json":{"title":"Deseczki do altan - D\u0105b Gaj Wood","robots":{"index":"index","follow":"follow","max-snippet":"max-snippet:-1","max-image-preview":"max-image-preview:large","max-video-preview":"max-video-preview:-1"},"canonical":"https:\/\/dabgajwood.com\/de\/gartenlaubenbretter\/","og_locale":"de_DE","og_type":"article","og_title":"Deseczki do altan - D\u0105b Gaj Wood","og_url":"https:\/\/dabgajwood.com\/de\/gartenlaubenbretter\/","og_site_name":"D\u0105b Gaj Wood","article_modified_time":"2025-05-13T12:13:10+00:00","twitter_card":"summary_large_image","twitter_misc":{"Gesch\u00e4tzte Lesezeit":"6\u00a0Minuten"},"schema":{"@context":"https:\/\/schema.org","@graph":[{"@type":"WebPage","@id":"https:\/\/dabgajwood.com\/deseczki-do-altan\/","url":"https:\/\/dabgajwood.com\/deseczki-do-altan\/","name":"Deseczki do altan - D\u0105b Gaj Wood","isPartOf":{"@id":"https:\/\/dabgajwood.com\/#website"},"datePublished":"2024-11-14T10:04:32+00:00","dateModified":"2025-05-13T12:13:10+00:00","breadcrumb":{"@id":"https:\/\/dabgajwood.com\/deseczki-do-altan\/#breadcrumb"},"inLanguage":"de","potentialAction":[{"@type":"ReadAction","target":["https:\/\/dabgajwood.com\/deseczki-do-altan\/"]}]},{"@type":"BreadcrumbList","@id":"https:\/\/dabgajwood.com\/deseczki-do-altan\/#breadcrumb","itemListElement":[{"@type":"ListItem","position":1,"name":"Strona g\u0142\u00f3wna","item":"https:\/\/dabgajwood.com\/"},{"@type":"ListItem","position":2,"name":"Deseczki do altan"}]},{"@type":"WebSite","@id":"https:\/\/dabgajwood.com\/#website","url":"https:\/\/dabgajwood.com\/","name":"Dabgaj","description":"","publisher":{"@id":"https:\/\/dabgajwood.com\/#organization"},"potentialAction":[{"@type":"SearchAction","target":{"@type":"EntryPoint","urlTemplate":"https:\/\/dabgajwood.com\/?s={search_term_string}"},"query-input":{"@type":"PropertyValueSpecification","valueRequired":true,"valueName":"search_term_string"}}],"inLanguage":"de"},{"@type":"Organization","@id":"https:\/\/dabgajwood.com\/#organization","name":"Dabgaj","url":"https:\/\/dabgajwood.com\/","logo":{"@type":"ImageObject","inLanguage":"de","@id":"https:\/\/dabgajwood.com\/#\/schema\/logo\/image\/","url":"https:\/\/dabgajwood.com\/wp-content\/uploads\/2025\/03\/logo.png","contentUrl":"https:\/\/dabgajwood.com\/wp-content\/uploads\/2025\/03\/logo.png","width":425,"height":70,"caption":"Dabgaj"},"image":{"@id":"https:\/\/dabgajwood.com\/#\/schema\/logo\/image\/"}}]}},"_links":{"self":[{"href":"https:\/\/dabgajwood.com\/de\/wp-json\/wp\/v2\/pages\/1654","targetHints":{"allow":["GET"]}}],"collection":[{"href":"https:\/\/dabgajwood.com\/de\/wp-json\/wp\/v2\/pages"}],"about":[{"href":"https:\/\/dabgajwood.com\/de\/wp-json\/wp\/v2\/types\/page"}],"author":[{"embeddable":true,"href":"https:\/\/dabgajwood.com\/de\/wp-json\/wp\/v2\/users\/1"}],"replies":[{"embeddable":true,"href":"https:\/\/dabgajwood.com\/de\/wp-json\/wp\/v2\/comments?post=1654"}],"version-history":[{"count":3,"href":"https:\/\/dabgajwood.com\/de\/wp-json\/wp\/v2\/pages\/1654\/revisions"}],"predecessor-version":[{"id":1812,"href":"https:\/\/dabgajwood.com\/de\/wp-json\/wp\/v2\/pages\/1654\/revisions\/1812"}],"wp:attachment":[{"href":"https:\/\/dabgajwood.com\/de\/wp-json\/wp\/v2\/media?parent=1654"}],"curies":[{"name":"wp","href":"https:\/\/api.w.org\/{rel}","templated":true}]}}