{"id":1518,"date":"2025-04-28T13:50:45","date_gmt":"2025-04-28T11:50:45","guid":{"rendered":"https:\/\/dabgajwood.gogler.link\/?page_id=1518"},"modified":"2025-10-23T09:56:44","modified_gmt":"2025-10-23T07:56:44","slug":"kontakt","status":"publish","type":"page","link":"https:\/\/dabgajwood.com\/de\/kontakt\/","title":{"rendered":"Kontakt"},"content":{"rendered":"<section class=\"l-section wpb_row height_medium\"><div class=\"l-section-h i-cf\"><div class=\"g-cols vc_row via_flex valign_top type_default stacking_default\"><div class=\"vc_col-sm-6 wpb_column vc_column_container\"><div class=\"vc_column-inner\"><div class=\"wpb_wrapper\"><h2 class=\"w-text\"><span class=\"w-text-h\"><span class=\"w-text-value\">Kontaktangaben<\/span><\/span><\/h2><div class=\"w-separator size_small\"><\/div><div class=\"wpb_text_column\"><div class=\"wpb_wrapper\"><p><span>Wenden Sie sich in jeder Angelegenheit an uns - wir beantworten gerne alle Ihre Fragen und geben Ihnen detaillierte Informationen. Wir stehen Ihnen gerne zur Verf\u00fcgung, um Ihnen bei allen Fragen zu unseren Dienstleistungen zu helfen.<\/span><\/p>\n<\/div><\/div><div class=\"w-separator size_small\"><\/div><div class=\"w-vwrapper align_none valign_top\"><div class=\"w-iconbox iconpos_left style_default color_primary align_none no_title\"><div class=\"w-iconbox-icon\" style=\"font-size:1.6rem;\"><i class=\"fas fa-map-marker-alt\"><\/i><\/div><div class=\"w-iconbox-meta\"><div class=\"w-iconbox-text\"><p>Pasynki 2\/1<br \/>\n17-100 Bielsk Podlaski<\/p>\n<\/div><\/div><\/div><div class=\"w-text us_custom_1e0e9307\"><span class=\"w-text-h\"><span class=\"w-text-value\">Polnischer Markt:<\/span><\/span><\/div><div class=\"wpb_text_column us_custom_dcab56b3\"><div class=\"wpb_wrapper\"><p><strong>Marzena Mielnik<\/strong><br \/>\n<em>Spezialist f\u00fcr Vertrieb und Marketing<\/em><\/p>\n<\/div><\/div><div class=\"w-iconbox iconpos_left style_default color_primary align_none no_text\"><a href=\"tel:+48728833444\" class=\"w-iconbox-link\" aria-label=\"+48 728 833 444\"><div class=\"w-iconbox-icon\" style=\"font-size:1.6rem;\"><i class=\"fas fa-phone\"><\/i><\/div><\/a><div class=\"w-iconbox-meta\"><a href=\"tel:+48728833444\" class=\"w-iconbox-link\" aria-label=\"+48 728 833 444\"><div class=\"w-iconbox-title\" style=\"font-size:16px;\">+48 728 833 444<\/div><\/a><\/div><\/div><div class=\"w-iconbox iconpos_left style_default color_primary align_none no_text\"><a href=\"mailto:m.mielnik@dabgaj.pl\" class=\"w-iconbox-link\" aria-label=\"m.mielnik@dabgaj.pl\"><div class=\"w-iconbox-icon\" style=\"font-size:1.6rem;\"><i class=\"fas fa-envelope\"><\/i><\/div><\/a><div class=\"w-iconbox-meta\"><a href=\"mailto:m.mielnik@dabgaj.pl\" class=\"w-iconbox-link\" aria-label=\"m.mielnik@dabgaj.pl\"><div class=\"w-iconbox-title\" style=\"font-size:16px;\">m.mielnik@dabgaj.pl<\/div><\/a><\/div><\/div><\/div><div class=\"w-separator size_small\"><\/div><div class=\"w-vwrapper align_none valign_top\"><div class=\"w-text us_custom_1e0e9307\"><span class=\"w-text-h\"><span class=\"w-text-value\">Deutscher Markt:<\/span><\/span><\/div><div class=\"wpb_text_column us_custom_dcab56b3\"><div class=\"wpb_wrapper\"><p><strong>Beata Buczkowska<\/strong><br \/>\n<em>Vertriebskoordinator<\/em><\/p>\n<\/div><\/div><div class=\"w-iconbox iconpos_left style_default color_primary align_none no_text\"><a href=\"tel:+48 692 007 848\" class=\"w-iconbox-link\" aria-label=\"+48 692 007 848\"><div class=\"w-iconbox-icon\" style=\"font-size:1.6rem;\"><i class=\"fas fa-phone\"><\/i><\/div><\/a><div class=\"w-iconbox-meta\"><a href=\"tel:+48 692 007 848\" class=\"w-iconbox-link\" aria-label=\"+48 692 007 848\"><div class=\"w-iconbox-title\" style=\"font-size:16px;\">+48 692 007 848<\/div><\/a><\/div><\/div><div class=\"w-iconbox iconpos_left style_default color_primary align_none no_text\"><a href=\"mailto:b.buczkowska@dabgaj.pl\" class=\"w-iconbox-link\" aria-label=\"b.buczkowska@dabgaj.pl\"><div class=\"w-iconbox-icon\" style=\"font-size:1.6rem;\"><i class=\"fas fa-envelope\"><\/i><\/div><\/a><div class=\"w-iconbox-meta\"><a href=\"mailto:b.buczkowska@dabgaj.pl\" class=\"w-iconbox-link\" aria-label=\"b.buczkowska@dabgaj.pl\"><div class=\"w-iconbox-title\" style=\"font-size:16px;\">b.buczkowska@dabgaj.pl<\/div><\/a><\/div><\/div><\/div><\/div><\/div><\/div><div class=\"vc_col-sm-6 wpb_column vc_column_container\"><div class=\"vc_column-inner\"><div class=\"wpb_wrapper\"><form class=\"w-form  us-field-style_1 layout_ver for_cform us_form_1\" autocomplete=\"off\" action=\"https:\/\/dabgajwood.com\/de\/de\/wp-json\/wp\/v2\/pages\/1518\" method=\"post\" data-trp-original-action=\"https:\/\/dabgajwood.com\/de\/de\/wp-json\/wp\/v2\/pages\/1518\"><div class=\"w-form-h\"><div class=\"w-form-row for_text required\">\r\n\t\t<div class=\"w-form-row-field\">\r\n\t\t\t\t\t\t<input aria-label=\"Name\" type=\"text\" name=\"us_form_1_text_1\" value placeholder=\"Name *\" data-required=\"true\" aria-required=\"true\"\/>\r\n\t\t\t<\/div>\r\n\t\t<div class=\"w-form-row-state\">Bitte f\u00fcllen Sie dieses Feld aus.<\/div>\r\n<\/div>\r\n<div class=\"w-form-row for_email required\">\r\n\t\t<div class=\"w-form-row-field\">\r\n\t\t\t\t\t\t<input aria-label=\"E-Mail\" type=\"email\" name=\"us_form_1_email_1\" value placeholder=\"E-Mail *\" data-required=\"true\" aria-required=\"true\"\/>\r\n\t\t\t<\/div>\r\n\t\t<div class=\"w-form-row-state\">Bitte gib eine g\u00fcltige E-Mail-Adresse ein.<\/div>\r\n<\/div>\r\n<div class=\"w-form-row for_textarea required\">\r\n\t\t<div class=\"w-form-row-field\">\r\n\t\t\t\t\t\t<textarea aria-label=\"Nachricht\" name=\"us_form_1_textarea_1\" placeholder=\"Nachricht *\" data-required=\"true\" aria-required=\"true\"><\/textarea>\r\n\t\t\t<\/div>\r\n\t\t<div class=\"w-form-row-state\">Bitte f\u00fcllen Sie dieses Feld aus.<\/div>\r\n<\/div>\r\n<div class=\"w-form-row for_agreement required\">\r\n\t\t<div class=\"w-form-row-field\">\r\n\t\t\t\t<label>\r\n\t\t\t<input type=\"checkbox\" value=\"1\" data-required=\"true\" aria-required=\"true\" name=\"us_form_1_agreement_1\"\/>\r\n\t\t\t<span> Gem\u00e4\u00df Artikel 6 Absatz 1 Buchstabe a der Allgemeinen Datenschutzverordnung vom 27. April 2016. (Amtsblatt der EU L 119 vom 04.05.2016) erkl\u00e4re ich mich mit der Verarbeitung meiner personenbezogenen Daten zu Marketingzwecken einverstanden.<\/span>\r\n\t\t<\/label>\r\n\t\t\t<\/div>\r\n\t\t<div class=\"w-form-row-state\">Sie m\u00fcssen den Bedingungen zustimmen, um fortzufahren.<\/div>\r\n<\/div>\r\n<input type=\"hidden\" name=\"action\" value=\"us_ajax_cform\" \/>\r\n<input type=\"hidden\" name=\"post_id\" value=\"0\" \/>\r\n<input type=\"hidden\" name=\"form_index\" value=\"1\" \/>\r\n<div class=\"w-form-row for_submit align_none\">\r\n\t<button class=\"w-btn icon_atleft us-btn-style_1\" aria-label=\"Absenden\" type=\"submit\">\r\n\t\t<span class=\"g-preloader type_1\"><\/span>\r\n\t\t<i class=\"fas fa-envelope\"><\/i>\t\t<span class=\"w-btn-label\">Absenden<\/span>\r\n\t\t\t<\/button>\r\n\t<\/div>\r\n<\/div><div class=\"w-form-message\"><\/div><div class=\"w-form-json hidden\" onclick='return {&quot;ajaxurl&quot;:&quot;https:\\\/\\\/dabgajwood.com\\\/wp-admin\\\/admin-ajax.php&quot;,&quot;messages&quot;:{&quot;err_empty&quot;:&quot;Bitte f\\u00fcllen Sie dieses Feld aus.&quot;,&quot;err_size&quot;:&quot;Die Dateigr\\u00f6\\u00dfe darf %s MB nicht \\u00fcberschreiten&quot;,&quot;err_extension&quot;:&quot;Dateityp %s ist nicht zul\\u00e4ssig&quot;}}'><\/div><input type=\"hidden\" name=\"trp-form-language\" value=\"de\"\/><\/form><\/div><\/div><\/div><\/div><\/div><\/section>","protected":false},"excerpt":{"rendered":"Dane kontaktoweZach\u0119camy do kontaktu w ka\u017cdej sprawie \u2013 ch\u0119tnie odpowiemy na wszystkie pytania i udzielimy szczeg\u00f3\u0142owych informacji. Jeste\u015bmy do Pa\u0144stwa dyspozycji, aby pom\u00f3c w ka\u017cdej kwestii zwi\u0105zanej z naszymi us\u0142ugami. Pasynki 2\/1 17-100 Bielsk Podlaski Rynek polski:Marzena Mielnik specjalista do spraw sprzeda\u017cy i marketingu +48 728 833 444m.mielnik@dabgaj.plRynek niemiecki:Beata Buczkowska koordynator sprzeda\u017cy +48 692 007...","protected":false},"author":1,"featured_media":739,"parent":0,"menu_order":0,"comment_status":"closed","ping_status":"closed","template":"","meta":{"_acf_changed":false,"footnotes":""},"class_list":["post-1518","page","type-page","status-publish","has-post-thumbnail","hentry"],"acf":[],"yoast_head":"<!-- This site is optimized with the Yoast SEO plugin v26.2 - https:\/\/yoast.com\/wordpress\/plugins\/seo\/ -->\n<title>Kontakt - D\u0105b Gaj Wood<\/title>\n<meta name=\"robots\" content=\"index, follow, max-snippet:-1, max-image-preview:large, max-video-preview:-1\" \/>\n<link rel=\"canonical\" href=\"https:\/\/dabgajwood.com\/de\/kontakt\/\" \/>\n<meta property=\"og:locale\" content=\"de_DE\" \/>\n<meta property=\"og:type\" content=\"article\" \/>\n<meta property=\"og:title\" content=\"Kontakt - D\u0105b Gaj Wood\" \/>\n<meta property=\"og:url\" content=\"https:\/\/dabgajwood.com\/de\/kontakt\/\" \/>\n<meta property=\"og:site_name\" content=\"D\u0105b Gaj Wood\" \/>\n<meta property=\"article:modified_time\" content=\"2025-10-23T07:56:44+00:00\" \/>\n<meta property=\"og:image\" content=\"https:\/\/dabgajwood.com\/wp-content\/uploads\/2025\/04\/widok-z-basenem-perspektywiczny-D_16032025_1L-1.png\" \/>\n\t<meta property=\"og:image:width\" content=\"1400\" \/>\n\t<meta property=\"og:image:height\" content=\"958\" \/>\n\t<meta property=\"og:image:type\" content=\"image\/png\" \/>\n<meta name=\"twitter:card\" content=\"summary_large_image\" \/>\n<meta name=\"twitter:label1\" content=\"Gesch\u00e4tzte Lesezeit\" \/>\n\t<meta name=\"twitter:data1\" content=\"1\u00a0Minute\" \/>\n<script type=\"application\/ld+json\" class=\"yoast-schema-graph\">{\"@context\":\"https:\/\/schema.org\",\"@graph\":[{\"@type\":\"WebPage\",\"@id\":\"https:\/\/dabgajwood.com\/kontakt\/\",\"url\":\"https:\/\/dabgajwood.com\/kontakt\/\",\"name\":\"Kontakt - D\u0105b Gaj Wood\",\"isPartOf\":{\"@id\":\"https:\/\/dabgajwood.com\/#website\"},\"primaryImageOfPage\":{\"@id\":\"https:\/\/dabgajwood.com\/kontakt\/#primaryimage\"},\"image\":{\"@id\":\"https:\/\/dabgajwood.com\/kontakt\/#primaryimage\"},\"thumbnailUrl\":\"https:\/\/dabgajwood.com\/wp-content\/uploads\/2025\/04\/widok-z-basenem-perspektywiczny-D_16032025_1L-1.png\",\"datePublished\":\"2025-04-28T11:50:45+00:00\",\"dateModified\":\"2025-10-23T07:56:44+00:00\",\"breadcrumb\":{\"@id\":\"https:\/\/dabgajwood.com\/kontakt\/#breadcrumb\"},\"inLanguage\":\"de\",\"potentialAction\":[{\"@type\":\"ReadAction\",\"target\":[\"https:\/\/dabgajwood.com\/kontakt\/\"]}]},{\"@type\":\"ImageObject\",\"inLanguage\":\"de\",\"@id\":\"https:\/\/dabgajwood.com\/kontakt\/#primaryimage\",\"url\":\"https:\/\/dabgajwood.com\/wp-content\/uploads\/2025\/04\/widok-z-basenem-perspektywiczny-D_16032025_1L-1.png\",\"contentUrl\":\"https:\/\/dabgajwood.com\/wp-content\/uploads\/2025\/04\/widok-z-basenem-perspektywiczny-D_16032025_1L-1.png\",\"width\":1400,\"height\":958},{\"@type\":\"BreadcrumbList\",\"@id\":\"https:\/\/dabgajwood.com\/kontakt\/#breadcrumb\",\"itemListElement\":[{\"@type\":\"ListItem\",\"position\":1,\"name\":\"Strona g\u0142\u00f3wna\",\"item\":\"https:\/\/dabgajwood.com\/\"},{\"@type\":\"ListItem\",\"position\":2,\"name\":\"Kontakt\"}]},{\"@type\":\"WebSite\",\"@id\":\"https:\/\/dabgajwood.com\/#website\",\"url\":\"https:\/\/dabgajwood.com\/\",\"name\":\"Dabgaj\",\"description\":\"\",\"publisher\":{\"@id\":\"https:\/\/dabgajwood.com\/#organization\"},\"potentialAction\":[{\"@type\":\"SearchAction\",\"target\":{\"@type\":\"EntryPoint\",\"urlTemplate\":\"https:\/\/dabgajwood.com\/?s={search_term_string}\"},\"query-input\":{\"@type\":\"PropertyValueSpecification\",\"valueRequired\":true,\"valueName\":\"search_term_string\"}}],\"inLanguage\":\"de\"},{\"@type\":\"Organization\",\"@id\":\"https:\/\/dabgajwood.com\/#organization\",\"name\":\"Dabgaj\",\"url\":\"https:\/\/dabgajwood.com\/\",\"logo\":{\"@type\":\"ImageObject\",\"inLanguage\":\"de\",\"@id\":\"https:\/\/dabgajwood.com\/#\/schema\/logo\/image\/\",\"url\":\"https:\/\/dabgajwood.com\/wp-content\/uploads\/2025\/03\/logo.png\",\"contentUrl\":\"https:\/\/dabgajwood.com\/wp-content\/uploads\/2025\/03\/logo.png\",\"width\":425,\"height\":70,\"caption\":\"Dabgaj\"},\"image\":{\"@id\":\"https:\/\/dabgajwood.com\/#\/schema\/logo\/image\/\"}}]}<\/script>\n<!-- \/ Yoast SEO plugin. -->","yoast_head_json":{"title":"Kontakt - D\u0105b Gaj Wood","robots":{"index":"index","follow":"follow","max-snippet":"max-snippet:-1","max-image-preview":"max-image-preview:large","max-video-preview":"max-video-preview:-1"},"canonical":"https:\/\/dabgajwood.com\/de\/kontakt\/","og_locale":"de_DE","og_type":"article","og_title":"Kontakt - D\u0105b Gaj Wood","og_url":"https:\/\/dabgajwood.com\/de\/kontakt\/","og_site_name":"D\u0105b Gaj Wood","article_modified_time":"2025-10-23T07:56:44+00:00","og_image":[{"width":1400,"height":958,"url":"https:\/\/dabgajwood.com\/wp-content\/uploads\/2025\/04\/widok-z-basenem-perspektywiczny-D_16032025_1L-1.png","type":"image\/png"}],"twitter_card":"summary_large_image","twitter_misc":{"Gesch\u00e4tzte Lesezeit":"1\u00a0Minute"},"schema":{"@context":"https:\/\/schema.org","@graph":[{"@type":"WebPage","@id":"https:\/\/dabgajwood.com\/kontakt\/","url":"https:\/\/dabgajwood.com\/kontakt\/","name":"Kontakt - D\u0105b Gaj Wood","isPartOf":{"@id":"https:\/\/dabgajwood.com\/#website"},"primaryImageOfPage":{"@id":"https:\/\/dabgajwood.com\/kontakt\/#primaryimage"},"image":{"@id":"https:\/\/dabgajwood.com\/kontakt\/#primaryimage"},"thumbnailUrl":"https:\/\/dabgajwood.com\/wp-content\/uploads\/2025\/04\/widok-z-basenem-perspektywiczny-D_16032025_1L-1.png","datePublished":"2025-04-28T11:50:45+00:00","dateModified":"2025-10-23T07:56:44+00:00","breadcrumb":{"@id":"https:\/\/dabgajwood.com\/kontakt\/#breadcrumb"},"inLanguage":"de","potentialAction":[{"@type":"ReadAction","target":["https:\/\/dabgajwood.com\/kontakt\/"]}]},{"@type":"ImageObject","inLanguage":"de","@id":"https:\/\/dabgajwood.com\/kontakt\/#primaryimage","url":"https:\/\/dabgajwood.com\/wp-content\/uploads\/2025\/04\/widok-z-basenem-perspektywiczny-D_16032025_1L-1.png","contentUrl":"https:\/\/dabgajwood.com\/wp-content\/uploads\/2025\/04\/widok-z-basenem-perspektywiczny-D_16032025_1L-1.png","width":1400,"height":958},{"@type":"BreadcrumbList","@id":"https:\/\/dabgajwood.com\/kontakt\/#breadcrumb","itemListElement":[{"@type":"ListItem","position":1,"name":"Strona g\u0142\u00f3wna","item":"https:\/\/dabgajwood.com\/"},{"@type":"ListItem","position":2,"name":"Kontakt"}]},{"@type":"WebSite","@id":"https:\/\/dabgajwood.com\/#website","url":"https:\/\/dabgajwood.com\/","name":"Dabgaj","description":"","publisher":{"@id":"https:\/\/dabgajwood.com\/#organization"},"potentialAction":[{"@type":"SearchAction","target":{"@type":"EntryPoint","urlTemplate":"https:\/\/dabgajwood.com\/?s={search_term_string}"},"query-input":{"@type":"PropertyValueSpecification","valueRequired":true,"valueName":"search_term_string"}}],"inLanguage":"de"},{"@type":"Organization","@id":"https:\/\/dabgajwood.com\/#organization","name":"Dabgaj","url":"https:\/\/dabgajwood.com\/","logo":{"@type":"ImageObject","inLanguage":"de","@id":"https:\/\/dabgajwood.com\/#\/schema\/logo\/image\/","url":"https:\/\/dabgajwood.com\/wp-content\/uploads\/2025\/03\/logo.png","contentUrl":"https:\/\/dabgajwood.com\/wp-content\/uploads\/2025\/03\/logo.png","width":425,"height":70,"caption":"Dabgaj"},"image":{"@id":"https:\/\/dabgajwood.com\/#\/schema\/logo\/image\/"}}]}},"_links":{"self":[{"href":"https:\/\/dabgajwood.com\/de\/wp-json\/wp\/v2\/pages\/1518","targetHints":{"allow":["GET"]}}],"collection":[{"href":"https:\/\/dabgajwood.com\/de\/wp-json\/wp\/v2\/pages"}],"about":[{"href":"https:\/\/dabgajwood.com\/de\/wp-json\/wp\/v2\/types\/page"}],"author":[{"embeddable":true,"href":"https:\/\/dabgajwood.com\/de\/wp-json\/wp\/v2\/users\/1"}],"replies":[{"embeddable":true,"href":"https:\/\/dabgajwood.com\/de\/wp-json\/wp\/v2\/comments?post=1518"}],"version-history":[{"count":23,"href":"https:\/\/dabgajwood.com\/de\/wp-json\/wp\/v2\/pages\/1518\/revisions"}],"predecessor-version":[{"id":2205,"href":"https:\/\/dabgajwood.com\/de\/wp-json\/wp\/v2\/pages\/1518\/revisions\/2205"}],"wp:featuredmedia":[{"embeddable":true,"href":"https:\/\/dabgajwood.com\/de\/wp-json\/wp\/v2\/media\/739"}],"wp:attachment":[{"href":"https:\/\/dabgajwood.com\/de\/wp-json\/wp\/v2\/media?parent=1518"}],"curies":[{"name":"wp","href":"https:\/\/api.w.org\/{rel}","templated":true}]}}