{"id":1516,"date":"2025-04-28T13:45:22","date_gmt":"2025-04-28T11:45:22","guid":{"rendered":"https:\/\/dabgajwood.gogler.link\/?page_id=1516"},"modified":"2025-05-26T10:28:34","modified_gmt":"2025-05-26T08:28:34","slug":"uber-uns","status":"publish","type":"page","link":"https:\/\/dabgajwood.com\/de\/uber-uns\/","title":{"rendered":"\u00dcber uns"},"content":{"rendered":"<section class=\"l-section wpb_row height_medium\"><div class=\"l-section-h i-cf\"><div class=\"g-cols vc_row via_flex valign_top type_default stacking_default\"><div class=\"vc_col-sm-4 wpb_column vc_column_container\"><div class=\"vc_column-inner\"><div class=\"wpb_wrapper\"><div class=\"w-vwrapper us_custom_71522ff7 align_none valign_top\"><div class=\"w-html us_custom_643bea0d hide_on_tablets hide_on_mobiles\"><div class=\"g-background-photo-aboutus\"><\/div><\/div><div class=\"w-image us_custom_9794f39c align_none\"><div class=\"w-image-h\"><img data-recalc-dims=\"1\" decoding=\"async\" width=\"400\" height=\"274\" src=\"https:\/\/i0.wp.com\/dabgajwood.com\/wp-content\/uploads\/2025\/04\/widok-z-basenem-perspektywiczny-E2_06042025_1L.png?resize=400%2C274&#038;ssl=1\" class=\"attachment-us_400_400 size-us_400_400\" alt=\"\" loading=\"lazy\" srcset=\"https:\/\/i0.wp.com\/dabgajwood.com\/wp-content\/uploads\/2025\/04\/widok-z-basenem-perspektywiczny-E2_06042025_1L.png?w=1400&amp;ssl=1 1400w, https:\/\/i0.wp.com\/dabgajwood.com\/wp-content\/uploads\/2025\/04\/widok-z-basenem-perspektywiczny-E2_06042025_1L.png?resize=300%2C205&amp;ssl=1 300w, https:\/\/i0.wp.com\/dabgajwood.com\/wp-content\/uploads\/2025\/04\/widok-z-basenem-perspektywiczny-E2_06042025_1L.png?resize=1024%2C701&amp;ssl=1 1024w, https:\/\/i0.wp.com\/dabgajwood.com\/wp-content\/uploads\/2025\/04\/widok-z-basenem-perspektywiczny-E2_06042025_1L.png?resize=200%2C137&amp;ssl=1 200w, https:\/\/i0.wp.com\/dabgajwood.com\/wp-content\/uploads\/2025\/04\/widok-z-basenem-perspektywiczny-E2_06042025_1L.png?resize=400%2C274&amp;ssl=1 400w\" sizes=\"auto, (max-width: 400px) 100vw, 400px\" \/><\/div><\/div><\/div><\/div><\/div><\/div><div class=\"vc_col-sm-8 wpb_column vc_column_container\"><div class=\"vc_column-inner\"><div class=\"wpb_wrapper\"><h2 class=\"w-text\"><span class=\"w-text-h\"><span class=\"w-text-value\">DABGAJ Holz - Ihre Auswahl an Gartenh\u00e4usern<\/span><\/span><\/h2><div class=\"wpb_text_column us_custom_432d3f53\"><div class=\"wpb_wrapper\"><p>DABGAJ Wood wurde aus der Leidenschaft f\u00fcr Holz und der Liebe zu R\u00e4umen mit nat\u00fcrlichem Charme und einzigartigem Charakter geboren. Von Anfang an haben wir uns darauf konzentriert, einzigartige Gartenlauben zu schaffen, die zum Herzst\u00fcck von G\u00e4rten, Terrassen und anderen Au\u00dfenbereichen werden. Unsere Gartenlauben sind nicht einfach nur Produkte - sie sind kleine Meisterwerke, die Funktionalit\u00e4t und \u00c4sthetik vereinen. Dank unserer langj\u00e4hrigen Erfahrung in der Branche sind wir zu einem der Marktf\u00fchrer geworden und bieten unseren Kunden L\u00f6sungen, die den h\u00f6chsten Qualit\u00e4ts- und Technologiestandards entsprechen.<\/p>\n<p>Jedes Projekt, das wir in Angriff nehmen, ist das Ergebnis einer pr\u00e4zisen Herangehensweise an die Details, des Einsatzes modernster Technologien und eines tiefen Verst\u00e4ndnisses f\u00fcr die Bed\u00fcrfnisse unserer Kunden. DABGAJ Wood ist ein Unternehmen, das traditionelle Handwerkskunst mit Modernit\u00e4t verbindet und Produkte schafft, die sich in jede Landschaft einf\u00fcgen, unabh\u00e4ngig vom Stil des Gartens. Wir arbeiten mit den besten Spezialisten zusammen und verwenden nur hochwertiges Holz, <strong>Unsere Gartenh\u00e4user zeichnen sich durch ihre Langlebigkeit, \u00c4sthetik und Wetterbest\u00e4ndigkeit aus.<\/strong>.<\/p>\n<\/div><\/div><\/div><\/div><\/div><\/div><\/div><\/section><section class=\"l-section wpb_row us_custom_f8d62ac8 height_medium\"><div class=\"l-section-h i-cf\"><div class=\"g-cols vc_row via_flex valign_top type_default stacking_default\"><div class=\"vc_col-sm-12 wpb_column vc_column_container\"><div class=\"vc_column-inner\"><div class=\"wpb_wrapper\"><div class=\"w-hwrapper valign_stretch wrap stack_on_mobiles align_justify\"><div class=\"w-counter us_custom_3d9dc0d5 has_text_color color_custom align_center has_font_size\" data-duration=\"2\"><div class=\"w-counter-value\"><span class=\"w-counter-value-part type_text\" data-final=\"\"><\/span><span class=\"w-counter-value-part type_number\" data-final=\"100\">0<\/span><span class=\"w-counter-value-part type_text\" data-final=\"+\"><\/span><\/div><div class=\"w-counter-title\">zufriedene Kunden<\/div><\/div><div class=\"w-counter us_custom_bf78dbee has_text_color color_custom align_center has_font_size\" data-duration=\"2\"><div class=\"w-counter-value\"><span class=\"w-counter-value-part type_text\" data-final=\"\"><\/span><span class=\"w-counter-value-part type_number\" data-final=\"200\">0<\/span><span class=\"w-counter-value-part type_text\" data-final=\"+\"><\/span><\/div><div class=\"w-counter-title\">durchgef\u00fchrte Projekte<\/div><\/div><div class=\"w-counter us_custom_2709d208 has_text_color color_custom align_center has_font_size\" data-duration=\"2\"><div class=\"w-counter-value\"><span class=\"w-counter-value-part type_text\" data-final=\"\"><\/span><span class=\"w-counter-value-part type_number\" data-final=\"10\">0<\/span><span class=\"w-counter-value-part type_text\" data-final=\"+\"><\/span><\/div><div class=\"w-counter-title\">Assembler<\/div><\/div><div class=\"w-counter us_custom_ea5ea58f has_text_color color_custom align_center has_font_size\" data-duration=\"2\"><div class=\"w-counter-value\"><span class=\"w-counter-value-part type_text\" data-final=\"\"><\/span><span class=\"w-counter-value-part type_number\" data-final=\"8\">0<\/span><span class=\"w-counter-value-part type_text\" data-final=\" lat\"> Jahre<\/span><\/div><div class=\"w-counter-title\">Experimente<\/div><\/div><\/div><\/div><\/div><\/div><\/div><\/div><\/section><section class=\"l-section wpb_row height_small\"><div class=\"l-section-h i-cf\"><div class=\"g-cols vc_row via_flex valign_top type_default stacking_default\"><div class=\"vc_col-sm-12 wpb_column vc_column_container\"><div class=\"vc_column-inner\"><div class=\"wpb_wrapper\"><h2 class=\"w-text\"><span class=\"w-text-h\"><span class=\"w-text-value\">Unser Auftrag und unsere Professionalit\u00e4t<\/span><\/span><\/h2><div class=\"wpb_text_column us_custom_432d3f53\"><div class=\"wpb_wrapper\"><p>Unser Ziel ist es, R\u00e4ume zu schaffen, die \u00fcber Jahre hinweg Bestand haben und Funktionalit\u00e4t mit der Sch\u00f6nheit der Natur verbinden. Die von uns angebotenen Gartenlauben sind mehr als nur architektonische Elemente - sie sind Orte, an denen Sie Zeit mit Ihrer Familie und Ihren Freunden verbringen, sich entspannen, abschalten und den Moment in der Natur genie\u00dfen k\u00f6nnen. Dank unserer Erfahrung in der Planung und Herstellung <strong>Pavillons, jede Struktur ist pr\u00e4zisionsgefertigt, stabil und robust und garantiert eine lange Lebensdauer<\/strong>.<\/p>\n<p>Bei DABGAJ Wood legen wir Wert auf h\u00f6chste Qualit\u00e4t in der Verarbeitung, die durch den Einsatz moderner Werkzeuge und bester Materialien erm\u00f6glicht wird. Unser Team besteht aus Spezialisten, die \u00fcber umfassende Kenntnisse in der Holzverarbeitung und im Gartenhausbau verf\u00fcgen. Dank ihrer Professionalit\u00e4t k\u00f6nnen wir Produkte anbieten, die auf die individuellen Bed\u00fcrfnisse unserer Kunden zugeschnitten sind. Ganz gleich, ob Sie sich f\u00fcr eine Gartenlaube im traditionellen Stil oder ein moderneres Design interessieren, wir verf\u00fcgen \u00fcber die Erfahrung und die Mittel, um jeden Auftrag mit vollem Engagement auszuf\u00fchren.<\/p>\n<p>DABGAJ Wood ist ein Unternehmen, das wei\u00df, wie wichtig es ist, \u00c4sthetik mit Funktionalit\u00e4t zu verbinden. Unsere Pavillons sind nicht nur sch\u00f6n, sondern auch funktional - wir entwerfen sie als ger\u00e4umige und komfortable Orte, an denen man sich zu jeder Jahreszeit im Freien aufhalten kann. Dank unserer langj\u00e4hrigen Erfahrung sind wir in der Lage, Produkte zu liefern, die den Erwartungen der anspruchsvollsten Kunden entsprechen. Unsere Zuverl\u00e4ssigkeit und unsere Liebe zum Detail machen unser Unternehmen zur ersten Wahl f\u00fcr Menschen, die eine Gartenlaube suchen, die zu einer Zierde ihres Gartens und einem Ort der Entspannung wird.<\/p>\n<\/div><\/div><\/div><\/div><\/div><\/div><\/div><\/section>","protected":false},"excerpt":{"rendered":"DABGAJ Wood \u2013 Tw\u00f3j wyb\u00f3r altan ogrodowychFirma DABGAJ Wood powsta\u0142a z pasji do drewna i mi\u0142o\u015bci do przestrzeni, kt\u00f3re maj\u0105 w sobie naturalny urok i niepowtarzalny charakter. Od pocz\u0105tku swojej dzia\u0142alno\u015bci koncentrujemy si\u0119 na tworzeniu wyj\u0105tkowych altan ogrodowych, kt\u00f3re staj\u0105 si\u0119 sercem ogrod\u00f3w, taras\u00f3w i innych przestrzeni zewn\u0119trznych. Nasze altany to nie tylko produkty \u2013...","protected":false},"author":1,"featured_media":739,"parent":0,"menu_order":0,"comment_status":"closed","ping_status":"closed","template":"","meta":{"_acf_changed":false,"footnotes":""},"class_list":["post-1516","page","type-page","status-publish","has-post-thumbnail","hentry"],"acf":[],"yoast_head":"<!-- This site is optimized with the Yoast SEO plugin v26.2 - https:\/\/yoast.com\/wordpress\/plugins\/seo\/ -->\n<title>O nas - D\u0105b Gaj Wood<\/title>\n<meta name=\"robots\" content=\"index, follow, max-snippet:-1, max-image-preview:large, max-video-preview:-1\" \/>\n<link rel=\"canonical\" href=\"https:\/\/dabgajwood.com\/de\/uber-uns\/\" \/>\n<meta property=\"og:locale\" content=\"de_DE\" \/>\n<meta property=\"og:type\" content=\"article\" \/>\n<meta property=\"og:title\" content=\"O nas - D\u0105b Gaj Wood\" \/>\n<meta property=\"og:url\" content=\"https:\/\/dabgajwood.com\/de\/uber-uns\/\" \/>\n<meta property=\"og:site_name\" content=\"D\u0105b Gaj Wood\" \/>\n<meta property=\"article:modified_time\" content=\"2025-05-26T08:28:34+00:00\" \/>\n<meta property=\"og:image\" content=\"https:\/\/dabgajwood.com\/wp-content\/uploads\/2025\/04\/widok-z-basenem-perspektywiczny-D_16032025_1L-1.png\" \/>\n\t<meta property=\"og:image:width\" content=\"1400\" \/>\n\t<meta property=\"og:image:height\" content=\"958\" \/>\n\t<meta property=\"og:image:type\" content=\"image\/png\" \/>\n<meta name=\"twitter:card\" content=\"summary_large_image\" \/>\n<meta name=\"twitter:label1\" content=\"Gesch\u00e4tzte Lesezeit\" \/>\n\t<meta name=\"twitter:data1\" content=\"3\u00a0Minuten\" \/>\n<script type=\"application\/ld+json\" class=\"yoast-schema-graph\">{\"@context\":\"https:\/\/schema.org\",\"@graph\":[{\"@type\":\"WebPage\",\"@id\":\"https:\/\/dabgajwood.com\/o-nas\/\",\"url\":\"https:\/\/dabgajwood.com\/o-nas\/\",\"name\":\"O nas - D\u0105b Gaj Wood\",\"isPartOf\":{\"@id\":\"https:\/\/dabgajwood.com\/#website\"},\"primaryImageOfPage\":{\"@id\":\"https:\/\/dabgajwood.com\/o-nas\/#primaryimage\"},\"image\":{\"@id\":\"https:\/\/dabgajwood.com\/o-nas\/#primaryimage\"},\"thumbnailUrl\":\"https:\/\/dabgajwood.com\/wp-content\/uploads\/2025\/04\/widok-z-basenem-perspektywiczny-D_16032025_1L-1.png\",\"datePublished\":\"2025-04-28T11:45:22+00:00\",\"dateModified\":\"2025-05-26T08:28:34+00:00\",\"breadcrumb\":{\"@id\":\"https:\/\/dabgajwood.com\/o-nas\/#breadcrumb\"},\"inLanguage\":\"de\",\"potentialAction\":[{\"@type\":\"ReadAction\",\"target\":[\"https:\/\/dabgajwood.com\/o-nas\/\"]}]},{\"@type\":\"ImageObject\",\"inLanguage\":\"de\",\"@id\":\"https:\/\/dabgajwood.com\/o-nas\/#primaryimage\",\"url\":\"https:\/\/dabgajwood.com\/wp-content\/uploads\/2025\/04\/widok-z-basenem-perspektywiczny-D_16032025_1L-1.png\",\"contentUrl\":\"https:\/\/dabgajwood.com\/wp-content\/uploads\/2025\/04\/widok-z-basenem-perspektywiczny-D_16032025_1L-1.png\",\"width\":1400,\"height\":958},{\"@type\":\"BreadcrumbList\",\"@id\":\"https:\/\/dabgajwood.com\/o-nas\/#breadcrumb\",\"itemListElement\":[{\"@type\":\"ListItem\",\"position\":1,\"name\":\"Strona g\u0142\u00f3wna\",\"item\":\"https:\/\/dabgajwood.com\/\"},{\"@type\":\"ListItem\",\"position\":2,\"name\":\"O nas\"}]},{\"@type\":\"WebSite\",\"@id\":\"https:\/\/dabgajwood.com\/#website\",\"url\":\"https:\/\/dabgajwood.com\/\",\"name\":\"Dabgaj\",\"description\":\"\",\"publisher\":{\"@id\":\"https:\/\/dabgajwood.com\/#organization\"},\"potentialAction\":[{\"@type\":\"SearchAction\",\"target\":{\"@type\":\"EntryPoint\",\"urlTemplate\":\"https:\/\/dabgajwood.com\/?s={search_term_string}\"},\"query-input\":{\"@type\":\"PropertyValueSpecification\",\"valueRequired\":true,\"valueName\":\"search_term_string\"}}],\"inLanguage\":\"de\"},{\"@type\":\"Organization\",\"@id\":\"https:\/\/dabgajwood.com\/#organization\",\"name\":\"Dabgaj\",\"url\":\"https:\/\/dabgajwood.com\/\",\"logo\":{\"@type\":\"ImageObject\",\"inLanguage\":\"de\",\"@id\":\"https:\/\/dabgajwood.com\/#\/schema\/logo\/image\/\",\"url\":\"https:\/\/dabgajwood.com\/wp-content\/uploads\/2025\/03\/logo.png\",\"contentUrl\":\"https:\/\/dabgajwood.com\/wp-content\/uploads\/2025\/03\/logo.png\",\"width\":425,\"height\":70,\"caption\":\"Dabgaj\"},\"image\":{\"@id\":\"https:\/\/dabgajwood.com\/#\/schema\/logo\/image\/\"}}]}<\/script>\n<!-- \/ Yoast SEO plugin. -->","yoast_head_json":{"title":"O nas - D\u0105b Gaj Wood","robots":{"index":"index","follow":"follow","max-snippet":"max-snippet:-1","max-image-preview":"max-image-preview:large","max-video-preview":"max-video-preview:-1"},"canonical":"https:\/\/dabgajwood.com\/de\/uber-uns\/","og_locale":"de_DE","og_type":"article","og_title":"O nas - D\u0105b Gaj Wood","og_url":"https:\/\/dabgajwood.com\/de\/uber-uns\/","og_site_name":"D\u0105b Gaj Wood","article_modified_time":"2025-05-26T08:28:34+00:00","og_image":[{"width":1400,"height":958,"url":"https:\/\/dabgajwood.com\/wp-content\/uploads\/2025\/04\/widok-z-basenem-perspektywiczny-D_16032025_1L-1.png","type":"image\/png"}],"twitter_card":"summary_large_image","twitter_misc":{"Gesch\u00e4tzte Lesezeit":"3\u00a0Minuten"},"schema":{"@context":"https:\/\/schema.org","@graph":[{"@type":"WebPage","@id":"https:\/\/dabgajwood.com\/o-nas\/","url":"https:\/\/dabgajwood.com\/o-nas\/","name":"O nas - D\u0105b Gaj Wood","isPartOf":{"@id":"https:\/\/dabgajwood.com\/#website"},"primaryImageOfPage":{"@id":"https:\/\/dabgajwood.com\/o-nas\/#primaryimage"},"image":{"@id":"https:\/\/dabgajwood.com\/o-nas\/#primaryimage"},"thumbnailUrl":"https:\/\/dabgajwood.com\/wp-content\/uploads\/2025\/04\/widok-z-basenem-perspektywiczny-D_16032025_1L-1.png","datePublished":"2025-04-28T11:45:22+00:00","dateModified":"2025-05-26T08:28:34+00:00","breadcrumb":{"@id":"https:\/\/dabgajwood.com\/o-nas\/#breadcrumb"},"inLanguage":"de","potentialAction":[{"@type":"ReadAction","target":["https:\/\/dabgajwood.com\/o-nas\/"]}]},{"@type":"ImageObject","inLanguage":"de","@id":"https:\/\/dabgajwood.com\/o-nas\/#primaryimage","url":"https:\/\/dabgajwood.com\/wp-content\/uploads\/2025\/04\/widok-z-basenem-perspektywiczny-D_16032025_1L-1.png","contentUrl":"https:\/\/dabgajwood.com\/wp-content\/uploads\/2025\/04\/widok-z-basenem-perspektywiczny-D_16032025_1L-1.png","width":1400,"height":958},{"@type":"BreadcrumbList","@id":"https:\/\/dabgajwood.com\/o-nas\/#breadcrumb","itemListElement":[{"@type":"ListItem","position":1,"name":"Strona g\u0142\u00f3wna","item":"https:\/\/dabgajwood.com\/"},{"@type":"ListItem","position":2,"name":"O nas"}]},{"@type":"WebSite","@id":"https:\/\/dabgajwood.com\/#website","url":"https:\/\/dabgajwood.com\/","name":"Dabgaj","description":"","publisher":{"@id":"https:\/\/dabgajwood.com\/#organization"},"potentialAction":[{"@type":"SearchAction","target":{"@type":"EntryPoint","urlTemplate":"https:\/\/dabgajwood.com\/?s={search_term_string}"},"query-input":{"@type":"PropertyValueSpecification","valueRequired":true,"valueName":"search_term_string"}}],"inLanguage":"de"},{"@type":"Organization","@id":"https:\/\/dabgajwood.com\/#organization","name":"Dabgaj","url":"https:\/\/dabgajwood.com\/","logo":{"@type":"ImageObject","inLanguage":"de","@id":"https:\/\/dabgajwood.com\/#\/schema\/logo\/image\/","url":"https:\/\/dabgajwood.com\/wp-content\/uploads\/2025\/03\/logo.png","contentUrl":"https:\/\/dabgajwood.com\/wp-content\/uploads\/2025\/03\/logo.png","width":425,"height":70,"caption":"Dabgaj"},"image":{"@id":"https:\/\/dabgajwood.com\/#\/schema\/logo\/image\/"}}]}},"_links":{"self":[{"href":"https:\/\/dabgajwood.com\/de\/wp-json\/wp\/v2\/pages\/1516","targetHints":{"allow":["GET"]}}],"collection":[{"href":"https:\/\/dabgajwood.com\/de\/wp-json\/wp\/v2\/pages"}],"about":[{"href":"https:\/\/dabgajwood.com\/de\/wp-json\/wp\/v2\/types\/page"}],"author":[{"embeddable":true,"href":"https:\/\/dabgajwood.com\/de\/wp-json\/wp\/v2\/users\/1"}],"replies":[{"embeddable":true,"href":"https:\/\/dabgajwood.com\/de\/wp-json\/wp\/v2\/comments?post=1516"}],"version-history":[{"count":41,"href":"https:\/\/dabgajwood.com\/de\/wp-json\/wp\/v2\/pages\/1516\/revisions"}],"predecessor-version":[{"id":1970,"href":"https:\/\/dabgajwood.com\/de\/wp-json\/wp\/v2\/pages\/1516\/revisions\/1970"}],"wp:featuredmedia":[{"embeddable":true,"href":"https:\/\/dabgajwood.com\/de\/wp-json\/wp\/v2\/media\/739"}],"wp:attachment":[{"href":"https:\/\/dabgajwood.com\/de\/wp-json\/wp\/v2\/media?parent=1516"}],"curies":[{"name":"wp","href":"https:\/\/api.w.org\/{rel}","templated":true}]}}